{"id":1371,"date":"2018-10-28T19:30:12","date_gmt":"2018-10-28T18:30:12","guid":{"rendered":"https:\/\/swr1.wpenginepowered.com\/consultationdeconcession\/"},"modified":"2025-11-13T15:42:31","modified_gmt":"2025-11-13T14:42:31","slug":"lizenzberatung","status":"publish","type":"page","link":"https:\/\/www.software-reuse.eu\/fr\/entreprise\/consultation-de-concession\/","title":{"rendered":"Consultation de concession"},"content":{"rendered":"<section class=\" vc_custom_1608230717403 row-equal-height row-content-middle\"><div class=\"container\"><div class=\"row hcode-row-flex\"><div class=\"wpb_column hcode-column-container vc_col-sm-12 col-xs-mobile-fullwidth\" data-front-class=\"col-xs-mobile-fullwidth\"><div class=\"vc-column-innner-wrapper\">[vc_single_image image=\"12159\" img_size=\"full\"]<\/div><\/div><\/div><\/div><\/section><section><div class=\"container\"><div class=\"row\"><div class=\"wpb_column hcode-column-container vc_col-sm-2 col-xs-mobile-fullwidth\" data-front-class=\"col-xs-mobile-fullwidth\"><div class=\"vc-column-innner-wrapper\"><\/div><\/div><div class=\"wpb_column hcode-column-container vc_col-sm-8 col-xs-mobile-fullwidth\" data-front-class=\"col-xs-mobile-fullwidth\"><div class=\"vc-column-innner-wrapper\"><h1 style=\"text-align: center;\">Un \u00e9diteur de logiciel vous demande de divulguer votre licence ?<\/h1>\n<p><\/p>\n<p style=\"text-align: center;\">De plus en plus d'entreprises sont cibl\u00e9es par les \u00e9diteurs de logiciels dans le cadre d'audits de logiciels ou de licences. Un audit est l'inspection d'un \u00e9diteur de logiciels pour v\u00e9rifier qu'il utilise ses licences de mani\u00e8re appropri\u00e9e.<br \/>\n<\/p>\n<p style=\"text-align: center;\">Ces audits ne sont souvent pas reconnaissables en tant que tels \u00e0 l'avance. Ils commencent par une conversation inoffensive entre l'un de vos administrateurs informatiques et un repr\u00e9sentant du fabricant du logiciel, qui s'av\u00e8re plus tard \u00eatre un auditeur.<\/p>\n<\/div><\/div><div class=\"wpb_column hcode-column-container vc_col-sm-2 col-xs-mobile-fullwidth\" data-front-class=\"col-xs-mobile-fullwidth\"><div class=\"vc-column-innner-wrapper\"><\/div><\/div><\/div><\/div><\/section><section><div class=\"container\"><div class=\"row\"><div class=\"wpb_column hcode-column-container vc_col-sm-6 col-xs-mobile-fullwidth\" data-front-class=\"col-xs-mobile-fullwidth\"><div class=\"vc-column-innner-wrapper\"><h3>Que peut signifier un audit logiciel au final?<\/h3>\n<p>Une telle inspection sert \u00e0 garantir une utilisation ad\u00e9quate des licences. Si vous n'y \u00eates pas correctement pr\u00e9par\u00e9 ou si vous ne l'avez jamais trait\u00e9, un tel processus peut souvent s'av\u00e9rer co\u00fbteux.<\/p>\n<p>Un r\u00e9sultat possible pourrait \u00eatre que votre entreprise est sous-licenci\u00e9e. Cela signifie que vous utilisez plus de licences que vous n'en avez achet\u00e9es. De m\u00eame, il peut s'av\u00e9rer que le contraire soit vrai, \u00e0 savoir que votre entreprise est surlicenci\u00e9e. Cela signifierait que vous avez des licences que vous n'utilisez pas. Les deux sc\u00e9narios peuvent vous co\u00fbter tr\u00e8s cher. En cas de sous-licence, des co\u00fbts \u00e9lev\u00e9s peuvent survenir - d'une part pour les licences ult\u00e9rieures, d'autre part r\u00e9trospectivement pour l'assistance pendant la p\u00e9riode de l'erreur. L'exc\u00e8s de licences peut \u00e9galement avoir un impact n\u00e9gatif sur votre budget, car trop de licences inactives entra\u00eenent un co\u00fbt d'opportunit\u00e9. Il est \u00e9galement possible que vous ayez pay\u00e9 pour un soutien suppl\u00e9mentaire au cours des ann\u00e9es que vous n'avez jamais r\u00e9clam\u00e9.<\/p>\n<\/div><\/div><div class=\"wpb_column hcode-column-container vc_col-sm-6 col-xs-mobile-fullwidth\" data-front-class=\"col-xs-mobile-fullwidth\"><div class=\"vc-column-innner-wrapper\"><h3>Comment puis-je \u00eatre s\u00fbr que cela n'arrive pas?<\/h3>\n<p>&nbsp;<\/p>\n<p>Le plus important est que votre service informatique soit correctement pr\u00e9par\u00e9. Vous \u00eates invit\u00e9s \u00e0 nous contacter directement avec votre demande \u00e0 tout moment. Remplissez simplement le formulaire ci-dessous et nous prendrons contact avec vous.<\/p>\n<p>L'\u00e9quipe Software ReUse se fera un plaisir de vous aider \u00e0 vous assurer que votre entreprise dispose de la bonne licence\u00a0!<\/p>\n<\/div><\/div><\/div><\/div><\/section><section><div class=\"container\"><div class=\"row\"><div class=\"wpb_column hcode-column-container vc_col-sm-2 col-xs-mobile-fullwidth\" data-front-class=\"col-xs-mobile-fullwidth\"><div class=\"vc-column-innner-wrapper\"><\/div><\/div><div class=\"wpb_column hcode-column-container vc_col-sm-8 col-xs-mobile-fullwidth\" data-front-class=\"col-xs-mobile-fullwidth\"><div class=\"vc-column-innner-wrapper\"><h2>Conseils en mati\u00e8re de licences \u2013 aide \u00e0 l'audit<\/h2>\n\n<div class=\"wpcf7 no-js\" id=\"wpcf7-f54410-o1\" lang=\"fr-FR\" dir=\"ltr\" data-wpcf7-id=\"54410\">\n<div class=\"screen-reader-response\"><p role=\"status\" aria-live=\"polite\" aria-atomic=\"true\"><\/p> <ul><\/ul><\/div>\n<form action=\"\/fr\/wp-json\/wp\/v2\/pages\/1371#wpcf7-f54410-o1\" method=\"post\" class=\"wpcf7-form init\" aria-label=\"Formulaire de contact\" novalidate=\"novalidate\" data-status=\"init\">\n<fieldset class=\"hidden-fields-container\"><input type=\"hidden\" name=\"_wpcf7\" value=\"54410\" \/><input type=\"hidden\" name=\"_wpcf7_version\" value=\"6.1.1\" \/><input type=\"hidden\" name=\"_wpcf7_locale\" value=\"fr_FR\" \/><input type=\"hidden\" name=\"_wpcf7_unit_tag\" value=\"wpcf7-f54410-o1\" \/><input type=\"hidden\" name=\"_wpcf7_container_post\" value=\"0\" \/><input type=\"hidden\" name=\"_wpcf7_posted_data_hash\" value=\"\" \/>\n<\/fieldset>\n<div>\n\t<p><label> Civilit\u00e9*<br \/>\n<span class=\"wpcf7-form-control-wrap\" data-name=\"discours\"><select class=\"wpcf7-form-control wpcf7-select wpcf7-validates-as-required\" aria-required=\"true\" aria-invalid=\"false\" name=\"discours\"><option value=\"M.\">M.<\/option><option value=\"Mme\">Mme<\/option><option value=\"Soci\u00e9t\u00e9\">Soci\u00e9t\u00e9<\/option><\/select><\/span><\/label>\n\t<\/p>\n\t<p><label> Votre nom*<br \/>\n<span class=\"wpcf7-form-control-wrap\" data-name=\"your-name\"><input size=\"40\" maxlength=\"400\" class=\"wpcf7-form-control wpcf7-text wpcf7-validates-as-required\" aria-required=\"true\" aria-invalid=\"false\" value=\"\" type=\"text\" name=\"your-name\" \/><\/span> <\/label>\n\t<\/p>\n<\/div>\n<p><label> Le nom de votre entreprise<br \/>\n<span class=\"wpcf7-form-control-wrap\" data-name=\"your-company\"><input size=\"40\" maxlength=\"400\" class=\"wpcf7-form-control wpcf7-text\" aria-invalid=\"false\" value=\"\" type=\"text\" name=\"your-company\" \/><\/span> <\/label>\n<\/p>\n<div>\n\t<p><label> Votre adresse \u00e9lectronique*<br \/>\n<span class=\"wpcf7-form-control-wrap\" data-name=\"your-email\"><input size=\"40\" maxlength=\"400\" class=\"wpcf7-form-control wpcf7-email wpcf7-validates-as-required wpcf7-text wpcf7-validates-as-email\" aria-required=\"true\" aria-invalid=\"false\" value=\"\" type=\"email\" name=\"your-email\" \/><\/span> <\/label>\n\t<\/p>\n\t<p><label>T\u00e9l\u00e9phone*<br \/>\n<span class=\"wpcf7-form-control-wrap\" data-name=\"telefon\"><input size=\"40\" maxlength=\"400\" class=\"wpcf7-form-control wpcf7-tel wpcf7-validates-as-required wpcf7-text wpcf7-validates-as-tel\" aria-required=\"true\" aria-invalid=\"false\" value=\"\" type=\"tel\" name=\"telefon\" \/><\/span><\/label>\n\t<\/p>\n<\/div>\n<div>\n\t<p><label> Budget<br \/>\n<span class=\"wpcf7-form-control-wrap\" data-name=\"budget\"><select class=\"wpcf7-form-control wpcf7-select\" aria-invalid=\"false\" name=\"budget\"><option value=\"Pas de r\u00e9ponse\">Pas de r\u00e9ponse<\/option><option value=\"0-1.000 \u20ac\">0-1.000 \u20ac<\/option><option value=\"1.000-5.000 \u20ac\">1.000-5.000 \u20ac<\/option><option value=\"5.000-10.000 \u20ac\">5.000-10.000 \u20ac<\/option><option value=\"plus de 10.000 \u20ac\">plus de 10.000 \u20ac<\/option><\/select><\/span><\/label>\n\t<\/p>\n\t<p><label> Quantit\u00e9<br \/>\n<span class=\"wpcf7-form-control-wrap\" data-name=\"budget\"><select class=\"wpcf7-form-control wpcf7-select\" aria-invalid=\"false\" name=\"budget\"><option value=\"1-10\">1-10<\/option><option value=\"11-50\">11-50<\/option><option value=\"101-1000\">101-1000<\/option><option value=\"1000+\">1000+<\/option><\/select><\/span><\/label>\n\t<\/p>\n<\/div>\n<p><label> Client final\/revendeur<\/label><br \/>\n<span class=\"wpcf7-form-control-wrap\" data-name=\"kunde\"><span class=\"wpcf7-form-control wpcf7-radio\"><span class=\"wpcf7-list-item first\"><label><input type=\"radio\" name=\"kunde\" value=\"Pas de r\u00e9ponse\" checked=\"checked\" \/><span class=\"wpcf7-list-item-label\">Pas de r\u00e9ponse<\/span><\/label><\/span><span class=\"wpcf7-list-item\"><label><input type=\"radio\" name=\"kunde\" value=\"Client final\" \/><span class=\"wpcf7-list-item-label\">Client final<\/span><\/label><\/span><span class=\"wpcf7-list-item last\"><label><input type=\"radio\" name=\"kunde\" value=\"Revendeur\" \/><span class=\"wpcf7-list-item-label\">Revendeur<\/span><\/label><\/span><\/span><\/span><br \/>\n<span id=\"wpcf7-69ef1871c21fa-wrapper\" class=\"wpcf7-form-control-wrap honeypot-100-wrap\" style=\"display:none !important; visibility:hidden !important;\"><label for=\"wpcf7-69ef1871c21fa-field\" class=\"hp-message\">Veuillez laisser ce champ vide.<\/label><input id=\"wpcf7-69ef1871c21fa-field\"  class=\"wpcf7-form-control wpcf7-text\" type=\"text\" name=\"honeypot-100\" value=\"\" size=\"40\" tabindex=\"-1\" autocomplete=\"new-password\" \/><\/span><br \/>\n<label> Produits<br \/>\n<span class=\"wpcf7-form-control-wrap\" data-name=\"produkte\"><select class=\"wpcf7-form-control wpcf7-select\" aria-invalid=\"false\" name=\"produkte\"><option value=\"Aucune indication\">Aucune indication<\/option><option value=\"Microsoft Office\">Microsoft Office<\/option><option value=\"Microsoft Windows\">Microsoft Windows<\/option><option value=\"Microsoft SQL Server und CALs\">Microsoft SQL Server und CALs<\/option><option value=\"Microsoft Windows Server und CALs\">Microsoft Windows Server und CALs<\/option><option value=\"Microsoft Exchange Server und CALs\">Microsoft Exchange Server und CALs<\/option><option value=\"Microsoft (autres licences)\">Microsoft (autres licences)<\/option><option value=\"Adobe Acrobat\">Adobe Acrobat<\/option><option value=\"Adobe CS6 Programme\">Adobe CS6 Programme<\/option><option value=\"Autodesk-Produkte\">Autodesk-Produkte<\/option><option value=\"VMware\">VMware<\/option><\/select><\/span><\/label>\n<\/p>\n<p><label> Sujet*<br \/>\n<span class=\"wpcf7-form-control-wrap\" data-name=\"subject\"><select class=\"wpcf7-form-control wpcf7-select wpcf7-validates-as-required\" aria-required=\"true\" aria-invalid=\"false\" name=\"subject\"><option value=\"Conseil de licence sans engagement\">Conseil de licence sans engagement<\/option><option value=\"Question concernant l&#039;achat\/la vente\">Question concernant l&#039;achat\/la vente<\/option><option value=\"Souhaits\/suggestions\">Souhaits\/suggestions<\/option><option value=\"Inscription en tant que partenaire (revendeur)\">Inscription en tant que partenaire (revendeur)<\/option><option value=\"Questions concernant la facture\">Questions concernant la facture<\/option><option value=\"Offre personnalis\u00e9e\">Offre personnalis\u00e9e<\/option><option value=\"Autres questions\">Autres questions<\/option><\/select><\/span> <\/label>\n<\/p>\n<p><label> Votre demande<br \/>\n<span class=\"wpcf7-form-control-wrap\" data-name=\"message\"><textarea cols=\"40\" rows=\"10\" maxlength=\"2000\" class=\"wpcf7-form-control wpcf7-textarea\" aria-invalid=\"false\" name=\"message\"><\/textarea><\/span> <\/label>\n<\/p>\n<p><label>Comment avez-vous entendu parler de nous ?<br \/>\n<span class=\"wpcf7-form-control-wrap\" data-name=\"wie-erfahren\"><input size=\"40\" maxlength=\"400\" class=\"wpcf7-form-control wpcf7-text\" aria-invalid=\"false\" value=\"\" type=\"text\" name=\"wie-erfahren\" \/><\/span><\/label>\n<\/p>\n<p><!-- Mailchimp for WordPress v4.10.7 - https:\/\/www.mc4wp.com\/ --><input type=\"hidden\" name=\"_mc4wp_subscribe_contact-form-7\" value=\"0\" \/><span class=\"mc4wp-checkbox mc4wp-checkbox-contact-form-7 \"><label><input type=\"checkbox\" name=\"_mc4wp_subscribe_contact-form-7\" value=\"1\" ><span>Ich m\u00f6chte den Software ReUse-Newsletter bekommen, um laufend \u00fcber Sonderangebote informiert zu werden. Dies kann jederzeit widerrufen werden. <\/span><\/label><\/span><!-- \/ Mailchimp for WordPress -->\n<\/p>\n<div class=\"f-dsgvo\">\n\t<p><span class=\"wpcf7-form-control-wrap\" data-name=\"acceptance-534\"><span class=\"wpcf7-form-control wpcf7-acceptance\"><span class=\"wpcf7-list-item\"><label><input type=\"checkbox\" name=\"acceptance-534\" value=\"1\" aria-invalid=\"false\" \/><span class=\"wpcf7-list-item-label\">* J'ai pris connaissance de la <a href=\"https:\/\/www.software-reuse.eu\/datenschutz\/\" target=\"_blank\">politique de confidentialit\u00e9<\/a>. Je consens \u00e0 ce que mes donn\u00e9es, nom, pr\u00e9nom, adresse e-mail ainsi que mon message, soient trait\u00e9es exclusivement dans le but de traiter et d'ex\u00e9cuter ma demande. Ces donn\u00e9es sont trait\u00e9es par nos soins sur la base de votre consentement, conform\u00e9ment \u00e0 l'article 6, paragraphe 1, de la loi sur la protection des donn\u00e9es.   1 a) du RGPD.<\/span><\/label><\/span><\/span><\/span>\n\t<\/p>\n<\/div>\n<div class=\"h-captcha\" data-sitekey=\"cd7c840c-b42c-4ae4-80a2-9bca6866534a\" data-size=\"normal\" data-theme=\"light\" data-lang=\"fr\"><\/div><span class=\"wpcf7-form-control-wrap cf7apps-hcaptcha\" data-name=\"cf7apps-hcaptcha\"><input type=\"hidden\" name=\"cf7apps-hcaptcha\" value=\"\" class=\"wpcf7-form-control\"><\/span>\n<\/p>\n<p><input class=\"wpcf7-form-control wpcf7-submit has-spinner btn\" type=\"submit\" value=\"Envoyer\" \/>\n<\/p>\n<input class=\"wpcf7-form-control wpcf7-hidden\" value=\"\" type=\"hidden\" name=\"gclid\" \/><div class=\"wpcf7-response-output\" aria-hidden=\"true\"><\/div>\n<\/form>\n<\/div>\n\n<\/div><\/div><div class=\"wpb_column hcode-column-container vc_col-sm-2 col-xs-mobile-fullwidth\" data-front-class=\"col-xs-mobile-fullwidth\"><div class=\"vc-column-innner-wrapper\"><\/div><\/div><\/div><\/div><\/section>","protected":false},"excerpt":{"rendered":"<p>[vc_single_image image=&#8221;12159&#8243; img_size=&#8221;full&#8221;]Un \u00e9diteur de logiciel vous demande de divulguer votre licence ? De plus en plus d&#8217;entreprises sont cibl\u00e9es par les \u00e9diteurs de logiciels dans le cadre d&#8217;audits de logiciels ou de licences. Un audit est l&#8217;inspection d&#8217;un \u00e9diteur de logiciels pour v\u00e9rifier qu&#8217;il utilise ses licences de mani\u00e8re appropri\u00e9e. Ces audits ne sont [&hellip;]<\/p>\n","protected":false},"author":1,"featured_media":0,"parent":1499,"menu_order":0,"comment_status":"closed","ping_status":"closed","template":"","meta":{"inline_featured_image":false,"footnotes":""},"class_list":["post-1371","page","type-page","status-publish","hentry"],"_links":{"self":[{"href":"https:\/\/www.software-reuse.eu\/fr\/wp-json\/wp\/v2\/pages\/1371","targetHints":{"allow":["GET"]}}],"collection":[{"href":"https:\/\/www.software-reuse.eu\/fr\/wp-json\/wp\/v2\/pages"}],"about":[{"href":"https:\/\/www.software-reuse.eu\/fr\/wp-json\/wp\/v2\/types\/page"}],"author":[{"embeddable":true,"href":"https:\/\/www.software-reuse.eu\/fr\/wp-json\/wp\/v2\/users\/1"}],"replies":[{"embeddable":true,"href":"https:\/\/www.software-reuse.eu\/fr\/wp-json\/wp\/v2\/comments?post=1371"}],"version-history":[{"count":0,"href":"https:\/\/www.software-reuse.eu\/fr\/wp-json\/wp\/v2\/pages\/1371\/revisions"}],"up":[{"embeddable":true,"href":"https:\/\/www.software-reuse.eu\/fr\/wp-json\/wp\/v2\/pages\/1499"}],"wp:attachment":[{"href":"https:\/\/www.software-reuse.eu\/fr\/wp-json\/wp\/v2\/media?parent=1371"}],"curies":[{"name":"wp","href":"https:\/\/api.w.org\/{rel}","templated":true}]}}