{"id":1390,"date":"2018-11-15T18:09:13","date_gmt":"2018-11-15T17:09:13","guid":{"rendered":"https:\/\/swr1.wpenginepowered.com\/declaration-relative-aux-cookies\/"},"modified":"2020-06-26T11:26:02","modified_gmt":"2020-06-26T09:26:02","slug":"declaration-relative-aux-cookies","status":"publish","type":"page","link":"https:\/\/www.software-reuse.eu\/fr\/declaration-de-confidentialite\/declaration-relative-aux-cookies\/","title":{"rendered":"D\u00e9claration relative aux cookies"},"content":{"rendered":"<section><div class=\"container\"><div class=\"row\"><div class=\"wpb_column hcode-column-container  col-xs-mobile-fullwidth\" data-front-class=\"col-xs-mobile-fullwidth front-column-class\"><div class=\"vc-column-innner-wrapper\"><p>Nous nous sentons responsables pour la protection de vos donn\u00e9es et votre vie priv\u00e9e. Il est donc important pour nous que nos offres et services sont transparents, personnels et fiables. C\u2019est la raison pour laquelle nous vous expliquons dans cette D\u00e9claration relative aux cookies pourquoi et comment nous utilisons des cookies. Cette d\u00e9claration est un compl\u00e9ment et une concr\u00e9tisation de notre <a href=\"https:\/\/www.software-reuse.eu\/fr\/?page_id=1661\"> D\u00e9claration de confidentialit\u00e9<\/a>.<\/p>\n<p><strong>Champ d\u2019application de la d\u00e9claration des cookies<\/strong><\/p>\n<p>Cette D\u00e9claration relative aux cookies s\u2019applique \u00e0 tous nos sites web qui utilisent des cookies ou des technologies correspondants. Trouvez plus de d\u00e9tails dans la section \u00ab Cookies utilis\u00e9s \u00bb.<\/p>\n<h2>Qu'est-ce qu'un cookie ?<\/h2>\n<p>Les cookies sont des petits fichiers texte qui sont d\u00e9pos\u00e9s par votre navigateur sur votre ordinateur ou appareil mobile. Ils aident \u00e0 votre navigateur et facilitent la navigation sur nos sites web.<\/p>\n<p>Ils existent diff\u00e9rents types de cookies. Les cookies qui stockent la langue que vous pr\u00e9f\u00e9rez ou les cookies publicitaires. Nous utilisons des cookies pour diff\u00e9rentes fins. Il y a des cookies de session qui sont supprim\u00e9s apr\u00e8s la fermeture du navigateur. Des autres cookies sont permanents et stock\u00e9s pendant une p\u00e9riode plus longue sur votre ordinateur. Les cookies m\u00eames ne peuvent pas recueillir des donn\u00e9es de votre ordinateur.<\/p>\n<h2>Pourquoi nous utilisons des cookies ?<\/h2>\n<p>Les cookies aident d\u2019am\u00e9liorer nos sites web. Nous utilisons des cookies avec le but de savoir comment vous utilisez nos sites web. Les cookies enregistrent par exemple le navigateur qui vous utilisez et quel logiciel de navigation additionnel vous avez install\u00e9. En plus, ils m\u00e9morisent les configurations choisies par vous, comme la langue ou la r\u00e9gion, lesquelles sont donc pr\u00e9r\u00e9gl\u00e9es pour la prochaine fois que vous visitez les sites web. Les cookies permettent aussi que vous puissiez \u00e9valuer des pages ou \u00e9crire des commentaires.<\/p>\n<h2>Les types de cookies<\/h2>\n<ul>\n<li>Cookies de base : Ces cookies sont n\u00e9cessaires pour la fonctionnalit\u00e9 de nos sites web.<\/li>\n<li>Cookies de pr\u00e9f\u00e9rences : Ces cookies m\u00e9morisent vos pr\u00e9f\u00e9rences d\u2019un site web sp\u00e9cifique comme la langue, votre nom de utilisateur ou le panier.<\/li>\n<li>Cookies analytiques : Ces cookies recueillent d\u2019information concernant l\u2019utilisation de site web et sont utilis\u00e9s pour l\u2019analyse et la collecte des param\u00e8tres comme les nombres de visiteurs et les pages les plus souvent visit\u00e9es (par exemple Google Analytics).<\/li>\n<li>Cookies de publicit\u00e9 : Ces cookies sont utilis\u00e9s pour recueillir d\u2019information de votre comportement de navigation, donc le cas \u00e9ch\u00e9ant, nous pouvons montrer les publicit\u00e9s ou efforts de marketing qui correspondent le mieux \u00e0 vos centres d\u2019int\u00e9r\u00eat. Souvent il s'agit de cookies des tiers.<\/li>\n<\/ul>\n<h2>Les cookies utilis\u00e9s \/ Liste de cookies<\/h2>\n<p>Nous n\u2019utilisons pas de m\u00eames cookies pour tous nos sites web. En suivant, vous trouvez une liste actuelle des cookies utilis\u00e9s, les usages et les p\u00e9riodes d\u2019enregistrement pour ces cookies.<\/p>\n<table>\n<tbody>\n<tr>\n<td colspan=\"3\">\n<h3 style=\"text-align: left;\">Cookies et tiers<\/h3>\n<\/td>\n<\/tr>\n<tr>\n<td colspan=\"3\">\n<h4>Liste des cookies<\/h4>\n<\/td>\n<\/tr>\n<tr>\n<td>Nom de cookie<\/td>\n<td>Description<\/td>\n<td>Type \/ Validit\u00e9<\/td>\n<\/tr>\n<tr>\n<td>_ga<\/td>\n<td>Google Analytics Cookie: C\u2019est utilis\u00e9 pour distinguer les utilisateurs.<\/td>\n<td>2 ans<\/td>\n<\/tr>\n<tr>\n<td>_gat<\/td>\n<td>Google Analytics Cookie: C\u2019est utilis\u00e9 pour r\u00e9duire le taux de sollicitation.<\/td>\n<td>10 minutes<\/td>\n<\/tr>\n<tr>\n<td colspan=\"3\">\n<h4>Liste des tiers<\/h4>\n<\/td>\n<\/tr>\n<tr>\n<td>Nom<\/td>\n<td colspan=\"2\">Les services sur nos sites web<\/td>\n<\/tr>\n<tr>\n<td>Google Maps<\/td>\n<td colspan=\"2\">Les cartes int\u00e9gr\u00e9es dans nos pages sont h\u00e9berg\u00e9es par Google.<\/td>\n<\/tr>\n<\/tbody>\n<\/table>\n<p>&nbsp;<\/p>\n<p style=\"text-align: center;\"><em>Cette liste est actualis\u00e9e r\u00e9guli\u00e8rement, nous ne pouvons n\u00e9anmoins pas garantir l\u2019exhaustivit\u00e9.<\/em><\/p>\n<h2>Utilisation des cookies tiers<\/h2>\n<p>Nos sites web utilisent des cookies tiers comme par exemple de Facebook, Instagram, YouTube. C\u2019est possible que ces tiers puissent observer comment vous utilisez nos sites web. Par exemple, si les plugins de r\u00e9seaux sociaux sont activ\u00e9s par un clic sur le bouton correspondant (par exemple le bouton \u00ab J\u2019aime \u00bb de Facebook) quelques de vos donn\u00e9es personnelles seront visibles aussi pour les op\u00e9rateurs des r\u00e9seaux sociaux et les visiteurs de votre page de r\u00e9seaux sociaux.<\/p>\n<p>Ils s\u2019appliquent les conditions et la d\u00e9claration de confidentialit\u00e9 de ces pages de r\u00e9seaux sociaux quand vous les utilisez. Cette D\u00e9claration relative aux cookies ne s\u2019applique pas \u00e0 l\u2019utilisation de ces pages de r\u00e9seaux sociaux. Trouvez plus d\u2019information concernant le traitement de vos donn\u00e9es personnelles par nous, aussi en ce qui concerne les plates-formes de r\u00e9seaux sociaux dans notre <a href=\"https:\/\/www.software-reuse.eu\/fr\/?page_id=1661\">D\u00e9claration de confidentialit\u00e9<\/a>.<\/p>\n<h2>Bloquer ou \u00e9liminer les cookies<\/h2>\n<p>Vous pouvez contr\u00f4ler ou bloquer l\u2019utilisation des cookies de plusieurs fa\u00e7ons. Avant d\u2019utiliser des cookies, nous vous demanderons de votre consentement (par une fen\u00eatre qui appara\u00eet). Vous pouvez d\u00e9cider si vous voulez l\u2019accepter ou bloquer.<\/p>\n<p>Trouvez plus d\u2019information dans le fichier d\u2019aide de votre navigateur. Plus de d\u00e9tails sur l\u2019\u00e9limination ou blocage des cookies et plus d\u2019information sur les cookies en g\u00e9n\u00e9ral vous trouvez sur les site www.allaboutcookies.org.<\/p>\n<p>Notez que le blocage des cookies peut concerner n\u00e9gativement votre exp\u00e9rience d\u2019utilisateur et des parties de nos sites web pourraient ne plus \u00eatre accessibles dans leur int\u00e9gralit\u00e9.<\/p>\n<p><u>Situation :<\/u> 24\/5\/2018<\/p>\n<\/div><\/div><\/div><\/div><\/section>","protected":false},"excerpt":{"rendered":"<p>Nous nous sentons responsables pour la protection de vos donn\u00e9es et votre vie priv\u00e9e. Il est donc important pour nous que nos offres et services sont transparents, personnels et fiables. C\u2019est la raison pour laquelle nous vous expliquons dans cette D\u00e9claration relative aux cookies pourquoi et comment nous utilisons des cookies. Cette d\u00e9claration est un [&hellip;]<\/p>\n","protected":false},"author":2,"featured_media":0,"parent":1661,"menu_order":0,"comment_status":"closed","ping_status":"closed","template":"","meta":{"inline_featured_image":false,"footnotes":""},"class_list":["post-1390","page","type-page","status-publish","hentry"],"_links":{"self":[{"href":"https:\/\/www.software-reuse.eu\/fr\/wp-json\/wp\/v2\/pages\/1390","targetHints":{"allow":["GET"]}}],"collection":[{"href":"https:\/\/www.software-reuse.eu\/fr\/wp-json\/wp\/v2\/pages"}],"about":[{"href":"https:\/\/www.software-reuse.eu\/fr\/wp-json\/wp\/v2\/types\/page"}],"author":[{"embeddable":true,"href":"https:\/\/www.software-reuse.eu\/fr\/wp-json\/wp\/v2\/users\/2"}],"replies":[{"embeddable":true,"href":"https:\/\/www.software-reuse.eu\/fr\/wp-json\/wp\/v2\/comments?post=1390"}],"version-history":[{"count":0,"href":"https:\/\/www.software-reuse.eu\/fr\/wp-json\/wp\/v2\/pages\/1390\/revisions"}],"up":[{"embeddable":true,"href":"https:\/\/www.software-reuse.eu\/fr\/wp-json\/wp\/v2\/pages\/1661"}],"wp:attachment":[{"href":"https:\/\/www.software-reuse.eu\/fr\/wp-json\/wp\/v2\/media?parent=1390"}],"curies":[{"name":"wp","href":"https:\/\/api.w.org\/{rel}","templated":true}]}}