{"id":14041,"date":"2021-06-16T11:04:55","date_gmt":"2021-06-16T09:04:55","guid":{"rendered":"https:\/\/swr1.wpenginepowered.com\/microsoft-leve-la-restriction-de-la-revente-des-licences-logicielles\/"},"modified":"2024-07-03T09:46:34","modified_gmt":"2024-07-03T07:46:34","slug":"microsoft-leve-la-restriction-de-la-revente-des-licences-logicielles","status":"publish","type":"page","link":"https:\/\/www.software-reuse.eu\/fr\/blog\/microsoft-leve-la-restriction-de-la-revente-des-licences-logicielles\/","title":{"rendered":"Microsoft l\u00e8ve la restriction de la revente des licences logicielles"},"content":{"rendered":"<section><div class=\"container\"><div class=\"row\"><div class=\"wpb_column hcode-column-container  vc_custom_1581282046709 vc_col-sm-2 col-xs-mobile-fullwidth\" data-front-class=\" vc_custom_1581282046709 col-xs-mobile-fullwidth\"><div class=\"vc-column-innner-wrapper\"><\/div><\/div><div class=\"wpb_column hcode-column-container vc_col-sm-8 col-xs-mobile-fullwidth\" data-front-class=\"col-xs-mobile-fullwidth\"><div class=\"vc-column-innner-wrapper\">[vc_single_image source=\"featured_image\" img_size=\"full\" css=\"\"][vc_empty_space height=\"24px\"]<h2>Microsoft l\u00e8ve la restriction de la revente des licences logicielles<\/h2>\n<p><em>En mai 2020 Microsoft a introduit dans ses conditions de licence un passage limitant : un client Enterprise qui a migr\u00e9 vers le cloud et a b\u00e9n\u00e9fici\u00e9 d\u2019un rabais pour ce faire n\u2019a plus pu vendre ses licences existantes. Maintenant, la soci\u00e9t\u00e9 de logiciels a fait marche arri\u00e8re.<\/em><\/p>\n<p>La restriction, qui a \u00e9t\u00e9 publi\u00e9e dans les conditions de licence de Microsoft (\u00ab Product Terms \u00bb), a particuli\u00e8rement concern\u00e9 les grands clients Enterprise. Ces clients ont la plupart du temps utilis\u00e9 leurs licences encore sous \u00ab Software Assurance \u00bb pour pouvoir b\u00e9n\u00e9ficier du rabais permanent \u00ab Upgrade from SA \u00bb (mise \u00e0 niveau de Software Assurance).<\/p>\n<h2>Lev\u00e9e de la restriction en juin 2021<\/h2>\n<p>Depuis le d\u00e9but du juin, Microsoft a de nouveau supprim\u00e9 le passage limitant la vente des conditions de licence sans faire aucune annonce correspondante. Les entreprises qui d\u00e9cident maintenant d\u2019acheter une licence de mise \u00e0 niveau \u00ab Upgrade from SA \u00bb (mise \u00e0 niveau de Software Assurance) pour la migration vers le cloud, peuvent maintenant disposer librement des licences dont elles n\u2019ont plus de besoin, telles que les licences Office ou Windows. C\u2019est une bonne nouvelle, parce que maintenant beaucoup d\u2019entreprises peuvent financer plus facilement la migration vers le cloud. Il y a encore des entrepreneurs qui ne savent pas que la vente de licences Microsoft inutiles pour eux, peut \u00eatre une bonne source de revenus.<\/p>\n<div class=\"margin-three-bottom sm-margin-three-bottom xs-margin-three-bottom\"><h2>La mise \u00e0 niveau de Software Assurance - les conditions de licence des termes du produit (\u00ab Product Terms \u00bb) avant et apr\u00e8s mai 2021.<\/h2>\n<\/div>[vc_single_image image=\"14149\" img_size=\"full\" alignment=\"center\" style=\"vc_box_shadow\" css=\".vc_custom_1624622496517{border-radius: 1px !important;}\"][vc_empty_space]<p><em>Microsoft Product Terms mai 2020 jusqu\u2019\u00e0 mai 2021 inclus<\/em><\/p>\n[vc_empty_space][vc_single_image image=\"14214\" img_size=\"full\" alignment=\"center\" style=\"vc_box_shadow\"][vc_empty_space]<p><em>Microsoft Product Terms juin 2021 apr\u00e8s le changement \u2013 l\u2019indication que le client doit conserver les licences n\u2019est plus incluse<\/em><\/p>\n<p>Source: <a href=\"https:\/\/www.microsoft.com\/licensing\/terms\/productoffering\/Microsoft365\/EAEAS#FromSA\" target=\"_blank\" rel=\"noopener\">From SA<\/a><\/p>\n[vc_empty_space]<h2>R\u00e9sum\u00e9e : la vente des licences logicielles apr\u00e8s la migration vers le cloud<\/h2>\n<p>Si vous avez migr\u00e9 vers le cloud du Microsoft ces derni\u00e8res ann\u00e9es, vous pouvez maintenant vendre vos licences \u00ab On Premise \u00bb inutilis\u00e9es \u00e0 nous. C\u2019est le m\u00eame, si vous voudriez refinancer les co\u00fbts d\u2019une future migration vers le cloud.<br \/>\nL\u2019\u00e9quipe de Software ReUse est \u00e0 votre disposition pour une offre d\u2019achat !<\/p>\n<\/div><\/div><div class=\"wpb_column hcode-column-container vc_col-sm-2 col-xs-mobile-fullwidth\" data-front-class=\"col-xs-mobile-fullwidth\"><div class=\"vc-column-innner-wrapper\"><\/div><\/div><\/div><\/div><\/section><section class=\" vc_custom_1607508772717\"><div class=\"container\"><div class=\"row\"><div class=\"wpb_column hcode-column-container vc_col-sm-12 col-xs-mobile-fullwidth\" data-front-class=\"col-xs-mobile-fullwidth\"><div class=\"vc-column-innner-wrapper\"><h2 style=\"text-align: center;\">Int\u00e9ress\u00e9 par l\u2019achat ou la vente des logiciels pour votre entreprise ?<\/h2>\n<div class=\"cta-buttons hcode-inner-row\"><div class=\"wpb_column hcode-column-container vc_col-sm-12 col-xs-mobile-fullwidth\" data-front-class=\"col-xs-mobile-fullwidth\"><div class=\"vc-column-innner-wrapper\">[vc_btn title=\"Acheter en ligne\" link=\"url:https%3A%2F%2Fwww.software-reuse.eu%2Fshop%2Ffr%2F|title:Acheter%20en%20ligne|\" el_class=\"primary-button\"][vc_btn title=\"Conseil non obligatoire\" el_class=\"secondary-button\" link=\"url:https%3A%2F%2Fwww.software-reuse.eu%2Ffr%2Fcontact%2F|title:Conseil%20non%20obligatoire|\"]<\/div><\/div><\/div><\/div><\/div><\/div><\/div><\/section><section class=\"fakten-cta\"><div class=\"container\"><div class=\"row\"><div class=\"wpb_column hcode-column-container vc_col-sm-12 col-xs-mobile-fullwidth\" data-front-class=\"col-xs-mobile-fullwidth\"><div class=\"vc-column-innner-wrapper\"><div class=\"padding-three-bottom sm-padding-three-bottom xs-padding-three-tb\"><h2 style=\"text-align: center;\">Couverture m\u00e9diatique de Software ReUse<\/h2>\n<\/div>[vc_raw_html el_class=\"presse-logo-slider\"]W2xvZ29zaG93Y2FzZSBjYXRfaWQ9IjI2IiBkb3RzPSJmYWxzZSJd[\/vc_raw_html]<\/div><\/div><\/div><\/div><\/section>","protected":false},"excerpt":{"rendered":"<p>[vc_single_image source=&#8221;featured_image&#8221; img_size=&#8221;full&#8221; css=&#8221;&#8221;][vc_empty_space height=&#8221;24px&#8221;]Microsoft l\u00e8ve la restriction de la revente des licences logicielles En mai 2020 Microsoft a introduit dans ses conditions de licence un passage limitant : un client Enterprise qui a migr\u00e9 vers le cloud et a b\u00e9n\u00e9fici\u00e9 d\u2019un rabais pour ce faire n\u2019a plus pu vendre ses licences existantes. Maintenant, la [&hellip;]<\/p>\n","protected":false},"author":5,"featured_media":52282,"parent":39758,"menu_order":0,"comment_status":"closed","ping_status":"closed","template":"","meta":{"inline_featured_image":false,"footnotes":""},"class_list":["post-14041","page","type-page","status-publish","has-post-thumbnail","hentry"],"_links":{"self":[{"href":"https:\/\/www.software-reuse.eu\/fr\/wp-json\/wp\/v2\/pages\/14041","targetHints":{"allow":["GET"]}}],"collection":[{"href":"https:\/\/www.software-reuse.eu\/fr\/wp-json\/wp\/v2\/pages"}],"about":[{"href":"https:\/\/www.software-reuse.eu\/fr\/wp-json\/wp\/v2\/types\/page"}],"author":[{"embeddable":true,"href":"https:\/\/www.software-reuse.eu\/fr\/wp-json\/wp\/v2\/users\/5"}],"replies":[{"embeddable":true,"href":"https:\/\/www.software-reuse.eu\/fr\/wp-json\/wp\/v2\/comments?post=14041"}],"version-history":[{"count":0,"href":"https:\/\/www.software-reuse.eu\/fr\/wp-json\/wp\/v2\/pages\/14041\/revisions"}],"up":[{"embeddable":true,"href":"https:\/\/www.software-reuse.eu\/fr\/wp-json\/wp\/v2\/pages\/39758"}],"wp:featuredmedia":[{"embeddable":true,"href":"https:\/\/www.software-reuse.eu\/fr\/wp-json\/wp\/v2\/media\/52282"}],"wp:attachment":[{"href":"https:\/\/www.software-reuse.eu\/fr\/wp-json\/wp\/v2\/media?parent=14041"}],"curies":[{"name":"wp","href":"https:\/\/api.w.org\/{rel}","templated":true}]}}