{"id":14101,"date":"2021-06-18T13:33:05","date_gmt":"2021-06-18T11:33:05","guid":{"rendered":"https:\/\/swr1.wpenginepowered.com\/?page_id=14101"},"modified":"2024-07-10T15:42:48","modified_gmt":"2024-07-10T13:42:48","slug":"logiciels-doccasion-pour-les-revendeurs","status":"publish","type":"page","link":"https:\/\/www.software-reuse.eu\/fr\/logiciels-doccasion-pour-les-revendeurs\/","title":{"rendered":"Logiciels d\u2019occasion pour les revendeurs"},"content":{"rendered":"<section class=\" vc_custom_1608278781941\"><div class=\"container\"><div class=\"row\"><div class=\"wpb_column hcode-column-container vc_col-sm-12 col-xs-mobile-fullwidth\" data-front-class=\"col-xs-mobile-fullwidth\"><div class=\"vc-column-innner-wrapper\">[vc_single_image image=\"11981\" img_size=\"full\" alignment=\"center\"]<\/div><\/div><\/div><\/div><\/section><section class=\" vc_custom_1608278913247\"><div class=\"container\"><div class=\"row\"><div class=\"wpb_column hcode-column-container vc_col-sm-12 col-xs-mobile-fullwidth\" data-front-class=\"col-xs-mobile-fullwidth\"><div class=\"vc-column-innner-wrapper\"><h2>Augmentez vos marges avec des logiciels d'occasion<\/h2>\n<p>Achetez l\u00e9galement des licences de logiciels d'occasion et revendez-les pour un profit plus \u00e9lev\u00e9<br \/>\nAvec Software ReUse, vous recevez depuis 2011 des licences Microsoft et <a href=\"https:\/\/www.adobe.com\/fr\/\" target=\"_blank\" rel=\"noopener\">Adobe<\/a> utilis\u00e9es, qui sont transf\u00e9r\u00e9es \u00e0 vous ou \u00e0 votre entreprise <a href=\"\/?page_id=90\">conform\u00e9ment au droit de l'UE<\/a>. Vous pouvez \u00e9conomiser jusqu'\u00e0 75 % par rapport au nouveau prix - et dans une qualit\u00e9 100 % neuve!<\/p>\n<p>La gamme comprend, par exemple:<\/p>\n<ul>\n<li><a href=\"https:\/\/www.software-reuse.eu\/fr\/software-kaufen\/microsoft-office-2019-professional-plus-volumenlizenz-gebraucht-kaufen\/\">Microsoft Office 2019 Professionnel Plus<\/a>, <a href=\"https:\/\/www.software-reuse.eu\/fr\/software-kaufen\/microsoft-office-2016-gebrauchte-lizenzen-fuer-ihr-unternehmen-kaufen\/\">Microsoft Office 2016<\/a><\/li>\n<li><a href=\"\/?p=3847\">Windows 10 Professionnel<\/a>, <a href=\"\/?p=3847\">Windows 10<\/a>, <a href=\"https:\/\/www.software-reuse.eu\/fr\/software-kaufen\/windows-10-enterprise-ltsc-lizenz-gebraucht-kaufen\/\">Entreprise LTSC 2019<\/a><\/li>\n<li><a href=\"https:\/\/www.software-reuse.eu\/fr\/software-kaufen\/windows-server-2019-lizenz-gebraucht-kaufen\/\">Windows Server 2019<\/a>, <a href=\"\/?p=46191\">Windows Server 2016<\/a>, <a href=\"https:\/\/www.software-reuse.eu\/fr\/software-kaufen\/windows-server-2019-lizenz-gebraucht-kaufen\/\">SQL Server 2019<\/a>, <a href=\"\/?p=46150\">SQL Server 2017<\/a> et diverses licences d'acc\u00e8s<\/li>\n<li><a href=\"https:\/\/www.software-reuse.eu\/fr\/software-kaufen\/achetez-une-licence-adobe-creative-suite-doccasion-logiciel-dorigine-75\/\">Licences Adobe Creative Suites CS6<\/a>, <a href=\"https:\/\/www.software-reuse.eu\/fr\/software-kaufen\/adobe-photoshop-cs6-kaufen\/\">Photoshop CS6 et Acrobat<\/a><\/li>\n<li><a href=\"\/?p=9273\">Licences Autodesk AutoCAD<\/a> \u00e9galement<br \/>\nVMware, comme B. <a href=\"https:\/\/www.software-reuse.eu\/fr\/software-kaufen\/acheter-vmware-vsphere-doccasion\/\">Licences vSphere Enterprise<\/a><\/li>\n<\/ul>\n<p>Cela permet \u00e0 nos partenaires d'\u00e9conomiser de l'argent lors de l'achat de licences logicielles. Ils augmentent \u00e9galement leurs marges et peuvent proposer \u00e0 leurs clients des logiciels au meilleur prix!<\/p>\n<\/div><\/div><\/div><\/div><\/section><section class=\"row-equal-height row-content-middle\"><div class=\"container\"><div class=\"row hcode-row-flex\"><div class=\"wpb_column hcode-column-container vc_col-sm-6 col-xs-mobile-fullwidth\" data-front-class=\"col-xs-mobile-fullwidth\"><div class=\"vc-column-innner-wrapper\">[vc_video link=\"https:\/\/youtu.be\/mUCRi1bN-SQ\"]<\/div><\/div><div class=\"wpb_column hcode-column-container vc_col-sm-6 col-xs-mobile-fullwidth\" data-front-class=\"col-xs-mobile-fullwidth\"><div class=\"vc-column-innner-wrapper\"><h2>Nous recherchons des partenaires!<\/h2>\n<p>Nous souhaitons maintenant \u00e9tendre davantage notre r\u00e9seau de partenaires et recherchons des fournisseurs de services informatiques et des \u00e9diteurs de syst\u00e8mes qui souhaitent aider leurs clients avec nous \u00e0 \u00e9conomiser de l'argent avec des licences de logiciels d'occasion\u00a0!<\/p>\n[vc_btn title=\"Inscrivez-vous en tant que partenaire\" shape=\"square\" link=\"url:https%3A%2F%2Fwww.software-reuse.eu%2Ffr%2Fcontact%2F|\" el_class=\"primary-button\"]<\/div><\/div><div class=\"wpb_column hcode-column-container  col-xs-mobile-fullwidth\" data-front-class=\"col-xs-mobile-fullwidth front-column-class\"><div class=\"vc-column-innner-wrapper\"><\/div><\/div><\/div><\/div><\/section><section><div class=\"container\"><div class=\"row\"><div class=\"wpb_column hcode-column-container  col-xs-mobile-fullwidth\" data-front-class=\"col-xs-mobile-fullwidth front-column-class\"><div class=\"vc-column-innner-wrapper\"><h2 style=\"text-align: center;\">Pourquoi la r\u00e9utilisation de logiciels\u00a0?<\/h2>\n[vc_empty_space height=\"24px\"]<div class=\"hcode-inner-row\"><div class=\"wpb_column hcode-column-container vc_col-sm-3 col-xs-mobile-fullwidth\" data-front-class=\"col-xs-mobile-fullwidth\"><div class=\"vc-column-innner-wrapper\">[vc_single_image image=\"11442\" alignment=\"center\"]<h3 style=\"text-align: center;\">Preuve d'audit<\/h3>\n<div class=\"page\" title=\"Page 2\">\n<div class=\"section\">\n<div class=\"layoutArea\">\n<div class=\"column\">\n<p style=\"text-align: center;\">Software ReUse fournit tous les documents pour l'audit !<\/p>\n<p style=\"text-align: center;\">Cela garantit une conformit\u00e9 l\u00e9gale \u00e0 100 % pour vos clients !<\/p>\n<\/div>\n<\/div>\n<\/div>\n<\/div>\n<\/div><\/div><div class=\"wpb_column hcode-column-container vc_col-sm-3 col-xs-mobile-fullwidth\" data-front-class=\"col-xs-mobile-fullwidth\"><div class=\"vc-column-innner-wrapper\">[vc_single_image image=\"11462\" alignment=\"center\"]<h3 style=\"text-align: center;\">Peu co\u00fbteux<\/h3>\n<p style=\"text-align: center;\">Avec Software ReUse, vous obtenez un logiciel \u00e9prouv\u00e9 jusqu'\u00e0 70 % moins cher par rapport au nouveau prix !<\/p>\n<\/div><\/div><div class=\"wpb_column hcode-column-container vc_col-sm-3 col-xs-mobile-fullwidth\" data-front-class=\"col-xs-mobile-fullwidth\"><div class=\"vc-column-innner-wrapper\">[vc_single_image image=\"11457\" alignment=\"center\"]<div class=\"page\" title=\"Page 2\">\n<div class=\"section\">\n<div class=\"layoutArea\">\n<div class=\"column\">\n<div class=\"page\" title=\"Page 2\">\n<div class=\"section\">\n<div class=\"layoutArea\">\n<div class=\"column\">\n<h3 style=\"text-align: center;\">Lucratif<\/h3>\n<\/div>\n<\/div>\n<\/div>\n<\/div>\n<\/div>\n<\/div>\n<\/div>\n<\/div>\n<p>Les logiciels d'occasion ne sont pas seulement un avantage pour vos clients !<\/p>\n<p style=\"text-align: center;\">Nous vous offrons des marges attractives et une bonne disponibilit\u00e9 des logiciels standards!<\/p>\n<\/div><\/div><div class=\"wpb_column hcode-column-container vc_col-sm-3 col-xs-mobile-fullwidth\" data-front-class=\"col-xs-mobile-fullwidth\"><div class=\"vc-column-innner-wrapper\">[vc_single_image image=\"11747\" alignment=\"center\"]<h3 style=\"text-align: center;\">Flexible<\/h3>\n<p style=\"text-align: center;\">Vos clients utilisent le mod\u00e8le d'abonnement Microsoft ou pr\u00e9voient de le faire?<\/p>\n<p style=\"text-align: center;\">Les logiciels d'occasion peuvent \u00eatre utilis\u00e9s en compl\u00e9ment ou pour combler l'\u00e9cart!<\/p>\n<\/div><\/div><\/div><\/div><\/div><\/div><\/div><\/section><section class=\" vc_custom_1608036545949\"><div class=\"container\"><div class=\"row\"><div class=\"wpb_column hcode-column-container vc_col-sm-6 col-xs-mobile-fullwidth\" data-front-class=\"col-xs-mobile-fullwidth\"><div class=\"vc-column-innner-wrapper\"><h2>Conseils sur le commerce de licence<\/h2>\n<p>Votre client a des questions sur les licences Microsoft\u00a0? Ou veut-il passer au cloud Microsoft et revendre ses anciennes licences ? Nos consultants certifi\u00e9s Microsoft License Professional se feront un plaisir de vous conseiller sur ces sujets et sur d'autres.<\/p>\n<p>Software ReUse est l'un des principaux fournisseurs de licences de logiciels d'occasion depuis 2011. Nos employ\u00e9s se feront un plaisir de vous conseiller sur la situation juridique et le processus de transfert de licence. Envoyez-nous une <a href=\"\/?page_id=1861\">demande de contact<\/a> ou appelez-nous directement au +43 1 997 27 87-10 !<\/p>\n[vc_btn title=\"Prendre rendez-vous pour une consultation\" shape=\"square\" link=\"url:https%3A%2F%2Fcalendly.com%2Fsoftware-reuse%2Fpersoenliches-beratungsgespraech|\" el_class=\"primary-button\"][vc_btn title=\"Demander une offre individuelle\" shape=\"square\" link=\"url:https%3A%2F%2Fwww.software-reuse.eu%2Ffr%2Fcontact%2F|\" el_class=\"secondary-button\"]<\/div><\/div><div class=\"wpb_column hcode-column-container vc_col-sm-6 col-xs-mobile-fullwidth\" data-front-class=\"col-xs-mobile-fullwidth\"><div class=\"vc-column-innner-wrapper\">[vc_single_image image=\"7833\" img_size=\"medium\" alignment=\"center\" style=\"vc_box_circle\" onclick=\"custom_link\" img_link_target=\"_blank\" css=\".vc_custom_1608279420922{padding-bottom: 16px !important;}\" link=\"https:\/\/www.software-reuse.eu\/fr\/shop\/\"]<p style=\"text-align: center;\"><strong>Mag. Stefan Tauchhammer, MBA<\/strong><br \/>\nDirecteur g\u00e9n\u00e9ral R\u00e9utilisation de logiciels<\/p>\n<\/div><\/div><\/div><\/div><\/section><section><div class=\"container\"><div class=\"row\"><div class=\"wpb_column hcode-column-container vc_col-sm-12 col-xs-mobile-fullwidth\" data-front-class=\"col-xs-mobile-fullwidth\"><div class=\"vc-column-innner-wrapper\"><h2 style=\"text-align: center;\">Rapports sur la r\u00e9utilisation des logiciels<\/h2>\n[vc_empty_space height=\"24px\"][vc_raw_html]W2xvZ29zaG93Y2FzZSBjYXRfaWQ9IjI2IiBkb3RzPSJmYWxzZSJd[\/vc_raw_html]<\/div><\/div><\/div><\/div><\/section><section><div class=\"container\"><div class=\"row\"><div class=\"wpb_column hcode-column-container  col-xs-mobile-fullwidth\" data-front-class=\"col-xs-mobile-fullwidth front-column-class\"><div class=\"vc-column-innner-wrapper\"><h2 style=\"text-align: center;\">Vous vendez des logiciels et avez une demande? Contactez nos sp\u00e9cialistes!<\/h2>\n[vc_empty_space height=\"24px\"]<div class=\"hcode-inner-row\"><div class=\"wpb_column hcode-column-container vc_col-sm-6 col-xs-mobile-fullwidth\" data-front-class=\"col-xs-mobile-fullwidth\"><div class=\"vc-column-innner-wrapper\">\n<div class=\"wpcf7 no-js\" id=\"wpcf7-f54410-o1\" lang=\"fr-FR\" dir=\"ltr\" data-wpcf7-id=\"54410\">\n<div class=\"screen-reader-response\"><p role=\"status\" aria-live=\"polite\" aria-atomic=\"true\"><\/p> <ul><\/ul><\/div>\n<form action=\"\/fr\/wp-json\/wp\/v2\/pages\/14101#wpcf7-f54410-o1\" method=\"post\" class=\"wpcf7-form init\" aria-label=\"Formulaire de contact\" novalidate=\"novalidate\" data-status=\"init\">\n<fieldset class=\"hidden-fields-container\"><input type=\"hidden\" name=\"_wpcf7\" value=\"54410\" \/><input type=\"hidden\" name=\"_wpcf7_version\" value=\"6.1.1\" \/><input type=\"hidden\" name=\"_wpcf7_locale\" value=\"fr_FR\" \/><input type=\"hidden\" name=\"_wpcf7_unit_tag\" value=\"wpcf7-f54410-o1\" \/><input type=\"hidden\" name=\"_wpcf7_container_post\" value=\"0\" \/><input type=\"hidden\" name=\"_wpcf7_posted_data_hash\" value=\"\" \/>\n<\/fieldset>\n<div>\n\t<p><label> Civilit\u00e9*<br \/>\n<span class=\"wpcf7-form-control-wrap\" data-name=\"discours\"><select class=\"wpcf7-form-control wpcf7-select wpcf7-validates-as-required\" aria-required=\"true\" aria-invalid=\"false\" name=\"discours\"><option value=\"M.\">M.<\/option><option value=\"Mme\">Mme<\/option><option value=\"Soci\u00e9t\u00e9\">Soci\u00e9t\u00e9<\/option><\/select><\/span><\/label>\n\t<\/p>\n\t<p><label> Votre nom*<br \/>\n<span class=\"wpcf7-form-control-wrap\" data-name=\"your-name\"><input size=\"40\" maxlength=\"400\" class=\"wpcf7-form-control wpcf7-text wpcf7-validates-as-required\" aria-required=\"true\" aria-invalid=\"false\" value=\"\" type=\"text\" name=\"your-name\" \/><\/span> <\/label>\n\t<\/p>\n<\/div>\n<p><label> Le nom de votre entreprise<br \/>\n<span class=\"wpcf7-form-control-wrap\" data-name=\"your-company\"><input size=\"40\" maxlength=\"400\" class=\"wpcf7-form-control wpcf7-text\" aria-invalid=\"false\" value=\"\" type=\"text\" name=\"your-company\" \/><\/span> <\/label>\n<\/p>\n<div>\n\t<p><label> Votre adresse \u00e9lectronique*<br \/>\n<span class=\"wpcf7-form-control-wrap\" data-name=\"your-email\"><input size=\"40\" maxlength=\"400\" class=\"wpcf7-form-control wpcf7-email wpcf7-validates-as-required wpcf7-text wpcf7-validates-as-email\" aria-required=\"true\" aria-invalid=\"false\" value=\"\" type=\"email\" name=\"your-email\" \/><\/span> <\/label>\n\t<\/p>\n\t<p><label>T\u00e9l\u00e9phone*<br \/>\n<span class=\"wpcf7-form-control-wrap\" data-name=\"telefon\"><input size=\"40\" maxlength=\"400\" class=\"wpcf7-form-control wpcf7-tel wpcf7-validates-as-required wpcf7-text wpcf7-validates-as-tel\" aria-required=\"true\" aria-invalid=\"false\" value=\"\" type=\"tel\" name=\"telefon\" \/><\/span><\/label>\n\t<\/p>\n<\/div>\n<div>\n\t<p><label> Budget<br \/>\n<span class=\"wpcf7-form-control-wrap\" data-name=\"budget\"><select class=\"wpcf7-form-control wpcf7-select\" aria-invalid=\"false\" name=\"budget\"><option value=\"Pas de r\u00e9ponse\">Pas de r\u00e9ponse<\/option><option value=\"0-1.000 \u20ac\">0-1.000 \u20ac<\/option><option value=\"1.000-5.000 \u20ac\">1.000-5.000 \u20ac<\/option><option value=\"5.000-10.000 \u20ac\">5.000-10.000 \u20ac<\/option><option value=\"plus de 10.000 \u20ac\">plus de 10.000 \u20ac<\/option><\/select><\/span><\/label>\n\t<\/p>\n\t<p><label> Quantit\u00e9<br \/>\n<span class=\"wpcf7-form-control-wrap\" data-name=\"budget\"><select class=\"wpcf7-form-control wpcf7-select\" aria-invalid=\"false\" name=\"budget\"><option value=\"1-10\">1-10<\/option><option value=\"11-50\">11-50<\/option><option value=\"101-1000\">101-1000<\/option><option value=\"1000+\">1000+<\/option><\/select><\/span><\/label>\n\t<\/p>\n<\/div>\n<p><label> Client final\/revendeur<\/label><br \/>\n<span class=\"wpcf7-form-control-wrap\" data-name=\"kunde\"><span class=\"wpcf7-form-control wpcf7-radio\"><span class=\"wpcf7-list-item first\"><label><input type=\"radio\" name=\"kunde\" value=\"Pas de r\u00e9ponse\" checked=\"checked\" \/><span class=\"wpcf7-list-item-label\">Pas de r\u00e9ponse<\/span><\/label><\/span><span class=\"wpcf7-list-item\"><label><input type=\"radio\" name=\"kunde\" value=\"Client final\" \/><span class=\"wpcf7-list-item-label\">Client final<\/span><\/label><\/span><span class=\"wpcf7-list-item last\"><label><input type=\"radio\" name=\"kunde\" value=\"Revendeur\" \/><span class=\"wpcf7-list-item-label\">Revendeur<\/span><\/label><\/span><\/span><\/span><br \/>\n<span id=\"wpcf7-69d4f0db2e298-wrapper\" class=\"wpcf7-form-control-wrap honeypot-100-wrap\" style=\"display:none !important; visibility:hidden !important;\"><label for=\"wpcf7-69d4f0db2e298-field\" class=\"hp-message\">Veuillez laisser ce champ vide.<\/label><input id=\"wpcf7-69d4f0db2e298-field\"  class=\"wpcf7-form-control wpcf7-text\" type=\"text\" name=\"honeypot-100\" value=\"\" size=\"40\" tabindex=\"-1\" autocomplete=\"new-password\" \/><\/span><br \/>\n<label> Produits<br \/>\n<span class=\"wpcf7-form-control-wrap\" data-name=\"produkte\"><select class=\"wpcf7-form-control wpcf7-select\" aria-invalid=\"false\" name=\"produkte\"><option value=\"Aucune indication\">Aucune indication<\/option><option value=\"Microsoft Office\">Microsoft Office<\/option><option value=\"Microsoft Windows\">Microsoft Windows<\/option><option value=\"Microsoft SQL Server und CALs\">Microsoft SQL Server und CALs<\/option><option value=\"Microsoft Windows Server und CALs\">Microsoft Windows Server und CALs<\/option><option value=\"Microsoft Exchange Server und CALs\">Microsoft Exchange Server und CALs<\/option><option value=\"Microsoft (autres licences)\">Microsoft (autres licences)<\/option><option value=\"Adobe Acrobat\">Adobe Acrobat<\/option><option value=\"Adobe CS6 Programme\">Adobe CS6 Programme<\/option><option value=\"Autodesk-Produkte\">Autodesk-Produkte<\/option><option value=\"VMware\">VMware<\/option><\/select><\/span><\/label>\n<\/p>\n<p><label> Sujet*<br \/>\n<span class=\"wpcf7-form-control-wrap\" data-name=\"subject\"><select class=\"wpcf7-form-control wpcf7-select wpcf7-validates-as-required\" aria-required=\"true\" aria-invalid=\"false\" name=\"subject\"><option value=\"Conseil de licence sans engagement\">Conseil de licence sans engagement<\/option><option value=\"Question concernant l&#039;achat\/la vente\">Question concernant l&#039;achat\/la vente<\/option><option value=\"Souhaits\/suggestions\">Souhaits\/suggestions<\/option><option value=\"Inscription en tant que partenaire (revendeur)\">Inscription en tant que partenaire (revendeur)<\/option><option value=\"Questions concernant la facture\">Questions concernant la facture<\/option><option value=\"Offre personnalis\u00e9e\">Offre personnalis\u00e9e<\/option><option value=\"Autres questions\">Autres questions<\/option><\/select><\/span> <\/label>\n<\/p>\n<p><label> Votre demande<br \/>\n<span class=\"wpcf7-form-control-wrap\" data-name=\"message\"><textarea cols=\"40\" rows=\"10\" maxlength=\"2000\" class=\"wpcf7-form-control wpcf7-textarea\" aria-invalid=\"false\" name=\"message\"><\/textarea><\/span> <\/label>\n<\/p>\n<p><label>Comment avez-vous entendu parler de nous ?<br \/>\n<span class=\"wpcf7-form-control-wrap\" data-name=\"wie-erfahren\"><input size=\"40\" maxlength=\"400\" class=\"wpcf7-form-control wpcf7-text\" aria-invalid=\"false\" value=\"\" type=\"text\" name=\"wie-erfahren\" \/><\/span><\/label>\n<\/p>\n<p><!-- Mailchimp for WordPress v4.10.7 - https:\/\/www.mc4wp.com\/ --><input type=\"hidden\" name=\"_mc4wp_subscribe_contact-form-7\" value=\"0\" \/><span class=\"mc4wp-checkbox mc4wp-checkbox-contact-form-7 \"><label><input type=\"checkbox\" name=\"_mc4wp_subscribe_contact-form-7\" value=\"1\" ><span>Ich m\u00f6chte den Software ReUse-Newsletter bekommen, um laufend \u00fcber Sonderangebote informiert zu werden. Dies kann jederzeit widerrufen werden. <\/span><\/label><\/span><!-- \/ Mailchimp for WordPress -->\n<\/p>\n<div class=\"f-dsgvo\">\n\t<p><span class=\"wpcf7-form-control-wrap\" data-name=\"acceptance-534\"><span class=\"wpcf7-form-control wpcf7-acceptance\"><span class=\"wpcf7-list-item\"><label><input type=\"checkbox\" name=\"acceptance-534\" value=\"1\" aria-invalid=\"false\" \/><span class=\"wpcf7-list-item-label\">* J'ai pris connaissance de la <a href=\"https:\/\/www.software-reuse.eu\/datenschutz\/\" target=\"_blank\">politique de confidentialit\u00e9<\/a>. Je consens \u00e0 ce que mes donn\u00e9es, nom, pr\u00e9nom, adresse e-mail ainsi que mon message, soient trait\u00e9es exclusivement dans le but de traiter et d'ex\u00e9cuter ma demande. Ces donn\u00e9es sont trait\u00e9es par nos soins sur la base de votre consentement, conform\u00e9ment \u00e0 l'article 6, paragraphe 1, de la loi sur la protection des donn\u00e9es.   1 a) du RGPD.<\/span><\/label><\/span><\/span><\/span>\n\t<\/p>\n<\/div>\n<div class=\"h-captcha\" data-sitekey=\"cd7c840c-b42c-4ae4-80a2-9bca6866534a\" data-size=\"normal\" data-theme=\"light\" data-lang=\"fr\"><\/div><span class=\"wpcf7-form-control-wrap cf7apps-hcaptcha\" data-name=\"cf7apps-hcaptcha\"><input type=\"hidden\" name=\"cf7apps-hcaptcha\" value=\"\" class=\"wpcf7-form-control\"><\/span>\n<\/p>\n<p><input class=\"wpcf7-form-control wpcf7-submit has-spinner btn\" type=\"submit\" value=\"Envoyer\" \/>\n<\/p>\n<input class=\"wpcf7-form-control wpcf7-hidden\" value=\"\" type=\"hidden\" name=\"gclid\" \/><div class=\"wpcf7-response-output\" aria-hidden=\"true\"><\/div>\n<\/form>\n<\/div>\n\n<\/div><\/div><div class=\"wpb_column hcode-column-container vc_col-sm-6 col-xs-mobile-fullwidth\" data-front-class=\"col-xs-mobile-fullwidth\"><div class=\"vc-column-innner-wrapper\">[vc_single_image image=\"7623\" img_size=\"full\"]<\/div><\/div><\/div><\/div><\/div><\/div><\/div><\/section><div class=\"wpb_column hcode-column-container vc_col-sm-2 col-xs-mobile-fullwidth\" data-front-class=\"col-xs-mobile-fullwidth\"><div class=\"vc-column-innner-wrapper\"><\/div><\/div><div class=\"wpb_column hcode-column-container vc_col-sm-2 col-xs-mobile-fullwidth\" data-front-class=\"col-xs-mobile-fullwidth\"><div class=\"vc-column-innner-wrapper\"><\/div><\/div>","protected":false},"excerpt":{"rendered":"<p>[vc_single_image image=&#8221;11981&#8243; img_size=&#8221;full&#8221; alignment=&#8221;center&#8221;]Augmentez vos marges avec des logiciels d&#8217;occasion Achetez l\u00e9galement des licences de logiciels d&#8217;occasion et revendez-les pour un profit plus \u00e9lev\u00e9 Avec Software ReUse, vous recevez depuis 2011 des licences Microsoft et Adobe utilis\u00e9es, qui sont transf\u00e9r\u00e9es \u00e0 vous ou \u00e0 votre entreprise conform\u00e9ment au droit de l&#8217;UE. Vous pouvez \u00e9conomiser jusqu&#8217;\u00e0 [&hellip;]<\/p>\n","protected":false},"author":2,"featured_media":11005,"parent":0,"menu_order":0,"comment_status":"closed","ping_status":"closed","template":"","meta":{"inline_featured_image":false,"footnotes":""},"class_list":["post-14101","page","type-page","status-publish","has-post-thumbnail","hentry"],"_links":{"self":[{"href":"https:\/\/www.software-reuse.eu\/fr\/wp-json\/wp\/v2\/pages\/14101","targetHints":{"allow":["GET"]}}],"collection":[{"href":"https:\/\/www.software-reuse.eu\/fr\/wp-json\/wp\/v2\/pages"}],"about":[{"href":"https:\/\/www.software-reuse.eu\/fr\/wp-json\/wp\/v2\/types\/page"}],"author":[{"embeddable":true,"href":"https:\/\/www.software-reuse.eu\/fr\/wp-json\/wp\/v2\/users\/2"}],"replies":[{"embeddable":true,"href":"https:\/\/www.software-reuse.eu\/fr\/wp-json\/wp\/v2\/comments?post=14101"}],"version-history":[{"count":0,"href":"https:\/\/www.software-reuse.eu\/fr\/wp-json\/wp\/v2\/pages\/14101\/revisions"}],"wp:featuredmedia":[{"embeddable":true,"href":"https:\/\/www.software-reuse.eu\/fr\/wp-json\/wp\/v2\/media\/11005"}],"wp:attachment":[{"href":"https:\/\/www.software-reuse.eu\/fr\/wp-json\/wp\/v2\/media?parent=14101"}],"curies":[{"name":"wp","href":"https:\/\/api.w.org\/{rel}","templated":true}]}}