{"id":14231,"date":"2021-07-15T13:03:51","date_gmt":"2021-07-15T11:03:51","guid":{"rendered":"https:\/\/swr1.wpenginepowered.com\/?page_id=14231"},"modified":"2024-07-03T10:34:14","modified_gmt":"2024-07-03T08:34:14","slug":"office-365-vs-office-2019-les-plus-grandes-differences","status":"publish","type":"page","link":"https:\/\/www.software-reuse.eu\/fr\/blog\/office-365-vs-office-2019-les-plus-grandes-differences\/","title":{"rendered":"Office 365 vs. Office 2019 \u2013 les plus grandes diff\u00e9rences"},"content":{"rendered":"<p><section><div class=\"container\"><div class=\"row\"><div class=\"wpb_column hcode-column-container vc_col-sm-2 col-xs-mobile-fullwidth\" data-front-class=\"col-xs-mobile-fullwidth\"><div class=\"vc-column-innner-wrapper\"><\/div><\/div><div class=\"wpb_column hcode-column-container vc_col-sm-8 col-xs-mobile-fullwidth\" data-front-class=\"col-xs-mobile-fullwidth\"><div class=\"vc-column-innner-wrapper\">[vc_single_image source=\"featured_image\" img_size=\"full\" css=\"\"][vc_empty_space height=\"24px\"]<h1>Office 365 vs. Office 2019 \u2013 les plus grandes diff\u00e9rences<\/h1>\n<p>Les versions d\u2019achat \u00ab On-Premise \u00bb Office 365 vs. Office 2019 : quels sont les avantages et les diff\u00e9rences des deux versions ? Dans cet article, vous pouvez lire tout ce qui concerne Microsoft 365 (avant Office 365) et Office 2019 !<\/p>\n<h2>Abonnement ou achat unique<\/h2>\n<p>Maintenant la version Office 365 s\u2019appelle Microsoft 365. La diff\u00e9rence la plus importante entre Microsoft 365 et la version Office 2019 est que Microsoft 365 est un abonnement, par contre, Office 2019 est une version d\u2019achat unique. Avec Microsoft 365, vous obtenez toujours la derni\u00e8re version, contrairement \u00e0 la version Office 2019 qui n\u2019offre pas de mises \u00e0 jours des fonctions importantes jusqu\u2019\u00e0 la prochaine version en 2022. En plus, si vous voulez effectuer une mise \u00e0 jour avec Office 2019, vous devez le racheter une fois. Donc vous devez \u00eatre content avec les fonctions incluses, si vous pr\u00e9f\u00e9rez l\u2019achat unique.<\/p>\n<h2>Le mod\u00e8le de cloud hybride pour raisons financi\u00e8res<\/h2>\n<p>De nombreuses entreprises optent pour le mod\u00e8le de cloud hybride, qui est pour des raisons financi\u00e8res ou strat\u00e9giques une combinaison parfaite de Microsoft 365 et l\u2019achat des licences On-Premise. Il y a beaucoup d\u2019approches, par exemple l\u2019achat d\u2019Office 2019 comme version d\u2019achat On-Premise et un paquet \u00e9conomique Microsoft 365 pour pouvoir utiliser Microsoft Teams, Exchange, SharePoint etc. Contactez nos experts des licences pour trouver la meilleure solution pour votre soci\u00e9t\u00e9.<\/p>\n<h2>Utilisateurs et stockage online additionnel<\/h2>\n<p>Apr\u00e8s l\u2019achat d\u2019une version Office 2019, vous pouvez l\u2019installer sur un PC ou Mac. Vous \u00eates plus ind\u00e9pendant avec les paquets Microsoft 365 pour les grandes, moyennes et petites entreprises, o\u00f9 vous pouvez utiliser les applications sur un total de dix appareils diff\u00e9rents (5 appareils mobiles et 5 tablettes).<\/p>\n<p>Une autre diff\u00e9rence est qu\u2019Office 2019 ne comprend pas de stockage en ligne suppl\u00e9mentaire. Par contre, avec le cloud de Microsoft 365 vous obtenez un To d\u2019espace de stockage en ligne auquel vous pouvez acc\u00e9der de partout et que vous pouvez aussi partager avec un maximum de cinq utilisateurs.<\/p>\n<h2>Microsoft 365 vs. Office 2019 \u2013 support technique<\/h2>\n<p>Microsoft 365 vous offre un support gratuit pendant toute la dur\u00e9e de l\u2019abonnement. Avec Office 2019, les mises \u00e0 jours sont offertes jusqu\u2019au 14 octobre 2025. Le support principal est garanti pendant cinq ans, apr\u00e8s il y a deux ans de \u00ab assistance \u00e9tendue \u00bb qui ne comporte que les mises \u00e0 jours de s\u00e9curit\u00e9 importantes.<\/p>\n<h2>Office 2019 ne fonctionne que sous Windows 10<\/h2>\n<p>Oui, vous avez lu correctement. Microsoft Office 2019 est la premi\u00e8re version qui est uniquement compatible avec Windows 10. Les utilisateurs qui travaillent avec Windows 7 ou 8.1 doivent mettre \u00e0 jour leur version ou utiliser une autre version d\u2019Office.<\/p>\n<h2>Notre conclusion du duel Office 365 vs. Office 2019<\/h2>\n<p>Le duel entre Office 365 et Office 2019, ou mieux, Microsoft 365 et Office 2019, n\u2019est pas facile \u00e0 d\u00e9cider. La version parfaite pour votre entreprise d\u00e9pend de vos besoins. Si vous pr\u00e9f\u00e9rez plus de fonctions et une utilisation ind\u00e9pendante \u00e0 l\u2019aide du cloud, et si vous voulez aussi partager vos applications, nous vous recommandons Microsoft 365. Mais c\u2019est souvent aussi la solution la plus ch\u00e8re pour les entreprises.<\/p>\n<p>L\u2019achat de licences Office d\u2019occasion peut vraiment \u00eatre moins cher. Si n\u00e9cessaire, on peut aussi combiner ces licences avec des paquets Microsoft 365 pour une solution de cloud hybride. De cette fa\u00e7on, vous pouvez louer en plus les fonctionnalit\u00e9s souhait\u00e9es, comme par exemple Microsoft Teams. Il existe encore beaucoup d\u2019autres mod\u00e8les de cloud hybride, les experts des licences de Software ReUse vous conseillent avec plaisir et sans obligation.<\/p>\n<p><a href=\"\/?page_id=1861\" data-schema-attribute=\"\">Contactez-nous<\/a>, si vous avez encore des questions !<\/p>\n<\/div><\/div><div class=\"wpb_column hcode-column-container vc_col-sm-2 col-xs-mobile-fullwidth\" data-front-class=\"col-xs-mobile-fullwidth\"><div class=\"vc-column-innner-wrapper\"><\/div><\/div><\/div><\/div><\/section><section class=\" vc_custom_1607508772717\"><div class=\"container\"><div class=\"row\"><div class=\"wpb_column hcode-column-container vc_col-sm-12 col-xs-mobile-fullwidth\" data-front-class=\"col-xs-mobile-fullwidth\"><div class=\"vc-column-innner-wrapper\"><h2 style=\"text-align: center;\">Int\u00e9ress\u00e9 par l\u2019achat ou la vente des logiciels pour votre entreprise ?<\/h2>\n<div class=\"cta-buttons hcode-inner-row\"><div class=\"wpb_column hcode-column-container vc_col-sm-12 col-xs-mobile-fullwidth\" data-front-class=\"col-xs-mobile-fullwidth\"><div class=\"vc-column-innner-wrapper\">[vc_btn title=\"Acheter en ligne\" link=\"url:https%3A%2F%2Fwww.software-reuse.eu%2Fshop%2Ffr%2F|title:Acheter%20en%20ligne%20\" el_class=\"primary-button\"][vc_btn title=\"Conseil non obligatoire\" el_class=\"secondary-button\" link=\"url:https%3A%2F%2Fwww.software-reuse.eu%2Ffr%2Fcontact%2F|title:Conseil%20non%20obligatoire\"]<\/div><\/div><\/div><\/div><\/div><\/div><\/div><\/section><section class=\"fakten-cta\"><div class=\"container\"><div class=\"row\"><div class=\"wpb_column hcode-column-container vc_col-sm-12 col-xs-mobile-fullwidth\" data-front-class=\"col-xs-mobile-fullwidth\"><div class=\"vc-column-innner-wrapper\"><div class=\"padding-three-bottom sm-padding-three-bottom xs-padding-three-tb\"><h2 style=\"text-align: center;\">Couverture m\u00e9diatique de Software ReUse<\/h2>\n<\/div>[vc_raw_html el_class=\"presse-logo-slider\"]JTVCbG9nb3Nob3djYXNlJTIwY2F0X2lkJTNEJTIyMjYlMjIlMjBkb3RzJTNEJTIyZmFsc2UlMjIlNUQ=[\/vc_raw_html]<\/div><\/div><\/div><\/div><\/section>\r\n","protected":false},"excerpt":{"rendered":"<p>[vc_single_image source=&#8221;featured_image&#8221; img_size=&#8221;full&#8221; css=&#8221;&#8221;][vc_empty_space height=&#8221;24px&#8221;]Office 365 vs. Office 2019 \u2013 les plus grandes diff\u00e9rences Les versions d\u2019achat \u00ab On-Premise \u00bb Office 365 vs. Office 2019 : quels sont les avantages et les diff\u00e9rences des deux versions ? Dans cet article, vous pouvez lire tout ce qui concerne Microsoft 365 (avant Office 365) et Office 2019 [&hellip;]<\/p>\n","protected":false},"author":3,"featured_media":51903,"parent":39758,"menu_order":0,"comment_status":"closed","ping_status":"closed","template":"","meta":{"inline_featured_image":false,"footnotes":""},"class_list":["post-14231","page","type-page","status-publish","has-post-thumbnail","hentry"],"_links":{"self":[{"href":"https:\/\/www.software-reuse.eu\/fr\/wp-json\/wp\/v2\/pages\/14231","targetHints":{"allow":["GET"]}}],"collection":[{"href":"https:\/\/www.software-reuse.eu\/fr\/wp-json\/wp\/v2\/pages"}],"about":[{"href":"https:\/\/www.software-reuse.eu\/fr\/wp-json\/wp\/v2\/types\/page"}],"author":[{"embeddable":true,"href":"https:\/\/www.software-reuse.eu\/fr\/wp-json\/wp\/v2\/users\/3"}],"replies":[{"embeddable":true,"href":"https:\/\/www.software-reuse.eu\/fr\/wp-json\/wp\/v2\/comments?post=14231"}],"version-history":[{"count":0,"href":"https:\/\/www.software-reuse.eu\/fr\/wp-json\/wp\/v2\/pages\/14231\/revisions"}],"up":[{"embeddable":true,"href":"https:\/\/www.software-reuse.eu\/fr\/wp-json\/wp\/v2\/pages\/39758"}],"wp:featuredmedia":[{"embeddable":true,"href":"https:\/\/www.software-reuse.eu\/fr\/wp-json\/wp\/v2\/media\/51903"}],"wp:attachment":[{"href":"https:\/\/www.software-reuse.eu\/fr\/wp-json\/wp\/v2\/media?parent=14231"}],"curies":[{"name":"wp","href":"https:\/\/api.w.org\/{rel}","templated":true}]}}