{"id":1499,"date":"2018-12-10T18:08:08","date_gmt":"2018-12-10T17:08:08","guid":{"rendered":"https:\/\/swr1.wpenginepowered.com\/entreprise\/"},"modified":"2020-06-26T11:23:38","modified_gmt":"2020-06-26T09:23:38","slug":"entreprise","status":"publish","type":"page","link":"https:\/\/www.software-reuse.eu\/fr\/entreprise\/","title":{"rendered":"Entreprise"},"content":{"rendered":"<section><div class=\"container\"><div class=\"row\"><div class=\"wpb_column hcode-column-container vc_col-sm-12 col-xs-mobile-fullwidth\" data-front-class=\"col-xs-mobile-fullwidth\"><div class=\"vc-column-innner-wrapper\"><p>Nous sommes une entreprise paneurop\u00e9enne, sp\u00e9cialis\u00e9e dans le commerce de logiciels l\u00e9gaux avec un accent particulier sur les produits de Microsoft, Adobe et VMware-Software. Depuis la fondation en 2011 des centaines de personnes ont d\u00e9j\u00e0 confiance en notre \u00e9quipe exp\u00e9riment\u00e9e.<\/p>\n<p>Gr\u00e2ce \u00e0 notre expertise, nous vous aidons de conc\u00e9der votre entreprise conform\u00e9ment et r\u00e9aliser en m\u00eame temps le plus d'\u00e9conomies possible.<\/p>\n<\/div><\/div><\/div><\/div><\/section><section><div class=\"container\"><div class=\"row\"><div class=\"wpb_column hcode-column-container text-center sm-text-center xs-text-center vc_col-sm-4 col-xs-mobile-fullwidth\" data-front-class=\"text-center sm-text-center xs-text-center col-xs-mobile-fullwidth\"><div class=\"vc-column-innner-wrapper\"><a  href=\"https:\/\/www.software-reuse.eu\/fr\/notreequipe\/\" target=\"_self\"  class=\"inner-link button btn btn-small-black-border-light btn-round btn-medium\">\u00c9quipe<\/a><\/div><\/div><div class=\"wpb_column hcode-column-container text-center sm-text-center xs-text-center vc_col-sm-4 col-xs-mobile-fullwidth\" data-front-class=\"text-center sm-text-center xs-text-center col-xs-mobile-fullwidth\"><div class=\"vc-column-innner-wrapper\"><a  href=\"https:\/\/www.software-reuse.eu\/fr\/consultationdeconcession\/\" target=\"_self\"  class=\"inner-link button btn btn-small-black-border-light btn-round btn-medium\">Consultation de concession<\/a><\/div><\/div><div class=\"wpb_column hcode-column-container text-center sm-text-center xs-text-center vc_col-sm-4 col-xs-mobile-fullwidth\" data-front-class=\"text-center sm-text-center xs-text-center col-xs-mobile-fullwidth\"><div class=\"vc-column-innner-wrapper\"><a  href=\"https:\/\/www.software-reuse.eu\/fr\/acheter-des-logiciels-utilises\/\" target=\"_self\"  class=\"inner-link button btn btn-small-black-border-light btn-round btn-medium\">Produits<\/a><\/div><\/div><\/div><\/div><\/section>","protected":false},"excerpt":{"rendered":"<p>Nous sommes une entreprise paneurop\u00e9enne, sp\u00e9cialis\u00e9e dans le commerce de logiciels l\u00e9gaux avec un accent particulier sur les produits de Microsoft, Adobe et VMware-Software. Depuis la fondation en 2011 des centaines de personnes ont d\u00e9j\u00e0 confiance en notre \u00e9quipe exp\u00e9riment\u00e9e. Gr\u00e2ce \u00e0 notre expertise, nous vous aidons de conc\u00e9der votre entreprise conform\u00e9ment et r\u00e9aliser en [&hellip;]<\/p>\n","protected":false},"author":1,"featured_media":0,"parent":0,"menu_order":0,"comment_status":"closed","ping_status":"closed","template":"","meta":{"inline_featured_image":false,"footnotes":""},"class_list":["post-1499","page","type-page","status-publish","hentry"],"_links":{"self":[{"href":"https:\/\/www.software-reuse.eu\/fr\/wp-json\/wp\/v2\/pages\/1499","targetHints":{"allow":["GET"]}}],"collection":[{"href":"https:\/\/www.software-reuse.eu\/fr\/wp-json\/wp\/v2\/pages"}],"about":[{"href":"https:\/\/www.software-reuse.eu\/fr\/wp-json\/wp\/v2\/types\/page"}],"author":[{"embeddable":true,"href":"https:\/\/www.software-reuse.eu\/fr\/wp-json\/wp\/v2\/users\/1"}],"replies":[{"embeddable":true,"href":"https:\/\/www.software-reuse.eu\/fr\/wp-json\/wp\/v2\/comments?post=1499"}],"version-history":[{"count":0,"href":"https:\/\/www.software-reuse.eu\/fr\/wp-json\/wp\/v2\/pages\/1499\/revisions"}],"wp:attachment":[{"href":"https:\/\/www.software-reuse.eu\/fr\/wp-json\/wp\/v2\/media?parent=1499"}],"curies":[{"name":"wp","href":"https:\/\/api.w.org\/{rel}","templated":true}]}}