{"id":1501,"date":"2018-12-10T19:26:44","date_gmt":"2018-12-10T18:26:44","guid":{"rendered":"https:\/\/swr1.wpenginepowered.com\/page-exemple\/"},"modified":"2026-01-26T12:10:49","modified_gmt":"2026-01-26T11:10:49","slug":"logiciels-utilises","status":"publish","type":"page","link":"https:\/\/www.software-reuse.eu\/fr\/","title":{"rendered":"Logiciels d&#8217;occasion"},"content":{"rendered":"<section class=\"slider  vc_custom_1572274077678\"><div class=\"container\"><div class=\"row\"><div id=\"slider\" class=\"wpb_column hcode-column-container  vc_custom_1572274095252 vc_col-sm-12 col-xs-mobile-fullwidth\" data-front-class=\" vc_custom_1572274095252 col-xs-mobile-fullwidth\"><div class=\"vc-column-innner-wrapper\">[rev_slider_vc alias=\"new-ci-slider-11\"]<\/div><\/div><\/div><\/div><\/section><section class=\" vc_custom_1607342630985\"><div class=\"container\"><div class=\"row\"><div class=\"wpb_column hcode-column-container  vc_custom_1581187246887 vc_col-sm-12 col-xs-mobile-fullwidth\" data-front-class=\" vc_custom_1581187246887 col-xs-mobile-fullwidth\"><div class=\"vc-column-innner-wrapper\">[vc_raw_html css=\".vc_custom_1608026560598{padding-top: 10px !important;padding-bottom: 20px !important;}\" el_class=\"client-logo-slider\"]JTVCbG9nb3Nob3djYXNlJTIwY2F0X2lkJTNEJTIyMjUlMjIlMjBhdXRvcGxheSUzRCUyMmZhbHNlJTIyJTIwZG90cyUzRCUyMmZhbHNlJTIyJTVE[\/vc_raw_html]<\/div><\/div><\/div><\/div><\/section><section class=\"row-equal-height row-content-middle\" style=\"background-color:rgba(33,33,33,0.03);\"><div class=\"container\"><div class=\"row hcode-row-flex\"><div class=\"wpb_column hcode-column-container vc_col-sm-6 col-xs-mobile-fullwidth\" data-front-class=\"col-xs-mobile-fullwidth\"><div class=\"vc-column-innner-wrapper\">[vc_video link=\"https:\/\/www.youtube.com\/watch?v=fRJ60cfF6FM\" align=\"center\"]<\/div><\/div><div class=\"wpb_column hcode-column-container vc_col-sm-6 col-xs-mobile-fullwidth\" data-front-class=\"col-xs-mobile-fullwidth\"><div class=\"vc-column-innner-wrapper\"><h2>Licences de logiciel d'occasion : \u00c9conomisez l'argent de votre entreprise !<\/h2>\n<h3>Acheter des logiciels originaux moins cher : en toute s\u00e9curit\u00e9, l\u00e9gaux, \u00e9conomiques.<\/h3>\n<p>Aucun entrepreneur n'aime gaspiller de l'argent. Pour quoi le faire diff\u00e9remment avec les logiciels ? Chez Software ReUse vous \u00e9pargnez de l'argent sans perte de qualit\u00e9 : Vous payez jusqu'\u00e0 75 % de moins que pour les produits nouveaux \u2013 et comme le logiciel ne s\u2019ab\u00eeme pas, vous ne noterez aucune diff\u00e9rence ! Microsoft Office, Microsoft Windows, Adobe CS (Photoshop, Illustrator, InDesign, \u2026), Acrobat Professional et beaucoup plus.<\/p>\n<\/div><\/div><\/div><\/div><\/section><section class=\" vc_custom_1605539738172\"><div class=\"container\"><div class=\"row\"><div class=\"wpb_column hcode-column-container  vc_custom_1605540015337 vc_col-sm-12 col-xs-mobile-fullwidth\" data-front-class=\" vc_custom_1605540015337 col-xs-mobile-fullwidth\"><div class=\"vc-column-innner-wrapper\"><div class=\"hcode-inner-row\"><div class=\"wpb_column hcode-column-container vc_col-sm-2 col-xs-mobile-fullwidth\" data-front-class=\"col-xs-mobile-fullwidth\"><div class=\"vc-column-innner-wrapper\"><\/div><\/div><div class=\"wpb_column hcode-column-container vc_col-sm-8 col-xs-mobile-fullwidth\" data-front-class=\"col-xs-mobile-fullwidth\"><div class=\"vc-column-innner-wrapper\"><h3>Les avantages sont \u00e9vidents :<\/h3>\n<ul>\n<li><strong>\u00c9conomisez jusqu'\u00e0 75 %: <\/strong>All\u00e9gez votre budget de technologie informatique avec les logiciels d'occasion<\/li>\n<li><strong>\u00c0 l'\u00e9tat neuf : <\/strong>Un logiciel ne s\u2019ab\u00eeme pas, donc vous payez moins pour le m\u00eame produit !<\/li>\n<li><strong>100 % l\u00e9gal<\/strong> : Nous vendons et achetons les logiciels <a href=\"\/?page_id=90\">100 % conforme au droit de l'UE.<\/a><\/li>\n<li><strong>Disponibilit\u00e9 :<\/strong> Certain logiciel est n\u00e9cessaire, quand m\u00eame le fabricant ne le vend plus.<\/li>\n<\/ul>\n<p>Profitez de notre offre et \u00e9conomisez votre budget \u2013 avec les <a href=\"\/?page_id=75\">licenses de logiciel<\/a> d'occasion de Software ReUse !<\/p>\n<\/div><\/div><div class=\"wpb_column hcode-column-container vc_col-sm-2 col-xs-mobile-fullwidth\" data-front-class=\"col-xs-mobile-fullwidth\"><div class=\"vc-column-innner-wrapper\"><\/div><\/div><\/div><div class=\"hcode-inner-row\"><div class=\"wpb_column hcode-column-container vc_col-sm-6 col-xs-mobile-fullwidth\" data-front-class=\"col-xs-mobile-fullwidth\"><div class=\"vc-column-innner-wrapper\">[vc_btn title=\"Conseil non obligatoire\" style=\"custom\" custom_background=\"#164095\" custom_text=\"#ffffff\" shape=\"square\" size=\"lg\" align=\"center\" i_icon_fontawesome=\"fas fa-phone-alt\" add_icon=\"true\" link=\"url:https%3A%2F%2Fwww.software-reuse.eu%2Ffr%2Fcontact%2F|||\" css=\".vc_custom_1605540212826{border-radius: 4px !important;}\"]<\/div><\/div><div class=\"wpb_column hcode-column-container vc_col-sm-6 col-xs-mobile-fullwidth\" data-front-class=\"col-xs-mobile-fullwidth\"><div class=\"vc-column-innner-wrapper\">[vc_btn title=\"6 avantages des logiciels utilis\u00e9s\" style=\"custom\" custom_background=\"#164095\" custom_text=\"#ffffff\" shape=\"square\" size=\"lg\" align=\"center\" i_icon_fontawesome=\"fas fa-download\" add_icon=\"true\" link=\"url:https%3A%2F%2Fwww.software-reuse.eu%2Fwp-content%2Fuploads%2F2021%2F08%2FSWR-Onepager-FR.pdf|title:FR%20Onepager|target:_blank\" css=\".vc_custom_1628078112800{border-radius: 4px !important;}\"]<\/div><\/div><\/div><\/div><\/div><\/div><\/div><\/section><section><div class=\"container\"><div class=\"row\"><div class=\"wpb_column hcode-column-container vc_col-sm-2 col-xs-mobile-fullwidth\" data-front-class=\"col-xs-mobile-fullwidth\"><div class=\"vc-column-innner-wrapper\">[vc_single_image image=\"7537\" img_size=\"medium\" alignment=\"center\"]<h3 style=\"text-align: center;\"><strong>R\u00e9ussir l\u2019audit<\/strong><\/h3>\n<p style=\"text-align: center;\">Tous les documents pour l'audit inclus !<\/p>\n<\/div><\/div><div class=\"wpb_column hcode-column-container vc_col-sm-2 col-xs-mobile-fullwidth\" data-front-class=\"col-xs-mobile-fullwidth\"><div class=\"vc-column-innner-wrapper\">[vc_single_image image=\"7545\" img_size=\"medium\" alignment=\"center\"]<h3 style=\"text-align: center;\"><strong>100 % l\u00e9gal<\/strong><\/h3>\n<p style=\"text-align: center;\">Chez nous vous achetez <a href=\"\/?page_id=90\">en toute conformit\u00e9 au droit de l'UE<\/a>!<\/p>\n<\/div><\/div><div class=\"wpb_column hcode-column-container vc_col-sm-2 col-xs-mobile-fullwidth\" data-front-class=\"col-xs-mobile-fullwidth\"><div class=\"vc-column-innner-wrapper\">[vc_single_image image=\"7541\" img_size=\"medium\" alignment=\"center\"]<h3 style=\"text-align: center;\"><strong>Garanti<\/strong><\/h3>\n<p style=\"text-align: center;\">Garantie de l'originalit\u00e9 des logiciels !<\/p>\n<\/div><\/div><div class=\"wpb_column hcode-column-container vc_col-sm-2 col-xs-mobile-fullwidth\" data-front-class=\"col-xs-mobile-fullwidth\"><div class=\"vc-column-innner-wrapper\">[vc_single_image image=\"7553\" img_size=\"medium\" alignment=\"center\"]<h3 style=\"text-align: center;\"><strong>\u00c9conomique<\/strong><\/h3>\n<p style=\"text-align: center;\">Chez nous vous \u00e9conomisez jusqu'\u00e0 -75 % !<\/p>\n<\/div><\/div><div class=\"wpb_column hcode-column-container vc_col-sm-2 col-xs-mobile-fullwidth\" data-front-class=\"col-xs-mobile-fullwidth\"><div class=\"vc-column-innner-wrapper\">[vc_single_image image=\"7549\" img_size=\"medium\" alignment=\"center\"]<h3 style=\"text-align: center;\"><strong>Depuis 2011<\/strong><\/h3>\n<p style=\"text-align: center;\">Plus de 1000 clients satisfaits !<\/p>\n<\/div><\/div><div class=\"wpb_column hcode-column-container vc_col-sm-2 col-xs-mobile-fullwidth\" data-front-class=\"col-xs-mobile-fullwidth\"><div class=\"vc-column-innner-wrapper\">[vc_single_image image=\"7557\" img_size=\"medium\" alignment=\"center\"]<h3 style=\"text-align: center;\"><strong>Support<\/strong><\/h3>\n<p style=\"text-align: center;\">Nous vous aidons avec l'achat et la vente !<\/p>\n<\/div><\/div><\/div><\/div><\/section><section class=\" vc_custom_1605539627079\"><div class=\"container\"><div class=\"row\"><div class=\"wpb_column hcode-column-container  vc_custom_1605539633019 vc_col-sm-6 col-xs-mobile-fullwidth\" data-front-class=\" vc_custom_1605539633019 col-xs-mobile-fullwidth\"><div class=\"vc-column-innner-wrapper\">[vc_single_image image=\"2853\" img_size=\"large\" style=\"vc_box_border\"]<\/div><\/div><div class=\"wpb_column hcode-column-container vc_col-sm-6 col-xs-mobile-fullwidth\" data-front-class=\"col-xs-mobile-fullwidth\"><div class=\"vc-column-innner-wrapper\"><h2>Acheter des licences de logiciel d'occasion<\/h2>\n<h4>Acheter l\u00e9galement des licences de Microsoft et recevoir les documents de licence transparents<\/h4>\n<p><span class=\"\">Chez Software ReUse vous recevez depuis 2011 des licences d'occasion de Microsoft et Adobe, transf\u00e9r\u00e9es \u00e0 votre entreprise en toute <a href=\"\/?page_id=90\">conformit\u00e9 au droit de l'UE<\/a><\/span><span class=\"\">. \u00c0 cet effet vous pouvez \u00e9conomisez jusqu'\u00e0 -75 % sur le prix nouveau \u2013 et tout en qualit\u00e9 aussi bonne qu'un nouvel produit !<\/span>\u00a0Trouvez dans notre gamme par exemple <a href=\"\/?p=303\">Microsoft Office 2016<\/a>, <a href=\"\/?p=2003\">Microsoft Office 2019 Professional Plus<\/a> ou\u00a0<a href=\"\/?p=279\">Windows 10 Professional<\/a>. En plus, nous vous offrons des licences server comme <a href=\"\/?p=817\">Windows Server 2012<\/a>, <a href=\"\/?p=328\">SQL Server 2016<\/a> et <a href=\"\/?p=309\">Adobe Creative Suites CS6<\/a>. Vous recevez aussi VMWare comme par exemple des <a href=\"\/?p=333\">licences VSphere Enterprise<\/a> chez nous. En quelques pas seulement, vous pouvez pr\u00e9parer votre entreprise pour des audits et d\u00e9ployer le logiciel !<\/p>\n<a  href=\"https:\/\/www.software-reuse.eu\/software-kaufen\/\" target=\"_self\"  class=\"inner-link button btn btn-small-black-border-light btn-round btn-medium\">Acheter un logiciel<\/a><\/div><\/div><\/div><\/div><\/section><section><div class=\"container\"><div class=\"row\"><div class=\"wpb_column hcode-column-container vc_col-sm-12 col-xs-mobile-fullwidth\" data-front-class=\"col-xs-mobile-fullwidth\"><div class=\"vc-column-innner-wrapper\"><h2 id=\"tw-target-text\" class=\"tw-data-text tw-text-large XcVN5d tw-ta\" dir=\"ltr\" data-placeholder=\"\u00dcbersetzung\"><span lang=\"fr\">Le principe du Software ReUse<\/span><\/h2>\n[vc_single_image image=\"8805\" img_size=\"full\"]<\/div><\/div><\/div><\/div><\/section><section><div class=\"container\"><div class=\"row\"><div class=\"wpb_column hcode-column-container vc_col-sm-6 col-xs-mobile-fullwidth\" data-front-class=\"col-xs-mobile-fullwidth\"><div class=\"vc-column-innner-wrapper\"><h2>Vendre des licences de logiciel d'occasion<\/h2>\n<h4>Nous achetons vos licences anciennes de Microsoft, Adobe etc.<\/h4>\n<p>Poss\u00e9dez-vous des logiciels que vous n'utilisez plus ? Nous achetons vos licences ! \u00c9crivez-nous pour gagner de l'argent de vos licences de Microsoft Office 2013, Office 2016, Windows 10, SQL et Windows Server ! Nous vous offrons aussi un bon prix pour Adobe Creative Suites (CS5-CS6) comme des logiciels Autodesk. Si vous poss\u00e9dez des logiciels des autres fabricants non mentionn\u00e9s ici, <a href=\"\/?page_id=30\">\u00e9crivez-nous<\/a>. Nous attendons votre message !<\/p>\n<a  href=\"https:\/\/www.software-reuse.eu\/fr\/vendez-vos-logiciels-utilises\/\" target=\"_self\"  class=\"inner-link button btn btn-small-black-border-light btn-round btn-medium\">Vendre un logiciel<\/a><\/div><\/div><div class=\"wpb_column hcode-column-container vc_col-sm-6 col-xs-mobile-fullwidth\" data-front-class=\"col-xs-mobile-fullwidth\"><div class=\"vc-column-innner-wrapper\">[vc_single_image image=\"2861\" img_size=\"large\" style=\"vc_box_border\"]<\/div><\/div><\/div><\/div><\/section><section><div class=\"container\"><div class=\"row\"><div class=\"wpb_column hcode-column-container vc_col-sm-12 col-xs-mobile-fullwidth\" data-front-class=\"col-xs-mobile-fullwidth\"><div class=\"vc-column-innner-wrapper\"><div class=\"padding-three-bottom sm-padding-three-bottom xs-padding-three-tb\"><h2 style=\"text-align: center;\">Couverture m\u00e9diatique de Software ReUse<\/h2>\n<\/div><img loading=\"lazy\" decoding=\"async\" width=\"1140\" height=\"72\" src=\"https:\/\/www.software-reuse.eu\/wp-content\/uploads\/2017\/12\/presse.png\" class=\" xs-img-full\" alt=\"Presse\" srcset=\"https:\/\/www.software-reuse.eu\/wp-content\/uploads\/2017\/12\/presse.png 1140w, https:\/\/www.software-reuse.eu\/wp-content\/uploads\/2017\/12\/presse-600x38.png 600w, https:\/\/www.software-reuse.eu\/wp-content\/uploads\/2017\/12\/presse-300x19.png 300w, https:\/\/www.software-reuse.eu\/wp-content\/uploads\/2017\/12\/presse-768x49.png 768w, https:\/\/www.software-reuse.eu\/wp-content\/uploads\/2017\/12\/presse-1024x65.png 1024w, https:\/\/www.software-reuse.eu\/wp-content\/uploads\/2017\/12\/presse-81x5.png 81w\" sizes=\"auto, (max-width: 1140px) 100vw, 1140px\" title=\"\"><\/div><\/div><\/div><\/div><\/section><section><div class=\"container\"><div class=\"row\"><div class=\"wpb_column hcode-column-container vc_col-sm-12 col-xs-mobile-fullwidth\" data-front-class=\"col-xs-mobile-fullwidth\"><div class=\"vc-column-innner-wrapper\"><h2 style=\"text-align: center;\">Int\u00e9ress\u00e9 par l'achat ou la vente des logiciels pour votre entreprise ?<br \/>\n\u00c9crivez-nous sans obligation.<\/h2>\n<\/div><\/div><\/div><\/div><\/section><section><div class=\"container\"><div class=\"row\"><div class=\"wpb_column hcode-column-container vc_col-sm-6 col-xs-mobile-fullwidth\" data-front-class=\"col-xs-mobile-fullwidth\"><div class=\"vc-column-innner-wrapper\">[vc_single_image image=\"7623\" img_size=\"full\"]<\/div><\/div><div class=\"wpb_column hcode-column-container vc_col-sm-6 col-xs-mobile-fullwidth\" data-front-class=\"col-xs-mobile-fullwidth\"><div class=\"vc-column-innner-wrapper\">\n<div class=\"wpcf7 no-js\" id=\"wpcf7-f54410-o1\" lang=\"fr-FR\" dir=\"ltr\" data-wpcf7-id=\"54410\">\n<div class=\"screen-reader-response\"><p role=\"status\" aria-live=\"polite\" aria-atomic=\"true\"><\/p> <ul><\/ul><\/div>\n<form action=\"\/fr\/wp-json\/wp\/v2\/pages\/1501#wpcf7-f54410-o1\" method=\"post\" class=\"wpcf7-form init\" aria-label=\"Formulaire de contact\" novalidate=\"novalidate\" data-status=\"init\">\n<fieldset class=\"hidden-fields-container\"><input type=\"hidden\" name=\"_wpcf7\" value=\"54410\" \/><input type=\"hidden\" name=\"_wpcf7_version\" value=\"6.1.1\" \/><input type=\"hidden\" name=\"_wpcf7_locale\" value=\"fr_FR\" \/><input type=\"hidden\" name=\"_wpcf7_unit_tag\" value=\"wpcf7-f54410-o1\" \/><input type=\"hidden\" name=\"_wpcf7_container_post\" value=\"0\" \/><input type=\"hidden\" name=\"_wpcf7_posted_data_hash\" value=\"\" \/>\n<\/fieldset>\n<div>\n\t<p><label> Civilit\u00e9*<br \/>\n<span class=\"wpcf7-form-control-wrap\" data-name=\"discours\"><select class=\"wpcf7-form-control wpcf7-select wpcf7-validates-as-required\" aria-required=\"true\" aria-invalid=\"false\" name=\"discours\"><option value=\"M.\">M.<\/option><option value=\"Mme\">Mme<\/option><option value=\"Soci\u00e9t\u00e9\">Soci\u00e9t\u00e9<\/option><\/select><\/span><\/label>\n\t<\/p>\n\t<p><label> Votre nom*<br \/>\n<span class=\"wpcf7-form-control-wrap\" data-name=\"your-name\"><input size=\"40\" maxlength=\"400\" class=\"wpcf7-form-control wpcf7-text wpcf7-validates-as-required\" aria-required=\"true\" aria-invalid=\"false\" value=\"\" type=\"text\" name=\"your-name\" \/><\/span> <\/label>\n\t<\/p>\n<\/div>\n<p><label> Le nom de votre entreprise<br \/>\n<span class=\"wpcf7-form-control-wrap\" data-name=\"your-company\"><input size=\"40\" maxlength=\"400\" class=\"wpcf7-form-control wpcf7-text\" aria-invalid=\"false\" value=\"\" type=\"text\" name=\"your-company\" \/><\/span> <\/label>\n<\/p>\n<div>\n\t<p><label> Votre adresse \u00e9lectronique*<br \/>\n<span class=\"wpcf7-form-control-wrap\" data-name=\"your-email\"><input size=\"40\" maxlength=\"400\" class=\"wpcf7-form-control wpcf7-email wpcf7-validates-as-required wpcf7-text wpcf7-validates-as-email\" aria-required=\"true\" aria-invalid=\"false\" value=\"\" type=\"email\" name=\"your-email\" \/><\/span> <\/label>\n\t<\/p>\n\t<p><label>T\u00e9l\u00e9phone*<br \/>\n<span class=\"wpcf7-form-control-wrap\" data-name=\"telefon\"><input size=\"40\" maxlength=\"400\" class=\"wpcf7-form-control wpcf7-tel wpcf7-validates-as-required wpcf7-text wpcf7-validates-as-tel\" aria-required=\"true\" aria-invalid=\"false\" value=\"\" type=\"tel\" name=\"telefon\" \/><\/span><\/label>\n\t<\/p>\n<\/div>\n<div>\n\t<p><label> Budget<br \/>\n<span class=\"wpcf7-form-control-wrap\" data-name=\"budget\"><select class=\"wpcf7-form-control wpcf7-select\" aria-invalid=\"false\" name=\"budget\"><option value=\"Pas de r\u00e9ponse\">Pas de r\u00e9ponse<\/option><option value=\"0-1.000 \u20ac\">0-1.000 \u20ac<\/option><option value=\"1.000-5.000 \u20ac\">1.000-5.000 \u20ac<\/option><option value=\"5.000-10.000 \u20ac\">5.000-10.000 \u20ac<\/option><option value=\"plus de 10.000 \u20ac\">plus de 10.000 \u20ac<\/option><\/select><\/span><\/label>\n\t<\/p>\n\t<p><label> Quantit\u00e9<br \/>\n<span class=\"wpcf7-form-control-wrap\" data-name=\"budget\"><select class=\"wpcf7-form-control wpcf7-select\" aria-invalid=\"false\" name=\"budget\"><option value=\"1-10\">1-10<\/option><option value=\"11-50\">11-50<\/option><option value=\"101-1000\">101-1000<\/option><option value=\"1000+\">1000+<\/option><\/select><\/span><\/label>\n\t<\/p>\n<\/div>\n<p><label> Client final\/revendeur<\/label><br \/>\n<span class=\"wpcf7-form-control-wrap\" data-name=\"kunde\"><span class=\"wpcf7-form-control wpcf7-radio\"><span class=\"wpcf7-list-item first\"><label><input type=\"radio\" name=\"kunde\" value=\"Pas de r\u00e9ponse\" checked=\"checked\" \/><span class=\"wpcf7-list-item-label\">Pas de r\u00e9ponse<\/span><\/label><\/span><span class=\"wpcf7-list-item\"><label><input type=\"radio\" name=\"kunde\" value=\"Client final\" \/><span class=\"wpcf7-list-item-label\">Client final<\/span><\/label><\/span><span class=\"wpcf7-list-item last\"><label><input type=\"radio\" name=\"kunde\" value=\"Revendeur\" \/><span class=\"wpcf7-list-item-label\">Revendeur<\/span><\/label><\/span><\/span><\/span><br \/>\n<span id=\"wpcf7-69d135f6902bd-wrapper\" class=\"wpcf7-form-control-wrap honeypot-100-wrap\" style=\"display:none !important; visibility:hidden !important;\"><label for=\"wpcf7-69d135f6902bd-field\" class=\"hp-message\">Veuillez laisser ce champ vide.<\/label><input id=\"wpcf7-69d135f6902bd-field\"  class=\"wpcf7-form-control wpcf7-text\" type=\"text\" name=\"honeypot-100\" value=\"\" size=\"40\" tabindex=\"-1\" autocomplete=\"new-password\" \/><\/span><br \/>\n<label> Produits<br \/>\n<span class=\"wpcf7-form-control-wrap\" data-name=\"produkte\"><select class=\"wpcf7-form-control wpcf7-select\" aria-invalid=\"false\" name=\"produkte\"><option value=\"Aucune indication\">Aucune indication<\/option><option value=\"Microsoft Office\">Microsoft Office<\/option><option value=\"Microsoft Windows\">Microsoft Windows<\/option><option value=\"Microsoft SQL Server und CALs\">Microsoft SQL Server und CALs<\/option><option value=\"Microsoft Windows Server und CALs\">Microsoft Windows Server und CALs<\/option><option value=\"Microsoft Exchange Server und CALs\">Microsoft Exchange Server und CALs<\/option><option value=\"Microsoft (autres licences)\">Microsoft (autres licences)<\/option><option value=\"Adobe Acrobat\">Adobe Acrobat<\/option><option value=\"Adobe CS6 Programme\">Adobe CS6 Programme<\/option><option value=\"Autodesk-Produkte\">Autodesk-Produkte<\/option><option value=\"VMware\">VMware<\/option><\/select><\/span><\/label>\n<\/p>\n<p><label> Sujet*<br \/>\n<span class=\"wpcf7-form-control-wrap\" data-name=\"subject\"><select class=\"wpcf7-form-control wpcf7-select wpcf7-validates-as-required\" aria-required=\"true\" aria-invalid=\"false\" name=\"subject\"><option value=\"Conseil de licence sans engagement\">Conseil de licence sans engagement<\/option><option value=\"Question concernant l&#039;achat\/la vente\">Question concernant l&#039;achat\/la vente<\/option><option value=\"Souhaits\/suggestions\">Souhaits\/suggestions<\/option><option value=\"Inscription en tant que partenaire (revendeur)\">Inscription en tant que partenaire (revendeur)<\/option><option value=\"Questions concernant la facture\">Questions concernant la facture<\/option><option value=\"Offre personnalis\u00e9e\">Offre personnalis\u00e9e<\/option><option value=\"Autres questions\">Autres questions<\/option><\/select><\/span> <\/label>\n<\/p>\n<p><label> Votre demande<br \/>\n<span class=\"wpcf7-form-control-wrap\" data-name=\"message\"><textarea cols=\"40\" rows=\"10\" maxlength=\"2000\" class=\"wpcf7-form-control wpcf7-textarea\" aria-invalid=\"false\" name=\"message\"><\/textarea><\/span> <\/label>\n<\/p>\n<p><label>Comment avez-vous entendu parler de nous ?<br \/>\n<span class=\"wpcf7-form-control-wrap\" data-name=\"wie-erfahren\"><input size=\"40\" maxlength=\"400\" class=\"wpcf7-form-control wpcf7-text\" aria-invalid=\"false\" value=\"\" type=\"text\" name=\"wie-erfahren\" \/><\/span><\/label>\n<\/p>\n<p><!-- Mailchimp for WordPress v4.10.7 - https:\/\/www.mc4wp.com\/ --><input type=\"hidden\" name=\"_mc4wp_subscribe_contact-form-7\" value=\"0\" \/><span class=\"mc4wp-checkbox mc4wp-checkbox-contact-form-7 \"><label><input type=\"checkbox\" name=\"_mc4wp_subscribe_contact-form-7\" value=\"1\" ><span>Ich m\u00f6chte den Software ReUse-Newsletter bekommen, um laufend \u00fcber Sonderangebote informiert zu werden. Dies kann jederzeit widerrufen werden. <\/span><\/label><\/span><!-- \/ Mailchimp for WordPress -->\n<\/p>\n<div class=\"f-dsgvo\">\n\t<p><span class=\"wpcf7-form-control-wrap\" data-name=\"acceptance-534\"><span class=\"wpcf7-form-control wpcf7-acceptance\"><span class=\"wpcf7-list-item\"><label><input type=\"checkbox\" name=\"acceptance-534\" value=\"1\" aria-invalid=\"false\" \/><span class=\"wpcf7-list-item-label\">* J'ai pris connaissance de la <a href=\"https:\/\/www.software-reuse.eu\/datenschutz\/\" target=\"_blank\">politique de confidentialit\u00e9<\/a>. Je consens \u00e0 ce que mes donn\u00e9es, nom, pr\u00e9nom, adresse e-mail ainsi que mon message, soient trait\u00e9es exclusivement dans le but de traiter et d'ex\u00e9cuter ma demande. Ces donn\u00e9es sont trait\u00e9es par nos soins sur la base de votre consentement, conform\u00e9ment \u00e0 l'article 6, paragraphe 1, de la loi sur la protection des donn\u00e9es.   1 a) du RGPD.<\/span><\/label><\/span><\/span><\/span>\n\t<\/p>\n<\/div>\n<div class=\"h-captcha\" data-sitekey=\"cd7c840c-b42c-4ae4-80a2-9bca6866534a\" data-size=\"normal\" data-theme=\"light\" data-lang=\"fr\"><\/div><span class=\"wpcf7-form-control-wrap cf7apps-hcaptcha\" data-name=\"cf7apps-hcaptcha\"><input type=\"hidden\" name=\"cf7apps-hcaptcha\" value=\"\" class=\"wpcf7-form-control\"><\/span>\n<\/p>\n<p><input class=\"wpcf7-form-control wpcf7-submit has-spinner btn\" type=\"submit\" value=\"Envoyer\" \/>\n<\/p>\n<input class=\"wpcf7-form-control wpcf7-hidden\" value=\"\" type=\"hidden\" name=\"gclid\" \/><div class=\"wpcf7-response-output\" aria-hidden=\"true\"><\/div>\n<\/form>\n<\/div>\n\n<\/div><\/div><\/div><\/div><\/section>","protected":false},"excerpt":{"rendered":"<p>[rev_slider_vc alias=&#8221;new-ci-slider-11&#8243;][vc_raw_html css=&#8221;.vc_custom_1608026560598{padding-top: 10px !important;padding-bottom: 20px !important;}&#8221; el_class=&#8221;client-logo-slider&#8221;]JTVCbG9nb3Nob3djYXNlJTIwY2F0X2lkJTNEJTIyMjUlMjIlMjBhdXRvcGxheSUzRCUyMmZhbHNlJTIyJTIwZG90cyUzRCUyMmZhbHNlJTIyJTVE[\/vc_raw_html][vc_video link=&#8221;https:\/\/www.youtube.com\/watch?v=fRJ60cfF6FM&#8221; align=&#8221;center&#8221;]Licences de logiciel d&#8217;occasion : \u00c9conomisez l&#8217;argent de votre entreprise ! Acheter des logiciels originaux moins cher : en toute s\u00e9curit\u00e9, l\u00e9gaux, \u00e9conomiques. Aucun entrepreneur n&#8217;aime gaspiller de l&#8217;argent. Pour quoi le faire diff\u00e9remment avec les logiciels ? Chez Software ReUse vous \u00e9pargnez de l&#8217;argent sans [&hellip;]<\/p>\n","protected":false},"author":1,"featured_media":15446,"parent":0,"menu_order":0,"comment_status":"closed","ping_status":"closed","template":"","meta":{"inline_featured_image":false,"footnotes":""},"class_list":["post-1501","page","type-page","status-publish","has-post-thumbnail","hentry"],"_links":{"self":[{"href":"https:\/\/www.software-reuse.eu\/fr\/wp-json\/wp\/v2\/pages\/1501","targetHints":{"allow":["GET"]}}],"collection":[{"href":"https:\/\/www.software-reuse.eu\/fr\/wp-json\/wp\/v2\/pages"}],"about":[{"href":"https:\/\/www.software-reuse.eu\/fr\/wp-json\/wp\/v2\/types\/page"}],"author":[{"embeddable":true,"href":"https:\/\/www.software-reuse.eu\/fr\/wp-json\/wp\/v2\/users\/1"}],"replies":[{"embeddable":true,"href":"https:\/\/www.software-reuse.eu\/fr\/wp-json\/wp\/v2\/comments?post=1501"}],"version-history":[{"count":0,"href":"https:\/\/www.software-reuse.eu\/fr\/wp-json\/wp\/v2\/pages\/1501\/revisions"}],"wp:featuredmedia":[{"embeddable":true,"href":"https:\/\/www.software-reuse.eu\/fr\/wp-json\/wp\/v2\/media\/15446"}],"wp:attachment":[{"href":"https:\/\/www.software-reuse.eu\/fr\/wp-json\/wp\/v2\/media?parent=1501"}],"curies":[{"name":"wp","href":"https:\/\/api.w.org\/{rel}","templated":true}]}}