{"id":1661,"date":"2019-10-02T17:28:57","date_gmt":"2019-10-02T15:28:57","guid":{"rendered":"https:\/\/swr1.wpenginepowered.com\/?page_id=1661"},"modified":"2020-06-26T11:06:57","modified_gmt":"2020-06-26T09:06:57","slug":"declaration-de-confidentialite","status":"publish","type":"page","link":"https:\/\/www.software-reuse.eu\/fr\/declaration-de-confidentialite\/","title":{"rendered":"D\u00e9claration de Confidentialit\u00e9"},"content":{"rendered":"<section><div class=\"container\"><div class=\"row\"><div class=\"wpb_column hcode-column-container vc_col-sm-12 col-xs-mobile-fullwidth\" data-front-class=\"col-xs-mobile-fullwidth\"><div class=\"vc-column-innner-wrapper\"><p>Nous vous remercions de votre int\u00e9r\u00eat pour notre site. La protection de votre vie priv\u00e9e est au centre de nos pr\u00e9occupations. Vous trouverez ci-dessous des informations d\u00e9taill\u00e9es sur le traitement de vos donn\u00e9es.<\/p>\n<h2>Stockage des donn\u00e9es d\u2019acc\u00e8s dans les fichiers journaux du serveur<\/h2>\n<p>Vous pouvez visiter nos sites web sans divulguer de renseignements personnels. Nous stockons uniquement des donn\u00e9es d\u2019acc\u00e8s dans ce qu\u2019on qualifie de fichiers journaux du serveur, tels que le nom des fichiers demand\u00e9s, la date et l\u2019heure de la demande, le volume de donn\u00e9es transmis et le fournisseur qui formule la demande. Ces donn\u00e9es sont utilis\u00e9es uniquement pour assurer un bon fonctionnement du site et pour am\u00e9liorer notre offre. Elles ne permettent aucune conclusion sur votre personne.<\/p>\n<h2>Collecte et utilisation des donn\u00e9es pour l\u2019ex\u00e9cution du contrat et lors de l\u2019ouverture d\u2019un compte client<\/h2>\n<p>Nous recueillons des donn\u00e9es personnelles si vous acceptez volontairement de les mettre \u00e0 notre disposition dans le cadre de votre commande, lors d\u2019une prise de contact avec nos (par exemple via le formulaire de contact ou par courriel) ou lors de l\u2019ouverture d\u2019un compte client. Les formulaires de saisie respectifs pr\u00e9cisent quelles donn\u00e9es sont recueillies. Nous utilisons les donn\u00e9es que vous nous fournissez pour ex\u00e9cuter le contrat et pour traiter vos demandes. Apr\u00e8s l\u2019ach\u00e8vement du contrat ou la suppression de votre compte client, vos donn\u00e9es seront bloqu\u00e9es pour emp\u00eacher une utilisation ult\u00e9rieure et supprim\u00e9es apr\u00e8s l\u2019expiration du d\u00e9lai de conservation fiscal et commercial, sauf si vous avez express\u00e9ment consenti \u00e0 l\u2019utilisation ult\u00e9rieure de vos donn\u00e9es ou nous nous r\u00e9servons une utilisation ult\u00e9rieure des donn\u00e9es, laquelle est l\u00e9galement autoris\u00e9e et dont nous vous informons ci-dessous. La suppression de votre compte client est possible \u00e0 tout moment et peut se faire soit en envoyant un message \u00e0 un contact d\u00e9crit ci-dessous, ou au moyen d\u2019une fonctionnalit\u00e9 pr\u00e9vue \u00e0 cet effet dans le compte client.<\/p>\n<h2>Transfert des donn\u00e9es pour l\u2019ex\u00e9cution du contrat<\/h2>\n<p>Pour l\u2019ex\u00e9cution du contrat, nous partageons vos donn\u00e9es avec l\u2019entreprise charg\u00e9e de l\u2019exp\u00e9dition, dans la mesure o\u00f9 cela est n\u00e9cessaire pour la livraison des marchandises command\u00e9es. En fonction du prestataire de paiement que vous s\u00e9lectionnez au cours du processus de commande, nous communiquons vos donn\u00e9es de paiement \u00e0 l\u2019\u00e9tablissement de cr\u00e9dit charg\u00e9 du paiement et, le cas \u00e9ch\u00e9ant, \u00e0 notre prestataire de paiement ou au service de paiement choisi afin d\u2019ex\u00e9cuter les paiements. Les prestataires de paiement s\u00e9lectionn\u00e9s recueillent aussi partiellement ces donn\u00e9es eux-m\u00eames si vous cr\u00e9ez un compte l\u00e0-bas. Dans ce cas, vous devez vous inscrire aupr\u00e8s du fournisseur de paiement lors de la commande avec vos informations de connexion. Pour cela, la d\u00e9claration de confidentialit\u00e9 de chaque prestataire de paiement est applicable.<\/p>\n<h2>Utilisation des donn\u00e9es lors de l\u2019inscription \u00e0 la newsletter \u00e9lectronique<\/h2>\n<p>Lorsque vous vous inscrivez \u00e0 notre newsletter, nous utilisons vos donn\u00e9es n\u00e9cessaires ou celles que vous nous avez envoy\u00e9es s\u00e9par\u00e9ment afin de vous envoyer r\u00e9guli\u00e8rement notre newsletter \u00e9lectronique conform\u00e9ment \u00e0 votre consentement. Vous pouvez \u00e0 tout moment vous d\u00e9sabonner \u00e0 la newsletter. Pour ce faire, il vous suffit soit d\u2019envoyer un message \u00e0 l\u2019option de contact d\u00e9crite ci-dessous ou de suivre un lien pr\u00e9vu \u00e0 cet effet dans la newsletter.<\/p>\n<h2>Utilisation des donn\u00e9es pour des courriers \u00e9lectroniques commerciaux sans inscription \u00e0 la newsletter \u00e9lectronique et votre droit de r\u00e9tractation<\/h2>\n<p>Si nous recevons votre adresse e-mail en relation avec une vente d'un produit ou un service et vous n'avez pas contredit, nous nous r\u00e9servons de vous envoyer r\u00e9guli\u00e8rement par e-mail des offres des produits de notre gamme de produits, pareils auxquels d\u00e9j\u00e0 achet\u00e9s par vous. Vous pouvez contredire \u00e0 tout moment \u00e0 l'utilisation de votre adresse e-mail en envoyant un message \u00e0 l\u2019option de contact d\u00e9crite ci-dessous ou en suivant un lien pr\u00e9vu \u00e0 cet effet dans le courrier \u00e9lectronique commercial, sans avoir plus de co\u00fbts que les co\u00fbts de transmission selon le tarif de base.<\/p>\n<h2>Utilisation des donn\u00e9es pour des courriers postaux et votre droit de r\u00e9tractation<\/h2>\n<p>En plus, nous nous r\u00e9servons de sauvegarder votre nom et pr\u00e9nom, votre adresse postale et - tant que nous avons re\u00e7u ces indications additionnelles par vous dans le cadre de la relation pr\u00e9sente contractuelle - votre titre, dipl\u00f4me acad\u00e9mique, ann\u00e9e de naissance et votre profession, secteur ou nom commercial dans des listes r\u00e9sum\u00e9es et de les utiliser pour par exemple, des fins de publicit\u00e9 propre comme par exemple l'envoi postal des offres int\u00e9ressantes et des informations concernant nos produits. Ce consentement du stockage et de l'utilisation de vos donn\u00e9es \u00e0 ces fins peut \u00eatre r\u00e9voqu\u00e9 \u00e0 tout moment en adressant un message \u00e0 l\u2019option de contact d\u00e9crite ci-dessous.<\/p>\n<h2>Utilisation de cookies<\/h2>\n<p>Nous utilisons des cookies dans notre site web. Vous trouvez plus d\u2019information sur les types de cookies et les raisons de l\u2019utilisation dans notre D\u00e9claration des cookies. Notre <a href=\"https:\/\/www.software-reuse.eu\/cookie-erklaerung\">D\u00e9claration des cookies<\/a> doit \u00eatre compris en relation avec notre D\u00e9claration de confidentialit\u00e9.<\/p>\n<h2>Utilisation de Google (Universal) Analytics pour l\u2019analyse de sites web<\/h2>\n<p>Ce site utilise Google (Universal) Analytics, un service d\u2019analyse de site internet fourni par Google Inc. (www.google.de). Google (Universal) Analytics utilise des m\u00e9thodes qui permettent une analyse de votre utilisation du site, tels que les \u00ab cookies \u00bb, les fichiers texte stock\u00e9s sur votre ordinateur. Les informations g\u00e9n\u00e9r\u00e9es sur votre utilisation de ce site web sont g\u00e9n\u00e9ralement transmises \u00e0 un serveur de Google aux \u00c9tats-Unis o\u00f9 elles sont sauvegard\u00e9es. En cas d\u2019activation de l\u2019anonymisation de l\u2019adresse IP sur ce site, l\u2019adresse IP sera tronqu\u00e9e avant son transfert dans les \u00c9tats membres de l\u2019Union europ\u00e9enne ou des autres pays signataires de l\u2019accord sur l\u2019Espace \u00e9conomique europ\u00e9en. Ce n\u2019est qu\u2019\u00e0 titre exceptionnel que l\u2019adresse IP compl\u00e8te sera transmise \u00e0 un serveur de Google situ\u00e9 aux \u00c9tats-Unis, o\u00f9 elle sera tronqu\u00e9e. L\u2019adresse IP anonymis\u00e9e transmise par votre navigateur dans le cadre de Google Analytics ne sera pas fusionn\u00e9e avec d\u2019autres donn\u00e9es de Google.<\/p>\n<p>Vous pouvez emp\u00eacher la collecte de donn\u00e9es g\u00e9n\u00e9r\u00e9es par les cookies relatives \u00e0 votre utilisation du site web (y compris votre adresse IP) sur Google, ainsi que le traitement de ces donn\u00e9es par Google, en t\u00e9l\u00e9chargeant les plugins du navigateur disponibles sous le lien suivant et en les installant : <a href=\"http:\/\/tools.google.com\/dlpage\/gaoptout?hl=de\" target=\"_blank\" rel=\"noopener\">http:\/\/tools.google.com\/dlpage\/gaoptout?hl=fr<\/a><br \/>\nEn guise d\u2019alternative au plugin du navigateur, vous pouvez cliquer sur ce lien pour emp\u00eacher la saisie ult\u00e9rieure par Google Analytics sur ce site. Un cookie opt-out est stock\u00e9 sur votre appareil. Pour effacer vos cookies, vous devez cliquer de nouveau sur ce lien.<\/p>\n<h2>Google Maps<\/h2>\n<p>Pour visualiser d'information g\u00e9ographique, nous utilisons Google Maps API\u00a0dans notre site web. En utilisant Google Maps, Google recueille, traite et utilise des donn\u00e9es sur l'utilisation des fonctions maps par les visiteurs du site web. Trouvez plus d'information sur le traitement des donn\u00e9es par Google dans les conditions de la protection des donn\u00e9es par Google : http:\/\/ www.google.com\/privacypolicy.html. C'est l\u00e0 que vous pouvez aussi changer les param\u00e8tres pour prot\u00e9ger et g\u00e9rer vos donn\u00e9es. Trouvez encore plus d'indications pour g\u00e9rer vos donn\u00e9es en relation avec les produits Google dans la page de Google http:\/\/www.dataliberation.org\/<\/p>\n<h2>Rappel d\u2019\u00e9valuation par Trusted Shops<\/h2>\n<p>Si vous nous avez donn\u00e9 votre consentement explicite \u00e0 cet \u00e9gard pendant ou apr\u00e8s votre commande, en activant une case \u00e0 cocher ou en cliquant sur un bouton pr\u00e9vu \u00e0 cet effet, nous utiliserons votre adresse de courrier \u00e9lectronique pour le rappel de soumission d\u2019une \u00e9valuation de votre commande en la transmettant \u00e0 Trusted Shops GmbH, Subbelrather Str. 15c, 50823 Cologne (www.trustedshops.de), afin de vous rappeler par courriel de la possibilit\u00e9 de soumettre un avis. Ce consentement peut \u00e0 tout moment \u00eatre r\u00e9voqu\u00e9 en adressant un message \u00e0 l\u2019option de contact d\u00e9crite ci-dessous ou directement aupr\u00e8s de Trusted Shops.<\/p>\n<h2>Droit d\u2019information et option de contact<\/h2>\n<p>Vous disposez d\u2019un droit \u00e0 \u00eatre inform\u00e9 gratuitement sur vos donn\u00e9es personnelles stock\u00e9es par nous, ainsi qu\u2019un droit \u00e0 la rectification, au blocage ou \u00e0 la suppression de ces donn\u00e9es. Pour toute question concernant la collecte, le traitement ou l\u2019utilisation de vos renseignements personnels, la divulgation, la correction, le blocage ou la suppression des donn\u00e9es ainsi que la r\u00e9vocation des consentements accord\u00e9s ou l\u2019opposition \u00e0 une utilisation particuli\u00e8re de donn\u00e9es, veuillez nous contacter directement en utilisant les <a href=\"\/?page_id=1861\">coordonn\u00e9es<\/a> de nos mentions l\u00e9gales.<\/p>\n<\/div><\/div><\/div><\/div><\/section>","protected":false},"excerpt":{"rendered":"<p>Nous vous remercions de votre int\u00e9r\u00eat pour notre site. La protection de votre vie priv\u00e9e est au centre de nos pr\u00e9occupations. Vous trouverez ci-dessous des informations d\u00e9taill\u00e9es sur le traitement de vos donn\u00e9es. Stockage des donn\u00e9es d\u2019acc\u00e8s dans les fichiers journaux du serveur Vous pouvez visiter nos sites web sans divulguer de renseignements personnels. Nous [&hellip;]<\/p>\n","protected":false},"author":3,"featured_media":0,"parent":0,"menu_order":0,"comment_status":"closed","ping_status":"closed","template":"","meta":{"inline_featured_image":false,"footnotes":""},"class_list":["post-1661","page","type-page","status-publish","hentry"],"_links":{"self":[{"href":"https:\/\/www.software-reuse.eu\/fr\/wp-json\/wp\/v2\/pages\/1661","targetHints":{"allow":["GET"]}}],"collection":[{"href":"https:\/\/www.software-reuse.eu\/fr\/wp-json\/wp\/v2\/pages"}],"about":[{"href":"https:\/\/www.software-reuse.eu\/fr\/wp-json\/wp\/v2\/types\/page"}],"author":[{"embeddable":true,"href":"https:\/\/www.software-reuse.eu\/fr\/wp-json\/wp\/v2\/users\/3"}],"replies":[{"embeddable":true,"href":"https:\/\/www.software-reuse.eu\/fr\/wp-json\/wp\/v2\/comments?post=1661"}],"version-history":[{"count":0,"href":"https:\/\/www.software-reuse.eu\/fr\/wp-json\/wp\/v2\/pages\/1661\/revisions"}],"wp:attachment":[{"href":"https:\/\/www.software-reuse.eu\/fr\/wp-json\/wp\/v2\/media?parent=1661"}],"curies":[{"name":"wp","href":"https:\/\/api.w.org\/{rel}","templated":true}]}}