{"id":1664,"date":"2019-10-28T16:02:49","date_gmt":"2019-10-28T15:02:49","guid":{"rendered":"https:\/\/swr1.wpenginepowered.com\/?page_id=1664"},"modified":"2026-01-30T11:12:25","modified_gmt":"2026-01-30T10:12:25","slug":"base-juridique","status":"publish","type":"page","link":"https:\/\/www.software-reuse.eu\/fr\/faits\/base-juridique\/","title":{"rendered":"Base juridique"},"content":{"rendered":"<section><div class=\"container\"><div class=\"row\"><div class=\"wpb_column hcode-column-container vc_col-sm-2 col-xs-mobile-fullwidth\" data-front-class=\"col-xs-mobile-fullwidth\"><div class=\"vc-column-innner-wrapper\"><\/div><\/div><div class=\"wpb_column hcode-column-container vc_col-sm-8 col-xs-mobile-fullwidth\" data-front-class=\"col-xs-mobile-fullwidth\"><div class=\"vc-column-innner-wrapper\">[vc_single_image source=\"featured_image\" img_size=\"full\" css=\"\"][vc_empty_space height=\"24px\"]<p>Dans cette page vous pouvez conna\u00eetrez la situation juridique concernant l'achat ou la vente de logiciels d'occasion. Si vous voulez obtenir d\u2019information ou vous avez encore des questions \u00e0 poser, n\u2019h\u00e9sitez pas \u00e0 nous contacter personellement ou par e-mail. Nous vous conseillons avec plaisir !<\/p>\n<p>L'achat et la vente de logiciels d'occasion sont l\u00e9gaux !!<\/p>\n<p>La Cour de justice de l\u2019Union europ\u00e9enne a consid\u00e9r\u00e9 le suivant le 3 juillet 2012 (Arr\u00eat dans l'affaire <a href=\"https:\/\/www.software-reuse.eu\/wp-content\/uploads\/2026\/01\/EU-Court-ruling-Francais.pdf\" target=\"_blank\" rel=\"noopener noreferrer\">EUGH C-128\/11<\/a>):<\/p>\n<blockquote><p>\u00ab Un cr\u00e9ateur de logiciels ne peut s\u2019opposer \u00e0 la revente de ses licences \u00ab d\u2019occasion \u00bb permettant l\u2019utilisation de ses programmes t\u00e9l\u00e9charg\u00e9s via Internet (\u2026) m\u00eame si le contrat de licence interdit une cession ult\u00e9rieure, le titulaire du droit ne peut plus s\u2019opposer \u00e0 la revente de cette copie. \u00bb<\/p><\/blockquote>\n<p>Le march\u00e9 pour les logiciels d'occasion et t\u00e9l\u00e9charg\u00e9s via Internet, comme par exemple les licences en volume de Microsoft ou Adobe, est lib\u00e9ralis\u00e9 avec cet arr\u00eat.<\/p>\n<p>Avant c'\u00e9tait uniquement possible pour les dits produits de bo\u00eete. Il s'agit de logiciels physiques, comme les disques, parce qu'il s'applique le \u00ab principe d\u2019\u00e9puisement \u00bb pour ces produits. Il signifie que le droit d'interdire la revente du fabricant est \u00e9puis\u00e9 apr\u00e8s la vente d'un produit.<\/p>\n<p>Jusqu'\u00e0 l'arr\u00eat, le principe d\u2019\u00e9puisement n'\u00e9tait pas applicable pour les licences de logiciel t\u00e9l\u00e9charg\u00e9es via Internet. Le droit d'auteur des tous les pays europ\u00e9ens est tr\u00e8s vieux, donc plus actuel. La Cour de justice de l\u2019Union europ\u00e9enne a correctement r\u00e9alis\u00e9 qu'il n'importe pas si le logiciel est un produit physique comme une disque ou s'il est du t\u00e9l\u00e9chargement \u2013 il s'agit du m\u00eame logiciel. Il est important qu'il s'agit d'une licence sans limite, permanente. Gr\u00e2ce \u00e0 l'arr\u00eat de la Cour de justice de l\u2019Union europ\u00e9enne, la vente de licences de logiciel t\u00e9l\u00e9charg\u00e9es via Internet a \u00e9t\u00e9 l\u00e9gitim\u00e9e et une lacune importante dans la loi a \u00e9t\u00e9 combl\u00e9e.<\/p>\n<\/div><\/div><div class=\"wpb_column hcode-column-container vc_col-sm-2 col-xs-mobile-fullwidth\" data-front-class=\"col-xs-mobile-fullwidth\"><div class=\"vc-column-innner-wrapper\"><\/div><\/div><\/div><\/div><\/section><section class=\" vc_custom_1719993240904 no-padding-top sm-no-padding-top xs-no-padding-top\"><div class=\"container\"><div class=\"row\"><div class=\"wpb_column hcode-column-container vc_col-sm-12 col-xs-mobile-fullwidth\" data-front-class=\"col-xs-mobile-fullwidth\"><div class=\"vc-column-innner-wrapper\"><div class=\"margin-three-bottom sm-margin-three-bottom xs-margin-three-bottom\"><h2 style=\"text-align: center;\">Avis l\u00e9gal - Les logiciels utilis\u00e9s l\u00e9gaux<\/h2>\n<\/div><div class=\"hcode-inner-row\"><div class=\"wpb_column hcode-column-container vc_col-sm-6 col-xs-mobile-fullwidth\" data-front-class=\"col-xs-mobile-fullwidth\"><div class=\"vc-column-innner-wrapper\"><div class=\"justify\"><h3>LOGICIELS UTILIS\u00c9S POUR LES ENTREPRISES<\/h3>\n<p>Les logiciels utilis\u00e9s offerts par Software ReUse sont, au sens juridique, des logiciels \u00e9puis\u00e9s. Apr\u00e8s une v\u00e9rification du logiciel et la transmission l\u00e9gale des licences, nous pouvons offrir le logiciel en t\u00e9l\u00e9chargement et vous avez, comme acheteur, les m\u00eames droits que vous achetez avec un logiciel nouveau. De cette fa\u00e7on, vous \u00e9conomisez jusqu'\u00e0 75% sur le prix nouveau.<\/p>\n<p>Nous offrons des licences que nous achetons des autres entreprises qui n'ont plus de besoin ou changent de logiciels. Souvent il s'agit de licences en volume. Ce mod\u00e8le offre un logiciel pour plusieurs postes de travail ou ordinateurs. Vous, comme acheteur, n'avez aucun inconv\u00e9nient avec le logiciel utilis\u00e9 en comparaison avec des versions nouvelles. En plus, vous avez tous les droits des mises \u00e0 jour de s\u00e9curit\u00e9 r\u00e9guli\u00e8res et de support. Si vous \u00eates int\u00e9ress\u00e9, lisez plus sur tous les\u00a0<a href=\"\/?page_id=1600\">Faits sur le logiciel utilis\u00e9<\/a>.<\/p>\n<\/div><\/div><\/div><div class=\"wpb_column hcode-column-container vc_col-sm-6 col-xs-mobile-fullwidth\" data-front-class=\"col-xs-mobile-fullwidth\"><div class=\"vc-column-innner-wrapper\"><div class=\"justify\"><h3>PREUVE D\u2019\u00c9PUISEMENT<\/h3>\n<p>Chez Software ReUse, vous recevez avec votre Product Key du logiciel \u00e9puis\u00e9, tous les documents n\u00e9cessaires sur l'am\u00e9nagement des droits d'utilisation conforme. Nous vous offrons toute l'information n\u00e9cessaire pour prouver l'\u00e9puisement en cas de doute, incluant des indications sur l'acqu\u00e9reur ant\u00e9rieur et si ce dernier a rendu toutes les copies inutilisables.<\/p>\n<p>Nous vous expliquons comment le logiciel a \u00e9t\u00e9 commercialis\u00e9 initialement et quelle r\u00e9mun\u00e9ration a \u00e9t\u00e9 re\u00e7u par le titulaire de droit, l'ampleur du droit d'utilisation accord\u00e9e par le titulaire de droit et s'il inclut des mises \u00e0 jour. Donc nos logiciels ne remplissent pas seulement les exigences de la Cour de justice de l\u2019Union europ\u00e9enne (CJUE, l'arr\u00eat <a href=\"https:\/\/www.software-reuse.eu\/wp-content\/uploads\/2026\/01\/EU-Court-ruling-Francais.pdf\" target=\"_blank\" rel=\"noopener noreferrer\">C-128\/11<\/a>), sinon aussi les conditions de la Cour f\u00e9d\u00e9rale de justice allemande.<\/p>\n<\/div><\/div><\/div><\/div><\/div><\/div><\/div><\/div><\/section>","protected":false},"excerpt":{"rendered":"<p>[vc_single_image source=&#8221;featured_image&#8221; img_size=&#8221;full&#8221; css=&#8221;&#8221;][vc_empty_space height=&#8221;24px&#8221;]Dans cette page vous pouvez conna\u00eetrez la situation juridique concernant l&#8217;achat ou la vente de logiciels d&#8217;occasion. Si vous voulez obtenir d\u2019information ou vous avez encore des questions \u00e0 poser, n\u2019h\u00e9sitez pas \u00e0 nous contacter personellement ou par e-mail. Nous vous conseillons avec plaisir ! L&#8217;achat et la vente de logiciels [&hellip;]<\/p>\n","protected":false},"author":3,"featured_media":52322,"parent":1600,"menu_order":0,"comment_status":"closed","ping_status":"closed","template":"","meta":{"inline_featured_image":false,"footnotes":""},"class_list":["post-1664","page","type-page","status-publish","has-post-thumbnail","hentry"],"_links":{"self":[{"href":"https:\/\/www.software-reuse.eu\/fr\/wp-json\/wp\/v2\/pages\/1664","targetHints":{"allow":["GET"]}}],"collection":[{"href":"https:\/\/www.software-reuse.eu\/fr\/wp-json\/wp\/v2\/pages"}],"about":[{"href":"https:\/\/www.software-reuse.eu\/fr\/wp-json\/wp\/v2\/types\/page"}],"author":[{"embeddable":true,"href":"https:\/\/www.software-reuse.eu\/fr\/wp-json\/wp\/v2\/users\/3"}],"replies":[{"embeddable":true,"href":"https:\/\/www.software-reuse.eu\/fr\/wp-json\/wp\/v2\/comments?post=1664"}],"version-history":[{"count":0,"href":"https:\/\/www.software-reuse.eu\/fr\/wp-json\/wp\/v2\/pages\/1664\/revisions"}],"up":[{"embeddable":true,"href":"https:\/\/www.software-reuse.eu\/fr\/wp-json\/wp\/v2\/pages\/1600"}],"wp:featuredmedia":[{"embeddable":true,"href":"https:\/\/www.software-reuse.eu\/fr\/wp-json\/wp\/v2\/media\/52322"}],"wp:attachment":[{"href":"https:\/\/www.software-reuse.eu\/fr\/wp-json\/wp\/v2\/media?parent=1664"}],"curies":[{"name":"wp","href":"https:\/\/api.w.org\/{rel}","templated":true}]}}