{"id":1721,"date":"2019-08-15T17:19:52","date_gmt":"2019-08-15T15:19:52","guid":{"rendered":"https:\/\/swr1.wpenginepowered.com\/?page_id=1721"},"modified":"2026-02-12T11:43:49","modified_gmt":"2026-02-12T10:43:49","slug":"transfert-des-licences","status":"publish","type":"page","link":"https:\/\/www.software-reuse.eu\/fr\/faits\/transfert-des-licences-doccasion\/","title":{"rendered":"Transfert des licences d&#8217;occasion"},"content":{"rendered":"<p>Chez Software ReUse, nous veillons \u00e0 ce que vous soyez inform\u00e9 de mani\u00e8re transparente de votre achat de licence.<\/p>\n","protected":false},"excerpt":{"rendered":"<p>Chez Software ReUse, nous veillons \u00e0 ce que vous soyez inform\u00e9 de mani\u00e8re transparente de votre achat de licence.<\/p>\n","protected":false},"author":2473,"featured_media":52416,"parent":1600,"menu_order":0,"comment_status":"closed","ping_status":"closed","template":"","meta":{"inline_featured_image":false,"footnotes":""},"class_list":["post-1721","page","type-page","status-publish","has-post-thumbnail","hentry"],"_links":{"self":[{"href":"https:\/\/www.software-reuse.eu\/fr\/wp-json\/wp\/v2\/pages\/1721","targetHints":{"allow":["GET"]}}],"collection":[{"href":"https:\/\/www.software-reuse.eu\/fr\/wp-json\/wp\/v2\/pages"}],"about":[{"href":"https:\/\/www.software-reuse.eu\/fr\/wp-json\/wp\/v2\/types\/page"}],"author":[{"embeddable":true,"href":"https:\/\/www.software-reuse.eu\/fr\/wp-json\/wp\/v2\/users\/2473"}],"replies":[{"embeddable":true,"href":"https:\/\/www.software-reuse.eu\/fr\/wp-json\/wp\/v2\/comments?post=1721"}],"version-history":[{"count":0,"href":"https:\/\/www.software-reuse.eu\/fr\/wp-json\/wp\/v2\/pages\/1721\/revisions"}],"up":[{"embeddable":true,"href":"https:\/\/www.software-reuse.eu\/fr\/wp-json\/wp\/v2\/pages\/1600"}],"wp:featuredmedia":[{"embeddable":true,"href":"https:\/\/www.software-reuse.eu\/fr\/wp-json\/wp\/v2\/media\/52416"}],"wp:attachment":[{"href":"https:\/\/www.software-reuse.eu\/fr\/wp-json\/wp\/v2\/media?parent=1721"}],"curies":[{"name":"wp","href":"https:\/\/api.w.org\/{rel}","templated":true}]}}