{"id":1735,"date":"2019-08-29T23:40:37","date_gmt":"2019-08-29T21:40:37","guid":{"rendered":"https:\/\/swr1.wpenginepowered.com\/?page_id=1735"},"modified":"2024-07-03T09:48:35","modified_gmt":"2024-07-03T07:48:35","slug":"service-pour-liquidateurs","status":"publish","type":"page","link":"https:\/\/www.software-reuse.eu\/fr\/faits\/faillite-aide-avec-les-logiciels\/","title":{"rendered":"Faillite &#8211; Aide avec les logiciels"},"content":{"rendered":"<p>En cas d&#8217;insolvabilit\u00e9 ou \u00e9galement en cas de restructuration de transfert, il existe souvent des valeurs \u00e9lev\u00e9es de logiciels qui peuvent \u00eatre vendus lors de la liquidation de l&#8217;entreprise.<\/p>\n","protected":false},"excerpt":{"rendered":"<p>En cas d&#8217;insolvabilit\u00e9 ou \u00e9galement en cas de restructuration de transfert, il existe souvent des valeurs \u00e9lev\u00e9es de logiciels qui peuvent \u00eatre vendus lors de la liquidation de l&#8217;entreprise.<\/p>\n","protected":false},"author":2473,"featured_media":52297,"parent":1600,"menu_order":0,"comment_status":"closed","ping_status":"closed","template":"","meta":{"inline_featured_image":false,"footnotes":""},"class_list":["post-1735","page","type-page","status-publish","has-post-thumbnail","hentry"],"_links":{"self":[{"href":"https:\/\/www.software-reuse.eu\/fr\/wp-json\/wp\/v2\/pages\/1735","targetHints":{"allow":["GET"]}}],"collection":[{"href":"https:\/\/www.software-reuse.eu\/fr\/wp-json\/wp\/v2\/pages"}],"about":[{"href":"https:\/\/www.software-reuse.eu\/fr\/wp-json\/wp\/v2\/types\/page"}],"author":[{"embeddable":true,"href":"https:\/\/www.software-reuse.eu\/fr\/wp-json\/wp\/v2\/users\/2473"}],"replies":[{"embeddable":true,"href":"https:\/\/www.software-reuse.eu\/fr\/wp-json\/wp\/v2\/comments?post=1735"}],"version-history":[{"count":0,"href":"https:\/\/www.software-reuse.eu\/fr\/wp-json\/wp\/v2\/pages\/1735\/revisions"}],"up":[{"embeddable":true,"href":"https:\/\/www.software-reuse.eu\/fr\/wp-json\/wp\/v2\/pages\/1600"}],"wp:featuredmedia":[{"embeddable":true,"href":"https:\/\/www.software-reuse.eu\/fr\/wp-json\/wp\/v2\/media\/52297"}],"wp:attachment":[{"href":"https:\/\/www.software-reuse.eu\/fr\/wp-json\/wp\/v2\/media?parent=1735"}],"curies":[{"name":"wp","href":"https:\/\/api.w.org\/{rel}","templated":true}]}}