{"id":1744,"date":"2019-08-15T17:12:17","date_gmt":"2019-08-15T15:12:17","guid":{"rendered":"https:\/\/swr1.wpenginepowered.com\/?page_id=1744"},"modified":"2024-07-03T09:49:41","modified_gmt":"2024-07-03T07:49:41","slug":"pouvoirs-publics-ecoles","status":"publish","type":"page","link":"https:\/\/www.software-reuse.eu\/fr\/faits\/pouvoirs-publics-et-ecoles\/","title":{"rendered":"Pouvoirs publics et \u00e9coles"},"content":{"rendered":"<p>Les organismes publics tels que les municipalit\u00e9s, les gouvernements, les universit\u00e9s, les \u00e9coles, etc. peuvent particuli\u00e8rement b\u00e9n\u00e9ficier des logiciels d&#8217;occasion.<\/p>\n","protected":false},"excerpt":{"rendered":"<p>Les organismes publics tels que les municipalit\u00e9s, les gouvernements, les universit\u00e9s, les \u00e9coles, etc. peuvent particuli\u00e8rement b\u00e9n\u00e9ficier des logiciels d&#8217;occasion.<\/p>\n","protected":false},"author":2473,"featured_media":51973,"parent":1600,"menu_order":0,"comment_status":"closed","ping_status":"closed","template":"","meta":{"inline_featured_image":false,"footnotes":""},"class_list":["post-1744","page","type-page","status-publish","has-post-thumbnail","hentry"],"_links":{"self":[{"href":"https:\/\/www.software-reuse.eu\/fr\/wp-json\/wp\/v2\/pages\/1744","targetHints":{"allow":["GET"]}}],"collection":[{"href":"https:\/\/www.software-reuse.eu\/fr\/wp-json\/wp\/v2\/pages"}],"about":[{"href":"https:\/\/www.software-reuse.eu\/fr\/wp-json\/wp\/v2\/types\/page"}],"author":[{"embeddable":true,"href":"https:\/\/www.software-reuse.eu\/fr\/wp-json\/wp\/v2\/users\/2473"}],"replies":[{"embeddable":true,"href":"https:\/\/www.software-reuse.eu\/fr\/wp-json\/wp\/v2\/comments?post=1744"}],"version-history":[{"count":0,"href":"https:\/\/www.software-reuse.eu\/fr\/wp-json\/wp\/v2\/pages\/1744\/revisions"}],"up":[{"embeddable":true,"href":"https:\/\/www.software-reuse.eu\/fr\/wp-json\/wp\/v2\/pages\/1600"}],"wp:featuredmedia":[{"embeddable":true,"href":"https:\/\/www.software-reuse.eu\/fr\/wp-json\/wp\/v2\/media\/51973"}],"wp:attachment":[{"href":"https:\/\/www.software-reuse.eu\/fr\/wp-json\/wp\/v2\/media?parent=1744"}],"curies":[{"name":"wp","href":"https:\/\/api.w.org\/{rel}","templated":true}]}}