{"id":1855,"date":"2019-10-28T15:57:36","date_gmt":"2019-10-28T14:57:36","guid":{"rendered":"https:\/\/swr1.wpenginepowered.com\/?page_id=1855"},"modified":"2025-10-21T13:20:07","modified_gmt":"2025-10-21T11:20:07","slug":"mentions-legales","status":"publish","type":"page","link":"https:\/\/www.software-reuse.eu\/fr\/mentions-legales\/","title":{"rendered":"Mentions l\u00e9gales"},"content":{"rendered":"<section><div class=\"container\"><div class=\"row\"><div class=\"wpb_column hcode-column-container  col-xs-mobile-fullwidth\" data-front-class=\"col-xs-mobile-fullwidth front-column-class\"><div class=\"vc-column-innner-wrapper\"><h2>Software ReUse Tauchhammer GmbH<\/h2>\n<p>G\u00e9rant : Mag. Stefan Tauchhammer, MBA<\/p>\n<p><strong>Num\u00e9ro d\u2019immatriculation au Registre des soci\u00e9t\u00e9s :<\/strong> FN 409469k<br \/>\n<strong>Tribunal du Registre des soci\u00e9t\u00e9s :<\/strong>\u00a0Tribunal de commerce, Vienne<br \/>\nAutorit\u00e9 selon ECG : Bureau d\u2019arrondissement du VIII arrondissement<br \/>\nAffiliation \u00e0 la Chambre : Chambre de commerce de Vienne<br \/>\n<strong>Num\u00e9ro de TVA :<\/strong> ATU 68582205<\/p>\n<p><strong>Adresse:<\/strong> Laudongasse 54\/2, 1080 Vienne, Autriche<\/p>\n<p><strong>E-mail:<\/strong> <a href=\"mailto:lizenzieren@software-reuse.eu\">lizenzieren@software-reuse.eu<\/a><br \/>\n<strong>T\u00e9l :<\/strong> +43\/1\/997 27 87-10<br \/>\n<strong>Mobile :<\/strong> +43\/676\/7089723<br \/>\n<strong>Fax :<\/strong> +43\/1\/997 27 87-9<\/p>\n<p>R\u00e8glement des diff\u00e9rends en ligne conform\u00e9ment \u00e0 l'article 14, paragraphe 1 ODR-VO: La Commission europ\u00e9enne fournit une plate-forme pour la r\u00e9solution des litiges en ligne (OS) que vous trouvez ici : <a href=\"https:\/\/ec.europa.eu\/consumers\/odr\/main\/index.cfm?event=main.home2.show&amp;lng=FR\" target=\"_blank\" rel=\"noopener noreferrer\">http:\/\/ec.europa.eu\/consumers\/odr\/<\/a>.<\/p>\n<p><strong>Remarques l\u00e9gales g\u00e9n\u00e9rales<\/strong><\/p>\n<p>Le contenu de ce site web sert uniquement \u00e0 l'information g\u00e9n\u00e9rale, donc nous excluons toute responsabilit\u00e9 concernant l'exactitude, l'int\u00e9gralit\u00e9 et l'actualit\u00e9.<\/p>\n<p><strong>Les droits de propri\u00e9t\u00e9 intellectuelle \/ droit d'auteur<\/strong><\/p>\n<p>Ils existent pour tout le contenu (textes, images, vide\u00f3s, logos, etc.) de ce site web des droits de propri\u00e9t\u00e9 intellectuelle. Toutes les utilisations de quelconque nature, ne peuvent se r\u00e9aliser qu'avec notre autorisation pr\u00e9alable et \u00e9crite.<\/p>\n<p>\u00c0 l'exception de l'utilisation priv\u00e9e comme le contenu des donn\u00e9es pour le t\u00e9l\u00e9chargement et pour l'utilisation indiqu\u00e9e.<\/p>\n<p><strong>Remarques sur les liens et renvois<\/strong><\/p>\n<p>Ce site web contient aussi des liens \u00e0 des sites web externes, dont nous ne pouvons pas influencer le contenu ou le design et pour lesquels nous n'assumons pas de responsabilit\u00e9 et nous ne approprions pas ces contenus. Nous ne pouvons en particulier pas garantir le respect de la protection des donn\u00e9es des ces sites web vers lesquels pointent nos liens.<br \/>\n<strong>D\u00e9claration de confidentialit\u00e9<\/strong><\/p>\n<p>Dans notre <a href=\"\/?page_id=1661\">D\u00e9claration de confidentialit\u00e9<\/a> vous trouvez toute l'information sur le traitement de vos donn\u00e9es personnelles. <\/p>\n<\/div><\/div><\/div><\/div><\/section>","protected":false},"excerpt":{"rendered":"<p>Software ReUse Tauchhammer GmbH G\u00e9rant : Mag. Stefan Tauchhammer, MBA Num\u00e9ro d\u2019immatriculation au Registre des soci\u00e9t\u00e9s : FN 409469k Tribunal du Registre des soci\u00e9t\u00e9s :\u00a0Tribunal de commerce, Vienne Autorit\u00e9 selon ECG : Bureau d\u2019arrondissement du VIII arrondissement Affiliation \u00e0 la Chambre : Chambre de commerce de Vienne Num\u00e9ro de TVA : ATU 68582205 Adresse: Laudongasse [&hellip;]<\/p>\n","protected":false},"author":1,"featured_media":0,"parent":0,"menu_order":0,"comment_status":"closed","ping_status":"closed","template":"","meta":{"inline_featured_image":false,"footnotes":""},"class_list":["post-1855","page","type-page","status-publish","hentry"],"_links":{"self":[{"href":"https:\/\/www.software-reuse.eu\/fr\/wp-json\/wp\/v2\/pages\/1855","targetHints":{"allow":["GET"]}}],"collection":[{"href":"https:\/\/www.software-reuse.eu\/fr\/wp-json\/wp\/v2\/pages"}],"about":[{"href":"https:\/\/www.software-reuse.eu\/fr\/wp-json\/wp\/v2\/types\/page"}],"author":[{"embeddable":true,"href":"https:\/\/www.software-reuse.eu\/fr\/wp-json\/wp\/v2\/users\/1"}],"replies":[{"embeddable":true,"href":"https:\/\/www.software-reuse.eu\/fr\/wp-json\/wp\/v2\/comments?post=1855"}],"version-history":[{"count":0,"href":"https:\/\/www.software-reuse.eu\/fr\/wp-json\/wp\/v2\/pages\/1855\/revisions"}],"wp:attachment":[{"href":"https:\/\/www.software-reuse.eu\/fr\/wp-json\/wp\/v2\/media?parent=1855"}],"curies":[{"name":"wp","href":"https:\/\/api.w.org\/{rel}","templated":true}]}}