{"id":1864,"date":"2019-10-22T07:58:09","date_gmt":"2019-10-22T05:58:09","guid":{"rendered":"https:\/\/swr1.wpenginepowered.com\/?page_id=1864"},"modified":"2020-06-26T11:05:04","modified_gmt":"2020-06-26T09:05:04","slug":"acheter-des-logiciels-utilises","status":"publish","type":"page","link":"https:\/\/www.software-reuse.eu\/fr\/acheter-des-logiciels-utilises\/","title":{"rendered":"Acheter des logiciels d&#8217;\u00f3ccasion"},"content":{"rendered":"<section class=\" vc_custom_1576187184614\"><div class=\"container\"><div class=\"row\"><div class=\"wpb_column hcode-column-container  vc_custom_1576186422217 vc_col-sm-12 col-xs-mobile-fullwidth\" data-front-class=\" vc_custom_1576186422217 col-xs-mobile-fullwidth\"><div class=\"vc-column-innner-wrapper\"><div class=\"padding-three-bottom sm-padding-three-bottom xs-padding-three-tb\"><h2 style=\"text-align: center;\">100 % conforme au droit de l\u2019UE : Acheter des logiciels d'occasion chez Software ReUse!<\/h2>\n<\/div><\/div><\/div><\/div><\/div><\/section><section class=\" vc_custom_1576187195412\"><div class=\"container\"><div class=\"row\"><div class=\"wpb_column hcode-column-container vc_col-sm-4 col-xs-mobile-fullwidth\" data-front-class=\"col-xs-mobile-fullwidth\"><div class=\"vc-column-innner-wrapper\">[vc_single_image image=\"7566\" img_size=\"full\" alignment=\"center\"]<div class=\"panel-group accordion-style1\" id=\"1575204616\" ><div class=\"panel panel-default\"><div class=\"panel-heading \"><a data-toggle=\"collapse\" data-parent=\"#1575204616\" href=\"#accordian-panel-1\"><h4 class=\"panel-title\" style=color:#164095;>S\u00e9curit\u00e9 informatique avec des logiciels originaux<span class=\"pull-right\"><i class=\"fa-solid fa-plus\"><\/i><\/span><\/h4><\/a><\/div><div id=\"accordian-panel-1\" class=\"panel-collapse collapse \"><div class=\"panel-body\"><h2>S\u00e9curit\u00e9 informatique avec des logiciels originaux<\/h2>\n<p>Vous avez des changements dans votre d\u00e9partement d'informatique, vous embauchez de nouveaux employ\u00e9s ou vous \u00e9quipez de nouveaux postes de travail ? Ou voulez-vous mettre votre entreprise \u00e0 jour avec la derni\u00e8re version de par exemple, votre syst\u00e8me d'exploitation, votre Microsoft Office ou version Adobe etc. <em>Pour quoi c'est important pour votre entreprise ?<\/em> <strong>Un logiciel actuel assure la s\u00e9curit\u00e9 informatique et vous aide \u00e0 rester comp\u00e9titif.<\/strong> Aussi les d\u00e9veloppeurs du logiciel eux-m\u00eames toujours trouvent des lacunes en mati\u00e8re de s\u00e9curit\u00e9 ou simplement des aspects qu'ils peuvent am\u00e9liorer. Les versions actuelles contribuent normalement aussi \u00e0 augmenter les performances et la stabilit\u00e9. Mais cela peut \u00eatre co\u00fbteux. C'est la raison pour laquelle de plus en plus d'entreprises utilisent nos licences d'occasion. <strong>Vous trouvez d'autres bonnes raisons de logiciel d'occasion pour votre entreprise sur notre site <\/strong> <a href=\"\/?page_id=101\">Avantages<\/a>.<\/p>\n<\/div><\/div><\/div><\/div><\/div><\/div><div class=\"wpb_column hcode-column-container vc_col-sm-4 col-xs-mobile-fullwidth\" data-front-class=\"col-xs-mobile-fullwidth\"><div class=\"vc-column-innner-wrapper\">[vc_single_image image=\"7570\" img_size=\"full\" alignment=\"center\"]<div class=\"panel-group accordion-style1\" id=\"1575204616\" ><div class=\"panel panel-default\"><div class=\"panel-heading \"><a data-toggle=\"collapse\" data-parent=\"#1575204616\" href=\"#accordian-panel-3\"><h4 class=\"panel-title\" style=color:#164095;>Acheter des licences de logiciel d'occasion<span class=\"pull-right\"><i class=\"fa-solid fa-plus\"><\/i><\/span><\/h4><\/a><\/div><div id=\"accordian-panel-3\" class=\"panel-collapse collapse \"><div class=\"panel-body\"><h2>Acheter des licences de logiciel d'occasion - Licences en ligne pour les entreprises<\/h2>\n<p>Trouvez plus d'information d\u00e9taill\u00e9e sur le sujet de logiciel d'occasion dans notre cat\u00e9gorie <a href=\"\/?page_id=27\">Faits<\/a>. L\u00e0, nous vous expliquons entre autres ce qu'il signifie d'acheter des logiciels d'occasion de Software ReUse, quelle est la base juridique, comment fonctionne le transfert de licences et beaucoup plus. Notre but est de vous informer de la meilleure fa\u00e7on possible et de ne plus laisser de questions en suspens.<\/p>\n<p><b>Depuis 2011<\/b>, nous de Software ReUse, sommes principalement au service des clients commerciaux avec des licences de logiciel d'occasion. Trouvez l'information d\u00e9taill\u00e9e sur notre gamme de logiciels d'occasion et encore plus sur nos sites de produits. Nous avons \u00e9galement essay\u00e9 d'expliquer clairement les avantages respectifs. <em>En plus, nous vous informons en d\u00e9tail sur la conformit\u00e9 juridique, le preuve d'\u00e9puisement, le t\u00e9l\u00e9chargement et beaucoup plus de chaque produit.<\/em><\/p>\n<\/div><\/div><\/div><\/div><\/div><\/div><div class=\"wpb_column hcode-column-container vc_col-sm-4 col-xs-mobile-fullwidth\" data-front-class=\"col-xs-mobile-fullwidth\"><div class=\"vc-column-innner-wrapper\">[vc_single_image image=\"2849\" img_size=\"full\" alignment=\"center\"]<div class=\"panel-group accordion-style1\" id=\"1575204616\" ><div class=\"panel panel-default\"><div class=\"panel-heading \"><a data-toggle=\"collapse\" data-parent=\"#1575204616\" href=\"#accordian-panel-5\"><h4 class=\"panel-title\" style=color:#164095;>Licences en volume Microsoft, Adobe ou Autodesk<span class=\"pull-right\"><i class=\"fa-solid fa-plus\"><\/i><\/span><\/h4><\/a><\/div><div id=\"accordian-panel-5\" class=\"panel-collapse collapse \"><div class=\"panel-body\"><h2>Acheter \u00e9conomiquement des licences en volume pour Microsoft, Adobe ou Autodesk<\/h2>\n<p>Pour savoir plus sur les param\u00e8tres juridiques et comment nous garantissons que les logiciels sont (de nouveau) sous licence en conformit\u00e9 au droit, voir ci-dessous. Indiquez, si possible, le num\u00e9ro de version et la quantit\u00e9 de licences n\u00e9cessaires avec votre <a href=\"#anfrageformular\">demande<\/a>. Nous vous conseillons avec plaisir sur votre besoin actuel et nous vous contactons sans d\u00e9lai avec une offre non obligatoire. En concertation, nous acceptons vos licences de logiciel dont vous n'avez plus de besoin en \u00e9change.<\/p>\n<p>Vous \u00eates press\u00e9 ou vous souhaitez en parler personnellement ?<br \/>\nVeuillez nous contacter sur le <a href=\"tel:0043199727871\">+43 1 997 27 87 1<\/a> (tarif local).<\/p>\n<p>Vous pouvez \u00e9galement parcourir l'ensemble de notre gamme et trouvez plus de licences de logiciel dans notre magasin pour l'achat en ligne.<\/p>\n<\/div><\/div><\/div><\/div><\/div><\/div><\/div><\/div><\/section><section class=\" vc_custom_1575204979092\"><div class=\"container\"><div class=\"row\"><div class=\"wpb_column hcode-column-container vc_col-sm-2 col-xs-mobile-fullwidth\" data-front-class=\"col-xs-mobile-fullwidth\"><div class=\"vc-column-innner-wrapper\">[vc_single_image image=\"7537\" img_size=\"medium\" alignment=\"center\"]<h3 style=\"text-align: center;\"><strong>R\u00e9ussir l\u2019audit<\/strong><\/h3>\n<p style=\"text-align: center;\">Tous les documents pour l\u2019audit inclus !<\/p>\n<\/div><\/div><div class=\"wpb_column hcode-column-container vc_col-sm-2 col-xs-mobile-fullwidth\" data-front-class=\"col-xs-mobile-fullwidth\"><div class=\"vc-column-innner-wrapper\">[vc_single_image image=\"7545\" img_size=\"medium\" alignment=\"center\"]<h3 style=\"text-align: center;\"><strong>100 % L\u00e9gal<\/strong><\/h3>\n<p style=\"text-align: center;\">Chez nous vous achetez <a href=\"\/?page_id=90\">en toute conformit\u00e9 au droit de l\u2019UE <\/a>!<\/p>\n<\/div><\/div><div class=\"wpb_column hcode-column-container vc_col-sm-2 col-xs-mobile-fullwidth\" data-front-class=\"col-xs-mobile-fullwidth\"><div class=\"vc-column-innner-wrapper\">[vc_single_image image=\"7541\" img_size=\"medium\" alignment=\"center\"]<h3 style=\"text-align: center;\"><strong>Garanti<\/strong><\/h3>\n<p style=\"text-align: center;\">Garantie de l\u2019originalit\u00e9 des logiciels !<\/p>\n<\/div><\/div><div class=\"wpb_column hcode-column-container vc_col-sm-2 col-xs-mobile-fullwidth\" data-front-class=\"col-xs-mobile-fullwidth\"><div class=\"vc-column-innner-wrapper\">[vc_single_image image=\"7553\" img_size=\"medium\" alignment=\"center\"]<h3 style=\"text-align: center;\"><strong>\u00c9conomique<\/strong><\/h3>\n<p style=\"text-align: center;\">Chez nous vous \u00e9conomisez jusqu\u2019\u00e0 -75 % !<\/p>\n<\/div><\/div><div class=\"wpb_column hcode-column-container vc_col-sm-2 col-xs-mobile-fullwidth\" data-front-class=\"col-xs-mobile-fullwidth\"><div class=\"vc-column-innner-wrapper\">[vc_single_image image=\"7549\" img_size=\"medium\" alignment=\"center\"]<h3 style=\"text-align: center;\"><strong>Depuis 2011<\/strong><\/h3>\n<p style=\"text-align: center;\">Plus de 1000 clients satisfaits !<\/p>\n<\/div><\/div><div class=\"wpb_column hcode-column-container vc_col-sm-2 col-xs-mobile-fullwidth\" data-front-class=\"col-xs-mobile-fullwidth\"><div class=\"vc-column-innner-wrapper\">[vc_single_image image=\"7557\" img_size=\"medium\" alignment=\"center\"]<h3 style=\"text-align: center;\"><strong>Support<\/strong><\/h3>\n<p style=\"text-align: center;\">Nous vous aidons avec l\u2019achat et la vente !<\/p>\n<\/div><\/div><\/div><\/div><\/section><section class=\"no-padding-top sm-no-padding-top xs-no-padding-top\"><div class=\"container\"><div class=\"row\"><div class=\"wpb_column hcode-column-container vc_col-sm-12 col-xs-mobile-fullwidth\" data-front-class=\"col-xs-mobile-fullwidth\"><div class=\"vc-column-innner-wrapper\"><div class=\"margin-three-bottom sm-margin-three-bottom xs-margin-three-bottom\"><h2 style=\"text-align: center;\">Avis juridique - Logiciels d'occasion l\u00e9gaux<\/h2>\n<\/div><div class=\"hcode-inner-row\"><div class=\"wpb_column hcode-column-container vc_col-sm-6 col-xs-mobile-fullwidth\" data-front-class=\"col-xs-mobile-fullwidth\"><div class=\"vc-column-innner-wrapper\"><div class=\"justify\"><h3 style=\"text-align: center;\">Licences de logiciel d'occasion pour des entreprises<\/h3>\n<p style=\"text-align: center;\">Les logiciels d'occasion comme offerts par Software ReUse sont au sens juridique des logiciels \u00e9puis\u00e9s. Apr\u00e8s la v\u00e9rification du logiciel et le transfert des licences en conformit\u00e9 au droit, le logiciel peut \u00eatre propos\u00e9 par nous en t\u00e9l\u00e9chargement et comme acheteur, vous avez les m\u00eames droits que pour un nouveau logiciel. De cette fa\u00e7on, \u00e9conomisez sur l'achat jusqu\u2019\u00e0 75 % sur le prix d'origine.<\/p>\n<p style=\"text-align: center;\">Les licences offertes par nous, nous achetons des entreprises lesquelles n'ont plus de besoin ou ont chang\u00e9 du logiciel. Souvent il s'agit de licences en volume. Dans ce mod\u00e8le de licence, le logiciel est autoris\u00e9 pour l'utilisation de plusieurs postes de travail ou ordinateurs. Vous, comme acheteur, n'avez aucun d\u00e9savantages du logiciel d'occasion en comparaison avec un nouvel produit. En plus, vous avez le droit \u00e0 des mises \u00e0 jour de s\u00e9curit\u00e9 r\u00e9guli\u00e8res et au support. En cas d'int\u00e9r\u00eat, informez vous sur tous les\u00a0<a href=\"\/?page_id=27\">Faits sur les logiciels d'occasion<\/a>.<\/p>\n<\/div><\/div><\/div><div class=\"wpb_column hcode-column-container vc_col-sm-6 col-xs-mobile-fullwidth\" data-front-class=\"col-xs-mobile-fullwidth\"><div class=\"vc-column-innner-wrapper\"><div class=\"justify\"><h3 style=\"text-align: center;\">Preuve d'\u00e9puisement des licences<\/h3>\n<p style=\"text-align: center;\">Chez Software ReUse vous obtenez avec votre cl\u00e9 de produit du logiciel \u00e9puis\u00e9 une documentation d\u00e9taill\u00e9e sur la structure des droits pour l'utilisation pr\u00e9vue. Nous vous fournissons toutes les informations n\u00e9cessaires pour prouver l'\u00e9puisement en cas de doute. Cela contient les indications sur l'acqu\u00e9reur pr\u00e9c\u00e9dent et sur le fait que ce dernier a rendu toutes les copies inutilisables.<\/p>\n<p style=\"text-align: center;\">Nous vous informons comment le logiciel a \u00e9t\u00e9 mis sur le march\u00e9 \u00e0 l'origine, la r\u00e9mun\u00e9ration que le titulaire de droits a re\u00e7ue pour cela, dans quelle mesure un droit d'utilisation a \u00e9t\u00e9 accord\u00e9 par le titulaire des droits et si les mises \u00e0 jour sont inclues. Donc nos logiciels ne remplient pas seulement les exigences de la Cour de justice de l\u2019Union europ\u00e9enne (l'affaire C-128\/11), mais aussi lesquelles de la Cour f\u00e9d\u00e9rale de justice allemande.<\/p>\n<\/div><\/div><\/div><\/div><\/div><\/div><\/div><\/div><\/section><section><div class=\"container\"><div class=\"row\"><div class=\"wpb_column hcode-column-container vc_col-sm-12 col-xs-mobile-fullwidth\" data-front-class=\"col-xs-mobile-fullwidth\"><div class=\"vc-column-innner-wrapper\"><div class=\"padding-three-bottom sm-padding-three-bottom xs-padding-three-tb\"><h2 style=\"text-align: center;\">Couverture m\u00e9diatique de Software ReUse<\/h2>\n<\/div><img loading=\"lazy\" decoding=\"async\" width=\"1140\" height=\"72\" src=\"https:\/\/www.software-reuse.eu\/wp-content\/uploads\/2017\/12\/presse.png\" class=\" xs-img-full\" alt=\"Presse\" srcset=\"https:\/\/www.software-reuse.eu\/wp-content\/uploads\/2017\/12\/presse.png 1140w, https:\/\/www.software-reuse.eu\/wp-content\/uploads\/2017\/12\/presse-600x38.png 600w, https:\/\/www.software-reuse.eu\/wp-content\/uploads\/2017\/12\/presse-300x19.png 300w, https:\/\/www.software-reuse.eu\/wp-content\/uploads\/2017\/12\/presse-768x49.png 768w, https:\/\/www.software-reuse.eu\/wp-content\/uploads\/2017\/12\/presse-1024x65.png 1024w, https:\/\/www.software-reuse.eu\/wp-content\/uploads\/2017\/12\/presse-81x5.png 81w\" sizes=\"auto, (max-width: 1140px) 100vw, 1140px\" title=\"\"><\/div><\/div><\/div><\/div><\/section><section><div class=\"container\"><div class=\"row\"><div class=\"wpb_column hcode-column-container vc_col-sm-12 col-xs-mobile-fullwidth\" data-front-class=\"col-xs-mobile-fullwidth\"><div class=\"vc-column-innner-wrapper\"><h2 style=\"text-align: center;\">Int\u00e9ress\u00e9 par l\u2019achat ou la vente des logiciels pour votre entreprise ?<br \/>\n\u00c9crivez-nous sans obligation.<\/h2>\n<\/div><\/div><\/div><\/div><\/section><section id=\"anfrageformular\" class=\" vc_custom_1531218561416\"><div class=\"container\"><div class=\"row\"><div class=\"wpb_column hcode-column-container vc_col-sm-2 col-xs-mobile-fullwidth\" data-front-class=\"col-xs-mobile-fullwidth\"><div class=\"vc-column-innner-wrapper\"><\/div><\/div><div class=\"wpb_column hcode-column-container vc_col-sm-8 col-xs-mobile-fullwidth\" data-front-class=\"col-xs-mobile-fullwidth\"><div class=\"vc-column-innner-wrapper\"><\/div><\/div><div class=\"wpb_column hcode-column-container vc_col-sm-2 col-xs-mobile-fullwidth\" data-front-class=\"col-xs-mobile-fullwidth\"><div class=\"vc-column-innner-wrapper\"><\/div><\/div><\/div><\/div><\/section><section><div class=\"container\"><div class=\"row\"><div class=\"wpb_column hcode-column-container vc_col-sm-6 col-xs-mobile-fullwidth\" data-front-class=\"col-xs-mobile-fullwidth\"><div class=\"vc-column-innner-wrapper\">[vc_single_image image=\"7623\" img_size=\"full\"]<\/div><\/div><div class=\"wpb_column hcode-column-container vc_col-sm-6 col-xs-mobile-fullwidth\" data-front-class=\"col-xs-mobile-fullwidth\"><div class=\"vc-column-innner-wrapper\">\n<div class=\"wpcf7 no-js\" id=\"wpcf7-f54410-o1\" lang=\"fr-FR\" dir=\"ltr\" data-wpcf7-id=\"54410\">\n<div class=\"screen-reader-response\"><p role=\"status\" aria-live=\"polite\" aria-atomic=\"true\"><\/p> <ul><\/ul><\/div>\n<form action=\"\/fr\/wp-json\/wp\/v2\/pages\/1864#wpcf7-f54410-o1\" method=\"post\" class=\"wpcf7-form init\" aria-label=\"Formulaire de contact\" novalidate=\"novalidate\" data-status=\"init\">\n<fieldset class=\"hidden-fields-container\"><input type=\"hidden\" name=\"_wpcf7\" value=\"54410\" \/><input type=\"hidden\" name=\"_wpcf7_version\" value=\"6.1.1\" \/><input type=\"hidden\" name=\"_wpcf7_locale\" value=\"fr_FR\" \/><input type=\"hidden\" name=\"_wpcf7_unit_tag\" value=\"wpcf7-f54410-o1\" \/><input type=\"hidden\" name=\"_wpcf7_container_post\" value=\"0\" \/><input type=\"hidden\" name=\"_wpcf7_posted_data_hash\" value=\"\" \/>\n<\/fieldset>\n<div>\n\t<p><label> Civilit\u00e9*<br \/>\n<span class=\"wpcf7-form-control-wrap\" data-name=\"discours\"><select class=\"wpcf7-form-control wpcf7-select wpcf7-validates-as-required\" aria-required=\"true\" aria-invalid=\"false\" name=\"discours\"><option value=\"M.\">M.<\/option><option value=\"Mme\">Mme<\/option><option value=\"Soci\u00e9t\u00e9\">Soci\u00e9t\u00e9<\/option><\/select><\/span><\/label>\n\t<\/p>\n\t<p><label> Votre nom*<br \/>\n<span class=\"wpcf7-form-control-wrap\" data-name=\"your-name\"><input size=\"40\" maxlength=\"400\" class=\"wpcf7-form-control wpcf7-text wpcf7-validates-as-required\" aria-required=\"true\" aria-invalid=\"false\" value=\"\" type=\"text\" name=\"your-name\" \/><\/span> <\/label>\n\t<\/p>\n<\/div>\n<p><label> Le nom de votre entreprise<br \/>\n<span class=\"wpcf7-form-control-wrap\" data-name=\"your-company\"><input size=\"40\" maxlength=\"400\" class=\"wpcf7-form-control wpcf7-text\" aria-invalid=\"false\" value=\"\" type=\"text\" name=\"your-company\" \/><\/span> <\/label>\n<\/p>\n<div>\n\t<p><label> Votre adresse \u00e9lectronique*<br \/>\n<span class=\"wpcf7-form-control-wrap\" data-name=\"your-email\"><input size=\"40\" maxlength=\"400\" class=\"wpcf7-form-control wpcf7-email wpcf7-validates-as-required wpcf7-text wpcf7-validates-as-email\" aria-required=\"true\" aria-invalid=\"false\" value=\"\" type=\"email\" name=\"your-email\" \/><\/span> <\/label>\n\t<\/p>\n\t<p><label>T\u00e9l\u00e9phone*<br \/>\n<span class=\"wpcf7-form-control-wrap\" data-name=\"telefon\"><input size=\"40\" maxlength=\"400\" class=\"wpcf7-form-control wpcf7-tel wpcf7-validates-as-required wpcf7-text wpcf7-validates-as-tel\" aria-required=\"true\" aria-invalid=\"false\" value=\"\" type=\"tel\" name=\"telefon\" \/><\/span><\/label>\n\t<\/p>\n<\/div>\n<div>\n\t<p><label> Budget<br \/>\n<span class=\"wpcf7-form-control-wrap\" data-name=\"budget\"><select class=\"wpcf7-form-control wpcf7-select\" aria-invalid=\"false\" name=\"budget\"><option value=\"Pas de r\u00e9ponse\">Pas de r\u00e9ponse<\/option><option value=\"0-1.000 \u20ac\">0-1.000 \u20ac<\/option><option value=\"1.000-5.000 \u20ac\">1.000-5.000 \u20ac<\/option><option value=\"5.000-10.000 \u20ac\">5.000-10.000 \u20ac<\/option><option value=\"plus de 10.000 \u20ac\">plus de 10.000 \u20ac<\/option><\/select><\/span><\/label>\n\t<\/p>\n\t<p><label> Quantit\u00e9<br \/>\n<span class=\"wpcf7-form-control-wrap\" data-name=\"budget\"><select class=\"wpcf7-form-control wpcf7-select\" aria-invalid=\"false\" name=\"budget\"><option value=\"1-10\">1-10<\/option><option value=\"11-50\">11-50<\/option><option value=\"101-1000\">101-1000<\/option><option value=\"1000+\">1000+<\/option><\/select><\/span><\/label>\n\t<\/p>\n<\/div>\n<p><label> Client final\/revendeur<\/label><br \/>\n<span class=\"wpcf7-form-control-wrap\" data-name=\"kunde\"><span class=\"wpcf7-form-control wpcf7-radio\"><span class=\"wpcf7-list-item first\"><label><input type=\"radio\" name=\"kunde\" value=\"Pas de r\u00e9ponse\" checked=\"checked\" \/><span class=\"wpcf7-list-item-label\">Pas de r\u00e9ponse<\/span><\/label><\/span><span class=\"wpcf7-list-item\"><label><input type=\"radio\" name=\"kunde\" value=\"Client final\" \/><span class=\"wpcf7-list-item-label\">Client final<\/span><\/label><\/span><span class=\"wpcf7-list-item last\"><label><input type=\"radio\" name=\"kunde\" value=\"Revendeur\" \/><span class=\"wpcf7-list-item-label\">Revendeur<\/span><\/label><\/span><\/span><\/span><br \/>\n<span id=\"wpcf7-69d0c21f9bfab-wrapper\" class=\"wpcf7-form-control-wrap honeypot-100-wrap\" style=\"display:none !important; visibility:hidden !important;\"><label for=\"wpcf7-69d0c21f9bfab-field\" class=\"hp-message\">Veuillez laisser ce champ vide.<\/label><input id=\"wpcf7-69d0c21f9bfab-field\"  class=\"wpcf7-form-control wpcf7-text\" type=\"text\" name=\"honeypot-100\" value=\"\" size=\"40\" tabindex=\"-1\" autocomplete=\"new-password\" \/><\/span><br \/>\n<label> Produits<br \/>\n<span class=\"wpcf7-form-control-wrap\" data-name=\"produkte\"><select class=\"wpcf7-form-control wpcf7-select\" aria-invalid=\"false\" name=\"produkte\"><option value=\"Aucune indication\">Aucune indication<\/option><option value=\"Microsoft Office\">Microsoft Office<\/option><option value=\"Microsoft Windows\">Microsoft Windows<\/option><option value=\"Microsoft SQL Server und CALs\">Microsoft SQL Server und CALs<\/option><option value=\"Microsoft Windows Server und CALs\">Microsoft Windows Server und CALs<\/option><option value=\"Microsoft Exchange Server und CALs\">Microsoft Exchange Server und CALs<\/option><option value=\"Microsoft (autres licences)\">Microsoft (autres licences)<\/option><option value=\"Adobe Acrobat\">Adobe Acrobat<\/option><option value=\"Adobe CS6 Programme\">Adobe CS6 Programme<\/option><option value=\"Autodesk-Produkte\">Autodesk-Produkte<\/option><option value=\"VMware\">VMware<\/option><\/select><\/span><\/label>\n<\/p>\n<p><label> Sujet*<br \/>\n<span class=\"wpcf7-form-control-wrap\" data-name=\"subject\"><select class=\"wpcf7-form-control wpcf7-select wpcf7-validates-as-required\" aria-required=\"true\" aria-invalid=\"false\" name=\"subject\"><option value=\"Conseil de licence sans engagement\">Conseil de licence sans engagement<\/option><option value=\"Question concernant l&#039;achat\/la vente\">Question concernant l&#039;achat\/la vente<\/option><option value=\"Souhaits\/suggestions\">Souhaits\/suggestions<\/option><option value=\"Inscription en tant que partenaire (revendeur)\">Inscription en tant que partenaire (revendeur)<\/option><option value=\"Questions concernant la facture\">Questions concernant la facture<\/option><option value=\"Offre personnalis\u00e9e\">Offre personnalis\u00e9e<\/option><option value=\"Autres questions\">Autres questions<\/option><\/select><\/span> <\/label>\n<\/p>\n<p><label> Votre demande<br \/>\n<span class=\"wpcf7-form-control-wrap\" data-name=\"message\"><textarea cols=\"40\" rows=\"10\" maxlength=\"2000\" class=\"wpcf7-form-control wpcf7-textarea\" aria-invalid=\"false\" name=\"message\"><\/textarea><\/span> <\/label>\n<\/p>\n<p><label>Comment avez-vous entendu parler de nous ?<br \/>\n<span class=\"wpcf7-form-control-wrap\" data-name=\"wie-erfahren\"><input size=\"40\" maxlength=\"400\" class=\"wpcf7-form-control wpcf7-text\" aria-invalid=\"false\" value=\"\" type=\"text\" name=\"wie-erfahren\" \/><\/span><\/label>\n<\/p>\n<p><!-- Mailchimp for WordPress v4.10.7 - https:\/\/www.mc4wp.com\/ --><input type=\"hidden\" name=\"_mc4wp_subscribe_contact-form-7\" value=\"0\" \/><span class=\"mc4wp-checkbox mc4wp-checkbox-contact-form-7 \"><label><input type=\"checkbox\" name=\"_mc4wp_subscribe_contact-form-7\" value=\"1\" ><span>Ich m\u00f6chte den Software ReUse-Newsletter bekommen, um laufend \u00fcber Sonderangebote informiert zu werden. Dies kann jederzeit widerrufen werden. <\/span><\/label><\/span><!-- \/ Mailchimp for WordPress -->\n<\/p>\n<div class=\"f-dsgvo\">\n\t<p><span class=\"wpcf7-form-control-wrap\" data-name=\"acceptance-534\"><span class=\"wpcf7-form-control wpcf7-acceptance\"><span class=\"wpcf7-list-item\"><label><input type=\"checkbox\" name=\"acceptance-534\" value=\"1\" aria-invalid=\"false\" \/><span class=\"wpcf7-list-item-label\">* J'ai pris connaissance de la <a href=\"https:\/\/www.software-reuse.eu\/datenschutz\/\" target=\"_blank\">politique de confidentialit\u00e9<\/a>. Je consens \u00e0 ce que mes donn\u00e9es, nom, pr\u00e9nom, adresse e-mail ainsi que mon message, soient trait\u00e9es exclusivement dans le but de traiter et d'ex\u00e9cuter ma demande. Ces donn\u00e9es sont trait\u00e9es par nos soins sur la base de votre consentement, conform\u00e9ment \u00e0 l'article 6, paragraphe 1, de la loi sur la protection des donn\u00e9es.   1 a) du RGPD.<\/span><\/label><\/span><\/span><\/span>\n\t<\/p>\n<\/div>\n<div class=\"h-captcha\" data-sitekey=\"cd7c840c-b42c-4ae4-80a2-9bca6866534a\" data-size=\"normal\" data-theme=\"light\" data-lang=\"fr\"><\/div><span class=\"wpcf7-form-control-wrap cf7apps-hcaptcha\" data-name=\"cf7apps-hcaptcha\"><input type=\"hidden\" name=\"cf7apps-hcaptcha\" value=\"\" class=\"wpcf7-form-control\"><\/span>\n<\/p>\n<p><input class=\"wpcf7-form-control wpcf7-submit has-spinner btn\" type=\"submit\" value=\"Envoyer\" \/>\n<\/p>\n<input class=\"wpcf7-form-control wpcf7-hidden\" value=\"\" type=\"hidden\" name=\"gclid\" \/><div class=\"wpcf7-response-output\" aria-hidden=\"true\"><\/div>\n<\/form>\n<\/div>\n\n<\/div><\/div><\/div><\/div><\/section>","protected":false},"excerpt":{"rendered":"<p>100 % conforme au droit de l\u2019UE : Acheter des logiciels d&#8217;occasion chez Software ReUse! [vc_single_image image=&#8221;7566&#8243; img_size=&#8221;full&#8221; alignment=&#8221;center&#8221;]S\u00e9curit\u00e9 informatique avec des logiciels originauxS\u00e9curit\u00e9 informatique avec des logiciels originaux Vous avez des changements dans votre d\u00e9partement d&#8217;informatique, vous embauchez de nouveaux employ\u00e9s ou vous \u00e9quipez de nouveaux postes de travail ? Ou voulez-vous mettre votre [&hellip;]<\/p>\n","protected":false},"author":3,"featured_media":0,"parent":0,"menu_order":0,"comment_status":"closed","ping_status":"closed","template":"","meta":{"inline_featured_image":false,"footnotes":""},"class_list":["post-1864","page","type-page","status-publish","hentry"],"_links":{"self":[{"href":"https:\/\/www.software-reuse.eu\/fr\/wp-json\/wp\/v2\/pages\/1864","targetHints":{"allow":["GET"]}}],"collection":[{"href":"https:\/\/www.software-reuse.eu\/fr\/wp-json\/wp\/v2\/pages"}],"about":[{"href":"https:\/\/www.software-reuse.eu\/fr\/wp-json\/wp\/v2\/types\/page"}],"author":[{"embeddable":true,"href":"https:\/\/www.software-reuse.eu\/fr\/wp-json\/wp\/v2\/users\/3"}],"replies":[{"embeddable":true,"href":"https:\/\/www.software-reuse.eu\/fr\/wp-json\/wp\/v2\/comments?post=1864"}],"version-history":[{"count":0,"href":"https:\/\/www.software-reuse.eu\/fr\/wp-json\/wp\/v2\/pages\/1864\/revisions"}],"wp:attachment":[{"href":"https:\/\/www.software-reuse.eu\/fr\/wp-json\/wp\/v2\/media?parent=1864"}],"curies":[{"name":"wp","href":"https:\/\/api.w.org\/{rel}","templated":true}]}}