{"id":1875,"date":"2019-08-15T17:51:05","date_gmt":"2019-08-15T15:51:05","guid":{"rendered":"https:\/\/swr1.wpenginepowered.com\/?page_id=1875"},"modified":"2020-06-26T11:12:35","modified_gmt":"2020-06-26T09:12:35","slug":"conditions","status":"publish","type":"page","link":"https:\/\/www.software-reuse.eu\/fr\/vendez-vos-logiciels-utilises\/vendre-des-licences-microsoft\/","title":{"rendered":"Conditions"},"content":{"rendered":"<section><div class=\"container\"><div class=\"row\"><div class=\"wpb_column hcode-column-container  col-xs-mobile-fullwidth\" data-front-class=\"col-xs-mobile-fullwidth front-column-class\"><div class=\"vc-column-innner-wrapper\"><p>Software ReUse vous aide avec plaisir d'\u00e9changer votre logiciel ancien pour de l'argent ! Nous nous effor\u00e7ons de vous offrir un <strong>d\u00e9roulement simple et rapide<\/strong> et nous vous<strong> conseillons<\/strong> aussi <strong>sans engagement et avec plaisir<\/strong> dans toutes questions. Pour garantir aussi aux acheteurs de nos logiciels un standard tr\u00e8s \u00e9lev\u00e9 et \u00e0 cause des directives, nous vous avez pr\u00e9par\u00e9 ici les peu de conditions pour la vente de votre logiciel.<\/p>\n<h2>Conditions pour la vente des logiciels d'occasion<\/h2>\n<p>Vous devrez remplir les exigences suivantes, puis nous pouvons acheter vos logiciels :<\/p>\n<ul>\n<li>En cas de licences en volume, il devrait s'agiter de <strong>licences commerciales ou gouvernementales<\/strong>, qui ont \u00e9t\u00e9 acquises dans l'UE ou l'EEE.<\/li>\n<li>Vous devrez signer une d\u00e9claration de d\u00e9sinstallation qui confirme que les licences ne sont plus utilis\u00e9es.<\/li>\n<li>La <strong>Software Assurance<\/strong> (comme habituellement par exemple dans les contrats avec Microsoft) devrait \u00eatre pay\u00e9e d'avance.<\/li>\n<\/ul>\n<p>Notre \u00e9quipe est heureux de vous aider avec la v\u00e9rification de la compl\u00e9tude des contrats.<\/p>\n<h3>Pourquoi devrait une entreprise vendre son logiciel ? 3 \u00c9tudes de cas :<\/h3>\n<ul>\n<li>Votre entreprise a chang\u00e9 aux mod\u00e8le d'abonnement Office 365 de Microsoft. Une fois que vous avez termin\u00e9 la migration vers le cloud et vous n'utilisez plus de licences sur place (Office 2019, Office 2016, Windows Server 2016, etc.), vous pouvez les vendre.<\/li>\n<li>Vous avez eu 500 PCs avec 250 x Microsoft \u00adWindows 7 comme Microsoft Office 2016 install\u00e9s. Vous n'avez plus besoin de paquets de logiciel anciens en raison d'un nouvel achat. Nous achetons toutes les versions OEM Office comme Windows 7 de vous.<\/li>\n<li>Votre entreprise a \u00e9t\u00e9 achet\u00e9 par une groupe et les logiciels sont maintenant offerts par la soci\u00e9t\u00e9 m\u00e8re. Donc vous pouvez vendre les logiciels plus utilis\u00e9s.<\/li>\n<\/ul>\n<a  href=\"https:\/\/www.software-reuse.eu\/fr\/vendez-vos-logiciels-utilises\/\" target=\"_self\"  class=\"inner-link button btn btn-small-black-border-light btn-round btn-medium\">Formulaire du contact<\/a><\/div><\/div><\/div><\/div><\/section>","protected":false},"excerpt":{"rendered":"<p>Software ReUse vous aide avec plaisir d&#8217;\u00e9changer votre logiciel ancien pour de l&#8217;argent ! Nous nous effor\u00e7ons de vous offrir un d\u00e9roulement simple et rapide et nous vous conseillons aussi sans engagement et avec plaisir dans toutes questions. Pour garantir aussi aux acheteurs de nos logiciels un standard tr\u00e8s \u00e9lev\u00e9 et \u00e0 cause des directives, [&hellip;]<\/p>\n","protected":false},"author":3,"featured_media":0,"parent":1878,"menu_order":0,"comment_status":"closed","ping_status":"closed","template":"","meta":{"inline_featured_image":false,"footnotes":""},"class_list":["post-1875","page","type-page","status-publish","hentry"],"_links":{"self":[{"href":"https:\/\/www.software-reuse.eu\/fr\/wp-json\/wp\/v2\/pages\/1875","targetHints":{"allow":["GET"]}}],"collection":[{"href":"https:\/\/www.software-reuse.eu\/fr\/wp-json\/wp\/v2\/pages"}],"about":[{"href":"https:\/\/www.software-reuse.eu\/fr\/wp-json\/wp\/v2\/types\/page"}],"author":[{"embeddable":true,"href":"https:\/\/www.software-reuse.eu\/fr\/wp-json\/wp\/v2\/users\/3"}],"replies":[{"embeddable":true,"href":"https:\/\/www.software-reuse.eu\/fr\/wp-json\/wp\/v2\/comments?post=1875"}],"version-history":[{"count":0,"href":"https:\/\/www.software-reuse.eu\/fr\/wp-json\/wp\/v2\/pages\/1875\/revisions"}],"up":[{"embeddable":true,"href":"https:\/\/www.software-reuse.eu\/fr\/wp-json\/wp\/v2\/pages\/1878"}],"wp:attachment":[{"href":"https:\/\/www.software-reuse.eu\/fr\/wp-json\/wp\/v2\/media?parent=1875"}],"curies":[{"name":"wp","href":"https:\/\/api.w.org\/{rel}","templated":true}]}}