{"id":46207,"date":"2023-07-26T23:10:05","date_gmt":"2023-07-26T21:10:05","guid":{"rendered":"https:\/\/swr1.wpenginepowered.com\/windows-server-lizenzen-gebraucht-kaufen\/"},"modified":"2023-07-30T13:35:54","modified_gmt":"2023-07-30T11:35:54","slug":"windows-server-lizenzen-gebraucht-kaufen","status":"publish","type":"page","link":"https:\/\/www.software-reuse.eu\/fr\/windows-server-lizenzen-gebraucht-kaufen\/","title":{"rendered":"Acheter des licences Windows Server d&#8217;occasion"},"content":{"rendered":"<section class=\" vc_custom_1607951484884\"><div class=\"container\"><div class=\"row\"><div class=\"wpb_column hcode-column-container  vc_custom_1576186422217 vc_col-sm-12 col-xs-mobile-fullwidth\" data-front-class=\" vc_custom_1576186422217 col-xs-mobile-fullwidth\"><div class=\"vc-column-innner-wrapper\">[vc_single_image image=\"14498\" img_size=\"full\" alignment=\"center\"]<\/div><\/div><\/div><\/div><\/section><section class=\" vc_custom_1608224915757\"><div class=\"container\"><div class=\"row\"><div class=\"wpb_column hcode-column-container  vc_custom_1576186422217 vc_col-sm-2 col-xs-mobile-fullwidth\" data-front-class=\" vc_custom_1576186422217 col-xs-mobile-fullwidth\"><div class=\"vc-column-innner-wrapper\"><\/div><\/div><div class=\"wpb_column hcode-column-container vc_col-sm-8 col-xs-mobile-fullwidth\" data-front-class=\"col-xs-mobile-fullwidth\"><div class=\"vc-column-innner-wrapper\"><div class=\"padding-three-bottom sm-padding-three-bottom xs-padding-three-tb\"><h1>Acheter des licences Microsoft Windows Server d'occasion<\/h1>\n<p>Nous \u00e9num\u00e9rons ici les points les plus importants dont vous devez tenir compte lors de l'achat de licences Microsoft Windows Server.<\/p>\n<\/div><div class=\"padding-three-bottom sm-padding-three-bottom xs-padding-three-tb\"><h2>Liste de contr\u00f4le des facteurs de d\u00e9cision:<\/h2>\n<ul>\n<li>Obtenez un aper\u00e7u des licences Windows Server que vous pouvez acheter aupr\u00e8s de Software ReUse<\/li>\n<li>Familiarisez-vous avec les am\u00e9liorations de fonctionnalit\u00e9s par suite bureautique<\/li>\n<li>V\u00e9rifier la compatibilit\u00e9 d'Office avec les versions Windows et Server<\/li>\n<li>Assurez-vous que vous utilisez les serveurs de terminaux - quelles licences d'achat conviennent?<\/li>\n<li>V\u00e9rifiez quel type de licence convient \u00e0 votre entreprise - PKC ou licences en volume?<\/li>\n<li>Comparez l'achat de licences Windows Server d'occasion avec les nouvelles licences avec Software Assurance<\/li>\n<li>V\u00e9rifier la p\u00e9riode de support<\/li>\n<li>Comparez le prix d'achat - les licences d'occasion sont nettement moins ch\u00e8res<\/li>\n<\/ul>\n<\/div>[vc_empty_space height=\"24px\"]<div class=\"padding-three-bottom sm-padding-three-bottom xs-padding-three-tb\"><h3>Licences Microsoft Windows Server que vous pouvez acheter d'occasion aupr\u00e8s de Software ReUse<\/h3>\n<p>Chez Software ReUse, vous pouvez d\u00e9j\u00e0 acheter les derni\u00e8res licences Microsoft Windows Server en tant que logiciels d'occasion. C'est parce que nous rachetons les stocks exc\u00e9dentaires des entreprises et des faillites. Vous pouvez trouver plus d'informations sur notre mod\u00e8le d'affaires <a href=\"\/?page_id=105\">ici<\/a>.<\/p>\n<\/div><\/div><\/div><div class=\"wpb_column hcode-column-container vc_col-sm-2 col-xs-mobile-fullwidth\" data-front-class=\"col-xs-mobile-fullwidth\"><div class=\"vc-column-innner-wrapper\"><\/div><\/div><\/div><\/div><\/section><section class=\" vc_custom_1608224871152\"><div class=\"container\"><div class=\"row\"><div class=\"wpb_column hcode-column-container  vc_custom_1576186422217 vc_col-sm-4 col-xs-mobile-fullwidth\" data-front-class=\" vc_custom_1576186422217 col-xs-mobile-fullwidth\"><div class=\"vc-column-innner-wrapper\"><h4 style=\"text-align: center;\"><strong>Microsoft Windows Server Standard 2019<\/strong><\/h4>\n[vc_single_image image=\"13414\" img_size=\"medium\" alignment=\"center\" onclick=\"custom_link\" link=\"https:\/\/www.software-reuse.eu\/fr\/software-kaufen\/windows-server-2019-lizenz-gebraucht-kaufen\/\"]<\/div><\/div><div class=\"wpb_column hcode-column-container vc_col-sm-4 col-xs-mobile-fullwidth\" data-front-class=\"col-xs-mobile-fullwidth\"><div class=\"vc-column-innner-wrapper\"><h4 style=\"text-align: center;\"><strong>Microsoft Windows Server Standard 2016<\/strong><\/h4>\n[vc_single_image image=\"13420\" img_size=\"medium\" alignment=\"center\" onclick=\"custom_link\" link=\"https:\/\/www.software-reuse.eu\/fr\/software-kaufen\/windows-server-2016-lizenz\/\"]<\/div><\/div><div class=\"wpb_column hcode-column-container vc_col-sm-4 col-xs-mobile-fullwidth\" data-front-class=\"col-xs-mobile-fullwidth\"><div class=\"vc-column-innner-wrapper\"><h4 style=\"text-align: center;\"><strong>Microsoft Windows Server Standard 2012 R2<br \/>\n<\/strong><\/h4>\n[vc_single_image image=\"12275\" img_size=\"medium\" alignment=\"center\" onclick=\"custom_link\" link=\"https:\/\/www.software-reuse.eu\/fr\/software-kaufen\/windows-server-2012-r2\/\"]<\/div><\/div><\/div><\/div><\/section><section class=\" vc_custom_1608224904339\"><div class=\"container\"><div class=\"row\"><div class=\"wpb_column hcode-column-container  vc_custom_1576186422217 vc_col-sm-2 col-xs-mobile-fullwidth\" data-front-class=\" vc_custom_1576186422217 col-xs-mobile-fullwidth\"><div class=\"vc-column-innner-wrapper\"><\/div><\/div><div class=\"wpb_column hcode-column-container vc_col-sm-8 col-xs-mobile-fullwidth\" data-front-class=\"col-xs-mobile-fullwidth\"><div class=\"vc-column-innner-wrapper\">[vc_empty_space height=\"24px\"]<h3>Am\u00e9liorations des fonctionnalit\u00e9s par version de serveur<\/h3>\n<p>Chaque nouvelle version de Windows Server apporte de nombreuses nouvelles fonctionnalit\u00e9s. Sur nos pages produits, vous trouverez des informations importantes sur les licences et des informations sur les fonctionnalit\u00e9s pour l'achat de licences <a href=\"\/?p=10236\">Windows Server 2019<\/a>, Windows Server 2016 et <a href=\"\/?p=817\">Windows Server 2012 R2 d'occasion<\/a>.<\/p>\n<\/div><\/div><div class=\"wpb_column hcode-column-container vc_col-sm-2 col-xs-mobile-fullwidth\" data-front-class=\"col-xs-mobile-fullwidth\"><div class=\"vc-column-innner-wrapper\"><\/div><\/div><\/div><\/div><\/section><section class=\" vc_custom_1608224904339\"><div class=\"container\"><div class=\"row\"><div class=\"wpb_column hcode-column-container  vc_custom_1576186422217 vc_col-sm-2 col-xs-mobile-fullwidth\" data-front-class=\" vc_custom_1576186422217 col-xs-mobile-fullwidth\"><div class=\"vc-column-innner-wrapper\"><\/div><\/div><div class=\"wpb_column hcode-column-container vc_col-sm-8 col-xs-mobile-fullwidth\" data-front-class=\"col-xs-mobile-fullwidth\"><div class=\"vc-column-innner-wrapper\">[vc_empty_space height=\"24px\"]<h3>Achetez des licences Microsoft Server d'occasion plut\u00f4t que de nouvelles licences avec Software Assurance<\/h3>\n<p>Si vous achetez un logiciel Microsoft avec la soi-disant \"Software Assurance\", vous recevrez g\u00e9n\u00e9ralement toutes les versions de mise \u00e0 jour qui apparaissent pendant cette p\u00e9riode dans les 3 ans. Vous payez g\u00e9n\u00e9ralement presque le double du nouveau prix pour cela et recevez un total de deux versions en fonction du cycle de mise \u00e0 jour.<\/p>\n<p>D'un autre c\u00f4t\u00e9, si vous achetez des licences Microsoft Windows Server d'occasion, vous payez nettement moins que le nouveau prix, il n'y a pas de frais <a href=\"https:\/\/www.microsoft.com\/fr-fr\/licensing\/default\" target=\"_blank\" rel=\"noopener\">annuels de Software Assurance<\/a> et vous n'\u00eates pas oblig\u00e9 d'installer une nouvelle version qui pourrait de toute fa\u00e7on ne pas correspondre \u00e0 votre cycle de mise \u00e0 jour interne. .<\/p>\n<\/div><\/div><div class=\"wpb_column hcode-column-container vc_col-sm-2 col-xs-mobile-fullwidth\" data-front-class=\"col-xs-mobile-fullwidth\"><div class=\"vc-column-innner-wrapper\"><\/div><\/div><\/div><\/div><\/section><section class=\" vc_custom_1631274373145\"><div class=\"container\"><div class=\"row\"><div class=\"wpb_column hcode-column-container vc_col-sm-12 col-xs-mobile-fullwidth\" data-front-class=\"col-xs-mobile-fullwidth\"><div class=\"vc-column-innner-wrapper\"><div class=\"padding-three-bottom sm-padding-three-bottom xs-padding-three-tb\"><h2 style=\"text-align: center;\">Rapports sur la r\u00e9utilisation des logiciels<\/h2>\n<\/div>[vc_raw_html]W2xvZ29zaG93Y2FzZSBjYXRfaWQ9IjI2IiBkb3RzPSJmYWxzZSJd[\/vc_raw_html]<\/div><\/div><\/div><\/div><\/section><section class=\" vc_custom_1608224904339\"><div class=\"container\"><div class=\"row\"><div class=\"wpb_column hcode-column-container  vc_custom_1576186422217 vc_col-sm-2 col-xs-mobile-fullwidth\" data-front-class=\" vc_custom_1576186422217 col-xs-mobile-fullwidth\"><div class=\"vc-column-innner-wrapper\"><\/div><\/div><div class=\"wpb_column hcode-column-container vc_col-sm-8 col-xs-mobile-fullwidth\" data-front-class=\"col-xs-mobile-fullwidth\"><div class=\"vc-column-innner-wrapper\">[vc_empty_space height=\"24px\"]<h3>Quel type de licence convient \u00e0 votre entreprise ? Licence en volume, constructeur de syst\u00e8me ou ROK?<\/h3>\n<p>Il existe plusieurs formes de distribution chez Microsoft, notamment les licences en volume et les OEM. Sans exception, nous recommandons l'utilisation de licences en volume pour les entreprises.<\/p>\n<p>Avec les licences en volume, vous recevrez une cl\u00e9 MAK et KMS <a href=\"\/?page_id=1721\">uniforme de Software ReUse, y compris tous les documents requis pour le transfert de licence conforme \u00e0 l'UE<\/a>. Cela vous permet d'\u00e9conomiser des efforts administratifs consid\u00e9rables et \u00e9galement de mani\u00e8re significative par rapport au nouveau prix.<\/p>\n<\/div><\/div><div class=\"wpb_column hcode-column-container vc_col-sm-2 col-xs-mobile-fullwidth\" data-front-class=\"col-xs-mobile-fullwidth\"><div class=\"vc-column-innner-wrapper\"><\/div><\/div><\/div><\/div><\/section><section class=\" vc_custom_1608224904339\"><div class=\"container\"><div class=\"row\"><div class=\"wpb_column hcode-column-container  vc_custom_1576186422217 vc_col-sm-2 col-xs-mobile-fullwidth\" data-front-class=\" vc_custom_1576186422217 col-xs-mobile-fullwidth\"><div class=\"vc-column-innner-wrapper\"><\/div><\/div><div class=\"wpb_column hcode-column-container vc_col-sm-8 col-xs-mobile-fullwidth\" data-front-class=\"col-xs-mobile-fullwidth\"><div class=\"vc-column-innner-wrapper\">[vc_empty_space height=\"24px\"]<h3>Prise en charge \u00e9tendue des licences de serveur Microsoft<\/h3>\n<p>Comme pour Microsoft Office et d'autres produits, Microsoft accorde un support \u00e9tendu pour ses licences de serveur Microsoft pendant 10 ans apr\u00e8s la sortie. Parfois, cela est m\u00eame prolong\u00e9. Si vous n'avez pas besoin des derni\u00e8res fonctionnalit\u00e9s, l'utilisation d'anciennes versions est s\u00fbre et nettement moins ch\u00e8re que la derni\u00e8re version.<\/p>\n<\/div><\/div><div class=\"wpb_column hcode-column-container vc_col-sm-2 col-xs-mobile-fullwidth\" data-front-class=\"col-xs-mobile-fullwidth\"><div class=\"vc-column-innner-wrapper\"><\/div><\/div><\/div><\/div><\/section><section class=\" vc_custom_1607951484884\"><div class=\"container\"><div class=\"row\"><div class=\"wpb_column hcode-column-container  vc_custom_1576186422217 vc_col-sm-12 col-xs-mobile-fullwidth\" data-front-class=\" vc_custom_1576186422217 col-xs-mobile-fullwidth\"><div class=\"vc-column-innner-wrapper\"><p style=\"text-align: center;\">\n<table id=\"tablepress-18\" class=\"tablepress tablepress-id-18\">\n<tbody class=\"row-striping row-hover\">\n<tr class=\"row-1\">\n\t<td class=\"column-1\"><strong>Windows Server-Release<\/strong><\/td><td class=\"column-2\"><strong>Mainstream-Support<\/strong><\/td><td class=\"column-3\"><strong>Erweiterter Support<\/strong><\/td>\n<\/tr>\n<tr class=\"row-2\">\n\t<td class=\"column-1\">Windows Server 2019<\/td><td class=\"column-2\">09.01.2024<\/td><td class=\"column-3\">09.01.2029<\/td>\n<\/tr>\n<tr class=\"row-3\">\n\t<td class=\"column-1\">Windows Server 2016<\/td><td class=\"column-2\">11.01.2022<\/td><td class=\"column-3\">12.01.2027<\/td>\n<\/tr>\n<tr class=\"row-4\">\n\t<td class=\"column-1\">Windows Server 2012 R2<\/td><td class=\"column-2\">19.10.2018<\/td><td class=\"column-3\">10.10.2023<\/td>\n<\/tr>\n<tr class=\"row-5\">\n\t<td class=\"column-1\">Windows Server 2012<\/td><td class=\"column-2\">19.10.2018<\/td><td class=\"column-3\">10.10.2023<\/td>\n<\/tr>\n<tr class=\"row-6\">\n\t<td class=\"column-1\">Windows Server 2008 R2 Service Pack 1<\/td><td class=\"column-2\">13.01.2015<\/td><td class=\"column-3\">14.01.2020<\/td>\n<\/tr>\n<\/tbody>\n<\/table>\n<!-- #tablepress-18 from cache --><\/p>\n<\/div><\/div><\/div><\/div><\/section><section class=\" vc_custom_1607951484884\"><div class=\"container\"><div class=\"row\"><div class=\"wpb_column hcode-column-container  vc_custom_1576186422217 vc_col-sm-2 col-xs-mobile-fullwidth\" data-front-class=\" vc_custom_1576186422217 col-xs-mobile-fullwidth\"><div class=\"vc-column-innner-wrapper\"><\/div><\/div><div class=\"wpb_column hcode-column-container vc_col-sm-8 col-xs-mobile-fullwidth\" data-front-class=\"col-xs-mobile-fullwidth\"><div class=\"vc-column-innner-wrapper\"><h3>Prix \u200b\u200bd'achat - les licences d'occasion sont nettement moins ch\u00e8res<\/h3>\n<p>Selon l'\u00e2ge de la version, vous pouvez acheter jusqu'\u00e0 75 % de r\u00e9duction sur le nouveau prix. Un logiciel ne vieillit pas et vous avez les m\u00eames droits que lorsque vous l'avez achet\u00e9 neuf.<\/p>\n<p>Nous esp\u00e9rons avoir pu vous donner un bon aper\u00e7u des diff\u00e9rentes versions de Windows Server. Plus de d\u00e9tails peuvent \u00eatre trouv\u00e9s sur les pages produit respectives pour les versions suivantes de Windows Server :<\/p>\n<ul>\n<li><a href=\"\/?p=10236\">Serveur Windows 2019<\/a><\/li>\n<li>Serveur Windows 2016<\/li>\n<li><a href=\"\/?p=817\">Windows Serveur 2012 R2<\/a><\/li>\n<\/ul>\n<\/div><\/div><div class=\"wpb_column hcode-column-container vc_col-sm-2 col-xs-mobile-fullwidth\" data-front-class=\"col-xs-mobile-fullwidth\"><div class=\"vc-column-innner-wrapper\"><\/div><\/div><\/div><\/div><\/section><section class=\" vc_custom_1607951096878\"><div class=\"container\"><div class=\"row\"><div class=\"wpb_column hcode-column-container  vc_custom_1576186422217 vc_col-sm-12 col-xs-mobile-fullwidth\" data-front-class=\" vc_custom_1576186422217 col-xs-mobile-fullwidth\"><div class=\"vc-column-innner-wrapper\"><h2 style=\"text-align: center;\">100 % conforme \u00e0 l'UE: Achetez des logiciels d'occasion aupr\u00e8s de Software ReUse!<\/h2>\n<p style=\"text-align: center;\">\nSi vous avez des questions juridiques, vous pouvez trouver plus <a href=\"\/?page_id=1721\">d'informations sur le transfert de licence conforme \u00e0 la l\u00e9gislation de l'UE<\/a> ici.<\/p>\n<p style=\"text-align: center;\">L'\u00e9quipe Software ReUse se fera un plaisir de vous conseiller personnellement !<br \/>\nT\u00e9l\u00e9phone : +43 1 997 27 87-10<\/p>\n<\/div><\/div><\/div><\/div><\/section><section><div class=\"container\"><div class=\"row\"><div class=\"wpb_column hcode-column-container vc_col-sm-2 col-xs-mobile-fullwidth\" data-front-class=\"col-xs-mobile-fullwidth\"><div class=\"vc-column-innner-wrapper\"><\/div><\/div><div class=\"wpb_column hcode-column-container vc_col-sm-8 col-xs-mobile-fullwidth\" data-front-class=\"col-xs-mobile-fullwidth\"><div class=\"vc-column-innner-wrapper\"><h2 style=\"text-align: center;\">Voulez-vous des licences de serveur Microsoft - ou les vendez-vous?<br \/>\nEnvoyez-nous une demande sans engagement!<\/h2>\n[vc_empty_space height=\"24px\"][vc_btn title=\"Nous sommes heureux de vous aider\" shape=\"square\" align=\"center\" link=\"url:https%3A%2F%2Fwww.software-reuse.eu%2Ffr%2Fcontact%2F|\" el_class=\"primary-button\"]<\/div><\/div><div class=\"wpb_column hcode-column-container vc_col-sm-2 col-xs-mobile-fullwidth\" data-front-class=\"col-xs-mobile-fullwidth\"><div class=\"vc-column-innner-wrapper\"><\/div><\/div><\/div><\/div><\/section>","protected":false},"excerpt":{"rendered":"<p>[vc_single_image image=&#8221;14498&#8243; img_size=&#8221;full&#8221; alignment=&#8221;center&#8221;]Acheter des licences Microsoft Windows Server d&#8217;occasion Nous \u00e9num\u00e9rons ici les points les plus importants dont vous devez tenir compte lors de l&#8217;achat de licences Microsoft Windows Server. Liste de contr\u00f4le des facteurs de d\u00e9cision: Obtenez un aper\u00e7u des licences Windows Server que vous pouvez acheter aupr\u00e8s de Software ReUse Familiarisez-vous avec [&hellip;]<\/p>\n","protected":false},"author":19,"featured_media":14498,"parent":0,"menu_order":0,"comment_status":"closed","ping_status":"closed","template":"","meta":{"inline_featured_image":false,"footnotes":""},"class_list":["post-46207","page","type-page","status-publish","has-post-thumbnail","hentry"],"_links":{"self":[{"href":"https:\/\/www.software-reuse.eu\/fr\/wp-json\/wp\/v2\/pages\/46207","targetHints":{"allow":["GET"]}}],"collection":[{"href":"https:\/\/www.software-reuse.eu\/fr\/wp-json\/wp\/v2\/pages"}],"about":[{"href":"https:\/\/www.software-reuse.eu\/fr\/wp-json\/wp\/v2\/types\/page"}],"author":[{"embeddable":true,"href":"https:\/\/www.software-reuse.eu\/fr\/wp-json\/wp\/v2\/users\/19"}],"replies":[{"embeddable":true,"href":"https:\/\/www.software-reuse.eu\/fr\/wp-json\/wp\/v2\/comments?post=46207"}],"version-history":[{"count":0,"href":"https:\/\/www.software-reuse.eu\/fr\/wp-json\/wp\/v2\/pages\/46207\/revisions"}],"wp:featuredmedia":[{"embeddable":true,"href":"https:\/\/www.software-reuse.eu\/fr\/wp-json\/wp\/v2\/media\/14498"}],"wp:attachment":[{"href":"https:\/\/www.software-reuse.eu\/fr\/wp-json\/wp\/v2\/media?parent=46207"}],"curies":[{"name":"wp","href":"https:\/\/api.w.org\/{rel}","templated":true}]}}