{"id":46265,"date":"2023-07-26T23:55:42","date_gmt":"2023-07-26T21:55:42","guid":{"rendered":"https:\/\/swr1.wpenginepowered.com\/gebrauchte-software-lizenzen-gutscheine-und-aktionen\/"},"modified":"2024-07-10T15:04:39","modified_gmt":"2024-07-10T13:04:39","slug":"gebrauchte-software-lizenzen-gutscheine-und-aktionen","status":"publish","type":"page","link":"https:\/\/www.software-reuse.eu\/fr\/gutscheine-rabattcodes-und-aktionen\/","title":{"rendered":"Bons d&#8217;achat, codes de r\u00e9duction et promotions"},"content":{"rendered":"<section class=\" vc_custom_1608028489181\"><div class=\"container\"><div class=\"row\"><div class=\"wpb_column hcode-column-container vc_col-sm-12 col-xs-mobile-fullwidth\" data-front-class=\"col-xs-mobile-fullwidth\"><div class=\"vc-column-innner-wrapper\">[vc_single_image image=\"13797\" img_size=\"full\" alignment=\"center\"]<\/div><\/div><\/div><\/div><\/section><section class=\" vc_custom_1608028579009\"><div class=\"container\"><div class=\"row\"><div class=\"wpb_column hcode-column-container vc_col-sm-2 col-xs-mobile-fullwidth\" data-front-class=\"col-xs-mobile-fullwidth\"><div class=\"vc-column-innner-wrapper\"><\/div><\/div><div class=\"wpb_column hcode-column-container vc_col-sm-8 col-xs-mobile-fullwidth\" data-front-class=\"col-xs-mobile-fullwidth\"><div class=\"vc-column-innner-wrapper\"><h1>Promotion: Licence pour logiciel d'occasion - obtenez d\u00e8s maintenant un bon pour Adobe InDesign CS6 ou Office Professional Plus - jusqu'\u00e0 \u00e9puisement des stocks!<\/h1>\n<p>Ne donnez pas d'argent\u00a0: vous pouvez \u00e9conomiser de l'argent avec des licences de logiciels d'occasion. Obtenez votre bon d\u00e8s maintenant et \u00e9conomisez jusqu'\u00e0 200 \u20ac sur des prix d\u00e9j\u00e0 r\u00e9duits !<\/p>\n<\/div><\/div><div class=\"wpb_column hcode-column-container vc_col-sm-2 col-xs-mobile-fullwidth\" data-front-class=\"col-xs-mobile-fullwidth\"><div class=\"vc-column-innner-wrapper\"><\/div><\/div><\/div><\/div><\/section><section class=\" vc_custom_1619788030124 row-equal-height row-content-middle\"><div class=\"container\"><div class=\"row hcode-row-flex\"><div class=\"wpb_column hcode-column-container vc_col-sm-6 col-xs-mobile-fullwidth\" data-front-class=\"col-xs-mobile-fullwidth\"><div class=\"vc-column-innner-wrapper\"><h2>Licence en volume Microsoft Office 2019: coupon de 10 %<\/h2>\n<p>Office 2019 est la derni\u00e8re version hors ligne de la suite Office. Software ReUse propose d\u00e9j\u00e0 des licences en volume Office 2019 d'occasion pour votre entreprise \u00e0 faible co\u00fbt, vous mettant \u00e0 jour.Vous \u00e9conomisez significativement par rapport au nouveau prix ! Apr\u00e8s l'achat, vous pouvez t\u00e9l\u00e9charger les licences 32 bits et 64 bits, les installer et les activer imm\u00e9diatement avec notre cl\u00e9 de produit.<\/p>\n<p>Avec le bon Software ReUse, vous pouvez d\u00e9sormais \u00e9conomiser 10 % sur votre licence en volume Microsoft Office 2016!<\/p>\n<h3>Votre code de r\u00e9duction: Office-10<\/h3>\n[vc_btn title=\"Vers le produit\" shape=\"square\" css_animation=\"none\" link=\"url:%2F%3Fproduct_cat%3Doffice-professional-plus-2019-lizenz|\" el_class=\"primary-button\"]<\/div><\/div><div class=\"wpb_column hcode-column-container vc_col-sm-6 col-xs-mobile-fullwidth\" data-front-class=\"col-xs-mobile-fullwidth\"><div class=\"vc-column-innner-wrapper\">[vc_single_image image=\"12421\" img_size=\"full\" alignment=\"center\" onclick=\"custom_link\" link=\"\/?product_cat=office-professional-plus-2019-lizenz\"]<\/div><\/div><\/div><\/div><\/section><section class=\" vc_custom_1619788035384 row-equal-height row-content-middle\"><div class=\"container\"><div class=\"row hcode-row-flex\"><div class=\"wpb_column hcode-column-container vc_col-sm-6 col-xs-mobile-fullwidth\" data-front-class=\"col-xs-mobile-fullwidth\"><div class=\"vc-column-innner-wrapper\">[vc_single_image image=\"12225\" img_size=\"full\" alignment=\"center\" onclick=\"custom_link\" link=\"https:\/\/www.software-reuse.eu\/fr\/shop\/office\/office-2016-licences-en-volume\/\"]<\/div><\/div><div class=\"wpb_column hcode-column-container vc_col-sm-6 col-xs-mobile-fullwidth\" data-front-class=\"col-xs-mobile-fullwidth\"><div class=\"vc-column-innner-wrapper\"><h2>Licence en volume Microsoft Office 2016: coupon de 10 %<\/h2>\n<p>Microsoft Office 2016 Professional Plus est le tout-rond abordable pour votre entreprise. Chez Software ReUse, nous vous proposons des licences en volume peu co\u00fbteuses - y compris toutes les applications Office de Word, Excel, Power Point, One Note et Outlook \u00e0 Publisher, Access et Skype Entreprise.<\/p>\n<p>Avec le bon Software ReUse, vous pouvez d\u00e9sormais \u00e9conomiser 10 % sur votre licence en volume Microsoft Office 2016!<\/p>\n<h3><span style=\"color: #ff0000;\">Ihr Rabattcode: Office-10<\/span><\/h3>\n[vc_btn title=\"Vers le produit\" shape=\"square\" css_animation=\"none\" link=\"url:%2F%3Fproduct_cat%3Doffice-professional-plus-2016-lizenz|\" el_class=\"primary-button\"]<\/div><\/div><\/div><\/div><\/section><section class=\" vc_custom_1619788044828 row-equal-height row-content-middle\"><div class=\"container\"><div class=\"row hcode-row-flex\"><div class=\"wpb_column hcode-column-container vc_col-sm-6 col-xs-mobile-fullwidth\" data-front-class=\"col-xs-mobile-fullwidth\"><div class=\"vc-column-innner-wrapper\"><h2>Adobe Creative Suite 6 Design Standard et Design &amp; Web Premium: bon de 200 \u20ac<\/h2>\n<p>Adobe Creative Suite est le progiciel complet pour les graphistes, designers et illustrateurs. En plus de Photoshop, inDesign et Illustrator, il contient \u00e9galement la version professionnelle du c\u00e9l\u00e8bre outil PDF Acrobat Reader : Acrobat X Pro. De plus, vous obtenez le convertisseur vid\u00e9o Media Encoder et Acrobat Bridge pour la gestion centralis\u00e9e des fichiers multim\u00e9dias. Lors de l'achat de la licence d'Adobe Creative Suite, vous ne payez pas de frais d'utilisation mensuels, mais un prix unique.<\/p>\n<p>Avec le bon Software ReUse, vous pouvez d\u00e9sormais \u00e9conomiser 200 \u20ac sur votre licence Adobe Creative Suite 6!<\/p>\n<h3><span style=\"color: #ff0000;\">Ihr Rabattcode: CS6-200<\/span><\/h3>\n[vc_btn title=\"Vers le produit\" shape=\"square\" css_animation=\"none\" link=\"url:https%3A%2F%2Fwww.software-reuse.eu%2Ffr%2Fshop%2Fadobe%2Fadobe-creative-suite-6%2F|\" el_class=\"primary-button\"]<\/div><\/div><div class=\"wpb_column hcode-column-container vc_col-sm-6 col-xs-mobile-fullwidth\" data-front-class=\"col-xs-mobile-fullwidth\"><div class=\"vc-column-innner-wrapper\">[vc_single_image image=\"12416\" img_size=\"full\" add_caption=\"yes\" alignment=\"center\" onclick=\"custom_link\" link=\"https:\/\/www.software-reuse.eu\/fr\/shop\/adobe\/adobe-creative-suite-6\/\"]<\/div><\/div><\/div><\/div><\/section><section class=\"row-equal-height row-content-middle\"><div class=\"container\"><div class=\"row hcode-row-flex\"><div class=\"wpb_column hcode-column-container vc_col-sm-6 col-xs-mobile-fullwidth\" data-front-class=\"col-xs-mobile-fullwidth\"><div class=\"vc-column-innner-wrapper\">[vc_single_image image=\"12431\" img_size=\"full\" add_caption=\"yes\" alignment=\"center\" onclick=\"custom_link\" link=\"\/?product_cat=mac\"]<\/div><\/div><div class=\"wpb_column hcode-column-container vc_col-sm-6 col-xs-mobile-fullwidth\" data-front-class=\"col-xs-mobile-fullwidth\"><div class=\"vc-column-innner-wrapper\"><h2>Adobe InDesign CS6: Bon de 100 \u20ac<\/h2>\n<p>Adobe InDesign est le logiciel le plus populaire et le plus utilis\u00e9 pour la mise en page et l'\u00e9dition - en particulier pour la cr\u00e9ation de magazines, de livres, de journaux et de tout autre format d'impression. Votre avantage lors de l'achat d'une licence unique par rapport \u00e0 un abonnement mensuel est que vous \u00e9conomisez des co\u00fbts logiciels permanents\u00a0!<\/p>\n<p>Obtenez le bon Software ReUse d\u00e8s aujourd'hui et \u00e9conomisez 100 \u20ac suppl\u00e9mentaires sur votre licence Adobe InDesign CS6!<\/p>\n<h3><span style=\"color: #ff0000;\">Ihr Rabattcode: IDCS6-100<\/span><\/h3>\n[vc_btn title=\"Vers le produit\" shape=\"square\" link=\"url:%2F%3Fproduct_cat%3Dmac|\" el_class=\"primary-button\"]<\/div><\/div><\/div><\/div><\/section><section class=\"hide  vc_custom_1619788059243 row-equal-height row-content-middle\"><div class=\"container\"><div class=\"row hcode-row-flex\"><div class=\"wpb_column hcode-column-container vc_col-sm-6 col-xs-mobile-fullwidth\" data-front-class=\"col-xs-mobile-fullwidth\"><div class=\"vc-column-innner-wrapper\">[vc_single_image image=\"12431\" img_size=\"full\" add_caption=\"yes\" alignment=\"center\" onclick=\"custom_link\" link=\"\/?product_cat=mac\"]<\/div><\/div><div class=\"wpb_column hcode-column-container vc_col-sm-6 col-xs-mobile-fullwidth\" data-front-class=\"col-xs-mobile-fullwidth\"><div class=\"vc-column-innner-wrapper\"><h2>Adobe InDesign CS6: 10 % de r\u00e9duction<\/h2>\n<p>Adobe InDesign est le logiciel le plus populaire et le plus utilis\u00e9 pour la mise en page et l'\u00e9dition - en particulier pour la cr\u00e9ation de magazines, de livres, de journaux et de tout autre format d'impression. Votre avantage lors de l'achat d'une licence unique par rapport \u00e0 un abonnement mensuel est que vous \u00e9conomisez des co\u00fbts logiciels permanents!<\/p>\n<p>Obtenez le bon Software ReUse d\u00e8s aujourd'hui et \u00e9conomisez 10 % suppl\u00e9mentaires sur votre licence Adobe InDesign CS6 !<\/p>\n<h3><span style=\"color: #ff0000;\">Ihr Rabattcode: InDesign-10<\/span><\/h3>\n[vc_btn title=\"Vers le produit\" shape=\"square\" link=\"url:%2F%3Fproduct_cat%3Dmac|\" el_class=\"primary-button\"]<\/div><\/div><\/div><\/div><\/section><section class=\"row-equal-height row-content-middle\"><div class=\"container\"><div class=\"row hcode-row-flex\"><div class=\"wpb_column hcode-column-container vc_col-sm-6 col-xs-mobile-fullwidth\" data-front-class=\"col-xs-mobile-fullwidth\"><div class=\"vc-column-innner-wrapper\"><h2>Adobe Photoshop CS6: Coupon de 50 \u20ac<\/h2>\n<p>Adobe Photoshop est le tout-rond dans le domaine graphique - LE logiciel pour la conception, le traitement d'image et la retouche. R\u00e9duisez vos d\u00e9penses mensuelles en achetant une licence de logiciel d'occasion!<\/p>\n<p>\u00c9conomisez 50 \u20ac sur votre licence Adobe Photoshop CS6 maintenant avec le bon Software ReUse !<\/p>\n<h3><span style=\"color: #ff0000;\">Ihr Rabattcode: PSCS6-50<\/span><\/h3>\n[vc_btn title=\"Vers le produit\" shape=\"square\" link=\"url:https%3A%2F%2Fwww.software-reuse.eu%2Ffr%2Fshop%2Fadobe%2Fphotoshop-cs6%2F|\" el_class=\"primary-button\"]<\/div><\/div><div class=\"wpb_column hcode-column-container vc_col-sm-6 col-xs-mobile-fullwidth\" data-front-class=\"col-xs-mobile-fullwidth\"><div class=\"vc-column-innner-wrapper\">[vc_single_image image=\"12436\" img_size=\"full\" add_caption=\"yes\" alignment=\"center\" onclick=\"custom_link\" link=\"https:\/\/www.software-reuse.eu\/fr\/shop\/adobe\/photoshop-cs6\/\"]<\/div><\/div><\/div><\/div><\/section><section class=\" vc_custom_1608028326240\"><div class=\"container\"><div class=\"row\"><div class=\"wpb_column hcode-column-container  vc_custom_1581187246887 vc_col-sm-12 col-xs-mobile-fullwidth\" data-front-class=\" vc_custom_1581187246887 col-xs-mobile-fullwidth\"><div class=\"vc-column-innner-wrapper\"><h2 style=\"text-align: center;\">Acc\u00e9der au produitReporting on Software ReUse<\/h2>\n[vc_raw_html css=\".vc_custom_1608027924156{padding-top: 10px !important;padding-bottom: 20px !important;}\"]W2xvZ29zaG93Y2FzZSBjYXRfaWQ9IjI2IiBkb3RzPSJmYWxzZSJd[\/vc_raw_html]<\/div><\/div><\/div><\/div><\/section><section><div class=\"container\"><div class=\"row\"><div class=\"wpb_column hcode-column-container vc_col-sm-12 col-xs-mobile-fullwidth\" data-front-class=\"col-xs-mobile-fullwidth\"><div class=\"vc-column-innner-wrapper\"><h2 style=\"text-align: center;\">Vous souhaitez acheter un logiciel d'occasion ? Nous vous enverrons une offre individuelle !<\/h2>\n[vc_empty_space height=\"24px\"]<div class=\"hcode-inner-row\"><div class=\"wpb_column hcode-column-container vc_col-sm-6 col-xs-mobile-fullwidth\" data-front-class=\"col-xs-mobile-fullwidth\"><div class=\"vc-column-innner-wrapper\">[vc_single_image image=\"7623\" img_size=\"full\"]<\/div><\/div><div class=\"wpb_column hcode-column-container vc_col-sm-6 col-xs-mobile-fullwidth\" data-front-class=\"col-xs-mobile-fullwidth\"><div class=\"vc-column-innner-wrapper\">\n<div class=\"wpcf7 no-js\" id=\"wpcf7-f54410-o1\" lang=\"fr-FR\" dir=\"ltr\" data-wpcf7-id=\"54410\">\n<div class=\"screen-reader-response\"><p role=\"status\" aria-live=\"polite\" aria-atomic=\"true\"><\/p> <ul><\/ul><\/div>\n<form action=\"\/fr\/wp-json\/wp\/v2\/pages\/46265#wpcf7-f54410-o1\" method=\"post\" class=\"wpcf7-form init\" aria-label=\"Formulaire de contact\" novalidate=\"novalidate\" data-status=\"init\">\n<fieldset class=\"hidden-fields-container\"><input type=\"hidden\" name=\"_wpcf7\" value=\"54410\" \/><input type=\"hidden\" name=\"_wpcf7_version\" value=\"6.1.1\" \/><input type=\"hidden\" name=\"_wpcf7_locale\" value=\"fr_FR\" \/><input type=\"hidden\" name=\"_wpcf7_unit_tag\" value=\"wpcf7-f54410-o1\" \/><input type=\"hidden\" name=\"_wpcf7_container_post\" value=\"0\" \/><input type=\"hidden\" name=\"_wpcf7_posted_data_hash\" value=\"\" \/>\n<\/fieldset>\n<div>\n\t<p><label> Civilit\u00e9*<br \/>\n<span class=\"wpcf7-form-control-wrap\" data-name=\"discours\"><select class=\"wpcf7-form-control wpcf7-select wpcf7-validates-as-required\" aria-required=\"true\" aria-invalid=\"false\" name=\"discours\"><option value=\"M.\">M.<\/option><option value=\"Mme\">Mme<\/option><option value=\"Soci\u00e9t\u00e9\">Soci\u00e9t\u00e9<\/option><\/select><\/span><\/label>\n\t<\/p>\n\t<p><label> Votre nom*<br \/>\n<span class=\"wpcf7-form-control-wrap\" data-name=\"your-name\"><input size=\"40\" maxlength=\"400\" class=\"wpcf7-form-control wpcf7-text wpcf7-validates-as-required\" aria-required=\"true\" aria-invalid=\"false\" value=\"\" type=\"text\" name=\"your-name\" \/><\/span> <\/label>\n\t<\/p>\n<\/div>\n<p><label> Le nom de votre entreprise<br \/>\n<span class=\"wpcf7-form-control-wrap\" data-name=\"your-company\"><input size=\"40\" maxlength=\"400\" class=\"wpcf7-form-control wpcf7-text\" aria-invalid=\"false\" value=\"\" type=\"text\" name=\"your-company\" \/><\/span> <\/label>\n<\/p>\n<div>\n\t<p><label> Votre adresse \u00e9lectronique*<br \/>\n<span class=\"wpcf7-form-control-wrap\" data-name=\"your-email\"><input size=\"40\" maxlength=\"400\" class=\"wpcf7-form-control wpcf7-email wpcf7-validates-as-required wpcf7-text wpcf7-validates-as-email\" aria-required=\"true\" aria-invalid=\"false\" value=\"\" type=\"email\" name=\"your-email\" \/><\/span> <\/label>\n\t<\/p>\n\t<p><label>T\u00e9l\u00e9phone*<br \/>\n<span class=\"wpcf7-form-control-wrap\" data-name=\"telefon\"><input size=\"40\" maxlength=\"400\" class=\"wpcf7-form-control wpcf7-tel wpcf7-validates-as-required wpcf7-text wpcf7-validates-as-tel\" aria-required=\"true\" aria-invalid=\"false\" value=\"\" type=\"tel\" name=\"telefon\" \/><\/span><\/label>\n\t<\/p>\n<\/div>\n<div>\n\t<p><label> Budget<br \/>\n<span class=\"wpcf7-form-control-wrap\" data-name=\"budget\"><select class=\"wpcf7-form-control wpcf7-select\" aria-invalid=\"false\" name=\"budget\"><option value=\"Pas de r\u00e9ponse\">Pas de r\u00e9ponse<\/option><option value=\"0-1.000 \u20ac\">0-1.000 \u20ac<\/option><option value=\"1.000-5.000 \u20ac\">1.000-5.000 \u20ac<\/option><option value=\"5.000-10.000 \u20ac\">5.000-10.000 \u20ac<\/option><option value=\"plus de 10.000 \u20ac\">plus de 10.000 \u20ac<\/option><\/select><\/span><\/label>\n\t<\/p>\n\t<p><label> Quantit\u00e9<br \/>\n<span class=\"wpcf7-form-control-wrap\" data-name=\"budget\"><select class=\"wpcf7-form-control wpcf7-select\" aria-invalid=\"false\" name=\"budget\"><option value=\"1-10\">1-10<\/option><option value=\"11-50\">11-50<\/option><option value=\"101-1000\">101-1000<\/option><option value=\"1000+\">1000+<\/option><\/select><\/span><\/label>\n\t<\/p>\n<\/div>\n<p><label> Client final\/revendeur<\/label><br \/>\n<span class=\"wpcf7-form-control-wrap\" data-name=\"kunde\"><span class=\"wpcf7-form-control wpcf7-radio\"><span class=\"wpcf7-list-item first\"><label><input type=\"radio\" name=\"kunde\" value=\"Pas de r\u00e9ponse\" checked=\"checked\" \/><span class=\"wpcf7-list-item-label\">Pas de r\u00e9ponse<\/span><\/label><\/span><span class=\"wpcf7-list-item\"><label><input type=\"radio\" name=\"kunde\" value=\"Client final\" \/><span class=\"wpcf7-list-item-label\">Client final<\/span><\/label><\/span><span class=\"wpcf7-list-item last\"><label><input type=\"radio\" name=\"kunde\" value=\"Revendeur\" \/><span class=\"wpcf7-list-item-label\">Revendeur<\/span><\/label><\/span><\/span><\/span><br \/>\n<span id=\"wpcf7-69d0bf1ad837a-wrapper\" class=\"wpcf7-form-control-wrap honeypot-100-wrap\" style=\"display:none !important; visibility:hidden !important;\"><label for=\"wpcf7-69d0bf1ad837a-field\" class=\"hp-message\">Veuillez laisser ce champ vide.<\/label><input id=\"wpcf7-69d0bf1ad837a-field\"  class=\"wpcf7-form-control wpcf7-text\" type=\"text\" name=\"honeypot-100\" value=\"\" size=\"40\" tabindex=\"-1\" autocomplete=\"new-password\" \/><\/span><br \/>\n<label> Produits<br \/>\n<span class=\"wpcf7-form-control-wrap\" data-name=\"produkte\"><select class=\"wpcf7-form-control wpcf7-select\" aria-invalid=\"false\" name=\"produkte\"><option value=\"Aucune indication\">Aucune indication<\/option><option value=\"Microsoft Office\">Microsoft Office<\/option><option value=\"Microsoft Windows\">Microsoft Windows<\/option><option value=\"Microsoft SQL Server und CALs\">Microsoft SQL Server und CALs<\/option><option value=\"Microsoft Windows Server und CALs\">Microsoft Windows Server und CALs<\/option><option value=\"Microsoft Exchange Server und CALs\">Microsoft Exchange Server und CALs<\/option><option value=\"Microsoft (autres licences)\">Microsoft (autres licences)<\/option><option value=\"Adobe Acrobat\">Adobe Acrobat<\/option><option value=\"Adobe CS6 Programme\">Adobe CS6 Programme<\/option><option value=\"Autodesk-Produkte\">Autodesk-Produkte<\/option><option value=\"VMware\">VMware<\/option><\/select><\/span><\/label>\n<\/p>\n<p><label> Sujet*<br \/>\n<span class=\"wpcf7-form-control-wrap\" data-name=\"subject\"><select class=\"wpcf7-form-control wpcf7-select wpcf7-validates-as-required\" aria-required=\"true\" aria-invalid=\"false\" name=\"subject\"><option value=\"Conseil de licence sans engagement\">Conseil de licence sans engagement<\/option><option value=\"Question concernant l&#039;achat\/la vente\">Question concernant l&#039;achat\/la vente<\/option><option value=\"Souhaits\/suggestions\">Souhaits\/suggestions<\/option><option value=\"Inscription en tant que partenaire (revendeur)\">Inscription en tant que partenaire (revendeur)<\/option><option value=\"Questions concernant la facture\">Questions concernant la facture<\/option><option value=\"Offre personnalis\u00e9e\">Offre personnalis\u00e9e<\/option><option value=\"Autres questions\">Autres questions<\/option><\/select><\/span> <\/label>\n<\/p>\n<p><label> Votre demande<br \/>\n<span class=\"wpcf7-form-control-wrap\" data-name=\"message\"><textarea cols=\"40\" rows=\"10\" maxlength=\"2000\" class=\"wpcf7-form-control wpcf7-textarea\" aria-invalid=\"false\" name=\"message\"><\/textarea><\/span> <\/label>\n<\/p>\n<p><label>Comment avez-vous entendu parler de nous ?<br \/>\n<span class=\"wpcf7-form-control-wrap\" data-name=\"wie-erfahren\"><input size=\"40\" maxlength=\"400\" class=\"wpcf7-form-control wpcf7-text\" aria-invalid=\"false\" value=\"\" type=\"text\" name=\"wie-erfahren\" \/><\/span><\/label>\n<\/p>\n<p><!-- Mailchimp for WordPress v4.10.7 - https:\/\/www.mc4wp.com\/ --><input type=\"hidden\" name=\"_mc4wp_subscribe_contact-form-7\" value=\"0\" \/><span class=\"mc4wp-checkbox mc4wp-checkbox-contact-form-7 \"><label><input type=\"checkbox\" name=\"_mc4wp_subscribe_contact-form-7\" value=\"1\" ><span>Ich m\u00f6chte den Software ReUse-Newsletter bekommen, um laufend \u00fcber Sonderangebote informiert zu werden. Dies kann jederzeit widerrufen werden. <\/span><\/label><\/span><!-- \/ Mailchimp for WordPress -->\n<\/p>\n<div class=\"f-dsgvo\">\n\t<p><span class=\"wpcf7-form-control-wrap\" data-name=\"acceptance-534\"><span class=\"wpcf7-form-control wpcf7-acceptance\"><span class=\"wpcf7-list-item\"><label><input type=\"checkbox\" name=\"acceptance-534\" value=\"1\" aria-invalid=\"false\" \/><span class=\"wpcf7-list-item-label\">* J'ai pris connaissance de la <a href=\"https:\/\/www.software-reuse.eu\/datenschutz\/\" target=\"_blank\">politique de confidentialit\u00e9<\/a>. Je consens \u00e0 ce que mes donn\u00e9es, nom, pr\u00e9nom, adresse e-mail ainsi que mon message, soient trait\u00e9es exclusivement dans le but de traiter et d'ex\u00e9cuter ma demande. Ces donn\u00e9es sont trait\u00e9es par nos soins sur la base de votre consentement, conform\u00e9ment \u00e0 l'article 6, paragraphe 1, de la loi sur la protection des donn\u00e9es.   1 a) du RGPD.<\/span><\/label><\/span><\/span><\/span>\n\t<\/p>\n<\/div>\n<div class=\"h-captcha\" data-sitekey=\"cd7c840c-b42c-4ae4-80a2-9bca6866534a\" data-size=\"normal\" data-theme=\"light\" data-lang=\"fr\"><\/div><span class=\"wpcf7-form-control-wrap cf7apps-hcaptcha\" data-name=\"cf7apps-hcaptcha\"><input type=\"hidden\" name=\"cf7apps-hcaptcha\" value=\"\" class=\"wpcf7-form-control\"><\/span>\n<\/p>\n<p><input class=\"wpcf7-form-control wpcf7-submit has-spinner btn\" type=\"submit\" value=\"Envoyer\" \/>\n<\/p>\n<input class=\"wpcf7-form-control wpcf7-hidden\" value=\"\" type=\"hidden\" name=\"gclid\" \/><div class=\"wpcf7-response-output\" aria-hidden=\"true\"><\/div>\n<\/form>\n<\/div>\n\n<\/div><\/div><\/div><\/div><\/div><\/div><\/div><\/section>","protected":false},"excerpt":{"rendered":"<p>[vc_single_image image=&#8221;13797&#8243; img_size=&#8221;full&#8221; alignment=&#8221;center&#8221;]Promotion: Licence pour logiciel d&#8217;occasion &#8211; obtenez d\u00e8s maintenant un bon pour Adobe InDesign CS6 ou Office Professional Plus &#8211; jusqu&#8217;\u00e0 \u00e9puisement des stocks! Ne donnez pas d&#8217;argent\u00a0: vous pouvez \u00e9conomiser de l&#8217;argent avec des licences de logiciels d&#8217;occasion. Obtenez votre bon d\u00e8s maintenant et \u00e9conomisez jusqu&#8217;\u00e0 200 \u20ac sur des prix [&hellip;]<\/p>\n","protected":false},"author":2,"featured_media":0,"parent":0,"menu_order":0,"comment_status":"closed","ping_status":"closed","template":"","meta":{"inline_featured_image":false,"footnotes":""},"class_list":["post-46265","page","type-page","status-publish","hentry"],"_links":{"self":[{"href":"https:\/\/www.software-reuse.eu\/fr\/wp-json\/wp\/v2\/pages\/46265","targetHints":{"allow":["GET"]}}],"collection":[{"href":"https:\/\/www.software-reuse.eu\/fr\/wp-json\/wp\/v2\/pages"}],"about":[{"href":"https:\/\/www.software-reuse.eu\/fr\/wp-json\/wp\/v2\/types\/page"}],"author":[{"embeddable":true,"href":"https:\/\/www.software-reuse.eu\/fr\/wp-json\/wp\/v2\/users\/2"}],"replies":[{"embeddable":true,"href":"https:\/\/www.software-reuse.eu\/fr\/wp-json\/wp\/v2\/comments?post=46265"}],"version-history":[{"count":0,"href":"https:\/\/www.software-reuse.eu\/fr\/wp-json\/wp\/v2\/pages\/46265\/revisions"}],"wp:attachment":[{"href":"https:\/\/www.software-reuse.eu\/fr\/wp-json\/wp\/v2\/media?parent=46265"}],"curies":[{"name":"wp","href":"https:\/\/api.w.org\/{rel}","templated":true}]}}