{"id":46922,"date":"2023-07-30T12:52:23","date_gmt":"2023-07-30T10:52:23","guid":{"rendered":"https:\/\/swr1.wpenginepowered.com\/microsoft-sql-server-lizenzen\/"},"modified":"2023-07-30T12:55:38","modified_gmt":"2023-07-30T10:55:38","slug":"microsoft-sql-server-lizenzen","status":"publish","type":"page","link":"https:\/\/www.software-reuse.eu\/fr\/microsoft-sql-server-lizenzen-gebraucht-kaufen\/","title":{"rendered":"Acheter des licences Microsoft SQL Server d&#8217;occasion"},"content":{"rendered":"<section class=\" vc_custom_1607951484884\"><div class=\"container\"><div class=\"row\"><div class=\"wpb_column hcode-column-container  vc_custom_1576186422217 vc_col-sm-12 col-xs-mobile-fullwidth\" data-front-class=\" vc_custom_1576186422217 col-xs-mobile-fullwidth\"><div class=\"vc-column-innner-wrapper\">[vc_single_image image=\"15986\" img_size=\"full\" alignment=\"center\"]<\/div><\/div><\/div><\/div><\/section><section class=\" vc_custom_1608224915757\"><div class=\"container\"><div class=\"row\"><div class=\"wpb_column hcode-column-container  vc_custom_1576186422217 vc_col-sm-2 col-xs-mobile-fullwidth\" data-front-class=\" vc_custom_1576186422217 col-xs-mobile-fullwidth\"><div class=\"vc-column-innner-wrapper\"><\/div><\/div><div class=\"wpb_column hcode-column-container vc_col-sm-8 col-xs-mobile-fullwidth\" data-front-class=\"col-xs-mobile-fullwidth\"><div class=\"vc-column-innner-wrapper\"><div class=\"padding-three-bottom sm-padding-three-bottom xs-padding-three-tb\"><h1>Acheter des licences Microsoft SQL Server d'occasion<\/h1>\n<p>Chez Software ReUse, vous pouvez d\u00e9j\u00e0 acheter les derni\u00e8res licences de serveur Microsoft en tant que logiciels d'occasion. C'est parce que nous rachetons les stocks exc\u00e9dentaires des entreprises et des faillites. Vous pouvez trouver plus d'informations sur notre mod\u00e8le d'affaires <a href=\"\/?page_id=105\">ici<\/a>.<\/p>\n<\/div><\/div><\/div><div class=\"wpb_column hcode-column-container vc_col-sm-2 col-xs-mobile-fullwidth\" data-front-class=\"col-xs-mobile-fullwidth\"><div class=\"vc-column-innner-wrapper\"><\/div><\/div><\/div><\/div><\/section><section class=\" vc_custom_1608224871152\"><div class=\"container\"><div class=\"row\"><div class=\"wpb_column hcode-column-container  vc_custom_1576186422217 vc_col-sm-4 col-xs-mobile-fullwidth\" data-front-class=\" vc_custom_1576186422217 col-xs-mobile-fullwidth\"><div class=\"vc-column-innner-wrapper\"><h4 style=\"text-align: center;\"><strong>Microsoft Windows SQL Server 2019<br \/>\n<\/strong><\/h4>\n[vc_single_image image=\"15713\" img_size=\"medium\" alignment=\"center\" onclick=\"custom_link\" link=\"https:\/\/www.software-reuse.eu\/fr\/software-kaufen\/windows-server-2019-lizenz-gebraucht-kaufen\/\"]<\/div><\/div><div class=\"wpb_column hcode-column-container vc_col-sm-4 col-xs-mobile-fullwidth\" data-front-class=\"col-xs-mobile-fullwidth\"><div class=\"vc-column-innner-wrapper\"><h4 style=\"text-align: center;\"><strong>Microsoft Windows SQL Server 2017<\/strong><\/h4>\n[vc_single_image image=\"15719\" img_size=\"medium\" alignment=\"center\" onclick=\"custom_link\" link=\"https:\/\/www.software-reuse.eu\/fr\/software-kaufen\/windows-server-2016-lizenz\/\"]<\/div><\/div><div class=\"wpb_column hcode-column-container vc_col-sm-4 col-xs-mobile-fullwidth\" data-front-class=\"col-xs-mobile-fullwidth\"><div class=\"vc-column-innner-wrapper\"><h4 style=\"text-align: center;\"><strong>Microsoft Windows SQL Server 2016<br \/>\n<\/strong><\/h4>\n[vc_single_image image=\"12349\" img_size=\"medium\" alignment=\"center\" onclick=\"custom_link\" link=\"https:\/\/www.software-reuse.eu\/fr\/software-kaufen\/windows-server-2012-r2\/\"]<\/div><\/div><\/div><\/div><\/section><section class=\" vc_custom_1608224904339\"><div class=\"container\"><div class=\"row\"><div class=\"wpb_column hcode-column-container  vc_custom_1576186422217 vc_col-sm-2 col-xs-mobile-fullwidth\" data-front-class=\" vc_custom_1576186422217 col-xs-mobile-fullwidth\"><div class=\"vc-column-innner-wrapper\"><\/div><\/div><div class=\"wpb_column hcode-column-container vc_col-sm-8 col-xs-mobile-fullwidth\" data-front-class=\"col-xs-mobile-fullwidth\"><div class=\"vc-column-innner-wrapper\">[vc_empty_space height=\"24px\"]<h3>Am\u00e9liorations des fonctionnalit\u00e9s par version de serveur<\/h3>\n<p>Chaque nouvelle version de Microsoft SQL Server apporte de nombreuses nouvelles fonctionnalit\u00e9s. Sur nos pages produits, vous trouverez des informations importantes sur les licences et des informations sur les fonctionnalit\u00e9s pour l'achat de licences d'occasion\u00a0:<\/p>\n<ul>\n<li><a href=\"\/?p=39367\">Serveur SQL 2022<\/a><\/li>\n<li><a href=\"\/?p=15674\">Serveur SQL 2019<\/a><\/li>\n<li><a href=\"https:\/\/www.software-reuse.eu\/software-kaufen\/sql-server-2017-lange-version\/\">Serveur SQL 2017<\/a><\/li>\n<li><a href=\"\/?p=328\">Serveur SQL 2016<\/a><\/li>\n<\/ul>\n<\/div><\/div><div class=\"wpb_column hcode-column-container vc_col-sm-2 col-xs-mobile-fullwidth\" data-front-class=\"col-xs-mobile-fullwidth\"><div class=\"vc-column-innner-wrapper\"><\/div><\/div><\/div><\/div><\/section><section class=\" vc_custom_1608224904339\"><div class=\"container\"><div class=\"row\"><div class=\"wpb_column hcode-column-container  vc_custom_1576186422217 vc_col-sm-2 col-xs-mobile-fullwidth\" data-front-class=\" vc_custom_1576186422217 col-xs-mobile-fullwidth\"><div class=\"vc-column-innner-wrapper\"><\/div><\/div><div class=\"wpb_column hcode-column-container vc_col-sm-8 col-xs-mobile-fullwidth\" data-front-class=\"col-xs-mobile-fullwidth\"><div class=\"vc-column-innner-wrapper\">[vc_empty_space height=\"24px\"]<h3>Achetez des licences Microsoft Server d'occasion plut\u00f4t que de nouvelles licences avec Software Assurance<\/h3>\n<p>Si vous achetez un logiciel Microsoft avec la soi-disant \"Software Assurance\", vous recevrez g\u00e9n\u00e9ralement toutes les versions de mise \u00e0 jour qui apparaissent pendant cette p\u00e9riode dans les 3 ans. Vous payez g\u00e9n\u00e9ralement presque le double du nouveau prix pour cela et recevez un total de deux versions en fonction du cycle de mise \u00e0 jour.<\/p>\n<p>Si, en revanche, vous achetez des licences Microsoft Server d'occasion, vous payez nettement moins que le nouveau prix, il n'y a pas de frais annuels de Software Assurance et vous n'\u00eates pas oblig\u00e9 d'installer une nouvelle version qui pourrait de toute fa\u00e7on ne pas correspondre \u00e0 votre cycle de mise \u00e0 jour interne. .<\/p>\n<\/div><\/div><div class=\"wpb_column hcode-column-container vc_col-sm-2 col-xs-mobile-fullwidth\" data-front-class=\"col-xs-mobile-fullwidth\"><div class=\"vc-column-innner-wrapper\"><\/div><\/div><\/div><\/div><\/section><section class=\" vc_custom_1631274373145\"><div class=\"container\"><div class=\"row\"><div class=\"wpb_column hcode-column-container vc_col-sm-12 col-xs-mobile-fullwidth\" data-front-class=\"col-xs-mobile-fullwidth\"><div class=\"vc-column-innner-wrapper\"><div class=\"padding-three-bottom sm-padding-three-bottom xs-padding-three-tb\"><h2 style=\"text-align: center;\">Rapports sur la r\u00e9utilisation des logiciels<\/h2>\n<\/div>[vc_raw_html]W2xvZ29zaG93Y2FzZSBjYXRfaWQ9IjI2IiBkb3RzPSJmYWxzZSJd[\/vc_raw_html]<\/div><\/div><\/div><\/div><\/section><section class=\" vc_custom_1608224904339\"><div class=\"container\"><div class=\"row\"><div class=\"wpb_column hcode-column-container  vc_custom_1576186422217 vc_col-sm-2 col-xs-mobile-fullwidth\" data-front-class=\" vc_custom_1576186422217 col-xs-mobile-fullwidth\"><div class=\"vc-column-innner-wrapper\"><\/div><\/div><div class=\"wpb_column hcode-column-container vc_col-sm-8 col-xs-mobile-fullwidth\" data-front-class=\"col-xs-mobile-fullwidth\"><div class=\"vc-column-innner-wrapper\">[vc_empty_space height=\"24px\"]<h3>Prise en charge \u00e9tendue des licences de serveur Microsoft<\/h3>\n<p>Comme pour Microsoft Office et d'autres produits, Microsoft accorde un support \u00e9tendu pour ses licences SQL Server pendant 10 ans apr\u00e8s la sortie. Parfois, cela est m\u00eame prolong\u00e9. Si vous n'avez pas besoin des derni\u00e8res fonctionnalit\u00e9s, l'utilisation d'anciennes versions est s\u00fbre et nettement moins ch\u00e8re que la derni\u00e8re version.<\/p>\n<\/div><\/div><div class=\"wpb_column hcode-column-container vc_col-sm-2 col-xs-mobile-fullwidth\" data-front-class=\"col-xs-mobile-fullwidth\"><div class=\"vc-column-innner-wrapper\"><\/div><\/div><\/div><\/div><\/section><section class=\" vc_custom_1607951484884\"><div class=\"container\"><div class=\"row\"><div class=\"wpb_column hcode-column-container  vc_custom_1576186422217 vc_col-sm-2 col-xs-mobile-fullwidth\" data-front-class=\" vc_custom_1576186422217 col-xs-mobile-fullwidth\"><div class=\"vc-column-innner-wrapper\"><\/div><\/div><div class=\"wpb_column hcode-column-container vc_col-sm-8 col-xs-mobile-fullwidth\" data-front-class=\"col-xs-mobile-fullwidth\"><div class=\"vc-column-innner-wrapper\"><h3>Prix \u200b\u200bd'achat - les licences d'occasion sont nettement moins ch\u00e8res<\/h3>\n<p>Selon l'\u00e2ge de la version, vous pouvez acheter jusqu'\u00e0 75 % de r\u00e9duction sur le nouveau prix. Un logiciel ne vieillit pas et vous avez les m\u00eames droits que lorsque vous l'avez achet\u00e9 neuf.<\/p>\n<p>Nous esp\u00e9rons que nous avons pu vous donner un bon aper\u00e7u des diff\u00e9rentes versions de serveur. Plus de d\u00e9tails peuvent \u00eatre trouv\u00e9s sur les pages produit respectives pour les versions suivantes de Microsoft SQL Server:<\/p>\n<ul>\n<li><a href=\"\/?p=15674\">Serveur SQL 2019<\/a><\/li>\n<li><a href=\"\/?p=15675\">Serveur SQL 2017<\/a><\/li>\n<li><a href=\"\/?p=328\">Serveur SQL 2016<\/a><\/li>\n<\/ul>\n<\/div><\/div><div class=\"wpb_column hcode-column-container vc_col-sm-2 col-xs-mobile-fullwidth\" data-front-class=\"col-xs-mobile-fullwidth\"><div class=\"vc-column-innner-wrapper\"><\/div><\/div><\/div><\/div><\/section><section class=\" vc_custom_1607951096878\"><div class=\"container\"><div class=\"row\"><div class=\"wpb_column hcode-column-container  vc_custom_1576186422217 vc_col-sm-12 col-xs-mobile-fullwidth\" data-front-class=\" vc_custom_1576186422217 col-xs-mobile-fullwidth\"><div class=\"vc-column-innner-wrapper\"><h2>100 % conforme \u00e0 l'UE: Achetez des logiciels d'occasion aupr\u00e8s de Software ReUse!<\/h2>\n<p>Si vous avez des questions juridiques, vous pouvez trouver plus d'informations sur le transfert de <a href=\"\/?page_id=1721\">licence conforme \u00e0 la l\u00e9gislation de l'UE<\/a> ici.<\/p>\n<p>L'\u00e9quipe Software ReUse se fera un plaisir de vous conseiller personnellement !<br \/>\nT\u00e9l\u00e9phone : +43 1 997 27 87-10<\/p>\n<\/div><\/div><\/div><\/div><\/section><section><div class=\"container\"><div class=\"row\"><div class=\"wpb_column hcode-column-container vc_col-sm-2 col-xs-mobile-fullwidth\" data-front-class=\"col-xs-mobile-fullwidth\"><div class=\"vc-column-innner-wrapper\"><\/div><\/div><div class=\"wpb_column hcode-column-container vc_col-sm-8 col-xs-mobile-fullwidth\" data-front-class=\"col-xs-mobile-fullwidth\"><div class=\"vc-column-innner-wrapper\"><h2 style=\"text-align: center;\">Vous souhaitez acheter ou vendre des licences Microsoft SQL Server ?<br \/>\nEnvoyez-nous une demande sans engagement !<\/h2>\n[vc_empty_space height=\"24px\"][vc_btn title=\"Nous sommes heureux de vous aider\" shape=\"square\" align=\"center\" link=\"url:https%3A%2F%2Fwww.software-reuse.eu%2Ffr%2Fcontact%2F|\" el_class=\"primary-button\"]<\/div><\/div><div class=\"wpb_column hcode-column-container vc_col-sm-2 col-xs-mobile-fullwidth\" data-front-class=\"col-xs-mobile-fullwidth\"><div class=\"vc-column-innner-wrapper\"><\/div><\/div><\/div><\/div><\/section>","protected":false},"excerpt":{"rendered":"<p>[vc_single_image image=&#8221;15986&#8243; img_size=&#8221;full&#8221; alignment=&#8221;center&#8221;]Acheter des licences Microsoft SQL Server d&#8217;occasion Chez Software ReUse, vous pouvez d\u00e9j\u00e0 acheter les derni\u00e8res licences de serveur Microsoft en tant que logiciels d&#8217;occasion. C&#8217;est parce que nous rachetons les stocks exc\u00e9dentaires des entreprises et des faillites. Vous pouvez trouver plus d&#8217;informations sur notre mod\u00e8le d&#8217;affaires ici. Microsoft Windows SQL Server [&hellip;]<\/p>\n","protected":false},"author":22,"featured_media":14498,"parent":0,"menu_order":0,"comment_status":"closed","ping_status":"closed","template":"","meta":{"inline_featured_image":false,"footnotes":""},"class_list":["post-46922","page","type-page","status-publish","has-post-thumbnail","hentry"],"_links":{"self":[{"href":"https:\/\/www.software-reuse.eu\/fr\/wp-json\/wp\/v2\/pages\/46922","targetHints":{"allow":["GET"]}}],"collection":[{"href":"https:\/\/www.software-reuse.eu\/fr\/wp-json\/wp\/v2\/pages"}],"about":[{"href":"https:\/\/www.software-reuse.eu\/fr\/wp-json\/wp\/v2\/types\/page"}],"author":[{"embeddable":true,"href":"https:\/\/www.software-reuse.eu\/fr\/wp-json\/wp\/v2\/users\/22"}],"replies":[{"embeddable":true,"href":"https:\/\/www.software-reuse.eu\/fr\/wp-json\/wp\/v2\/comments?post=46922"}],"version-history":[{"count":0,"href":"https:\/\/www.software-reuse.eu\/fr\/wp-json\/wp\/v2\/pages\/46922\/revisions"}],"wp:featuredmedia":[{"embeddable":true,"href":"https:\/\/www.software-reuse.eu\/fr\/wp-json\/wp\/v2\/media\/14498"}],"wp:attachment":[{"href":"https:\/\/www.software-reuse.eu\/fr\/wp-json\/wp\/v2\/media?parent=46922"}],"curies":[{"name":"wp","href":"https:\/\/api.w.org\/{rel}","templated":true}]}}