{"id":52628,"date":"2024-07-11T13:19:38","date_gmt":"2024-07-11T11:19:38","guid":{"rendered":"https:\/\/swr1.wpenginepowered.com\/vmware-licence-vente\/"},"modified":"2026-01-29T14:15:42","modified_gmt":"2026-01-29T13:15:42","slug":"vmware-licence-vente","status":"publish","type":"page","link":"https:\/\/www.software-reuse.eu\/fr\/vendre-des-licences-vmware\/","title":{"rendered":"Vendre des licences VMware"},"content":{"rendered":"<section class=\" vc_custom_1608028489181\"><div class=\"container\"><div class=\"row\"><div class=\"wpb_column hcode-column-container vc_col-sm-12 col-xs-mobile-fullwidth\" data-front-class=\"col-xs-mobile-fullwidth\"><div class=\"vc-column-innner-wrapper\">[vc_single_image image=\"51418\" img_size=\"full\" alignment=\"center\"]<\/div><\/div><\/div><\/div><\/section><section><div class=\"container\"><div class=\"row\"><div class=\"wpb_column hcode-column-container vc_col-sm-2 col-xs-mobile-fullwidth\" data-front-class=\"col-xs-mobile-fullwidth\"><div class=\"vc-column-innner-wrapper\"><\/div><\/div><div class=\"wpb_column hcode-column-container text-center vc_col-sm-8 col-xs-mobile-fullwidth\" data-front-class=\"text-center col-xs-mobile-fullwidth\"><div class=\"vc-column-innner-wrapper\"><div style=\"text-align: center;\">\n<h1 style=\"text-align: center;\">Vous souhaitez vendre vos licences VMware ?<\/h1>\n<p>\u00cates-vous m\u00e9content du nouveau mod\u00e8le de licence de VMWare depuis son rachat par Broadcom ?<\/p>\n<p>Il existe une solution id\u00e9ale pour cela ! Financez la migration vers un autre fournisseur de logiciels de virtualisation en nous vendant les licences VMWare dont vous n'avez plus besoin !<br \/>\nProfitez de cette opportunit\u00e9 - vous devriez vendre vos licences VMware tant qu'elles ont encore une valeur marchande \u00e9lev\u00e9e !<\/p>\n<\/div>\n[vc_btn title=\"Demandez une offre maintenant\" shape=\"square\" css_animation=\"none\" link=\"url:%23contact|\" el_class=\"primary-button\"]<\/div><\/div><div class=\"wpb_column hcode-column-container vc_col-sm-2 col-xs-mobile-fullwidth\" data-front-class=\"col-xs-mobile-fullwidth\"><div class=\"vc-column-innner-wrapper\"><\/div><\/div><\/div><\/div><\/section><section><div class=\"container\"><div class=\"row\"><div class=\"wpb_column hcode-column-container text-center vc_col-sm-6 col-xs-mobile-fullwidth\" data-front-class=\"text-center col-xs-mobile-fullwidth\"><div class=\"vc-column-innner-wrapper\"><h2 style=\"text-align: left;\">Nous recherchons actuellement les programmes suivants de VMWare :<\/h2>\n<ul style=\"text-align: left;\">\n<li><a href=\"\/?p=47741\">VMWare vSphere Enterprise Plus 7<\/a>, 8 et sup\u00e9rieur<\/li>\n<li>VMWare vCenter Standard 7, 8 et sup\u00e9rieur<\/li>\n<\/ul>\n<p style=\"text-align: left;\">D'autres licences telles que vSAN, etc. peuvent \u00e9galement \u00eatre \u00e9valu\u00e9es en fonction de la situation du march\u00e9.<\/p>\n<p style=\"text-align: left;\">Laissez-nous calculer la valeur de vos licences d\u00e8s maintenant ! Nous vous enverrons une offre dans les plus brefs d\u00e9lais.<\/p>\n<\/div><\/div><div class=\"wpb_column hcode-column-container vc_col-sm-6 col-xs-mobile-fullwidth\" data-front-class=\"col-xs-mobile-fullwidth\"><div class=\"vc-column-innner-wrapper\"><h2>Les conditions suivantes s'appliquent si vous souhaitez vendre des licences VMware :<\/h2>\n<ul>\n<li>Les licences en volume et les licences OEM doivent \u00eatre des licences commerciales ou gouvernementales achet\u00e9es dans l'UE ou l'EEE.<\/li>\n<li>Vous devez signer une d\u00e9claration de d\u00e9sinstallation qui confirme que les licences ne sont plus utilis\u00e9es.<\/li>\n<li>Le dernier versement du contrat de maintenance devrait d\u00e9j\u00e0 avoir \u00e9t\u00e9 pay\u00e9.<\/li>\n<\/ul>\n<\/div><\/div><\/div><\/div><\/section><section><div class=\"container\"><div class=\"row\"><div class=\"wpb_column hcode-column-container vc_col-sm-12 col-xs-mobile-fullwidth\" data-front-class=\"col-xs-mobile-fullwidth\"><div class=\"vc-column-innner-wrapper\"><div class=\"margin-three-bottom\"><h2>Vendre des licences VMware d'occasion - Questions et r\u00e9ponses :<\/h2>\n<\/div>[vc_tta_accordion][vc_tta_section title=\"Depuis combien de temps Software ReUse ach\u00e8te-t-il et vend-il des licences VMware ?\" tab_id=\"1688375141259-93eecc4b-efb8\"]<p>Depuis 2016 d\u00e9j\u00e0, nous vendons des licences VMware d'occasion \u00e0 des entreprises clientes en Allemagne, en Autriche et dans le reste de l'UE.<\/p>\n[\/vc_tta_section][vc_tta_section title=\"Comment se d\u00e9roule la vente de licences VMware d'occasion ?\" tab_id=\"1688375141306-02304608-5e1a\"]<ol>\n<li>Si vous souhaitez vendre vos licences VMware, nous vous envoyons d'abord une offre d'achat.<\/li>\n<li>Si vous acceptez l'offre d'achat, nous concluons un contrat de vente.<\/li>\n<li>En parall\u00e8le, nous v\u00e9rifions la documentation requise pour un transfert de licence conforme au droit de l\u2019Union europ\u00e9enne, notamment le contrat de licence initial avec VMware\/Broadcom, des captures d\u2019\u00e9cran du portail de licences ainsi que des copies des factures.<\/li>\n<li>Une fois la v\u00e9rification termin\u00e9e (g\u00e9n\u00e9ralement dans un d\u00e9lai de quelques jours ouvrables), nous proc\u00e9dons imm\u00e9diatement au paiement du prix d\u2019achat convenu.<\/li>\n<\/ol>\n[\/vc_tta_section][vc_tta_section title=\"Vendre des licences VMware : Comment fonctionne le transfert de licence ?\" tab_id=\"1688375481617-bcf4d109-f4fb\"]<p data-start=\"612\" data-end=\"734\"><strong data-start=\"621\" data-end=\"734\">Software ReUse veille \u00e0 ce qu\u2019un transfert de licence conforme au droit de l\u2019Union europ\u00e9enne soit effectu\u00e9 :<\/strong><\/p>\n<ul data-start=\"736\" data-end=\"1318\">\n<li data-start=\"736\" data-end=\"889\">\n<p data-start=\"738\" data-end=\"889\">En tant que vendeur, vous devez confirmer la suppression des licences. Cette confirmation est int\u00e9gr\u00e9e au contrat d\u2019achat conclu avec Software ReUse.<\/p>\n<\/li>\n<li data-start=\"890\" data-end=\"1162\">\n<p data-start=\"892\" data-end=\"1162\">Software ReUse v\u00e9rifie que toutes les autres conditions pos\u00e9es par l\u2019arr\u00eat de la Cour de justice de l\u2019Union europ\u00e9enne pour le transfert de licences en volume sont remplies (acquisition initiale dans l\u2019UE\/EEE et perception par l\u2019\u00e9diteur d\u2019une r\u00e9mun\u00e9ration appropri\u00e9e).<\/p>\n<\/li>\n<li data-start=\"1163\" data-end=\"1318\">\n<p data-start=\"1165\" data-end=\"1318\">Ce processus garantit un transfert s\u00e9curis\u00e9 des licences, assurant la conformit\u00e9 juridique tant pour le vendeur que pour le futur acqu\u00e9reur des licences.<\/p>\n<\/li>\n<\/ul>\n[\/vc_tta_section][vc_tta_section title=\"Est-il m\u00eame l\u00e9gal de vendre nos licences VMware ?\" tab_id=\"1688375483477-54c68cd6-8434\"]<p>D\u00e9finitivement oui ! Comme nous effectuons \u00e9galement le transfert de licence en faisant appel \u00e0 VMware, vous pouvez \u00eatre s\u00fbr que le cadre l\u00e9gal sera enti\u00e8rement respect\u00e9.<\/p>\n[\/vc_tta_section][vc_tta_section title=\"Combien obtenons-nous lorsque nous vendons nos licences VMware ?\" tab_id=\"1688375594059-beacc6d1-db77\"]<p>Pour les logiciels d'occasion, les prix varient assez fortement en fonction de l'offre et de la demande. Nous vous ferons parvenir dans les plus brefs d\u00e9lais une offre ferme pour les licences dont vous n'avez plus besoin.<\/p>\n[\/vc_tta_section][\/vc_tta_accordion]<\/div><\/div><\/div><\/div><\/section><section class=\" vc_custom_1688377097074\"><div class=\"container\"><div class=\"row\"><div class=\"wpb_column hcode-column-container vc_col-sm-12 col-xs-mobile-fullwidth\" data-front-class=\"col-xs-mobile-fullwidth\"><div class=\"vc-column-innner-wrapper\"><h2 style=\"text-align: center;\">Simple, lucratif et conforme \u00e0 la loi -<\/h2>\n<h2 style=\"text-align: center;\">Nous achetons vos licences logicielles rapidement et facilement !<\/h2>\n<\/div><\/div><\/div><\/div><\/section><section class=\" vc_custom_1688377103107\"><div class=\"container\"><div class=\"row\"><div class=\"wpb_column hcode-column-container vc_col-sm-4 col-xs-mobile-fullwidth\" data-front-class=\"col-xs-mobile-fullwidth\"><div class=\"vc-column-innner-wrapper\">[vc_single_image image=\"11768\" alignment=\"center\"]<h3 style=\"text-align: center;\">Vendre facilement des licences permanentes<\/h3>\n<p style=\"text-align: center;\">Si vous passez au mod\u00e8le Autodesk Cloud, vous pouvez compenser les frais courants en vendant vos anciennes licences.<\/p>\n<\/div><\/div><div class=\"wpb_column hcode-column-container vc_col-sm-4 col-xs-mobile-fullwidth\" data-front-class=\"col-xs-mobile-fullwidth\"><div class=\"vc-column-innner-wrapper\">[vc_single_image image=\"11462\" alignment=\"center\"]<h3 style=\"text-align: center;\">Lucratif<\/h3>\n<p style=\"text-align: center;\">Le montant d'achat que nous pouvons proposer pour vos licences varie en fonction de la situation du march\u00e9. Demandez une offre - vous la recevrez dans les 24 heures.<\/p>\n<\/div><\/div><div class=\"wpb_column hcode-column-container vc_col-sm-4 col-xs-mobile-fullwidth\" data-front-class=\"col-xs-mobile-fullwidth\"><div class=\"vc-column-innner-wrapper\">[vc_single_image image=\"11452\" alignment=\"center\"]<h3 style=\"text-align: center;\">Conforme \u00e0 la loi<\/h3>\n<p style=\"text-align: center;\">Depuis le <a href=\"https:\/\/www.u-s-c.de\/eugh-urteil-gebrauchte-software-lizenzen\/\" target=\"_blank\" rel=\"noopener\">jugement<\/a> de la Cour de justice de l'Union europ\u00e9enne du 03 juillet 2012 est claire : la revente de logiciels \u00e0 dur\u00e9e ind\u00e9termin\u00e9e achet\u00e9s dans l'EEE est l\u00e9gale si le vendeur rend sa copie inutilisable.<\/p>\n<\/div><\/div><\/div><\/div><\/section><section><div class=\"container\"><div class=\"row\"><div class=\"wpb_column hcode-column-container  vc_custom_1581187246887 vc_col-sm-12 col-xs-mobile-fullwidth\" data-front-class=\" vc_custom_1581187246887 col-xs-mobile-fullwidth\"><div class=\"vc-column-innner-wrapper\">[vc_raw_html css=\".vc_custom_1608027924156{padding-top: 10px !important;padding-bottom: 20px !important;}\"]W2xvZ29zaG93Y2FzZSBjYXRfaWQ9IjI2IiBkb3RzPSJmYWxzZSJd[\/vc_raw_html]<\/div><\/div><\/div><\/div><\/section><section id=\"contact\"><div class=\"container\"><div class=\"row\"><div class=\"wpb_column hcode-column-container vc_col-sm-12 col-xs-mobile-fullwidth\" data-front-class=\"col-xs-mobile-fullwidth\"><div class=\"vc-column-innner-wrapper\"><h2 style=\"text-align: center;\">Vous souhaitez acheter un logiciel d'occasion ? Nous vous enverrons une offre personnalis\u00e9e !<\/h2>\n[vc_empty_space height=\"24px\"]<div class=\"hcode-inner-row\"><div class=\"wpb_column hcode-column-container vc_col-sm-6 col-xs-mobile-fullwidth\" data-front-class=\"col-xs-mobile-fullwidth\"><div class=\"vc-column-innner-wrapper\">[vc_single_image image=\"7623\" img_size=\"full\"]<\/div><\/div><div class=\"wpb_column hcode-column-container vc_col-sm-6 col-xs-mobile-fullwidth\" data-front-class=\"col-xs-mobile-fullwidth\"><div class=\"vc-column-innner-wrapper\">\n<div class=\"wpcf7 no-js\" id=\"wpcf7-f54410-o1\" lang=\"fr-FR\" dir=\"ltr\" data-wpcf7-id=\"54410\">\n<div class=\"screen-reader-response\"><p role=\"status\" aria-live=\"polite\" aria-atomic=\"true\"><\/p> <ul><\/ul><\/div>\n<form action=\"\/fr\/wp-json\/wp\/v2\/pages\/52628#wpcf7-f54410-o1\" method=\"post\" class=\"wpcf7-form init\" aria-label=\"Formulaire de contact\" novalidate=\"novalidate\" data-status=\"init\">\n<fieldset class=\"hidden-fields-container\"><input type=\"hidden\" name=\"_wpcf7\" value=\"54410\" \/><input type=\"hidden\" name=\"_wpcf7_version\" value=\"6.1.1\" \/><input type=\"hidden\" name=\"_wpcf7_locale\" value=\"fr_FR\" \/><input type=\"hidden\" name=\"_wpcf7_unit_tag\" value=\"wpcf7-f54410-o1\" \/><input type=\"hidden\" name=\"_wpcf7_container_post\" value=\"0\" \/><input type=\"hidden\" name=\"_wpcf7_posted_data_hash\" value=\"\" \/>\n<\/fieldset>\n<div>\n\t<p><label> Civilit\u00e9*<br \/>\n<span class=\"wpcf7-form-control-wrap\" data-name=\"discours\"><select class=\"wpcf7-form-control wpcf7-select wpcf7-validates-as-required\" aria-required=\"true\" aria-invalid=\"false\" name=\"discours\"><option value=\"M.\">M.<\/option><option value=\"Mme\">Mme<\/option><option value=\"Soci\u00e9t\u00e9\">Soci\u00e9t\u00e9<\/option><\/select><\/span><\/label>\n\t<\/p>\n\t<p><label> Votre nom*<br \/>\n<span class=\"wpcf7-form-control-wrap\" data-name=\"your-name\"><input size=\"40\" maxlength=\"400\" class=\"wpcf7-form-control wpcf7-text wpcf7-validates-as-required\" aria-required=\"true\" aria-invalid=\"false\" value=\"\" type=\"text\" name=\"your-name\" \/><\/span> <\/label>\n\t<\/p>\n<\/div>\n<p><label> Le nom de votre entreprise<br \/>\n<span class=\"wpcf7-form-control-wrap\" data-name=\"your-company\"><input size=\"40\" maxlength=\"400\" class=\"wpcf7-form-control wpcf7-text\" aria-invalid=\"false\" value=\"\" type=\"text\" name=\"your-company\" \/><\/span> <\/label>\n<\/p>\n<div>\n\t<p><label> Votre adresse \u00e9lectronique*<br \/>\n<span class=\"wpcf7-form-control-wrap\" data-name=\"your-email\"><input size=\"40\" maxlength=\"400\" class=\"wpcf7-form-control wpcf7-email wpcf7-validates-as-required wpcf7-text wpcf7-validates-as-email\" aria-required=\"true\" aria-invalid=\"false\" value=\"\" type=\"email\" name=\"your-email\" \/><\/span> <\/label>\n\t<\/p>\n\t<p><label>T\u00e9l\u00e9phone*<br \/>\n<span class=\"wpcf7-form-control-wrap\" data-name=\"telefon\"><input size=\"40\" maxlength=\"400\" class=\"wpcf7-form-control wpcf7-tel wpcf7-validates-as-required wpcf7-text wpcf7-validates-as-tel\" aria-required=\"true\" aria-invalid=\"false\" value=\"\" type=\"tel\" name=\"telefon\" \/><\/span><\/label>\n\t<\/p>\n<\/div>\n<div>\n\t<p><label> Budget<br \/>\n<span class=\"wpcf7-form-control-wrap\" data-name=\"budget\"><select class=\"wpcf7-form-control wpcf7-select\" aria-invalid=\"false\" name=\"budget\"><option value=\"Pas de r\u00e9ponse\">Pas de r\u00e9ponse<\/option><option value=\"0-1.000 \u20ac\">0-1.000 \u20ac<\/option><option value=\"1.000-5.000 \u20ac\">1.000-5.000 \u20ac<\/option><option value=\"5.000-10.000 \u20ac\">5.000-10.000 \u20ac<\/option><option value=\"plus de 10.000 \u20ac\">plus de 10.000 \u20ac<\/option><\/select><\/span><\/label>\n\t<\/p>\n\t<p><label> Quantit\u00e9<br \/>\n<span class=\"wpcf7-form-control-wrap\" data-name=\"budget\"><select class=\"wpcf7-form-control wpcf7-select\" aria-invalid=\"false\" name=\"budget\"><option value=\"1-10\">1-10<\/option><option value=\"11-50\">11-50<\/option><option value=\"101-1000\">101-1000<\/option><option value=\"1000+\">1000+<\/option><\/select><\/span><\/label>\n\t<\/p>\n<\/div>\n<p><label> Client final\/revendeur<\/label><br \/>\n<span class=\"wpcf7-form-control-wrap\" data-name=\"kunde\"><span class=\"wpcf7-form-control wpcf7-radio\"><span class=\"wpcf7-list-item first\"><label><input type=\"radio\" name=\"kunde\" value=\"Pas de r\u00e9ponse\" checked=\"checked\" \/><span class=\"wpcf7-list-item-label\">Pas de r\u00e9ponse<\/span><\/label><\/span><span class=\"wpcf7-list-item\"><label><input type=\"radio\" name=\"kunde\" value=\"Client final\" \/><span class=\"wpcf7-list-item-label\">Client final<\/span><\/label><\/span><span class=\"wpcf7-list-item last\"><label><input type=\"radio\" name=\"kunde\" value=\"Revendeur\" \/><span class=\"wpcf7-list-item-label\">Revendeur<\/span><\/label><\/span><\/span><\/span><br \/>\n<span id=\"wpcf7-69e887e157535-wrapper\" class=\"wpcf7-form-control-wrap honeypot-100-wrap\" style=\"display:none !important; visibility:hidden !important;\"><label for=\"wpcf7-69e887e157535-field\" class=\"hp-message\">Veuillez laisser ce champ vide.<\/label><input id=\"wpcf7-69e887e157535-field\"  class=\"wpcf7-form-control wpcf7-text\" type=\"text\" name=\"honeypot-100\" value=\"\" size=\"40\" tabindex=\"-1\" autocomplete=\"new-password\" \/><\/span><br \/>\n<label> Produits<br \/>\n<span class=\"wpcf7-form-control-wrap\" data-name=\"produkte\"><select class=\"wpcf7-form-control wpcf7-select\" aria-invalid=\"false\" name=\"produkte\"><option value=\"Aucune indication\">Aucune indication<\/option><option value=\"Microsoft Office\">Microsoft Office<\/option><option value=\"Microsoft Windows\">Microsoft Windows<\/option><option value=\"Microsoft SQL Server und CALs\">Microsoft SQL Server und CALs<\/option><option value=\"Microsoft Windows Server und CALs\">Microsoft Windows Server und CALs<\/option><option value=\"Microsoft Exchange Server und CALs\">Microsoft Exchange Server und CALs<\/option><option value=\"Microsoft (autres licences)\">Microsoft (autres licences)<\/option><option value=\"Adobe Acrobat\">Adobe Acrobat<\/option><option value=\"Adobe CS6 Programme\">Adobe CS6 Programme<\/option><option value=\"Autodesk-Produkte\">Autodesk-Produkte<\/option><option value=\"VMware\">VMware<\/option><\/select><\/span><\/label>\n<\/p>\n<p><label> Sujet*<br \/>\n<span class=\"wpcf7-form-control-wrap\" data-name=\"subject\"><select class=\"wpcf7-form-control wpcf7-select wpcf7-validates-as-required\" aria-required=\"true\" aria-invalid=\"false\" name=\"subject\"><option value=\"Conseil de licence sans engagement\">Conseil de licence sans engagement<\/option><option value=\"Question concernant l&#039;achat\/la vente\">Question concernant l&#039;achat\/la vente<\/option><option value=\"Souhaits\/suggestions\">Souhaits\/suggestions<\/option><option value=\"Inscription en tant que partenaire (revendeur)\">Inscription en tant que partenaire (revendeur)<\/option><option value=\"Questions concernant la facture\">Questions concernant la facture<\/option><option value=\"Offre personnalis\u00e9e\">Offre personnalis\u00e9e<\/option><option value=\"Autres questions\">Autres questions<\/option><\/select><\/span> <\/label>\n<\/p>\n<p><label> Votre demande<br \/>\n<span class=\"wpcf7-form-control-wrap\" data-name=\"message\"><textarea cols=\"40\" rows=\"10\" maxlength=\"2000\" class=\"wpcf7-form-control wpcf7-textarea\" aria-invalid=\"false\" name=\"message\"><\/textarea><\/span> <\/label>\n<\/p>\n<p><label>Comment avez-vous entendu parler de nous ?<br \/>\n<span class=\"wpcf7-form-control-wrap\" data-name=\"wie-erfahren\"><input size=\"40\" maxlength=\"400\" class=\"wpcf7-form-control wpcf7-text\" aria-invalid=\"false\" value=\"\" type=\"text\" name=\"wie-erfahren\" \/><\/span><\/label>\n<\/p>\n<p><!-- Mailchimp for WordPress v4.10.7 - https:\/\/www.mc4wp.com\/ --><input type=\"hidden\" name=\"_mc4wp_subscribe_contact-form-7\" value=\"0\" \/><span class=\"mc4wp-checkbox mc4wp-checkbox-contact-form-7 \"><label><input type=\"checkbox\" name=\"_mc4wp_subscribe_contact-form-7\" value=\"1\" ><span>Ich m\u00f6chte den Software ReUse-Newsletter bekommen, um laufend \u00fcber Sonderangebote informiert zu werden. Dies kann jederzeit widerrufen werden. <\/span><\/label><\/span><!-- \/ Mailchimp for WordPress -->\n<\/p>\n<div class=\"f-dsgvo\">\n\t<p><span class=\"wpcf7-form-control-wrap\" data-name=\"acceptance-534\"><span class=\"wpcf7-form-control wpcf7-acceptance\"><span class=\"wpcf7-list-item\"><label><input type=\"checkbox\" name=\"acceptance-534\" value=\"1\" aria-invalid=\"false\" \/><span class=\"wpcf7-list-item-label\">* J'ai pris connaissance de la <a href=\"https:\/\/www.software-reuse.eu\/datenschutz\/\" target=\"_blank\">politique de confidentialit\u00e9<\/a>. Je consens \u00e0 ce que mes donn\u00e9es, nom, pr\u00e9nom, adresse e-mail ainsi que mon message, soient trait\u00e9es exclusivement dans le but de traiter et d'ex\u00e9cuter ma demande. Ces donn\u00e9es sont trait\u00e9es par nos soins sur la base de votre consentement, conform\u00e9ment \u00e0 l'article 6, paragraphe 1, de la loi sur la protection des donn\u00e9es.   1 a) du RGPD.<\/span><\/label><\/span><\/span><\/span>\n\t<\/p>\n<\/div>\n<div class=\"h-captcha\" data-sitekey=\"cd7c840c-b42c-4ae4-80a2-9bca6866534a\" data-size=\"normal\" data-theme=\"light\" data-lang=\"fr\"><\/div><span class=\"wpcf7-form-control-wrap cf7apps-hcaptcha\" data-name=\"cf7apps-hcaptcha\"><input type=\"hidden\" name=\"cf7apps-hcaptcha\" value=\"\" class=\"wpcf7-form-control\"><\/span>\n<\/p>\n<p><input class=\"wpcf7-form-control wpcf7-submit has-spinner btn\" type=\"submit\" value=\"Envoyer\" \/>\n<\/p>\n<input class=\"wpcf7-form-control wpcf7-hidden\" value=\"\" type=\"hidden\" name=\"gclid\" \/><div class=\"wpcf7-response-output\" aria-hidden=\"true\"><\/div>\n<\/form>\n<\/div>\n\n<\/div><\/div><\/div><\/div><\/div><\/div><\/div><\/section>","protected":false},"excerpt":{"rendered":"<p>[vc_single_image image=&#8221;51418&#8243; img_size=&#8221;full&#8221; alignment=&#8221;center&#8221;] Vous souhaitez vendre vos licences VMware ? \u00cates-vous m\u00e9content du nouveau mod\u00e8le de licence de VMWare depuis son rachat par Broadcom ? Il existe une solution id\u00e9ale pour cela ! Financez la migration vers un autre fournisseur de logiciels de virtualisation en nous vendant les licences VMWare dont vous n&#8217;avez plus [&hellip;]<\/p>\n","protected":false},"author":19,"featured_media":51418,"parent":0,"menu_order":0,"comment_status":"closed","ping_status":"closed","template":"","meta":{"inline_featured_image":false,"footnotes":""},"class_list":["post-52628","page","type-page","status-publish","has-post-thumbnail","hentry"],"_links":{"self":[{"href":"https:\/\/www.software-reuse.eu\/fr\/wp-json\/wp\/v2\/pages\/52628","targetHints":{"allow":["GET"]}}],"collection":[{"href":"https:\/\/www.software-reuse.eu\/fr\/wp-json\/wp\/v2\/pages"}],"about":[{"href":"https:\/\/www.software-reuse.eu\/fr\/wp-json\/wp\/v2\/types\/page"}],"author":[{"embeddable":true,"href":"https:\/\/www.software-reuse.eu\/fr\/wp-json\/wp\/v2\/users\/19"}],"replies":[{"embeddable":true,"href":"https:\/\/www.software-reuse.eu\/fr\/wp-json\/wp\/v2\/comments?post=52628"}],"version-history":[{"count":0,"href":"https:\/\/www.software-reuse.eu\/fr\/wp-json\/wp\/v2\/pages\/52628\/revisions"}],"wp:featuredmedia":[{"embeddable":true,"href":"https:\/\/www.software-reuse.eu\/fr\/wp-json\/wp\/v2\/media\/51418"}],"wp:attachment":[{"href":"https:\/\/www.software-reuse.eu\/fr\/wp-json\/wp\/v2\/media?parent=52628"}],"curies":[{"name":"wp","href":"https:\/\/api.w.org\/{rel}","templated":true}]}}