{"id":56216,"date":"2026-02-10T14:22:21","date_gmt":"2026-02-10T13:22:21","guid":{"rendered":"https:\/\/www.software-reuse.eu\/blog\/licences-vmware-doccasion-sont-elles-legales\/"},"modified":"2026-02-10T15:23:33","modified_gmt":"2026-02-10T14:23:33","slug":"licences-vmware-doccasion-sont-elles-legales","status":"publish","type":"page","link":"https:\/\/www.software-reuse.eu\/fr\/blog\/les-licences-vmware-doccasion-sont-elles-legales\/","title":{"rendered":"Les licences VMware d\u2019occasion sont-elles l\u00e9gales ?"},"content":{"rendered":"<p>Peut-on r\u00e9ellement acheter ou vendre des licences VMware d\u2019occasion ? Oui \u2014 leur revente est l\u00e9galement autoris\u00e9e. Nous expliquons ce que les entreprises doivent savoir \u00e0 ce sujet et pourquoi les licences perp\u00e9tuelles restent une option int\u00e9ressante.  <\/p>\n","protected":false},"excerpt":{"rendered":"<p>Peut-on r\u00e9ellement acheter ou vendre des licences VMware d\u2019occasion ? Oui \u2014 leur revente est l\u00e9galement autoris\u00e9e. Nous expliquons ce que les entreprises doivent savoir \u00e0 ce sujet et pourquoi les licences perp\u00e9tuelles restent une option int\u00e9ressante.  <\/p>\n","protected":false},"author":2,"featured_media":56213,"parent":39758,"menu_order":0,"comment_status":"closed","ping_status":"closed","template":"","meta":{"inline_featured_image":false,"footnotes":""},"class_list":["post-56216","page","type-page","status-publish","has-post-thumbnail","hentry"],"_links":{"self":[{"href":"https:\/\/www.software-reuse.eu\/fr\/wp-json\/wp\/v2\/pages\/56216","targetHints":{"allow":["GET"]}}],"collection":[{"href":"https:\/\/www.software-reuse.eu\/fr\/wp-json\/wp\/v2\/pages"}],"about":[{"href":"https:\/\/www.software-reuse.eu\/fr\/wp-json\/wp\/v2\/types\/page"}],"author":[{"embeddable":true,"href":"https:\/\/www.software-reuse.eu\/fr\/wp-json\/wp\/v2\/users\/2"}],"replies":[{"embeddable":true,"href":"https:\/\/www.software-reuse.eu\/fr\/wp-json\/wp\/v2\/comments?post=56216"}],"version-history":[{"count":0,"href":"https:\/\/www.software-reuse.eu\/fr\/wp-json\/wp\/v2\/pages\/56216\/revisions"}],"up":[{"embeddable":true,"href":"https:\/\/www.software-reuse.eu\/fr\/wp-json\/wp\/v2\/pages\/39758"}],"wp:featuredmedia":[{"embeddable":true,"href":"https:\/\/www.software-reuse.eu\/fr\/wp-json\/wp\/v2\/media\/56213"}],"wp:attachment":[{"href":"https:\/\/www.software-reuse.eu\/fr\/wp-json\/wp\/v2\/media?parent=56216"}],"curies":[{"name":"wp","href":"https:\/\/api.w.org\/{rel}","templated":true}]}}