{"id":56235,"date":"2026-02-17T10:47:15","date_gmt":"2026-02-17T09:47:15","guid":{"rendered":"https:\/\/www.software-reuse.eu\/blog\/vmware-x-broadcom\/"},"modified":"2026-02-17T11:05:28","modified_gmt":"2026-02-17T10:05:28","slug":"vmware-x-broadcom","status":"publish","type":"page","link":"https:\/\/www.software-reuse.eu\/fr\/blog\/vmware-x-broadcom-licences-doccasion-plutot-que-des-abonnements-couteux\/","title":{"rendered":"VMware x Broadcom: licences d\u2019occasion plut\u00f4t que des abonnements co\u00fbteux"},"content":{"rendered":"<p>Depuis le rachat de VMware par Broadcom, cela a suscit\u00e9 des incertitudes dans le monde IT. Dans cet article, vous d\u00e9couvrez comment les licences d\u2019occasion peuvent pr\u00e9server les entreprises d\u2019abonnements co\u00fbteux. <\/p>\n","protected":false},"excerpt":{"rendered":"<p>Depuis le rachat de VMware par Broadcom, cela a suscit\u00e9 des incertitudes dans le monde IT. Dans cet article, vous d\u00e9couvrez comment les licences d\u2019occasion peuvent pr\u00e9server les entreprises d\u2019abonnements co\u00fbteux. <\/p>\n","protected":false},"author":19,"featured_media":56213,"parent":39758,"menu_order":0,"comment_status":"closed","ping_status":"closed","template":"","meta":{"inline_featured_image":false,"footnotes":""},"class_list":["post-56235","page","type-page","status-publish","has-post-thumbnail","hentry"],"_links":{"self":[{"href":"https:\/\/www.software-reuse.eu\/fr\/wp-json\/wp\/v2\/pages\/56235","targetHints":{"allow":["GET"]}}],"collection":[{"href":"https:\/\/www.software-reuse.eu\/fr\/wp-json\/wp\/v2\/pages"}],"about":[{"href":"https:\/\/www.software-reuse.eu\/fr\/wp-json\/wp\/v2\/types\/page"}],"author":[{"embeddable":true,"href":"https:\/\/www.software-reuse.eu\/fr\/wp-json\/wp\/v2\/users\/19"}],"replies":[{"embeddable":true,"href":"https:\/\/www.software-reuse.eu\/fr\/wp-json\/wp\/v2\/comments?post=56235"}],"version-history":[{"count":0,"href":"https:\/\/www.software-reuse.eu\/fr\/wp-json\/wp\/v2\/pages\/56235\/revisions"}],"up":[{"embeddable":true,"href":"https:\/\/www.software-reuse.eu\/fr\/wp-json\/wp\/v2\/pages\/39758"}],"wp:featuredmedia":[{"embeddable":true,"href":"https:\/\/www.software-reuse.eu\/fr\/wp-json\/wp\/v2\/media\/56213"}],"wp:attachment":[{"href":"https:\/\/www.software-reuse.eu\/fr\/wp-json\/wp\/v2\/media?parent=56235"}],"curies":[{"name":"wp","href":"https:\/\/api.w.org\/{rel}","templated":true}]}}