{"id":56277,"date":"2026-02-25T12:00:24","date_gmt":"2026-02-25T11:00:24","guid":{"rendered":"https:\/\/www.software-reuse.eu\/blog\/strategie-de-licence-vmware-esxi\/"},"modified":"2026-02-25T12:00:27","modified_gmt":"2026-02-25T11:00:27","slug":"strategie-de-licence-vmware-esxi","status":"publish","type":"page","link":"https:\/\/www.software-reuse.eu\/fr\/blog\/vmware-esxi-dans-le-contexte-des-entreprises\/","title":{"rendered":"VMware ESXi dans le contexte des entreprises"},"content":{"rendered":"<p>VMware ESXi est une plateforme \u00e9prouv\u00e9e de virtualisation de serveurs. Cet article pr\u00e9sente ses fonctionnalit\u00e9s, ses versions, ses exigences mat\u00e9rielles ainsi que le r\u00f4le strat\u00e9gique des mod\u00e8les de licence et des infrastructures on-premises. <\/p>\n","protected":false},"excerpt":{"rendered":"<p>VMware ESXi est une plateforme \u00e9prouv\u00e9e de virtualisation de serveurs. Cet article pr\u00e9sente ses fonctionnalit\u00e9s, ses versions, ses exigences mat\u00e9rielles ainsi que le r\u00f4le strat\u00e9gique des mod\u00e8les de licence et des infrastructures on-premises. <\/p>\n","protected":false},"author":2,"featured_media":56276,"parent":39758,"menu_order":0,"comment_status":"closed","ping_status":"closed","template":"","meta":{"inline_featured_image":false,"footnotes":""},"class_list":["post-56277","page","type-page","status-publish","has-post-thumbnail","hentry"],"_links":{"self":[{"href":"https:\/\/www.software-reuse.eu\/fr\/wp-json\/wp\/v2\/pages\/56277","targetHints":{"allow":["GET"]}}],"collection":[{"href":"https:\/\/www.software-reuse.eu\/fr\/wp-json\/wp\/v2\/pages"}],"about":[{"href":"https:\/\/www.software-reuse.eu\/fr\/wp-json\/wp\/v2\/types\/page"}],"author":[{"embeddable":true,"href":"https:\/\/www.software-reuse.eu\/fr\/wp-json\/wp\/v2\/users\/2"}],"replies":[{"embeddable":true,"href":"https:\/\/www.software-reuse.eu\/fr\/wp-json\/wp\/v2\/comments?post=56277"}],"version-history":[{"count":0,"href":"https:\/\/www.software-reuse.eu\/fr\/wp-json\/wp\/v2\/pages\/56277\/revisions"}],"up":[{"embeddable":true,"href":"https:\/\/www.software-reuse.eu\/fr\/wp-json\/wp\/v2\/pages\/39758"}],"wp:featuredmedia":[{"embeddable":true,"href":"https:\/\/www.software-reuse.eu\/fr\/wp-json\/wp\/v2\/media\/56276"}],"wp:attachment":[{"href":"https:\/\/www.software-reuse.eu\/fr\/wp-json\/wp\/v2\/media?parent=56277"}],"curies":[{"name":"wp","href":"https:\/\/api.w.org\/{rel}","templated":true}]}}