{"id":8771,"date":"2020-04-07T14:56:42","date_gmt":"2020-04-07T12:56:42","guid":{"rendered":"https:\/\/swr1.wpenginepowered.com\/?page_id=8771"},"modified":"2020-06-26T10:58:54","modified_gmt":"2020-06-26T08:58:54","slug":"telechargement-document-pourquoi-les-logiciels-doccasion","status":"publish","type":"page","link":"https:\/\/www.software-reuse.eu\/fr\/telechargement-document-pourquoi-les-logiciels-doccasion\/","title":{"rendered":"T\u00e9l\u00e9chargement document, pourquoi les logiciels d&#8217;occasion ?"},"content":{"rendered":"<section><div class=\"container\"><div class=\"row\"><div class=\"wpb_column hcode-column-container vc_col-sm-12 col-xs-mobile-fullwidth\" data-front-class=\"col-xs-mobile-fullwidth\"><div class=\"vc-column-innner-wrapper\"><p style=\"text-align: center;\">Merci beaucoup. Veuillez cliquer sur le bouton \u2013 nous vous souhaitons beaucoup de plaisir \u00e0 la lecture !<\/p>\n[vc_empty_space][vc_btn title=\"T\u00e9l\u00e9charger document\" shape=\"square\" color=\"primary\" size=\"lg\" align=\"center\" link=\"url:https%3A%2F%2Fwww.software-reuse.eu%2Fwp-content%2Fuploads%2F2020%2F06%2FFR-Onepager-final-2.pdf||target:%20_blank|\"][vc_empty_space height=\"64px\"]<h2>Le princip de Software ReUse:<\/h2>\n[vc_single_image image=\"8805\" img_size=\"full\" alignment=\"center\" onclick=\"custom_link\" link=\"https:\/\/www.software-reuse.eu\"]<\/div><\/div><\/div><\/div><\/section>","protected":false},"excerpt":{"rendered":"<p>Merci beaucoup. Veuillez cliquer sur le bouton \u2013 nous vous souhaitons beaucoup de plaisir \u00e0 la lecture ! [vc_empty_space][vc_btn title=&#8221;T\u00e9l\u00e9charger document&#8221; shape=&#8221;square&#8221; color=&#8221;primary&#8221; size=&#8221;lg&#8221; align=&#8221;center&#8221; link=&#8221;url:https%3A%2F%2Fwww.software-reuse.eu%2Fwp-content%2Fuploads%2F2020%2F06%2FFR-Onepager-final-2.pdf||target:%20_blank|&#8221;][vc_empty_space height=&#8221;64px&#8221;]Le princip de Software ReUse: [vc_single_image image=&#8221;8805&#8243; img_size=&#8221;full&#8221; alignment=&#8221;center&#8221; onclick=&#8221;custom_link&#8221; link=&#8221;https:\/\/www.software-reuse.eu&#8221;]<\/p>\n","protected":false},"author":3,"featured_media":0,"parent":0,"menu_order":0,"comment_status":"closed","ping_status":"closed","template":"","meta":{"inline_featured_image":false,"footnotes":""},"class_list":["post-8771","page","type-page","status-publish","hentry"],"_links":{"self":[{"href":"https:\/\/www.software-reuse.eu\/fr\/wp-json\/wp\/v2\/pages\/8771","targetHints":{"allow":["GET"]}}],"collection":[{"href":"https:\/\/www.software-reuse.eu\/fr\/wp-json\/wp\/v2\/pages"}],"about":[{"href":"https:\/\/www.software-reuse.eu\/fr\/wp-json\/wp\/v2\/types\/page"}],"author":[{"embeddable":true,"href":"https:\/\/www.software-reuse.eu\/fr\/wp-json\/wp\/v2\/users\/3"}],"replies":[{"embeddable":true,"href":"https:\/\/www.software-reuse.eu\/fr\/wp-json\/wp\/v2\/comments?post=8771"}],"version-history":[{"count":0,"href":"https:\/\/www.software-reuse.eu\/fr\/wp-json\/wp\/v2\/pages\/8771\/revisions"}],"wp:attachment":[{"href":"https:\/\/www.software-reuse.eu\/fr\/wp-json\/wp\/v2\/media?parent=8771"}],"curies":[{"name":"wp","href":"https:\/\/api.w.org\/{rel}","templated":true}]}}