{"id":32857,"date":"2016-05-08T00:00:00","date_gmt":"2016-05-08T00:00:00","guid":{"rendered":"https:\/\/swr1.wpenginepowered.com\/?product=adobe-creative-suite-5-design-standard-deutsch-mac-vollversionspaket"},"modified":"2022-06-09T20:31:59","modified_gmt":"2022-06-09T20:31:59","slug":"adobe-creative-suite-5-design-standard-deutsch-mac-vollversionspaket-3","status":"publish","type":"product","link":"https:\/\/www.software-reuse.eu\/fr\/shop\/adobe-creative-suite-5-design-standard-deutsch-mac-vollversionspaket\/","title":{"rendered":"Adobe Creative Suite 5 Design Standard Deutsch Mac Vollversionspaket"},"content":{"rendered":"<p><b>Die ideale Software f\u00fcr Printdesigner, Grafiker und Illustratoren! <\/b><br> Diese Design Suite enth\u00e4lt die folgenden Profiprogramme:<\/p>\n<ul>\n<li>InDesign CS5 \u2014 Layoutsoftware, die keine W\u00fcnsche offen l\u00e4sst.<\/li>\n<li>Photoshop CS5 \u2014 Bildbearbeitungsprogramm f\u00fcr Profis.<\/li>\n<li>Illustrator CS5 \u2014 Vektorbasiertes Grafik- und Zeichenprogramm, f\u00fcr z.B. Logogestaltung<\/li>\n<li>Acrobat X Pro \u2014 Gruppe von Programmen, die zum Lesen, Erstellen,   Verwalten, Kommentieren und Verteilen von PDF-Dateien verwendet werden<\/li>\n<li>Bridge CS5<\/li>\n<\/ul>\n<p><b><b> <b>Sprache:<\/b> <\/b><\/b>Deutsch<\/p>\n<p><b>Lieferumfang: <\/b>Originalboxen mit Seriennummern, Originaldatentr\u00e4ger. Es handelt sich um ein Vollversionspaket, d.h. Sie bekommen CS5 Design Standard Upgrade plus eine upgradeberechtigte Vorg\u00e4ngerversion, die NICHT installiert werden muss. Dies ergibt eine Vollversion. <b>Auf Wunsch k\u00f6nnen wir Ihnen vorab die Lizenzkeys per Mail zukommen  lassen, damit Sie eine Testversion sofort freischalten k\u00f6nnen! <\/b><\/p>\n<p><b>Plattform\/Mindestanforderungen:<\/b><br>Apple Mac OS X<\/p>\n<p><b><b>Weitere Features:<br><\/b><\/b><\/p>\n<ul>\n<li>Gepr\u00fcfte Originalsoftware, sehr guter Zustand<\/li>\n<li>Kommerzielle Version (kein Student etc.)<\/li>\n<li>Unlimitiert einsetzbare Kaufversion, keine Cloud<\/li>\n<\/ul>","protected":false},"excerpt":{"rendered":"<p>Die ideale Software f\u00fcr Printdesigner, Grafiker und Illustratoren! Diese Design Suite enth\u00e4lt die folgenden Profiprogramme: InDesign CS5 \u2014 Layoutsoftware, die keine W\u00fcnsche offen l\u00e4sst. Photoshop CS5 \u2014 Bildbearbeitungsprogramm f\u00fcr Profis. Illustrator CS5 \u2014 Vektorbasiertes Grafik- und Zeichenprogramm, f\u00fcr z.B. Logogestaltung Acrobat X Pro \u2014 Gruppe von Programmen, die zum Lesen, Erstellen, Verwalten, Kommentieren und Verteilen [&hellip;]<\/p>\n","protected":false},"featured_media":0,"template":"","meta":{"inline_featured_image":false},"product_cat":[7688],"product_tag":[],"class_list":{"0":"post-32857","1":"product","2":"type-product","3":"status-publish","5":"product_cat-adobe-creative-suite-5-fr","6":"pa_betriebssysteme-mac-os-1010-yosemite-fr","7":"pa_betriebssysteme-mac-os-1011-el-capitan-fr","8":"pa_betriebssysteme-mac-os-1012-sierra-fr","9":"pa_betriebssysteme-mac-os-1013-high-sierra-fr","10":"pa_betriebssysteme-mac-os-1014-mojave-fr","11":"pa_betriebssysteme-mac-os-1015-catalina-fr","12":"pa_betriebssysteme-mac-os-106-snow-leopard-en-fr","13":"pa_betriebssysteme-mac-os-107-lion-en-fr","14":"pa_betriebssysteme-mac-os-108-mountain-lion-en-fr","15":"pa_betriebssysteme-mac-os-109-mavericks-fr","16":"pa_betriebssysteme-mac-os-11-big-sur-en-fr","17":"pa_betriebssysteme-mac-os-12-monterey-en-fr","18":"pa_betriebssysteme-mac-os-14-ventura-en-fr","19":"pa_betriebssysteme-macos-v10-15-fr","20":"pa_betriebssysteme-macos-v11-fr","21":"pa_betriebssysteme-macos-v12-fr","22":"pa_betriebssysteme-macos-v13-fr","23":"pa_lizenzierung-nach-dispositifs","24":"pa_lizenzlaufzeit-licence-dachat-utilisation-illimitee","25":"pa_lizenztyp-kommerziell-einsetzbare-volumenlizenz-fr","26":"pa_maximal-erlaubte-installatio-deux-appareils-sils-ne-sont-pas-utilises-simultanement","27":"pa_programme-acrobat-pro-fr","28":"pa_programme-bridge-fr","29":"pa_programme-illustrator-fr","30":"pa_programme-indesign-fr","31":"pa_programme-photoshop-fr","32":"pa_sprache-deutsch-fr","33":"pa_zustand-comme-neuf","35":"first","36":"outofstock","37":"downloadable","38":"taxable","39":"shipping-taxable","40":"purchasable","41":"product-type-simple"},"_links":{"self":[{"href":"https:\/\/www.software-reuse.eu\/fr\/wp-json\/wp\/v2\/product\/32857","targetHints":{"allow":["GET"]}}],"collection":[{"href":"https:\/\/www.software-reuse.eu\/fr\/wp-json\/wp\/v2\/product"}],"about":[{"href":"https:\/\/www.software-reuse.eu\/fr\/wp-json\/wp\/v2\/types\/product"}],"wp:attachment":[{"href":"https:\/\/www.software-reuse.eu\/fr\/wp-json\/wp\/v2\/media?parent=32857"}],"wp:term":[{"taxonomy":"product_cat","embeddable":true,"href":"https:\/\/www.software-reuse.eu\/fr\/wp-json\/wp\/v2\/product_cat?post=32857"},{"taxonomy":"product_tag","embeddable":true,"href":"https:\/\/www.software-reuse.eu\/fr\/wp-json\/wp\/v2\/product_tag?post=32857"}],"curies":[{"name":"wp","href":"https:\/\/api.w.org\/{rel}","templated":true}]}}