{"id":32877,"date":"2016-05-08T02:00:00","date_gmt":"2016-05-08T00:00:00","guid":{"rendered":"https:\/\/swr1.wpenginepowered.com\/?product=adobe-illustrator-cs5-deutsch-tlp-vollversionspaket-winmac"},"modified":"2023-11-08T09:31:40","modified_gmt":"2023-11-08T08:31:40","slug":"adobe-illustrator-cs5-deutsch-tlp-vollversionspaket-winmac-3","status":"publish","type":"product","link":"https:\/\/www.software-reuse.eu\/fr\/shop\/adobe\/illustrator-cs5\/adobe\/illustrator-cs5\/adobe-illustrator-cs5-allemand-tlp-paquet-version-complete-winmac\/","title":{"rendered":"Adobe Illustrator CS5 Allemand TLP Paquet version compl\u00e8te Win\/Mac"},"content":{"rendered":"<p>\u25cb Licence en volume d&#8217;occasion v\u00e9rifi\u00e9e, valable sans limite de temps<br \/>\n\u25cb Transfert de licence<a title=\"Transfert de licence conforme \u00e0 la l\u00e9gislation europ\u00e9enne \u00e0 votre entreprise\" href=\"https:\/\/www.software-reuse.eu\/fr\/faits-logiciels-utilises\/transfert-des-licences\/\"> conforme \u00e0 la l\u00e9gislation europ\u00e9enne <\/a>\u00e0 votre entreprise<br \/>\n\u25cb Vous avez besoin d&#8217;un conseil personnalis\u00e9 en mati\u00e8re de licences pour votre entreprise ?<a title=\"Vous avez besoin d'un conseil personnalis\u00e9 en mati\u00e8re de licences pour votre entreprise ? Notre \u00e9quipe se fera un plaisir de vous conseiller\" href=\"https:\/\/www.software-reuse.eu\/fr\/contact\/\"> Notre \u00e9quipe se fera un plaisir de vous conseiller<\/a><\/p>\n","protected":false},"excerpt":{"rendered":"<p>\u25cb Licence en volume d&#8217;occasion v\u00e9rifi\u00e9e, valable sans limite de temps<br \/>\n\u25cb Transfert de licence<a title=\"Transfert de licence conforme \u00e0 la l\u00e9gislation europ\u00e9enne \u00e0 votre entreprise\" href=\"https:\/\/www.software-reuse.eu\/fr\/faits-logiciels-utilises\/transfert-des-licences\/\"> conforme \u00e0 la l\u00e9gislation europ\u00e9enne <\/a>\u00e0 votre entreprise<br \/>\n\u25cb Vous avez besoin d&#8217;un conseil personnalis\u00e9 en mati\u00e8re de licences pour votre entreprise ?<a title=\"Vous avez besoin d'un conseil personnalis\u00e9 en mati\u00e8re de licences pour votre entreprise ? Notre \u00e9quipe se fera un plaisir de vous conseiller\" href=\"https:\/\/www.software-reuse.eu\/fr\/contact\/\"> Notre \u00e9quipe se fera un plaisir de vous conseiller<\/a><\/p>\n","protected":false},"featured_media":49121,"template":"","meta":{"inline_featured_image":false},"product_cat":[7698],"product_tag":[],"class_list":{"0":"post-32877","1":"product","2":"type-product","3":"status-publish","4":"has-post-thumbnail","6":"product_cat-illustrator-cs5-fr","7":"pa_betriebssysteme-mac-os-106-snow-leopard-en-fr","8":"pa_betriebssysteme-mac-os-107-lion-en-fr","9":"pa_betriebssysteme-mac-os-108-mountain-lion-en-fr","10":"pa_betriebssysteme-mac-os-109-mavericks-fr","11":"pa_betriebssysteme-mac-os-11-big-sur-en-fr","12":"pa_betriebssysteme-mac-os-12-monterey-en-fr","13":"pa_betriebssysteme-mac-os-14-ventura-en-fr","14":"pa_betriebssysteme-windows-7-fr","15":"pa_betriebssysteme-windows-8-fr","16":"pa_betriebssysteme-windows-vista-fr","17":"pa_betriebssysteme-windows-xp-fr","18":"pa_lizenzierung-nach-dispositifs","19":"pa_lizenzlaufzeit-licence-dachat-utilisation-illimitee","20":"pa_lizenztyp-kommerziell-einsetzbare-volumenlizenz-fr","21":"pa_maximal-erlaubte-installatio-deux-appareils-sils-ne-sont-pas-utilises-simultanement","22":"pa_sprache-deutsch-fr","23":"pa_zustand-comme-neuf","25":"first","26":"outofstock","27":"downloadable","28":"taxable","29":"shipping-taxable","30":"purchasable","31":"product-type-simple"},"_links":{"self":[{"href":"https:\/\/www.software-reuse.eu\/fr\/wp-json\/wp\/v2\/product\/32877","targetHints":{"allow":["GET"]}}],"collection":[{"href":"https:\/\/www.software-reuse.eu\/fr\/wp-json\/wp\/v2\/product"}],"about":[{"href":"https:\/\/www.software-reuse.eu\/fr\/wp-json\/wp\/v2\/types\/product"}],"wp:featuredmedia":[{"embeddable":true,"href":"https:\/\/www.software-reuse.eu\/fr\/wp-json\/wp\/v2\/media\/49121"}],"wp:attachment":[{"href":"https:\/\/www.software-reuse.eu\/fr\/wp-json\/wp\/v2\/media?parent=32877"}],"wp:term":[{"taxonomy":"product_cat","embeddable":true,"href":"https:\/\/www.software-reuse.eu\/fr\/wp-json\/wp\/v2\/product_cat?post=32877"},{"taxonomy":"product_tag","embeddable":true,"href":"https:\/\/www.software-reuse.eu\/fr\/wp-json\/wp\/v2\/product_tag?post=32877"}],"curies":[{"name":"wp","href":"https:\/\/api.w.org\/{rel}","templated":true}]}}