{"id":33482,"date":"2016-12-05T01:00:00","date_gmt":"2016-12-05T00:00:00","guid":{"rendered":"https:\/\/swr1.wpenginepowered.com\/?product="},"modified":"2025-03-17T09:54:23","modified_gmt":"2025-03-17T08:54:23","slug":"9","status":"publish","type":"product","link":"https:\/\/www.software-reuse.eu\/fr\/shop\/adobe\/adobe-creative-suite-6\/adobe-creative-suite-6-design-standard-allemand-windowsmacintosh\/","title":{"rendered":"Adobe Creative Suite 6 Design Standard Allemand Windows\/Macintosh"},"content":{"rendered":"<p>\u25cb Licence en volume d&#8217;occasion v\u00e9rifi\u00e9e, valable sans limite de temps<br \/>\n\u25cb Transfert de licence<a title=\"Transfert de licence conforme \u00e0 la l\u00e9gislation europ\u00e9enne \u00e0 votre entreprise\" href=\"https:\/\/www.software-reuse.eu\/fr\/faits-logiciels-utilises\/transfert-des-licences\/\"> conforme \u00e0 la l\u00e9gislation europ\u00e9enne <\/a>\u00e0 votre entreprise<br \/>\n\u25cb Vous avez besoin d&#8217;un conseil personnalis\u00e9 en mati\u00e8re de licences pour votre entreprise ?<a title=\"Vous avez besoin d'un conseil personnalis\u00e9 en mati\u00e8re de licences pour votre entreprise ? Notre \u00e9quipe se fera un plaisir de vous conseiller\" href=\"https:\/\/www.software-reuse.eu\/fr\/contact\/\"> Notre \u00e9quipe se fera un plaisir de vous conseiller<\/a><br \/>\n\u25cb <em>Avec le bon d&#8217;achat de Software ReUse, \u00e9conomisez maintenant 200 \u20ac sur votre licence Adobe Creative Suite 6 ! Votre code de r\u00e9duction: CS6-200<\/em><\/p>\n","protected":false},"excerpt":{"rendered":"<p>\u25cb Licence en volume d&#8217;occasion v\u00e9rifi\u00e9e, valable sans limite de temps<br \/>\n\u25cb Transfert de licence<a title=\"Transfert de licence conforme \u00e0 la l\u00e9gislation europ\u00e9enne \u00e0 votre entreprise\" href=\"https:\/\/www.software-reuse.eu\/fr\/faits-logiciels-utilises\/transfert-des-licences\/\"> conforme \u00e0 la l\u00e9gislation europ\u00e9enne <\/a>\u00e0 votre entreprise<br \/>\n\u25cb Vous avez besoin d&#8217;un conseil personnalis\u00e9 en mati\u00e8re de licences pour votre entreprise ?<a title=\"Vous avez besoin d'un conseil personnalis\u00e9 en mati\u00e8re de licences pour votre entreprise ? Notre \u00e9quipe se fera un plaisir de vous conseiller\" href=\"https:\/\/www.software-reuse.eu\/fr\/contact\/\"> Notre \u00e9quipe se fera un plaisir de vous conseiller<\/a><br \/>\n\u25cb <em>Avec le bon d&#8217;achat de Software ReUse, \u00e9conomisez maintenant 200 \u20ac sur votre licence Adobe Creative Suite 6 ! Votre code de r\u00e9duction: CS6-200<\/em><\/p>\n","protected":false},"featured_media":49846,"template":"","meta":{"inline_featured_image":false},"product_cat":[7691],"product_tag":[],"class_list":{"0":"post-33482","1":"product","2":"type-product","3":"status-publish","4":"has-post-thumbnail","6":"product_cat-adobe-creative-suite-6-fr","7":"pa_betriebssysteme-mac-os-1010-yosemite-fr","8":"pa_betriebssysteme-mac-os-1011-el-capitan-fr","9":"pa_betriebssysteme-mac-os-1012-sierra-fr","10":"pa_betriebssysteme-mac-os-1013-high-sierra-fr","11":"pa_betriebssysteme-mac-os-1014-mojave-fr","12":"pa_betriebssysteme-mac-os-106-snow-leopard-en-fr","13":"pa_betriebssysteme-mac-os-107-lion-en-fr","14":"pa_betriebssysteme-mac-os-108-mountain-lion-en-fr","15":"pa_betriebssysteme-mac-os-109-mavericks-fr","16":"pa_betriebssysteme-windows-10-fr","17":"pa_betriebssysteme-widnows-11-en-fr","18":"pa_betriebssysteme-windows-7-fr","19":"pa_betriebssysteme-windows-8-fr","20":"pa_betriebssysteme-windows-vista-fr","21":"pa_betriebssysteme-windows-xp-fr","22":"pa_lizenzierung-nach-dispositifs","23":"pa_lizenzlaufzeit-licence-dachat-utilisation-illimitee","24":"pa_lizenztyp-kommerziell-einsetzbare-volumenlizenz-fr","25":"pa_maximal-erlaubte-installatio-deux-appareils-sils-ne-sont-pas-utilises-simultanement","26":"pa_programme-acrobat-pro-fr","27":"pa_programme-bridge-fr","28":"pa_programme-illustrator-fr","29":"pa_programme-indesign-fr","30":"pa_programme-photoshop-fr","31":"pa_sprache-deutsch-fr","32":"pa_zustand-comme-neuf","34":"first","35":"instock","36":"sale","37":"downloadable","38":"taxable","39":"shipping-taxable","40":"purchasable","41":"product-type-simple"},"_links":{"self":[{"href":"https:\/\/www.software-reuse.eu\/fr\/wp-json\/wp\/v2\/product\/33482","targetHints":{"allow":["GET"]}}],"collection":[{"href":"https:\/\/www.software-reuse.eu\/fr\/wp-json\/wp\/v2\/product"}],"about":[{"href":"https:\/\/www.software-reuse.eu\/fr\/wp-json\/wp\/v2\/types\/product"}],"wp:featuredmedia":[{"embeddable":true,"href":"https:\/\/www.software-reuse.eu\/fr\/wp-json\/wp\/v2\/media\/49846"}],"wp:attachment":[{"href":"https:\/\/www.software-reuse.eu\/fr\/wp-json\/wp\/v2\/media?parent=33482"}],"wp:term":[{"taxonomy":"product_cat","embeddable":true,"href":"https:\/\/www.software-reuse.eu\/fr\/wp-json\/wp\/v2\/product_cat?post=33482"},{"taxonomy":"product_tag","embeddable":true,"href":"https:\/\/www.software-reuse.eu\/fr\/wp-json\/wp\/v2\/product_tag?post=33482"}],"curies":[{"name":"wp","href":"https:\/\/api.w.org\/{rel}","templated":true}]}}