{"id":33532,"date":"2016-12-05T01:00:00","date_gmt":"2016-12-05T00:00:00","guid":{"rendered":"https:\/\/swr1.wpenginepowered.com\/?product=adobe-creative-suite-6-design-web-premium-deutsch-winmac"},"modified":"2025-10-28T16:12:20","modified_gmt":"2025-10-28T15:12:20","slug":"adobe-creative-suite-6-design-web-premium-deutsch-winmac-1","status":"publish","type":"product","link":"https:\/\/www.software-reuse.eu\/fr\/shop\/adobe\/adobe-creative-suite-6\/adobe-creative-suite-6-design-web-premium-allemand-win-mac\/","title":{"rendered":"Adobe Creative Suite 6 Design &amp; Web Premium Allemand Win\/Mac"},"content":{"rendered":"<p>\u25cb Test\u00e9 utilis\u00e9, licence en volume valide illimit\u00e9e<br \/>\n\u25cb <a href=\"https:\/\/www.software-reuse.eu\/fr\/faits-logiciels-utilises\/transfert-des-licences\/\">Transfert de licence conforme \u00e0 la l\u00e9gislation europ\u00e9enne<\/a> \u00e0 votre entreprise<br \/>\n\u25cb Avez-vous besoin d&#8217;un conseil individuel en mati\u00e8re de licences pour votre entreprise? <a href=\"https:\/\/www.software-reuse.eu\/fr\/contact\/\">Notre \u00e9quipe se fera un plaisir de vous conseiller<\/a><\/p>\n","protected":false},"excerpt":{"rendered":"<p>\u25cb Test\u00e9 utilis\u00e9, licence en volume valide illimit\u00e9e<br \/>\n\u25cb <a href=\"https:\/\/www.software-reuse.eu\/fr\/faits-logiciels-utilises\/transfert-des-licences\/\">Transfert de licence conforme \u00e0 la l\u00e9gislation europ\u00e9enne<\/a> \u00e0 votre entreprise<br \/>\n\u25cb Avez-vous besoin d&#8217;un conseil individuel en mati\u00e8re de licences pour votre entreprise? <a href=\"https:\/\/www.software-reuse.eu\/fr\/contact\/\">Notre \u00e9quipe se fera un plaisir de vous conseiller<\/a><\/p>\n","protected":false},"featured_media":36666,"template":"","meta":{"inline_featured_image":false},"product_cat":[7661,7691],"product_tag":[],"class_list":{"0":"post-33532","1":"product","2":"type-product","3":"status-publish","4":"has-post-thumbnail","6":"product_cat-adobe-fr","7":"product_cat-adobe-creative-suite-6-fr","9":"first","10":"instock","11":"downloadable","12":"taxable","13":"shipping-taxable","14":"purchasable","15":"product-type-simple"},"_links":{"self":[{"href":"https:\/\/www.software-reuse.eu\/fr\/wp-json\/wp\/v2\/product\/33532","targetHints":{"allow":["GET"]}}],"collection":[{"href":"https:\/\/www.software-reuse.eu\/fr\/wp-json\/wp\/v2\/product"}],"about":[{"href":"https:\/\/www.software-reuse.eu\/fr\/wp-json\/wp\/v2\/types\/product"}],"wp:featuredmedia":[{"embeddable":true,"href":"https:\/\/www.software-reuse.eu\/fr\/wp-json\/wp\/v2\/media\/36666"}],"wp:attachment":[{"href":"https:\/\/www.software-reuse.eu\/fr\/wp-json\/wp\/v2\/media?parent=33532"}],"wp:term":[{"taxonomy":"product_cat","embeddable":true,"href":"https:\/\/www.software-reuse.eu\/fr\/wp-json\/wp\/v2\/product_cat?post=33532"},{"taxonomy":"product_tag","embeddable":true,"href":"https:\/\/www.software-reuse.eu\/fr\/wp-json\/wp\/v2\/product_tag?post=33532"}],"curies":[{"name":"wp","href":"https:\/\/api.w.org\/{rel}","templated":true}]}}