{"id":33572,"date":"2017-01-18T00:00:00","date_gmt":"2017-01-18T00:00:00","guid":{"rendered":"https:\/\/swr1.wpenginepowered.com\/?product=office-home-and-student-2010-hollandisch-pkc"},"modified":"2017-01-18T15:53:21","modified_gmt":"2017-01-18T15:53:21","slug":"office-home-and-student-2010-hollandisch-pkc-3","status":"publish","type":"product","link":"https:\/\/www.software-reuse.eu\/fr\/shop\/office-home-and-student-2010-hollandisch-pkc\/","title":{"rendered":"Office Home and Student 2010 Holl\u00e4ndisch PKC"},"content":{"rendered":"<p><b>Mit Microsoft Office Home and Student 2013 geht alles viel  einfacher - von E-mail-Verwaltung bis zu professionell formatierten  Dokumenten und Pr\u00e4sentationen. Sie erwerben die folgenden 4  Profiprogramme:<\/b><\/p>\n<ul>\n<li>Word 2013<\/li>\n<li>Excel 2013<\/li>\n<li>PowerPoint 2013<\/li>\n<li>OneNote 2013<\/li>\n<\/ul>\n<p>Eine umfangreiche Office-Suite f\u00fcr all jene, die h\u00f6chste Anforderungen an den B\u00fcroalltag legen!<\/p>\n<p>Ideal f\u00fcrs Home Office, f\u00fcr Studenten etc.<\/p>\n<p><b>Sprache(n):<\/b> Multilingual, Installation auf Deutsch, Englisch etc. m\u00f6glich<\/p>\n<p><b>Lieferumfang:<\/b> Originalseriennummer (Lizenzkey) mit Sicherheitshologramm<\/p>\n<p><b>Plattform\/Mindestanforderungen:<\/b><br> Windows XP, Vista, 7 (32\/64 bit), Windows 8, Windows 10<\/p>","protected":false},"excerpt":{"rendered":"<p>Mit Microsoft Office Home and Student 2013 geht alles viel einfacher &#8211; von E-mail-Verwaltung bis zu professionell formatierten Dokumenten und Pr\u00e4sentationen. Sie erwerben die folgenden 4 Profiprogramme: Word 2013 Excel 2013 PowerPoint 2013 OneNote 2013 Eine umfangreiche Office-Suite f\u00fcr all jene, die h\u00f6chste Anforderungen an den B\u00fcroalltag legen! Ideal f\u00fcrs Home Office, f\u00fcr Studenten etc. [&hellip;]<\/p>\n","protected":false},"featured_media":33577,"template":"","meta":{"inline_featured_image":false},"product_cat":[7830],"product_tag":[],"class_list":{"0":"post-33572","1":"product","2":"type-product","3":"status-publish","4":"has-post-thumbnail","6":"product_cat-unkategorisiert","8":"first","9":"outofstock","10":"taxable","11":"shipping-taxable","12":"purchasable","13":"product-type-simple"},"_links":{"self":[{"href":"https:\/\/www.software-reuse.eu\/fr\/wp-json\/wp\/v2\/product\/33572","targetHints":{"allow":["GET"]}}],"collection":[{"href":"https:\/\/www.software-reuse.eu\/fr\/wp-json\/wp\/v2\/product"}],"about":[{"href":"https:\/\/www.software-reuse.eu\/fr\/wp-json\/wp\/v2\/types\/product"}],"wp:featuredmedia":[{"embeddable":true,"href":"https:\/\/www.software-reuse.eu\/fr\/wp-json\/wp\/v2\/media\/33577"}],"wp:attachment":[{"href":"https:\/\/www.software-reuse.eu\/fr\/wp-json\/wp\/v2\/media?parent=33572"}],"wp:term":[{"taxonomy":"product_cat","embeddable":true,"href":"https:\/\/www.software-reuse.eu\/fr\/wp-json\/wp\/v2\/product_cat?post=33572"},{"taxonomy":"product_tag","embeddable":true,"href":"https:\/\/www.software-reuse.eu\/fr\/wp-json\/wp\/v2\/product_tag?post=33572"}],"curies":[{"name":"wp","href":"https:\/\/api.w.org\/{rel}","templated":true}]}}