{"id":33702,"date":"2017-03-01T00:00:00","date_gmt":"2017-03-01T00:00:00","guid":{"rendered":"https:\/\/swr1.wpenginepowered.com\/?product=adobe-creative-suite-4-design-standard-englisch-mac"},"modified":"2022-06-09T20:33:59","modified_gmt":"2022-06-09T20:33:59","slug":"adobe-creative-suite-4-design-standard-englisch-mac-3","status":"publish","type":"product","link":"https:\/\/www.software-reuse.eu\/fr\/shop\/adobe-creative-suite-4-design-standard-englisch-mac\/","title":{"rendered":"Adobe Creative Suite 4 Design Standard Englisch Mac"},"content":{"rendered":"<p>Kaufen Sie gebrauchte Adobe CS 4 Design Standard Lizenzen f\u00fcr Mac. Gepr\u00fcfte Originalsoftware. Adobe Lizenzen bis zu 75% g\u00fcnstiger bei Software Reuse.<\/p>\n","protected":false},"excerpt":{"rendered":"<p>Kaufen Sie gebrauchte Adobe CS 4 Design Standard Lizenzen f\u00fcr Mac. Gepr\u00fcfte Originalsoftware. Adobe Lizenzen bis zu 75% g\u00fcnstiger bei Software Reuse.<\/p>\n","protected":false},"featured_media":33707,"template":"","meta":{"inline_featured_image":false},"product_cat":[7685],"product_tag":[],"class_list":{"0":"post-33702","1":"product","2":"type-product","3":"status-publish","4":"has-post-thumbnail","6":"product_cat-adobe-creative-suite-4-fr","7":"pa_betriebssysteme-mac-os-1010-yosemite-fr","8":"pa_betriebssysteme-mac-os-1011-el-capitan-fr","9":"pa_betriebssysteme-mac-os-1012-sierra-fr","10":"pa_betriebssysteme-mac-os-1014-mojave-fr","11":"pa_betriebssysteme-mac-os-1015-catalina-fr","12":"pa_betriebssysteme-mac-os-106-snow-leopard-en-fr","13":"pa_betriebssysteme-mac-os-107-lion-en-fr","14":"pa_betriebssysteme-mac-os-108-mountain-lion-en-fr","15":"pa_betriebssysteme-mac-os-109-mavericks-fr","16":"pa_betriebssysteme-mac-os-11-big-sur-en-fr","17":"pa_betriebssysteme-mac-os-12-monterey-en-fr","18":"pa_betriebssysteme-mac-os-14-ventura-en-fr","19":"pa_betriebssysteme-macos-v10-15-fr","20":"pa_lizenzierung-nach-dispositifs","21":"pa_lizenzlaufzeit-licence-dachat-utilisation-illimitee","22":"pa_lizenztyp-kommerziell-einsetzbare-volumenlizenz-fr","23":"pa_maximal-erlaubte-installatio-deux-appareils-sils-ne-sont-pas-utilises-simultanement","24":"pa_programme-acrobat-pro-fr","25":"pa_programme-bridge-fr","26":"pa_programme-illustrator-fr","27":"pa_programme-indesign-fr","28":"pa_programme-photoshop-fr","29":"pa_sprache-englisch-fr","30":"pa_zustand-comme-neuf","32":"first","33":"outofstock","34":"downloadable","35":"taxable","36":"shipping-taxable","37":"purchasable","38":"product-type-simple"},"_links":{"self":[{"href":"https:\/\/www.software-reuse.eu\/fr\/wp-json\/wp\/v2\/product\/33702","targetHints":{"allow":["GET"]}}],"collection":[{"href":"https:\/\/www.software-reuse.eu\/fr\/wp-json\/wp\/v2\/product"}],"about":[{"href":"https:\/\/www.software-reuse.eu\/fr\/wp-json\/wp\/v2\/types\/product"}],"wp:featuredmedia":[{"embeddable":true,"href":"https:\/\/www.software-reuse.eu\/fr\/wp-json\/wp\/v2\/media\/33707"}],"wp:attachment":[{"href":"https:\/\/www.software-reuse.eu\/fr\/wp-json\/wp\/v2\/media?parent=33702"}],"wp:term":[{"taxonomy":"product_cat","embeddable":true,"href":"https:\/\/www.software-reuse.eu\/fr\/wp-json\/wp\/v2\/product_cat?post=33702"},{"taxonomy":"product_tag","embeddable":true,"href":"https:\/\/www.software-reuse.eu\/fr\/wp-json\/wp\/v2\/product_tag?post=33702"}],"curies":[{"name":"wp","href":"https:\/\/api.w.org\/{rel}","templated":true}]}}