{"id":33752,"date":"2017-06-23T02:00:00","date_gmt":"2017-06-23T00:00:00","guid":{"rendered":"https:\/\/swr1.wpenginepowered.com\/?product=adobe-photoshop-cs5-deutsch-fpp-windows"},"modified":"2023-10-05T10:49:40","modified_gmt":"2023-10-05T08:49:40","slug":"adobe-photoshop-cs5-deutsch-fpp-windows-3","status":"publish","type":"product","link":"https:\/\/www.software-reuse.eu\/fr\/shop\/adobe-photoshop-cs5-deutsch-fpp-windows\/","title":{"rendered":"Adobe Photoshop CS5 Deutsch FPP Windows"},"content":{"rendered":"<pre><b><span>Pourquoi utiliser Photoshop dans le cloud alors que vous pouvez acheter une copie ici que vous pourrez utiliser pendant des ann\u00e9es ? Photoshop CS5 r\u00e9pond aux besoins de la plupart des utilisateurs professionnels et peut \u00eatre utilis\u00e9 de mani\u00e8re excellente pour pr\u00e9senter les graphiques\/conceptions de votre entreprise sous un excellent jour.<\/span><\/b><\/pre>","protected":false},"excerpt":{"rendered":"<p>Pourquoi utiliser Photoshop dans le cloud alors que vous pouvez acheter une copie ici que vous pourrez utiliser pendant des ann\u00e9es ? Photoshop CS5 r\u00e9pond aux besoins de la plupart des utilisateurs professionnels et peut \u00eatre utilis\u00e9 de mani\u00e8re excellente pour pr\u00e9senter les graphiques\/conceptions de votre entreprise sous un excellent jour.<\/p>\n","protected":false},"featured_media":36696,"template":"","meta":{"inline_featured_image":false},"product_cat":[7706],"product_tag":[],"class_list":{"0":"post-33752","1":"product","2":"type-product","3":"status-publish","4":"has-post-thumbnail","6":"product_cat-photoshop-cs5-fr","7":"pa_betriebssysteme-windows-10-fr","8":"pa_betriebssysteme-windows-7-fr","9":"pa_betriebssysteme-windows-8-fr","10":"pa_betriebssysteme-windows-vista-fr","11":"pa_betriebssysteme-windows-xp-fr","12":"pa_lizenzierung-nach-dispositifs","13":"pa_lizenzlaufzeit-licence-dachat-utilisation-illimitee","14":"pa_lizenztyp-kommerziell-einsetzbare-volumenlizenz-fr","15":"pa_maximal-erlaubte-installatio-deux-appareils-sils-ne-sont-pas-utilises-simultanement","16":"pa_sprache-deutsch-fr","17":"pa_zustand-comme-neuf","19":"first","20":"outofstock","21":"downloadable","22":"taxable","23":"shipping-taxable","24":"purchasable","25":"product-type-simple"},"_links":{"self":[{"href":"https:\/\/www.software-reuse.eu\/fr\/wp-json\/wp\/v2\/product\/33752","targetHints":{"allow":["GET"]}}],"collection":[{"href":"https:\/\/www.software-reuse.eu\/fr\/wp-json\/wp\/v2\/product"}],"about":[{"href":"https:\/\/www.software-reuse.eu\/fr\/wp-json\/wp\/v2\/types\/product"}],"wp:featuredmedia":[{"embeddable":true,"href":"https:\/\/www.software-reuse.eu\/fr\/wp-json\/wp\/v2\/media\/36696"}],"wp:attachment":[{"href":"https:\/\/www.software-reuse.eu\/fr\/wp-json\/wp\/v2\/media?parent=33752"}],"wp:term":[{"taxonomy":"product_cat","embeddable":true,"href":"https:\/\/www.software-reuse.eu\/fr\/wp-json\/wp\/v2\/product_cat?post=33752"},{"taxonomy":"product_tag","embeddable":true,"href":"https:\/\/www.software-reuse.eu\/fr\/wp-json\/wp\/v2\/product_tag?post=33752"}],"curies":[{"name":"wp","href":"https:\/\/api.w.org\/{rel}","templated":true}]}}