{"id":34697,"date":"2020-12-18T00:00:00","date_gmt":"2020-12-18T00:00:00","guid":{"rendered":"https:\/\/swr1.wpenginepowered.com\/?product=adobe-creative-suite-55-design-standard-englisch-windowsmacintosh-upgrade"},"modified":"2020-12-18T13:16:23","modified_gmt":"2020-12-18T13:16:23","slug":"adobe-creative-suite-55-design-standard-englisch-windowsmacintosh-upgrade-2","status":"publish","type":"product","link":"https:\/\/www.software-reuse.eu\/fr\/shop\/adobe-creative-suite-55-design-standard-englisch-windowsmacintosh-upgrade\/","title":{"rendered":"Adobe Creative Suite 5.5 Design Standard Englisch Windows\/Macintosh Upgrade"},"content":{"rendered":"<p><b>Ideen f\u00fcr Print und tragbare Ger\u00e4te professionell und innovativ umsetzen! <\/b><br> Diese Design Suite enth\u00e4lt die folgenden Profiprogramme:<\/p>\n<ul>\n<li>InDesign CS5.5 \u2014 Layoutsoftware, die keine W\u00fcnsche offen l\u00e4sst.<\/li>\n<li>Photoshop CS5 \u2014 Bildbearbeitungsprogramm f\u00fcr Profis.<\/li>\n<li>Illustrator CS5 \u2014 Vektorbasiertes Grafik- und Zeichenprogramm, f\u00fcr z.B. Logogestaltung<\/li>\n<li>Acrobat X Pro \u2014 Gruppe von Programmen, die zum Lesen, Erstellen,   Verwalten, Kommentieren und Verteilen von PDF-Dateien verwendet werden<\/li>\n<li>Bridge CS5<\/li>\n<\/ul>\n<p><b><b> <b>Sprache:<\/b> Englisch<\/b><\/b><\/p>\n<p><b>Lieferumfang: <\/b>Originalseriennummer, Lizenzpapiere. offizieller Downloadlink von Adobe f\u00fcr die Installationsdatei, <b>Sie  k\u00f6nnen unmittelbar nach einer kurzen Bearbeitungszeit nach Ihrer  Bestellung (in der Regel binnen 1-2 Stunden) die Software installieren  und aktivieren! <br><br>\u00dcbermittlungs des Aktivierungskeys \/ Installationsdateien \/ Aktivierung des Produkts:<br><\/b>Nach Kaufabschluss und kurzer Bearbeitungszeit schicken wir Ihnen den Aktivierungskey, mit EU-rechtkonformen Lizenztransferdaten (Vertragsnummern, Nennung des Ersterwerbers etc.) sowie einen Downloadlink f\u00fcr die Installationsdateien per E-mail. Das Produkt kann damit sofort installiert und aktiviert werden.<b><br><\/b><\/p>\n<p><b>Plattform\/Mindestanforderungen:<\/b><br>Intel Multi-Core Prozessor oder Windows XP Professional, Windows 7, Windows 8, Windows 10<\/p>\n<p><b>ODER<\/b> Apple Mac OS X<\/p>\n<p><b><b>Weitere Features:<br><\/b><\/b><\/p>\n<ul>\n<li>Gepr\u00fcfte Originalsoftware, sehr guter Zustand<\/li>\n<li>Kommerzielle Version (kein Student etc.)<\/li>\n<\/ul>","protected":false},"excerpt":{"rendered":"<p>Ideen f\u00fcr Print und tragbare Ger\u00e4te professionell und innovativ umsetzen! Diese Design Suite enth\u00e4lt die folgenden Profiprogramme: InDesign CS5.5 \u2014 Layoutsoftware, die keine W\u00fcnsche offen l\u00e4sst. Photoshop CS5 \u2014 Bildbearbeitungsprogramm f\u00fcr Profis. Illustrator CS5 \u2014 Vektorbasiertes Grafik- und Zeichenprogramm, f\u00fcr z.B. Logogestaltung Acrobat X Pro \u2014 Gruppe von Programmen, die zum Lesen, Erstellen, Verwalten, Kommentieren [&hellip;]<\/p>\n","protected":false},"featured_media":34702,"template":"","meta":{"inline_featured_image":false},"product_cat":[7830],"product_tag":[],"class_list":{"0":"post-34697","1":"product","2":"type-product","3":"status-publish","4":"has-post-thumbnail","6":"product_cat-unkategorisiert","8":"first","9":"outofstock","10":"downloadable","11":"taxable","12":"shipping-taxable","13":"purchasable","14":"product-type-simple"},"_links":{"self":[{"href":"https:\/\/www.software-reuse.eu\/fr\/wp-json\/wp\/v2\/product\/34697","targetHints":{"allow":["GET"]}}],"collection":[{"href":"https:\/\/www.software-reuse.eu\/fr\/wp-json\/wp\/v2\/product"}],"about":[{"href":"https:\/\/www.software-reuse.eu\/fr\/wp-json\/wp\/v2\/types\/product"}],"wp:featuredmedia":[{"embeddable":true,"href":"https:\/\/www.software-reuse.eu\/fr\/wp-json\/wp\/v2\/media\/34702"}],"wp:attachment":[{"href":"https:\/\/www.software-reuse.eu\/fr\/wp-json\/wp\/v2\/media?parent=34697"}],"wp:term":[{"taxonomy":"product_cat","embeddable":true,"href":"https:\/\/www.software-reuse.eu\/fr\/wp-json\/wp\/v2\/product_cat?post=34697"},{"taxonomy":"product_tag","embeddable":true,"href":"https:\/\/www.software-reuse.eu\/fr\/wp-json\/wp\/v2\/product_tag?post=34697"}],"curies":[{"name":"wp","href":"https:\/\/api.w.org\/{rel}","templated":true}]}}