{"id":35002,"date":"2020-12-18T00:00:00","date_gmt":"2020-12-18T00:00:00","guid":{"rendered":"https:\/\/swr1.wpenginepowered.com\/?product=windows-7-professional-32bit-systembuilder-deutsch-dicke-packung"},"modified":"2020-12-18T13:16:54","modified_gmt":"2020-12-18T13:16:54","slug":"windows-7-professional-32bit-systembuilder-deutsch-dicke-packung-3","status":"publish","type":"product","link":"https:\/\/www.software-reuse.eu\/fr\/shop\/windows-7-professional-32bit-systembuilder-deutsch-dicke-packung\/","title":{"rendered":"Windows 7 Professional 32bit Systembuilder Deutsch (dicke Packung)"},"content":{"rendered":"<p><b>Windows 7 Professional ist das solide Betriebssystem f\u00fcr Unternehmen!<\/b> <br>F\u00fcr   alle, denen die Optik von Windows 8 oder 10 nicht zusagt, bzw. die die   Stabilit\u00e4t und Ausgereiftheit sch\u00e4tzen ist Windows 7 Professional die   erste Wahl.<\/p>\n<p><b>Sprache: <\/b>Deutsch, der Lizenzkey ist multilingual installierbar<\/p>\n<p><b>Lieferumfang: <\/b>Ungelabelte Systembuilder-Lizenz: Original Product Key mit Seriennummer und Echtheitszertifikat. <br>64bit Datentr\u00e4ger (Deutsch). Auch geeignet als qualifizierendes Betriebssystem f\u00fcr einen Microsoft-Volumenvertrag.<br><br><b>\u00dcbermittlungs des Aktivierungskeys \/ Installationsdateien \/ Aktivierung des Produkts:<\/b><br>Versand des Produkts per Post. Das Produkt kann online oder telefonisch aktiviert werden.<\/p>\n<p><b>Installation g\u00fcltig f\u00fcr: <\/b>1 PC, 32bit<\/p>\n<p><b>Mindestanforderungen: <\/b><br>mind. 1 GB RAM (32bit Version), mind 2 GB RAM (32bit Version), Prozessor mit mind. 1 GHZ<\/p>\n<p><b>Weitere Features:<\/b><\/p>\n<ul>\n<li>Kommerziell einsetzbare Vollversion<\/li>\n<li>Geeignet zur Verwendung als qualifizierendes Betriebssystem f\u00fcr einen Microsoft-Volumenvertrag<\/li>\n<li>Systembuilder-Vollversion<\/li>\n<\/ul>","protected":false},"excerpt":{"rendered":"<p>Windows 7 Professional ist das solide Betriebssystem f\u00fcr Unternehmen! F\u00fcr alle, denen die Optik von Windows 8 oder 10 nicht zusagt, bzw. die die Stabilit\u00e4t und Ausgereiftheit sch\u00e4tzen ist Windows 7 Professional die erste Wahl. Sprache: Deutsch, der Lizenzkey ist multilingual installierbar Lieferumfang: Ungelabelte Systembuilder-Lizenz: Original Product Key mit Seriennummer und Echtheitszertifikat. 64bit Datentr\u00e4ger (Deutsch). [&hellip;]<\/p>\n","protected":false},"featured_media":35007,"template":"","meta":{"inline_featured_image":false},"product_cat":[7830],"product_tag":[],"class_list":{"0":"post-35002","1":"product","2":"type-product","3":"status-publish","4":"has-post-thumbnail","6":"product_cat-unkategorisiert","8":"first","9":"outofstock","10":"downloadable","11":"taxable","12":"shipping-taxable","13":"purchasable","14":"product-type-simple"},"_links":{"self":[{"href":"https:\/\/www.software-reuse.eu\/fr\/wp-json\/wp\/v2\/product\/35002","targetHints":{"allow":["GET"]}}],"collection":[{"href":"https:\/\/www.software-reuse.eu\/fr\/wp-json\/wp\/v2\/product"}],"about":[{"href":"https:\/\/www.software-reuse.eu\/fr\/wp-json\/wp\/v2\/types\/product"}],"wp:featuredmedia":[{"embeddable":true,"href":"https:\/\/www.software-reuse.eu\/fr\/wp-json\/wp\/v2\/media\/35007"}],"wp:attachment":[{"href":"https:\/\/www.software-reuse.eu\/fr\/wp-json\/wp\/v2\/media?parent=35002"}],"wp:term":[{"taxonomy":"product_cat","embeddable":true,"href":"https:\/\/www.software-reuse.eu\/fr\/wp-json\/wp\/v2\/product_cat?post=35002"},{"taxonomy":"product_tag","embeddable":true,"href":"https:\/\/www.software-reuse.eu\/fr\/wp-json\/wp\/v2\/product_tag?post=35002"}],"curies":[{"name":"wp","href":"https:\/\/api.w.org\/{rel}","templated":true}]}}