{"id":35057,"date":"2020-12-18T00:00:00","date_gmt":"2020-12-18T00:00:00","guid":{"rendered":"https:\/\/swr1.wpenginepowered.com\/?product=exchange-server-standard-2019"},"modified":"2020-12-18T13:16:56","modified_gmt":"2020-12-18T13:16:56","slug":"exchange-server-standard-2019-3","status":"publish","type":"product","link":"https:\/\/www.software-reuse.eu\/fr\/shop\/exchange-server-standard-2019\/","title":{"rendered":"Exchange Server Standard 2019"},"content":{"rendered":"<p><b>Exchange 2016 verf\u00fcgt \u00fcber zahlreiche Neuerungen und Verbesserungen sowie eine&nbsp; st\u00e4rkere Integration in Microsoft Office.<\/b><\/p>\n<p><b>Lieferumfang: <\/b><br>Lizenzdaten, Downloadlink f\u00fcr Installationsdateien<\/p>\n<p><b>\u00dcbermittlungs des Aktivierungskeys \/ Installationsdateien \/ Aktivierung des Produkts:<\/b><br>Nach Kaufabschluss und kurzer Bearbeitungszeit schicken wir Ihnen den Aktivierungskey, mit EU-rechtkonformen Lizenztransferdaten (Vertragsnummern, Nennung des Ersterwerbers etc.) sowie einen Downloadlink f\u00fcr die Installationsdateien per E-mail. Das Produkt kann damit sofort installiert und online aktiviert werden.<br><br><b>Installation g\u00fcltig f\u00fcr:<\/b><br>1 Server<br><br><b>Plattform\/Mindestanforderungen:<\/b><br>x64 architekturbasierte Computer mit Intel Prozessor der 64bit Intel Architektur unterst\u00fctzt, AMD Prozessor der die AMD64 Plattform unterst\u00fctzt, Intel Itanium IA64 Prozessoren nicht unterst\u00fctzt, 8 GB RAM empfohlen<br><br><b>Weitere Features: <\/b><br>\u2022&nbsp;&nbsp;&nbsp; Gepr\u00fcfte gebrauchte Originalsoftware <br>\u2022&nbsp;&nbsp;&nbsp; Kommerzielle Vollversion (keine Home oder Student-Version etc.)<\/p>","protected":false},"excerpt":{"rendered":"<p>Exchange 2016 verf\u00fcgt \u00fcber zahlreiche Neuerungen und Verbesserungen sowie eine&nbsp; st\u00e4rkere Integration in Microsoft Office. Lieferumfang: Lizenzdaten, Downloadlink f\u00fcr Installationsdateien \u00dcbermittlungs des Aktivierungskeys \/ Installationsdateien \/ Aktivierung des Produkts:Nach Kaufabschluss und kurzer Bearbeitungszeit schicken wir Ihnen den Aktivierungskey, mit EU-rechtkonformen Lizenztransferdaten (Vertragsnummern, Nennung des Ersterwerbers etc.) sowie einen Downloadlink f\u00fcr die Installationsdateien per E-mail. Das [&hellip;]<\/p>\n","protected":false},"featured_media":35062,"template":"","meta":{"inline_featured_image":false},"product_cat":[7830],"product_tag":[],"class_list":{"0":"post-35057","1":"product","2":"type-product","3":"status-publish","4":"has-post-thumbnail","6":"product_cat-unkategorisiert","8":"first","9":"outofstock","10":"taxable","11":"shipping-taxable","12":"purchasable","13":"product-type-simple"},"_links":{"self":[{"href":"https:\/\/www.software-reuse.eu\/fr\/wp-json\/wp\/v2\/product\/35057","targetHints":{"allow":["GET"]}}],"collection":[{"href":"https:\/\/www.software-reuse.eu\/fr\/wp-json\/wp\/v2\/product"}],"about":[{"href":"https:\/\/www.software-reuse.eu\/fr\/wp-json\/wp\/v2\/types\/product"}],"wp:featuredmedia":[{"embeddable":true,"href":"https:\/\/www.software-reuse.eu\/fr\/wp-json\/wp\/v2\/media\/35062"}],"wp:attachment":[{"href":"https:\/\/www.software-reuse.eu\/fr\/wp-json\/wp\/v2\/media?parent=35057"}],"wp:term":[{"taxonomy":"product_cat","embeddable":true,"href":"https:\/\/www.software-reuse.eu\/fr\/wp-json\/wp\/v2\/product_cat?post=35057"},{"taxonomy":"product_tag","embeddable":true,"href":"https:\/\/www.software-reuse.eu\/fr\/wp-json\/wp\/v2\/product_tag?post=35057"}],"curies":[{"name":"wp","href":"https:\/\/api.w.org\/{rel}","templated":true}]}}