{"id":35227,"date":"2020-12-18T00:00:00","date_gmt":"2020-12-18T00:00:00","guid":{"rendered":"https:\/\/swr1.wpenginepowered.com\/?product=windows-10-enterprise-ltsb-2015-upgrade"},"modified":"2020-12-18T13:17:09","modified_gmt":"2020-12-18T13:17:09","slug":"windows-10-enterprise-ltsb-2015-upgrade-2","status":"publish","type":"product","link":"https:\/\/www.software-reuse.eu\/fr\/shop\/windows-10-enterprise-ltsb-2015-upgrade\/","title":{"rendered":"Windows 10 Enterprise LTSB 2015 Upgrade"},"content":{"rendered":"<p><b>Windows 10 Pro ist das neue Flaggschiff des Softwareherstellers!<\/b> <br>Zu den vielen neuen Funktionen z\u00e4hlt unter anderem, dass der Startbutton zur\u00fcck ist. Verwenden Sie einen Tabletstift, surfen Sie mit Edge besser als je zuvor im Web.<\/p>\n<p><b>Lieferumfang:<\/b><br>Volumenlizenzkey (Aktivierungskey), Lizenzpapiere. <b>Wichtige Info:<\/b> Es handelt sich um eine Upgradeversion. Sie ben\u00f6tigen ein qualifizierendes Betriebssystem f\u00fcr jede Lizenz. Hierzu dient z.B. eine Windows 7 Pro OEM Lizenz, die auf Ihrem Ger\u00e4t vorinstalliert ist oder eine eine Systembuilder-Lizenz, die Sie in unserem Shop finden k\u00f6nnen.<\/p>\n<p><b>\u00dcbermittlungs des Aktivierungskeys \/ Installationsdateien \/ Aktivierung des Produkts:<\/b><br>Nach Kaufabschluss und kurzer Bearbeitungszeit schicken wir Ihnen den Aktivierungskey, mit EU-rechtkonformen Lizenztransferdaten (Vertragsnummern, Nennung des Ersterwerbers etc.) sowie einen Downloadlink f\u00fcr die Installationsdateien per E-mail. Das Produkt kann damit sofort installiert und online aktiviert werden.<b><br><\/b><\/p>\n<p><b>Installation g\u00fcltig f\u00fcr: <\/b>1 PC, 32bit oder 64bit<\/p>\n<p><b>Mindestanforderungen: <\/b><br>mind. 1 GB RAM (32bit Version), mind 2 GB RAM (64bit Version), Prozessor mit mind. 1 GHZ<\/p>\n<p><b>Weitere Features:<\/b><\/p>\n<ul>\n<li>Kommerziell einsetzbare Vollversion<\/li>\n<\/ul>\n<ul>\n<\/ul>","protected":false},"excerpt":{"rendered":"<p>Windows 10 Pro ist das neue Flaggschiff des Softwareherstellers! Zu den vielen neuen Funktionen z\u00e4hlt unter anderem, dass der Startbutton zur\u00fcck ist. Verwenden Sie einen Tabletstift, surfen Sie mit Edge besser als je zuvor im Web. Lieferumfang:Volumenlizenzkey (Aktivierungskey), Lizenzpapiere. Wichtige Info: Es handelt sich um eine Upgradeversion. Sie ben\u00f6tigen ein qualifizierendes Betriebssystem f\u00fcr jede Lizenz. [&hellip;]<\/p>\n","protected":false},"featured_media":35232,"template":"","meta":{"inline_featured_image":false},"product_cat":[7830],"product_tag":[],"class_list":{"0":"post-35227","1":"product","2":"type-product","3":"status-publish","4":"has-post-thumbnail","6":"product_cat-unkategorisiert","8":"first","9":"outofstock","10":"taxable","11":"shipping-taxable","12":"purchasable","13":"product-type-simple"},"_links":{"self":[{"href":"https:\/\/www.software-reuse.eu\/fr\/wp-json\/wp\/v2\/product\/35227","targetHints":{"allow":["GET"]}}],"collection":[{"href":"https:\/\/www.software-reuse.eu\/fr\/wp-json\/wp\/v2\/product"}],"about":[{"href":"https:\/\/www.software-reuse.eu\/fr\/wp-json\/wp\/v2\/types\/product"}],"wp:featuredmedia":[{"embeddable":true,"href":"https:\/\/www.software-reuse.eu\/fr\/wp-json\/wp\/v2\/media\/35232"}],"wp:attachment":[{"href":"https:\/\/www.software-reuse.eu\/fr\/wp-json\/wp\/v2\/media?parent=35227"}],"wp:term":[{"taxonomy":"product_cat","embeddable":true,"href":"https:\/\/www.software-reuse.eu\/fr\/wp-json\/wp\/v2\/product_cat?post=35227"},{"taxonomy":"product_tag","embeddable":true,"href":"https:\/\/www.software-reuse.eu\/fr\/wp-json\/wp\/v2\/product_tag?post=35227"}],"curies":[{"name":"wp","href":"https:\/\/api.w.org\/{rel}","templated":true}]}}