{"id":35452,"date":"2020-12-18T00:00:00","date_gmt":"2020-12-18T00:00:00","guid":{"rendered":"https:\/\/swr1.wpenginepowered.com\/?product=office-professional-plus-2019-edu"},"modified":"2020-12-18T13:17:34","modified_gmt":"2020-12-18T13:17:34","slug":"office-professional-plus-2019-edu-1","status":"publish","type":"product","link":"https:\/\/www.software-reuse.eu\/fr\/shop\/office-professional-plus-2019-edu\/","title":{"rendered":"Office Professional Plus 2019 EDU"},"content":{"rendered":"<p><b>Microsoft Office Professional Plus 2019 ist die aktuellste Kaufversion der Office-Suite und enth\u00e4lt die folgenden&nbsp;<\/b><b>Profiprogramme:&nbsp;<\/b>&nbsp;<\/p>\n<ul>\n<li><span>Word&nbsp;&nbsp;<\/span><\/li>\n<li><span>Excel&nbsp;&nbsp;<\/span><\/li>\n<li><span>PowerPoint&nbsp;&nbsp;<\/span><\/li>\n<li><span>Outlook<\/span><\/li>\n<li><span>Publisher&nbsp;&nbsp;<\/span><\/li>\n<li><span>OneNote<\/span><\/li>\n<li><span>Access &nbsp;<\/span><\/li>\n<li><span>Skype for Business<\/span><\/li>\n<\/ul>\n<p><span>Eine umfangreiche Office-Suite f\u00fcr all jene, die h\u00f6chste Anforderungen an den B\u00fcroalltag legen und keine Cloud-Version w\u00fcnschen. Office 2019 wartet mit zahlreichen Verbesserungen auf. Als gr\u00f6\u00dfte Ver\u00e4nderung gegen\u00fcber 2016 ist jetzt in Excel Echtzeit-Teamwork m\u00f6glich und es lassen sich 3D-Grafiken gut implementieren.&nbsp;<br><br><b>Sprache(n):&nbsp;<\/b>Deutsch, andere Sprachen gerne auf Anfrage<\/span><\/p>\n<p><b>Lieferumfang<\/b><span>: MAK &amp; KMS-Aktivierungskey, Lizenzdaten, Downloadlink zu Installationsfile<\/span><\/p>\n<p><b>\u00dcbermittlungs des Aktivierungskeys \/ Installationsdateien \/ Aktivierung des Produkts:<br><\/b>Nach Kaufabschluss und kurzer Bearbeitungszeit schicken wir Ihnen den Aktivierungskey, mit EU-rechtkonformen Lizenztransferdaten (Vertragsnummern, Nennung des Ersterwerbers etc.) sowie einen Downloadlink f\u00fcr die Installationsdateien per E-mail. Das Produkt kann damit sofort installiert und aktiviert werden.<\/p>\n<p><b>Installation g\u00fcltig f\u00fcr:<\/b><span>&nbsp;1 PC<br><\/span><\/p>\n<p><b>Plattform\/Mindestanforderungen:<\/b><span><br>Windows 10&nbsp;<\/span>(32\/64 bit)<span><br><br><b>Weitere Features:&nbsp;<\/b><\/span><\/p>\n<ul>\n<li><span>Gepr\u00fcfte gebrauchte Originalsoftware&nbsp;<\/span><\/li>\n<li><span>Kommerzielle Vollversion (keine Home oder Student-Version etc.)<\/span><\/li>\n<\/ul>","protected":false},"excerpt":{"rendered":"<p>Microsoft Office Professional Plus 2019 ist die aktuellste Kaufversion der Office-Suite und enth\u00e4lt die folgenden&nbsp;Profiprogramme:&nbsp;&nbsp; Word&nbsp;&nbsp; Excel&nbsp;&nbsp; PowerPoint&nbsp;&nbsp; Outlook Publisher&nbsp;&nbsp; OneNote Access &nbsp; Skype for Business Eine umfangreiche Office-Suite f\u00fcr all jene, die h\u00f6chste Anforderungen an den B\u00fcroalltag legen und keine Cloud-Version w\u00fcnschen. Office 2019 wartet mit zahlreichen Verbesserungen auf. Als gr\u00f6\u00dfte Ver\u00e4nderung gegen\u00fcber 2016 [&hellip;]<\/p>\n","protected":false},"featured_media":35457,"template":"","meta":{"inline_featured_image":false},"product_cat":[7830],"product_tag":[],"class_list":{"0":"post-35452","1":"product","2":"type-product","3":"status-publish","4":"has-post-thumbnail","6":"product_cat-unkategorisiert","8":"first","9":"outofstock","10":"taxable","11":"shipping-taxable","12":"purchasable","13":"product-type-simple"},"_links":{"self":[{"href":"https:\/\/www.software-reuse.eu\/fr\/wp-json\/wp\/v2\/product\/35452","targetHints":{"allow":["GET"]}}],"collection":[{"href":"https:\/\/www.software-reuse.eu\/fr\/wp-json\/wp\/v2\/product"}],"about":[{"href":"https:\/\/www.software-reuse.eu\/fr\/wp-json\/wp\/v2\/types\/product"}],"wp:featuredmedia":[{"embeddable":true,"href":"https:\/\/www.software-reuse.eu\/fr\/wp-json\/wp\/v2\/media\/35457"}],"wp:attachment":[{"href":"https:\/\/www.software-reuse.eu\/fr\/wp-json\/wp\/v2\/media?parent=35452"}],"wp:term":[{"taxonomy":"product_cat","embeddable":true,"href":"https:\/\/www.software-reuse.eu\/fr\/wp-json\/wp\/v2\/product_cat?post=35452"},{"taxonomy":"product_tag","embeddable":true,"href":"https:\/\/www.software-reuse.eu\/fr\/wp-json\/wp\/v2\/product_tag?post=35452"}],"curies":[{"name":"wp","href":"https:\/\/api.w.org\/{rel}","templated":true}]}}