{"id":39339,"date":"2016-04-28T02:00:00","date_gmt":"2016-04-28T00:00:00","guid":{"rendered":"https:\/\/swr1.wpenginepowered.com\/shop-product\/non%20class\u00e9\/windows-10-pro-mar-32-64bit-coa-doccasion\/"},"modified":"2026-01-27T11:38:07","modified_gmt":"2026-01-27T10:38:07","slug":"windows-10-pro-mar-32-64bit-coa-doccasion","status":"publish","type":"product","link":"https:\/\/www.software-reuse.eu\/fr\/shop\/windows\/windows-10\/windows-10-pro-mar-32-64bit-coa-doccasion\/","title":{"rendered":"Windows 10 Pro MAR 32\/64bit COA, d&#8217;occasion"},"content":{"rendered":"<p>\u25cb Licence Windows d\u2019occasion v\u00e9rifi\u00e9e, issue du programme Microsoft Authorized Refurbisher<br \/>\n\u25cb Conforme \u00e0 la l\u00e9gislation et valable de fa\u00e7on permanente<br \/>\n\u25cb Vous avez besoin d&#8217;un conseil personnalis\u00e9 en mati\u00e8re de licences pour votre entreprise ?<a title=\"Vous avez besoin d'un conseil personnalis\u00e9 en mati\u00e8re de licences pour votre entreprise ? Notre \u00e9quipe se fera un plaisir de vous conseiller\" href=\"https:\/\/www.software-reuse.eu\/fr\/contact\/\"> Notre \u00e9quipe se fera un plaisir de vous conseiller<\/a><\/p>\n","protected":false},"excerpt":{"rendered":"<p>\u25cb Licence Windows d\u2019occasion v\u00e9rifi\u00e9e, issue du programme Microsoft Authorized Refurbisher<br \/>\n\u25cb Conforme \u00e0 la l\u00e9gislation et valable de fa\u00e7on permanente<br \/>\n\u25cb Vous avez besoin d&#8217;un conseil personnalis\u00e9 en mati\u00e8re de licences pour votre entreprise ?<a title=\"Vous avez besoin d'un conseil personnalis\u00e9 en mati\u00e8re de licences pour votre entreprise ? Notre \u00e9quipe se fera un plaisir de vous conseiller\" href=\"https:\/\/www.software-reuse.eu\/fr\/contact\/\"> Notre \u00e9quipe se fera un plaisir de vous conseiller<\/a><\/p>\n","protected":false},"featured_media":43214,"template":"","meta":{"inline_featured_image":false},"product_cat":[7542,6936],"product_tag":[],"class_list":{"0":"post-39339","1":"product","2":"type-product","3":"status-publish","4":"has-post-thumbnail","6":"product_cat-windows-fr","7":"product_cat-windows-10","8":"pa_bit-32-bit-en-fr","9":"pa_bit-64-bit-fr","10":"pa_lizenzierung-nach-dispositifs","11":"pa_lizenzlaufzeit-licence-dachat-utilisation-illimitee","12":"pa_lizenztyp-mar-microsoft-authorized-refurbished-inkl-coa-fr","13":"pa_maximal-erlaubte-installatio-un-dispositif","14":"pa_sprache-in-allen-europaischen-sprachen-fr","15":"pa_zustand-comme-neuf","17":"first","18":"outofstock","19":"downloadable","20":"taxable","21":"shipping-taxable","22":"purchasable","23":"product-type-simple"},"_links":{"self":[{"href":"https:\/\/www.software-reuse.eu\/fr\/wp-json\/wp\/v2\/product\/39339","targetHints":{"allow":["GET"]}}],"collection":[{"href":"https:\/\/www.software-reuse.eu\/fr\/wp-json\/wp\/v2\/product"}],"about":[{"href":"https:\/\/www.software-reuse.eu\/fr\/wp-json\/wp\/v2\/types\/product"}],"wp:featuredmedia":[{"embeddable":true,"href":"https:\/\/www.software-reuse.eu\/fr\/wp-json\/wp\/v2\/media\/43214"}],"wp:attachment":[{"href":"https:\/\/www.software-reuse.eu\/fr\/wp-json\/wp\/v2\/media?parent=39339"}],"wp:term":[{"taxonomy":"product_cat","embeddable":true,"href":"https:\/\/www.software-reuse.eu\/fr\/wp-json\/wp\/v2\/product_cat?post=39339"},{"taxonomy":"product_tag","embeddable":true,"href":"https:\/\/www.software-reuse.eu\/fr\/wp-json\/wp\/v2\/product_tag?post=39339"}],"curies":[{"name":"wp","href":"https:\/\/api.w.org\/{rel}","templated":true}]}}