{"id":44177,"date":"2023-05-04T13:12:45","date_gmt":"2023-05-04T11:12:45","guid":{"rendered":"https:\/\/swr1.wpenginepowered.com\/shop-product\/non%20class\u00e9\/produit-3\/"},"modified":"2026-01-27T11:45:44","modified_gmt":"2026-01-27T10:45:44","slug":"44177","status":"publish","type":"product","link":"https:\/\/www.software-reuse.eu\/fr\/shop\/black-week\/windows\/windows-11-pro-upgrade\/","title":{"rendered":"Windows 11 Pro Upgrade"},"content":{"rendered":"<ul>\n<li>Licence en volume d\u2019occasion v\u00e9rifi\u00e9e, valable sans limite de temps<\/li>\n<li>Transfert de licence<a title=\"Transfert de licence conforme \u00e0 la l\u00e9gislation europ\u00e9enne \u00e0 votre entreprise\" href=\"https:\/\/www.software-reuse.eu\/fr\/faits-logiciels-utilises\/transfert-des-licences\/\">\u00a0conforme \u00e0 la l\u00e9gislation europ\u00e9enne\u00a0<\/a>\u00e0 votre entreprise<\/li>\n<li>Vous avez besoin d\u2019un conseil personnalis\u00e9 en mati\u00e8re de licences pour votre entreprise ?<a title=\"Vous avez besoin d'un conseil personnalis\u00e9 en mati\u00e8re de licences pour votre entreprise ? Notre \u00e9quipe se fera un plaisir de vous conseiller\" href=\"https:\/\/www.software-reuse.eu\/fr\/contact\/\">\u00a0Notre \u00e9quipe se fera un plaisir de vous conseiller<\/a><\/li>\n<\/ul>\n","protected":false},"excerpt":{"rendered":"<ul>\n<li>Licence en volume d\u2019occasion v\u00e9rifi\u00e9e, valable sans limite de temps<\/li>\n<li>Transfert de licence<a title=\"Transfert de licence conforme \u00e0 la l\u00e9gislation europ\u00e9enne \u00e0 votre entreprise\" href=\"https:\/\/www.software-reuse.eu\/fr\/faits-logiciels-utilises\/transfert-des-licences\/\">\u00a0conforme \u00e0 la l\u00e9gislation europ\u00e9enne\u00a0<\/a>\u00e0 votre entreprise<\/li>\n<li>Vous avez besoin d\u2019un conseil personnalis\u00e9 en mati\u00e8re de licences pour votre entreprise ?<a title=\"Vous avez besoin d'un conseil personnalis\u00e9 en mati\u00e8re de licences pour votre entreprise ? Notre \u00e9quipe se fera un plaisir de vous conseiller\" href=\"https:\/\/www.software-reuse.eu\/fr\/contact\/\">\u00a0Notre \u00e9quipe se fera un plaisir de vous conseiller<\/a><\/li>\n<\/ul>\n","protected":false},"featured_media":54446,"template":"","meta":{"inline_featured_image":false},"product_cat":[8465,8235,8215],"product_tag":[],"class_list":{"0":"post-44177","1":"product","2":"type-product","3":"status-publish","4":"has-post-thumbnail","6":"product_cat-windows-11","7":"product_cat-windows-fr-3","8":"product_cat-black-week-fr","9":"pa_lizenzierung-nach-dispositifs","10":"pa_lizenzlaufzeit-licence-dachat-utilisation-illimitee","11":"pa_lizenztyp-kommerziell-einsetzbare-volumenlizenz-fr","12":"pa_maximal-erlaubte-installatio-un-dispositif","13":"pa_sprache-in-allen-europaischen-sprachen-fr","14":"pa_zustand-comme-neuf","16":"first","17":"outofstock","18":"downloadable","19":"taxable","20":"shipping-taxable","21":"purchasable","22":"product-type-simple"},"_links":{"self":[{"href":"https:\/\/www.software-reuse.eu\/fr\/wp-json\/wp\/v2\/product\/44177","targetHints":{"allow":["GET"]}}],"collection":[{"href":"https:\/\/www.software-reuse.eu\/fr\/wp-json\/wp\/v2\/product"}],"about":[{"href":"https:\/\/www.software-reuse.eu\/fr\/wp-json\/wp\/v2\/types\/product"}],"wp:featuredmedia":[{"embeddable":true,"href":"https:\/\/www.software-reuse.eu\/fr\/wp-json\/wp\/v2\/media\/54446"}],"wp:attachment":[{"href":"https:\/\/www.software-reuse.eu\/fr\/wp-json\/wp\/v2\/media?parent=44177"}],"wp:term":[{"taxonomy":"product_cat","embeddable":true,"href":"https:\/\/www.software-reuse.eu\/fr\/wp-json\/wp\/v2\/product_cat?post=44177"},{"taxonomy":"product_tag","embeddable":true,"href":"https:\/\/www.software-reuse.eu\/fr\/wp-json\/wp\/v2\/product_tag?post=44177"}],"curies":[{"name":"wp","href":"https:\/\/api.w.org\/{rel}","templated":true}]}}