{"id":49908,"date":"2023-11-16T17:07:34","date_gmt":"2023-11-16T16:07:44","guid":{"rendered":"https:\/\/swr1.wpenginepowered.com\/shop-product\/non%20class\u00e9\/windows-server-standard-2016-2-core-oem\/"},"modified":"2024-01-17T14:00:17","modified_gmt":"2024-01-17T13:00:17","slug":"windows-server-standard-2016-2-core-oem","status":"publish","type":"product","link":"https:\/\/www.software-reuse.eu\/fr\/shop\/windows-server-cals\/windows-server-2016\/windows-server-cals\/windows-server-2016\/windows-server-standard-2016-2-core-oem-additional-licence\/","title":{"rendered":"Windows Server Standard 2016 2 Core OEM Additional Licence"},"content":{"rendered":"<p>Avec la licence suppl\u00e9mentaire Windows Server Standard 2016 avec 2 Core OEM, vous pouvez augmenter la puissance de votre serveur de deux c\u0153urs de processeur suppl\u00e9mentaires et ainsi \u00e9tendre votre infrastructure informatique. Cela vous permet d'allouer plus de ressources aux applications et aux services et de faire \u00e9voluer votre environnement serveur de mani\u00e8re flexible.<\/p>","protected":false},"excerpt":{"rendered":"<p>Avec la licence suppl\u00e9mentaire Windows Server Standard 2016 avec 2 Core OEM, vous pouvez augmenter la puissance de votre serveur de deux c\u0153urs de processeur suppl\u00e9mentaires et ainsi \u00e9tendre votre infrastructure informatique. Cela vous permet d&#8217;allouer plus de ressources aux applications et aux services et de faire \u00e9voluer votre environnement serveur de mani\u00e8re flexible.<\/p>\n","protected":false},"featured_media":50847,"template":"","meta":{"inline_featured_image":false},"product_cat":[7658,7092,7096],"product_tag":[],"class_list":{"0":"post-49908","1":"product","2":"type-product","3":"status-publish","4":"has-post-thumbnail","6":"product_cat-serverlizenzen-cals-fr","7":"product_cat-windows-server","8":"product_cat-windows-server-2016-3","9":"pa_betriebssysteme-macos-v11","10":"pa_betriebssysteme-windows-server-2019","11":"pa_lizenzierung-nach-core","12":"pa_lizenzlaufzeit-licence-dachat-utilisation-illimitee","13":"pa_lizenztyp-oem-licence-original-equipment-manufacturer-license","14":"pa_sprache-in-allen-europaischen-sprachen-fr","15":"pa_zustand-comme-neuf","17":"first","18":"outofstock","19":"taxable","20":"shipping-taxable","21":"purchasable","22":"product-type-simple"},"_links":{"self":[{"href":"https:\/\/www.software-reuse.eu\/fr\/wp-json\/wp\/v2\/product\/49908","targetHints":{"allow":["GET"]}}],"collection":[{"href":"https:\/\/www.software-reuse.eu\/fr\/wp-json\/wp\/v2\/product"}],"about":[{"href":"https:\/\/www.software-reuse.eu\/fr\/wp-json\/wp\/v2\/types\/product"}],"wp:featuredmedia":[{"embeddable":true,"href":"https:\/\/www.software-reuse.eu\/fr\/wp-json\/wp\/v2\/media\/50847"}],"wp:attachment":[{"href":"https:\/\/www.software-reuse.eu\/fr\/wp-json\/wp\/v2\/media?parent=49908"}],"wp:term":[{"taxonomy":"product_cat","embeddable":true,"href":"https:\/\/www.software-reuse.eu\/fr\/wp-json\/wp\/v2\/product_cat?post=49908"},{"taxonomy":"product_tag","embeddable":true,"href":"https:\/\/www.software-reuse.eu\/fr\/wp-json\/wp\/v2\/product_tag?post=49908"}],"curies":[{"name":"wp","href":"https:\/\/api.w.org\/{rel}","templated":true}]}}