{"id":51009,"date":"2024-01-24T08:18:35","date_gmt":"2024-01-24T07:18:35","guid":{"rendered":"https:\/\/swr1.wpenginepowered.com\/shop-product\/non%20class\u00e9\/produit-4\/"},"modified":"2025-11-18T10:52:08","modified_gmt":"2025-11-18T09:52:08","slug":"51009","status":"publish","type":"product","link":"https:\/\/www.software-reuse.eu\/fr\/shop\/autodesk\/51009\/","title":{"rendered":""},"content":{"rendered":"<ul>\n<li data-start=\"276\" data-end=\"313\"><strong data-start=\"276\" data-end=\"313\">Prix et disponibilit\u00e9 sur demande<\/strong><\/li>\n<\/ul>\n<p>&nbsp;<\/p>\n<ul>\n<li data-start=\"276\" data-end=\"313\">Licence en volume d\u2019occasion v\u00e9rifi\u00e9e, valable sans limite de temps<\/li>\n<li data-start=\"276\" data-end=\"313\">Transfert de licence <a href=\"https:\/\/www.software-reuse.eu\/fr\/faits\/transfert-des-licences-doccasion\/\">conforme \u00e0 la l\u00e9gislation europ\u00e9enne<\/a> \u00e0 votre entreprise<\/li>\n<li data-start=\"276\" data-end=\"313\">Vous avez besoin d\u2019un conseil personnalis\u00e9 en mati\u00e8re de licences pour votre entreprise ? <a href=\"https:\/\/www.software-reuse.eu\/fr\/contact\/\">Notre \u00e9quipe se fera un plaisir de vous conseiller<\/a><\/li>\n<\/ul>\n","protected":false},"excerpt":{"rendered":"<ul>\n<li data-start=\"276\" data-end=\"313\"><strong data-start=\"276\" data-end=\"313\">Prix et disponibilit\u00e9 sur demande<\/strong><\/li>\n<\/ul>\n<p>&nbsp;<\/p>\n<ul>\n<li data-start=\"276\" data-end=\"313\">Licence en volume d\u2019occasion v\u00e9rifi\u00e9e, valable sans limite de temps<\/li>\n<li data-start=\"276\" data-end=\"313\">Transfert de licence <a href=\"https:\/\/www.software-reuse.eu\/fr\/faits\/transfert-des-licences-doccasion\/\">conforme \u00e0 la l\u00e9gislation europ\u00e9enne<\/a> \u00e0 votre entreprise<\/li>\n<li data-start=\"276\" data-end=\"313\">Vous avez besoin d\u2019un conseil personnalis\u00e9 en mati\u00e8re de licences pour votre entreprise ? <a href=\"https:\/\/www.software-reuse.eu\/fr\/contact\/\">Notre \u00e9quipe se fera un plaisir de vous conseiller<\/a><\/li>\n<\/ul>\n","protected":false},"featured_media":51017,"template":"","meta":{"inline_featured_image":false},"product_cat":[7113,8328,8329],"product_tag":[],"class_list":{"0":"post-51009","1":"product","2":"type-product","3":"status-publish","4":"has-post-thumbnail","6":"product_cat-autodesk","7":"product_cat-autocad-lt-fr","8":"product_cat-autocad-lt-2014-fr","9":"pa_lizenzlaufzeit-licence-dachat-utilisation-illimitee","10":"pa_lizenztyp-licence-mono-utilisateur","11":"pa_sprache-in-allen-europaischen-sprachen-fr","12":"pa_zustand-comme-neuf","14":"first","15":"outofstock","16":"taxable","17":"shipping-taxable","18":"purchasable","19":"product-type-simple"},"_links":{"self":[{"href":"https:\/\/www.software-reuse.eu\/fr\/wp-json\/wp\/v2\/product\/51009","targetHints":{"allow":["GET"]}}],"collection":[{"href":"https:\/\/www.software-reuse.eu\/fr\/wp-json\/wp\/v2\/product"}],"about":[{"href":"https:\/\/www.software-reuse.eu\/fr\/wp-json\/wp\/v2\/types\/product"}],"wp:featuredmedia":[{"embeddable":true,"href":"https:\/\/www.software-reuse.eu\/fr\/wp-json\/wp\/v2\/media\/51017"}],"wp:attachment":[{"href":"https:\/\/www.software-reuse.eu\/fr\/wp-json\/wp\/v2\/media?parent=51009"}],"wp:term":[{"taxonomy":"product_cat","embeddable":true,"href":"https:\/\/www.software-reuse.eu\/fr\/wp-json\/wp\/v2\/product_cat?post=51009"},{"taxonomy":"product_tag","embeddable":true,"href":"https:\/\/www.software-reuse.eu\/fr\/wp-json\/wp\/v2\/product_tag?post=51009"}],"curies":[{"name":"wp","href":"https:\/\/api.w.org\/{rel}","templated":true}]}}