{"id":53385,"date":"2024-12-26T20:43:40","date_gmt":"2024-12-26T19:43:40","guid":{"rendered":"https:\/\/swr1.wpenginepowered.com\/shop-product\/non%20class\u00e9\/produit-4\/"},"modified":"2026-01-27T11:48:36","modified_gmt":"2026-01-27T10:48:36","slug":"53385","status":"publish","type":"product","link":"https:\/\/www.software-reuse.eu\/fr\/shop\/black-week\/windows\/windows-remote-desktop-services-2025-user-cal\/","title":{"rendered":"Windows Remote Desktop Services 2025 User CAL"},"content":{"rendered":"<ul>\n<li>Licence en volume d\u2019occasion v\u00e9rifi\u00e9e, valable sans limite de temps<\/li>\n<li>Transfert de licence<a title=\"Transfert de licence conforme \u00e0 la l\u00e9gislation europ\u00e9enne \u00e0 votre entreprise\" href=\"https:\/\/www.software-reuse.eu\/fr\/faits-logiciels-utilises\/transfert-des-licences\/\">\u00a0conforme \u00e0 la l\u00e9gislation europ\u00e9enne\u00a0<\/a>\u00e0 votre entreprise<\/li>\n<li>Vous avez besoin d\u2019un conseil personnalis\u00e9 en mati\u00e8re de licences pour votre entreprise ?<a title=\"Vous avez besoin d'un conseil personnalis\u00e9 en mati\u00e8re de licences pour votre entreprise ? Notre \u00e9quipe se fera un plaisir de vous conseiller\" href=\"https:\/\/www.software-reuse.eu\/fr\/contact\/\">\u00a0Notre \u00e9quipe se fera un plaisir de vous conseiller<\/a><\/li>\n<\/ul>\n","protected":false},"excerpt":{"rendered":"<ul>\n<li>Licence en volume d\u2019occasion v\u00e9rifi\u00e9e, valable sans limite de temps<\/li>\n<li>Transfert de licence<a title=\"Transfert de licence conforme \u00e0 la l\u00e9gislation europ\u00e9enne \u00e0 votre entreprise\" href=\"https:\/\/www.software-reuse.eu\/fr\/faits-logiciels-utilises\/transfert-des-licences\/\">\u00a0conforme \u00e0 la l\u00e9gislation europ\u00e9enne\u00a0<\/a>\u00e0 votre entreprise<\/li>\n<li>Vous avez besoin d\u2019un conseil personnalis\u00e9 en mati\u00e8re de licences pour votre entreprise ?<a title=\"Vous avez besoin d'un conseil personnalis\u00e9 en mati\u00e8re de licences pour votre entreprise ? Notre \u00e9quipe se fera un plaisir de vous conseiller\" href=\"https:\/\/www.software-reuse.eu\/fr\/contact\/\">\u00a0Notre \u00e9quipe se fera un plaisir de vous conseiller<\/a><\/li>\n<\/ul>\n","protected":false},"featured_media":54461,"template":"","meta":{"inline_featured_image":false},"product_cat":[8235,8223,7658,7123],"product_tag":[],"class_list":{"0":"post-53385","1":"product","2":"type-product","3":"status-publish","4":"has-post-thumbnail","6":"product_cat-windows-fr-3","7":"product_cat-server-cals-fr","8":"product_cat-serverlizenzen-cals-fr","9":"product_cat-remote-desktop-services-cal","10":"pa_lizenzierung-nach-utilisateur","11":"pa_lizenzlaufzeit-licence-dachat-utilisation-illimitee","12":"pa_lizenztyp-kommerziell-einsetzbare-volumenlizenz-fr","13":"pa_sprache-in-allen-europaischen-sprachen-fr","14":"pa_zustand-comme-neuf","16":"first","17":"instock","18":"downloadable","19":"taxable","20":"shipping-taxable","21":"purchasable","22":"product-type-simple"},"_links":{"self":[{"href":"https:\/\/www.software-reuse.eu\/fr\/wp-json\/wp\/v2\/product\/53385","targetHints":{"allow":["GET"]}}],"collection":[{"href":"https:\/\/www.software-reuse.eu\/fr\/wp-json\/wp\/v2\/product"}],"about":[{"href":"https:\/\/www.software-reuse.eu\/fr\/wp-json\/wp\/v2\/types\/product"}],"wp:featuredmedia":[{"embeddable":true,"href":"https:\/\/www.software-reuse.eu\/fr\/wp-json\/wp\/v2\/media\/54461"}],"wp:attachment":[{"href":"https:\/\/www.software-reuse.eu\/fr\/wp-json\/wp\/v2\/media?parent=53385"}],"wp:term":[{"taxonomy":"product_cat","embeddable":true,"href":"https:\/\/www.software-reuse.eu\/fr\/wp-json\/wp\/v2\/product_cat?post=53385"},{"taxonomy":"product_tag","embeddable":true,"href":"https:\/\/www.software-reuse.eu\/fr\/wp-json\/wp\/v2\/product_tag?post=53385"}],"curies":[{"name":"wp","href":"https:\/\/api.w.org\/{rel}","templated":true}]}}