{"id":53523,"date":"2025-02-28T13:13:47","date_gmt":"2025-02-28T12:13:47","guid":{"rendered":"https:\/\/swr1.wpenginepowered.com\/shop-product\/non%20class\u00e9\/office-2021-standard-ltsc-3\/"},"modified":"2026-01-27T11:50:09","modified_gmt":"2026-01-27T10:50:09","slug":"office-2021-standard-ltsc-3","status":"publish","type":"product","link":"https:\/\/www.software-reuse.eu\/fr\/shop\/office\/office-2024-professional-plus-ltsc\/","title":{"rendered":"Office 2024 Professional Plus LTSC"},"content":{"rendered":"<p>\u25cb Licence en volume d\u2019occasion v\u00e9rifi\u00e9e, valable sans limite de temps<br \/>\n\u25cb Transfert de licence<a title=\"Transfert de licence conforme \u00e0 la l\u00e9gislation europ\u00e9enne \u00e0 votre entreprise\" href=\"https:\/\/www.software-reuse.eu\/fr\/faits-logiciels-utilises\/transfert-des-licences\/\">\u00a0conforme \u00e0 la l\u00e9gislation europ\u00e9enne\u00a0<\/a>\u00e0 votre entreprise<br \/>\n\u25cb Vous avez besoin d\u2019un conseil personnalis\u00e9 en mati\u00e8re de licences pour votre entreprise ?<a title=\"Vous avez besoin d'un conseil personnalis\u00e9 en mati\u00e8re de licences pour votre entreprise ? Notre \u00e9quipe se fera un plaisir de vous conseiller\" href=\"https:\/\/www.software-reuse.eu\/fr\/contact\/\">\u00a0Notre \u00e9quipe se fera un plaisir de vous conseiller<\/a><\/p>\n","protected":false},"excerpt":{"rendered":"<p>\u25cb Licence en volume d\u2019occasion v\u00e9rifi\u00e9e, valable sans limite de temps<br \/>\n\u25cb Transfert de licence<a title=\"Transfert de licence conforme \u00e0 la l\u00e9gislation europ\u00e9enne \u00e0 votre entreprise\" href=\"https:\/\/www.software-reuse.eu\/fr\/faits-logiciels-utilises\/transfert-des-licences\/\">\u00a0conforme \u00e0 la l\u00e9gislation europ\u00e9enne\u00a0<\/a>\u00e0 votre entreprise<br \/>\n\u25cb Vous avez besoin d\u2019un conseil personnalis\u00e9 en mati\u00e8re de licences pour votre entreprise ?<a title=\"Vous avez besoin d'un conseil personnalis\u00e9 en mati\u00e8re de licences pour votre entreprise ? Notre \u00e9quipe se fera un plaisir de vous conseiller\" href=\"https:\/\/www.software-reuse.eu\/fr\/contact\/\">\u00a0Notre \u00e9quipe se fera un plaisir de vous conseiller<\/a><\/p>\n","protected":false},"featured_media":54385,"template":"","meta":{"inline_featured_image":false},"product_cat":[6905],"product_tag":[],"class_list":{"0":"post-53523","1":"product","2":"type-product","3":"status-publish","4":"has-post-thumbnail","6":"product_cat-office","7":"pa_lizenzierung-nach-dispositifs","8":"pa_lizenzlaufzeit-licence-dachat-utilisation-illimitee","9":"pa_lizenztyp-kommerziell-einsetzbare-volumenlizenz-fr","10":"pa_maximal-erlaubte-installatio-un-dispositif","11":"pa_programme-word-fr","12":"pa_programme-outlook-fr","13":"pa_programme-powerpoint-fr","14":"pa_programme-excel-fr","15":"pa_programme-onenote-fr","16":"pa_programme-access-fr","17":"pa_zustand-comme-neuf","19":"first","20":"instock","21":"downloadable","22":"taxable","23":"shipping-taxable","24":"purchasable","25":"product-type-simple"},"_links":{"self":[{"href":"https:\/\/www.software-reuse.eu\/fr\/wp-json\/wp\/v2\/product\/53523","targetHints":{"allow":["GET"]}}],"collection":[{"href":"https:\/\/www.software-reuse.eu\/fr\/wp-json\/wp\/v2\/product"}],"about":[{"href":"https:\/\/www.software-reuse.eu\/fr\/wp-json\/wp\/v2\/types\/product"}],"wp:featuredmedia":[{"embeddable":true,"href":"https:\/\/www.software-reuse.eu\/fr\/wp-json\/wp\/v2\/media\/54385"}],"wp:attachment":[{"href":"https:\/\/www.software-reuse.eu\/fr\/wp-json\/wp\/v2\/media?parent=53523"}],"wp:term":[{"taxonomy":"product_cat","embeddable":true,"href":"https:\/\/www.software-reuse.eu\/fr\/wp-json\/wp\/v2\/product_cat?post=53523"},{"taxonomy":"product_tag","embeddable":true,"href":"https:\/\/www.software-reuse.eu\/fr\/wp-json\/wp\/v2\/product_tag?post=53523"}],"curies":[{"name":"wp","href":"https:\/\/api.w.org\/{rel}","templated":true}]}}