{"id":54193,"date":"2020-12-18T01:00:00","date_gmt":"2020-12-18T00:00:00","guid":{"rendered":"https:\/\/swr1.wpenginepowered.com\/shop-product\/unkategorisiert\/acrobat-dc-2017-professionnel\/"},"modified":"2026-01-27T11:39:14","modified_gmt":"2026-01-27T10:39:14","slug":"acrobat-dc-2017-professionnel-2","status":"publish","type":"product","link":"https:\/\/www.software-reuse.eu\/fr\/shop\/adobe\/acrobat\/acrobat-2017\/adobe\/acrobat\/acrobat-2017\/acrobat-dc-2017-professionnel\/","title":{"rendered":"Acrobat DC 2017 Professionnel"},"content":{"rendered":"<p>Adobe Acrobat DC 2017 Professional est un logiciel puissant qui vous permet de cr\u00e9er, de modifier, d'organiser et de partager en toute s\u00e9curit\u00e9 vos documents PDF. C'est la solution id\u00e9ale pour les professionnels qui souhaitent cr\u00e9er et g\u00e9rer des documents PDF de qualit\u00e9 sup\u00e9rieure.<\/p>","protected":false},"excerpt":{"rendered":"<p>Adobe Acrobat DC 2017 Professional est un logiciel puissant qui vous permet de cr\u00e9er, de modifier, d&#8217;organiser et de partager en toute s\u00e9curit\u00e9 vos documents PDF. C&#8217;est la solution id\u00e9ale pour les professionnels qui souhaitent cr\u00e9er et g\u00e9rer des documents PDF de qualit\u00e9 sup\u00e9rieure.<\/p>\n","protected":false},"featured_media":41823,"template":"","meta":{"inline_featured_image":false},"product_cat":[8306,7683,7661],"product_tag":[],"class_list":{"0":"post-54193","1":"product","2":"type-product","3":"status-publish","4":"has-post-thumbnail","6":"product_cat-acrobat-2017-fr","7":"product_cat-acrobat-fr","8":"product_cat-adobe-fr","9":"pa_betriebssysteme-mac-os-1010-yosemite-fr","10":"pa_betriebssysteme-windows-8-1-fr","11":"pa_betriebssysteme-mac-os-1012-sierra-fr","12":"pa_betriebssysteme-mac-os-1011-el-capitan-fr","13":"pa_betriebssysteme-windows-xp-fr","14":"pa_betriebssysteme-windows-10-fr","15":"pa_betriebssysteme-windows-8-fr","16":"pa_betriebssysteme-windows-7-fr","17":"pa_lizenzierung-nach-dispositifs","18":"pa_lizenzlaufzeit-licence-dachat-utilisation-illimitee","19":"pa_lizenztyp-kommerziell-einsetzbare-volumenlizenz-fr","20":"pa_maximal-erlaubte-installatio-deux-appareils-sils-ne-sont-pas-utilises-simultanement","21":"pa_sprache-in-allen-europaischen-sprachen-fr","22":"pa_zustand-comme-neuf","24":"first","25":"outofstock","26":"downloadable","27":"taxable","28":"shipping-taxable","29":"purchasable","30":"product-type-simple"},"_links":{"self":[{"href":"https:\/\/www.software-reuse.eu\/fr\/wp-json\/wp\/v2\/product\/54193","targetHints":{"allow":["GET"]}}],"collection":[{"href":"https:\/\/www.software-reuse.eu\/fr\/wp-json\/wp\/v2\/product"}],"about":[{"href":"https:\/\/www.software-reuse.eu\/fr\/wp-json\/wp\/v2\/types\/product"}],"wp:featuredmedia":[{"embeddable":true,"href":"https:\/\/www.software-reuse.eu\/fr\/wp-json\/wp\/v2\/media\/41823"}],"wp:attachment":[{"href":"https:\/\/www.software-reuse.eu\/fr\/wp-json\/wp\/v2\/media?parent=54193"}],"wp:term":[{"taxonomy":"product_cat","embeddable":true,"href":"https:\/\/www.software-reuse.eu\/fr\/wp-json\/wp\/v2\/product_cat?post=54193"},{"taxonomy":"product_tag","embeddable":true,"href":"https:\/\/www.software-reuse.eu\/fr\/wp-json\/wp\/v2\/product_tag?post=54193"}],"curies":[{"name":"wp","href":"https:\/\/api.w.org\/{rel}","templated":true}]}}