{"id":54250,"date":"2025-10-28T09:54:23","date_gmt":"2025-10-28T08:54:23","guid":{"rendered":"https:\/\/swr1.wpenginepowered.com\/shop-product\/non%20class\u00e9\/windows-server-standard-2025-2-core\/"},"modified":"2026-01-27T11:52:06","modified_gmt":"2026-01-27T10:52:06","slug":"windows-server-standard-2025-2-core","status":"publish","type":"product","link":"https:\/\/www.software-reuse.eu\/fr\/shop\/serverlizenzen-cals\/windows-server-cals\/windows-server-2025\/windows-server-standard-2025-2-core\/","title":{"rendered":"Windows Server Standard 2025 2 Core"},"content":{"rendered":"<ul>\n<li>Licence en volume d\u2019occasion v\u00e9rifi\u00e9e, valable sans limite de temps<\/li>\n<li>Transfert de licence<a title=\"Transfert de licence conforme \u00e0 la l\u00e9gislation europ\u00e9enne \u00e0 votre entreprise\" href=\"https:\/\/www.software-reuse.eu\/fr\/faits-logiciels-utilises\/transfert-des-licences\/\">\u00a0conforme \u00e0 la l\u00e9gislation europ\u00e9enne\u00a0<\/a>\u00e0 votre entreprise<\/li>\n<li>Vous avez besoin d\u2019un conseil personnalis\u00e9 en mati\u00e8re de licences pour votre entreprise ?<a title=\"Vous avez besoin d'un conseil personnalis\u00e9 en mati\u00e8re de licences pour votre entreprise ? Notre \u00e9quipe se fera un plaisir de vous conseiller\" href=\"https:\/\/www.software-reuse.eu\/fr\/contact\/\">\u00a0Notre \u00e9quipe se fera un plaisir de vous conseiller<\/a><\/li>\n<\/ul>\n","protected":false},"excerpt":{"rendered":"<ul>\n<li>Licence en volume d\u2019occasion v\u00e9rifi\u00e9e, valable sans limite de temps<\/li>\n<li>Transfert de licence<a title=\"Transfert de licence conforme \u00e0 la l\u00e9gislation europ\u00e9enne \u00e0 votre entreprise\" href=\"https:\/\/www.software-reuse.eu\/fr\/faits-logiciels-utilises\/transfert-des-licences\/\">\u00a0conforme \u00e0 la l\u00e9gislation europ\u00e9enne\u00a0<\/a>\u00e0 votre entreprise<\/li>\n<li>Vous avez besoin d\u2019un conseil personnalis\u00e9 en mati\u00e8re de licences pour votre entreprise ?<a title=\"Vous avez besoin d'un conseil personnalis\u00e9 en mati\u00e8re de licences pour votre entreprise ? Notre \u00e9quipe se fera un plaisir de vous conseiller\" href=\"https:\/\/www.software-reuse.eu\/fr\/contact\/\">\u00a0Notre \u00e9quipe se fera un plaisir de vous conseiller<\/a><\/li>\n<\/ul>\n","protected":false},"featured_media":54601,"template":"","meta":{"inline_featured_image":false},"product_cat":[8471,7092],"product_tag":[],"class_list":{"0":"post-54250","1":"product","2":"type-product","3":"status-publish","4":"has-post-thumbnail","6":"product_cat-windows-server-2025","7":"product_cat-windows-server","8":"pa_bit-64-bit-fr","9":"pa_lizenzierung-nach-core","10":"pa_lizenzlaufzeit-licence-dachat-utilisation-illimitee","11":"pa_lizenztyp-kommerziell-einsetzbare-volumenlizenz-fr","12":"pa_maximal-erlaubte-installatio-un-dispositif","13":"pa_sprache-in-allen-europaischen-sprachen-fr","14":"pa_zustand-comme-neuf","16":"first","17":"outofstock","18":"downloadable","19":"taxable","20":"shipping-taxable","21":"purchasable","22":"product-type-simple"},"_links":{"self":[{"href":"https:\/\/www.software-reuse.eu\/fr\/wp-json\/wp\/v2\/product\/54250","targetHints":{"allow":["GET"]}}],"collection":[{"href":"https:\/\/www.software-reuse.eu\/fr\/wp-json\/wp\/v2\/product"}],"about":[{"href":"https:\/\/www.software-reuse.eu\/fr\/wp-json\/wp\/v2\/types\/product"}],"wp:featuredmedia":[{"embeddable":true,"href":"https:\/\/www.software-reuse.eu\/fr\/wp-json\/wp\/v2\/media\/54601"}],"wp:attachment":[{"href":"https:\/\/www.software-reuse.eu\/fr\/wp-json\/wp\/v2\/media?parent=54250"}],"wp:term":[{"taxonomy":"product_cat","embeddable":true,"href":"https:\/\/www.software-reuse.eu\/fr\/wp-json\/wp\/v2\/product_cat?post=54250"},{"taxonomy":"product_tag","embeddable":true,"href":"https:\/\/www.software-reuse.eu\/fr\/wp-json\/wp\/v2\/product_tag?post=54250"}],"curies":[{"name":"wp","href":"https:\/\/api.w.org\/{rel}","templated":true}]}}