{"id":54272,"date":"2025-04-02T15:06:21","date_gmt":"2025-04-02T13:06:21","guid":{"rendered":"https:\/\/swr1.wpenginepowered.com\/shop-product\/non%20class\u00e9\/visual-studio-2022-professional\/"},"modified":"2026-01-27T11:52:41","modified_gmt":"2026-01-27T10:52:41","slug":"visual-studio-2022-professional","status":"publish","type":"product","link":"https:\/\/www.software-reuse.eu\/fr\/shop\/office\/visual-studio-2022\/visual-studio-2022-professional\/","title":{"rendered":"Visual Studio 2022 Professional"},"content":{"rendered":"<p>Visual Studio 2019 Professional est une plateforme de d\u00e9veloppement de premier plan qui offre aux d\u00e9veloppeurs de logiciels des outils et des ressources puissants gr\u00e2ce \u00e0 son large \u00e9ventail. Que vous d\u00e9veloppiez pour Windows, le Web ou le cloud, Visual Studio 2019 Professional vous permet de travailler de mani\u00e8re efficace et productive tout en cr\u00e9ant des solutions logicielles de haute qualit\u00e9.<\/p>","protected":false},"excerpt":{"rendered":"<p>Visual Studio 2019 Professional est une plateforme de d\u00e9veloppement de premier plan qui offre aux d\u00e9veloppeurs de logiciels des outils et des ressources puissants gr\u00e2ce \u00e0 son large \u00e9ventail. Que vous d\u00e9veloppiez pour Windows, le Web ou le cloud, Visual Studio 2019 Professional vous permet de travailler de mani\u00e8re efficace et productive tout en cr\u00e9ant [&hellip;]<\/p>\n","protected":false},"featured_media":0,"template":"","meta":{"inline_featured_image":false},"product_cat":[8479],"product_tag":[],"class_list":{"0":"post-54272","1":"product","2":"type-product","3":"status-publish","5":"product_cat-visual-studio-2022","7":"first","8":"outofstock","9":"taxable","10":"shipping-taxable","11":"purchasable","12":"product-type-simple"},"_links":{"self":[{"href":"https:\/\/www.software-reuse.eu\/fr\/wp-json\/wp\/v2\/product\/54272","targetHints":{"allow":["GET"]}}],"collection":[{"href":"https:\/\/www.software-reuse.eu\/fr\/wp-json\/wp\/v2\/product"}],"about":[{"href":"https:\/\/www.software-reuse.eu\/fr\/wp-json\/wp\/v2\/types\/product"}],"wp:attachment":[{"href":"https:\/\/www.software-reuse.eu\/fr\/wp-json\/wp\/v2\/media?parent=54272"}],"wp:term":[{"taxonomy":"product_cat","embeddable":true,"href":"https:\/\/www.software-reuse.eu\/fr\/wp-json\/wp\/v2\/product_cat?post=54272"},{"taxonomy":"product_tag","embeddable":true,"href":"https:\/\/www.software-reuse.eu\/fr\/wp-json\/wp\/v2\/product_tag?post=54272"}],"curies":[{"name":"wp","href":"https:\/\/api.w.org\/{rel}","templated":true}]}}