{"id":54280,"date":"2025-10-29T13:30:17","date_gmt":"2025-10-29T12:30:17","guid":{"rendered":"https:\/\/swr1.wpenginepowered.com\/shop-product\/non%20class\u00e9\/windows-server-2025-utilisateur-cal\/"},"modified":"2026-01-27T11:47:55","modified_gmt":"2026-01-27T10:47:55","slug":"windows-server-2025-utilisateur-cal","status":"publish","type":"product","link":"https:\/\/www.software-reuse.eu\/fr\/shop\/serverlizenzen-cals\/windows-server-cals\/windows-server-2025\/windows-server-2025-utilisateur-cal\/","title":{"rendered":"Windows Server 2025 Utilisateur CAL"},"content":{"rendered":"<p>Les User CALs de Windows Server 2025 permettent \u00e0 des utilisateurs individuels d\u2019acc\u00e9der de mani\u00e8re autoris\u00e9e aux services et fonctionnalit\u00e9s d\u2019un environnement Windows Server. La licence bas\u00e9e sur l\u2019utilisateur est id\u00e9ale pour les entreprises o\u00f9 les utilisateurs travaillent de mani\u00e8re flexible depuis plusieurs appareils.<\/p>","protected":false},"excerpt":{"rendered":"<p>Les User CALs de Windows Server 2025 permettent \u00e0 des utilisateurs individuels d\u2019acc\u00e9der de mani\u00e8re autoris\u00e9e aux services et fonctionnalit\u00e9s d\u2019un environnement Windows Server. La licence bas\u00e9e sur l\u2019utilisateur est id\u00e9ale pour les entreprises o\u00f9 les utilisateurs travaillent de mani\u00e8re flexible depuis plusieurs appareils.<\/p>\n","protected":false},"featured_media":54626,"template":"","meta":{"inline_featured_image":false},"product_cat":[8471,7122,7121],"product_tag":[],"class_list":{"0":"post-54280","1":"product","2":"type-product","3":"status-publish","4":"has-post-thumbnail","6":"product_cat-windows-server-2025","7":"product_cat-windows-server-cal-fr","8":"product_cat-licences-dacces-client-cal","9":"pa_lizenzierung-nach-utilisateur","10":"pa_lizenzlaufzeit-licence-dachat-utilisation-illimitee","11":"pa_lizenztyp-kommerziell-einsetzbare-volumenlizenz-fr","12":"pa_maximal-erlaubte-installatio-un-dispositif","13":"pa_sprache-in-allen-europaischen-sprachen-fr","14":"pa_zustand-comme-neuf","16":"first","17":"instock","18":"downloadable","19":"taxable","20":"shipping-taxable","21":"purchasable","22":"product-type-simple"},"_links":{"self":[{"href":"https:\/\/www.software-reuse.eu\/fr\/wp-json\/wp\/v2\/product\/54280","targetHints":{"allow":["GET"]}}],"collection":[{"href":"https:\/\/www.software-reuse.eu\/fr\/wp-json\/wp\/v2\/product"}],"about":[{"href":"https:\/\/www.software-reuse.eu\/fr\/wp-json\/wp\/v2\/types\/product"}],"wp:featuredmedia":[{"embeddable":true,"href":"https:\/\/www.software-reuse.eu\/fr\/wp-json\/wp\/v2\/media\/54626"}],"wp:attachment":[{"href":"https:\/\/www.software-reuse.eu\/fr\/wp-json\/wp\/v2\/media?parent=54280"}],"wp:term":[{"taxonomy":"product_cat","embeddable":true,"href":"https:\/\/www.software-reuse.eu\/fr\/wp-json\/wp\/v2\/product_cat?post=54280"},{"taxonomy":"product_tag","embeddable":true,"href":"https:\/\/www.software-reuse.eu\/fr\/wp-json\/wp\/v2\/product_tag?post=54280"}],"curies":[{"name":"wp","href":"https:\/\/api.w.org\/{rel}","templated":true}]}}