{"id":54295,"date":"2023-01-11T11:55:05","date_gmt":"2023-01-11T10:55:05","guid":{"rendered":"https:\/\/swr1.wpenginepowered.com\/shop-product\/non%20class\u00e9\/windows-server-standard-2022-2-core\/"},"modified":"2026-01-27T11:42:37","modified_gmt":"2026-01-27T10:42:37","slug":"windows-server-standard-2022-2-core","status":"publish","type":"product","link":"https:\/\/www.software-reuse.eu\/fr\/shop\/serverlizenzen-cals\/windows-server-cals\/windows-server-2022\/windows-server-standard-2022-2-core\/","title":{"rendered":"Windows Server Standard 2022 2 Core"},"content":{"rendered":"<p>Windows Server Standard 2022 2 Core offre une plate-forme serveur fiable et performante pour votre entreprise. Elle vous aide \u00e0 optimiser votre infrastructure informatique et \u00e0 ex\u00e9cuter vos applications de mani\u00e8re s\u00fbre et efficace. Avec 2 Core, vous pouvez adapter les performances du serveur \u00e0 vos besoins sp\u00e9cifiques tout en b\u00e9n\u00e9ficiant des derni\u00e8res fonctionnalit\u00e9s et am\u00e9liorations offertes par Windows Server 2022.<\/p>","protected":false},"excerpt":{"rendered":"<p>Windows Server Standard 2022 2 Core offre une plate-forme serveur fiable et performante pour votre entreprise. Elle vous aide \u00e0 optimiser votre infrastructure informatique et \u00e0 ex\u00e9cuter vos applications de mani\u00e8re s\u00fbre et efficace. Avec 2 Core, vous pouvez adapter les performances du serveur \u00e0 vos besoins sp\u00e9cifiques tout en b\u00e9n\u00e9ficiant des derni\u00e8res fonctionnalit\u00e9s et [&hellip;]<\/p>\n","protected":false},"featured_media":41753,"template":"","meta":{"inline_featured_image":false},"product_cat":[8297,7658,7092],"product_tag":[],"class_list":{"0":"post-54295","1":"product","2":"type-product","3":"status-publish","4":"has-post-thumbnail","6":"product_cat-windows-server-2022-fr","7":"product_cat-serverlizenzen-cals-fr","8":"product_cat-windows-server","9":"pa_bit-64-bit-fr","10":"pa_lizenzierung-nach-core","11":"pa_lizenzlaufzeit-licence-dachat-utilisation-illimitee","12":"pa_lizenztyp-kommerziell-einsetzbare-volumenlizenz-fr","13":"pa_maximal-erlaubte-installatio-un-dispositif","14":"pa_sprache-in-allen-europaischen-sprachen-fr","15":"pa_zustand-comme-neuf","17":"first","18":"instock","19":"downloadable","20":"taxable","21":"shipping-taxable","22":"purchasable","23":"product-type-simple"},"_links":{"self":[{"href":"https:\/\/www.software-reuse.eu\/fr\/wp-json\/wp\/v2\/product\/54295","targetHints":{"allow":["GET"]}}],"collection":[{"href":"https:\/\/www.software-reuse.eu\/fr\/wp-json\/wp\/v2\/product"}],"about":[{"href":"https:\/\/www.software-reuse.eu\/fr\/wp-json\/wp\/v2\/types\/product"}],"wp:featuredmedia":[{"embeddable":true,"href":"https:\/\/www.software-reuse.eu\/fr\/wp-json\/wp\/v2\/media\/41753"}],"wp:attachment":[{"href":"https:\/\/www.software-reuse.eu\/fr\/wp-json\/wp\/v2\/media?parent=54295"}],"wp:term":[{"taxonomy":"product_cat","embeddable":true,"href":"https:\/\/www.software-reuse.eu\/fr\/wp-json\/wp\/v2\/product_cat?post=54295"},{"taxonomy":"product_tag","embeddable":true,"href":"https:\/\/www.software-reuse.eu\/fr\/wp-json\/wp\/v2\/product_tag?post=54295"}],"curies":[{"name":"wp","href":"https:\/\/api.w.org\/{rel}","templated":true}]}}