{"id":54303,"date":"2019-10-01T02:00:00","date_gmt":"2019-10-01T00:00:00","guid":{"rendered":"https:\/\/swr1.wpenginepowered.com\/shop-product\/non%20class\u00e9\/office-professional-plus-2019-licence-en-volume\/"},"modified":"2026-01-29T09:37:51","modified_gmt":"2026-01-29T08:37:51","slug":"office-professional-plus-2019-licence-en-volume","status":"publish","type":"product","link":"https:\/\/www.software-reuse.eu\/fr\/shop\/uncategorized\/office-professional-plus-2019-licence-en-volume\/","title":{"rendered":"Office Professional Plus 2019 licence en volume"},"content":{"rendered":"<p>Office Professional Plus 2019 est la suite de productivit\u00e9 id\u00e9ale pour les entreprises. Gr\u00e2ce \u00e0 des outils performants tels que Word, Excel, PowerPoint et Outlook, vous pouvez optimiser vos processus d'entreprise et am\u00e9liorer l'efficacit\u00e9 de votre travail. Cr\u00e9ez des documents, des pr\u00e9sentations et des e-mails professionnels pour atteindre vos objectifs et faire passer votre entreprise au niveau sup\u00e9rieur.<\/p>","protected":false},"excerpt":{"rendered":"<p>Office Professional Plus 2019 est la suite de productivit\u00e9 id\u00e9ale pour les entreprises. Gr\u00e2ce \u00e0 des outils performants tels que Word, Excel, PowerPoint et Outlook, vous pouvez optimiser vos processus d&#8217;entreprise et am\u00e9liorer l&#8217;efficacit\u00e9 de votre travail. Cr\u00e9ez des documents, des pr\u00e9sentations et des e-mails professionnels pour atteindre vos objectifs et faire passer votre entreprise [&hellip;]<\/p>\n","protected":false},"featured_media":36220,"template":"","meta":{"inline_featured_image":false},"product_cat":[7058,6905],"product_tag":[],"class_list":{"0":"post-54303","1":"product","2":"type-product","3":"status-publish","4":"has-post-thumbnail","6":"product_cat-office-2019-licences-en-volume","7":"product_cat-office","9":"first","10":"instock","11":"downloadable","12":"taxable","13":"shipping-taxable","14":"purchasable","15":"product-type-simple"},"_links":{"self":[{"href":"https:\/\/www.software-reuse.eu\/fr\/wp-json\/wp\/v2\/product\/54303","targetHints":{"allow":["GET"]}}],"collection":[{"href":"https:\/\/www.software-reuse.eu\/fr\/wp-json\/wp\/v2\/product"}],"about":[{"href":"https:\/\/www.software-reuse.eu\/fr\/wp-json\/wp\/v2\/types\/product"}],"wp:featuredmedia":[{"embeddable":true,"href":"https:\/\/www.software-reuse.eu\/fr\/wp-json\/wp\/v2\/media\/36220"}],"wp:attachment":[{"href":"https:\/\/www.software-reuse.eu\/fr\/wp-json\/wp\/v2\/media?parent=54303"}],"wp:term":[{"taxonomy":"product_cat","embeddable":true,"href":"https:\/\/www.software-reuse.eu\/fr\/wp-json\/wp\/v2\/product_cat?post=54303"},{"taxonomy":"product_tag","embeddable":true,"href":"https:\/\/www.software-reuse.eu\/fr\/wp-json\/wp\/v2\/product_tag?post=54303"}],"curies":[{"name":"wp","href":"https:\/\/api.w.org\/{rel}","templated":true}]}}