{"id":54324,"date":"2025-11-06T13:15:08","date_gmt":"2025-11-06T12:15:08","guid":{"rendered":"https:\/\/swr1.wpenginepowered.com\/shop-product\/non%20class\u00e9\/core-infrastructure-suite-cis-server-standard-2022-2-core\/"},"modified":"2026-01-27T11:49:08","modified_gmt":"2026-01-27T10:49:08","slug":"core-infrastructure-suite-cis-server-standard-2022-2-core","status":"publish","type":"product","link":"https:\/\/www.software-reuse.eu\/fr\/shop\/serverlizenzen-cals\/windows-server-cals\/core-infrastructure-suite-cis-server-standard-2022-2-core\/","title":{"rendered":"Core Infrastructure Suite (CIS) Server Standard 2022 \u2013 2 Core"},"content":{"rendered":"<p>\u25cb Licence en volume d\u2019occasion v\u00e9rifi\u00e9e, valable sans limite de temps<br \/>\n\u25cb Transfert de licence <a href=\"https:\/\/www.software-reuse.eu\/fr\/faits\/transfert-des-licences-doccasion\/\">conforme \u00e0 la l\u00e9gislation europ\u00e9enne<\/a> \u00e0 votre entreprise<br \/>\n\u25cb Vous avez besoin d\u2019un conseil personnalis\u00e9 en mati\u00e8re de licences pour votre entreprise ? <a href=\"https:\/\/www.software-reuse.eu\/fr\/contact\/\">Notre \u00e9quipe se fera un plaisir de vous conseiller<\/a><\/p>\n<p>&nbsp;<\/p>\n","protected":false},"excerpt":{"rendered":"<p>\u25cb Licence en volume d\u2019occasion v\u00e9rifi\u00e9e, valable sans limite de temps<br \/>\n\u25cb Transfert de licence <a href=\"https:\/\/www.software-reuse.eu\/fr\/faits\/transfert-des-licences-doccasion\/\">conforme \u00e0 la l\u00e9gislation europ\u00e9enne<\/a> \u00e0 votre entreprise<br \/>\n\u25cb Vous avez besoin d\u2019un conseil personnalis\u00e9 en mati\u00e8re de licences pour votre entreprise ? <a href=\"https:\/\/www.software-reuse.eu\/fr\/contact\/\">Notre \u00e9quipe se fera un plaisir de vous conseiller<\/a><\/p>\n<p>&nbsp;<\/p>\n","protected":false},"featured_media":54328,"template":"","meta":{"inline_featured_image":false},"product_cat":[7092,8297],"product_tag":[],"class_list":{"0":"post-54324","1":"product","2":"type-product","3":"status-publish","4":"has-post-thumbnail","6":"product_cat-windows-server","7":"product_cat-windows-server-2022-fr","8":"pa_lizenzierung-nach-core","9":"pa_lizenzlaufzeit-licence-dachat-utilisation-illimitee","10":"pa_lizenztyp-kommerziell-einsetzbare-volumenlizenz-fr","11":"pa_maximal-erlaubte-installatio-un-dispositif","12":"pa_sprache-in-allen-europaischen-sprachen-fr","13":"pa_zustand-comme-neuf","15":"first","16":"instock","17":"downloadable","18":"taxable","19":"shipping-taxable","20":"purchasable","21":"product-type-simple"},"_links":{"self":[{"href":"https:\/\/www.software-reuse.eu\/fr\/wp-json\/wp\/v2\/product\/54324","targetHints":{"allow":["GET"]}}],"collection":[{"href":"https:\/\/www.software-reuse.eu\/fr\/wp-json\/wp\/v2\/product"}],"about":[{"href":"https:\/\/www.software-reuse.eu\/fr\/wp-json\/wp\/v2\/types\/product"}],"wp:featuredmedia":[{"embeddable":true,"href":"https:\/\/www.software-reuse.eu\/fr\/wp-json\/wp\/v2\/media\/54328"}],"wp:attachment":[{"href":"https:\/\/www.software-reuse.eu\/fr\/wp-json\/wp\/v2\/media?parent=54324"}],"wp:term":[{"taxonomy":"product_cat","embeddable":true,"href":"https:\/\/www.software-reuse.eu\/fr\/wp-json\/wp\/v2\/product_cat?post=54324"},{"taxonomy":"product_tag","embeddable":true,"href":"https:\/\/www.software-reuse.eu\/fr\/wp-json\/wp\/v2\/product_tag?post=54324"}],"curies":[{"name":"wp","href":"https:\/\/api.w.org\/{rel}","templated":true}]}}