{"id":54341,"date":"2025-11-06T14:51:37","date_gmt":"2025-11-06T13:51:37","guid":{"rendered":"https:\/\/swr1.wpenginepowered.com\/shop-product\/non%20class\u00e9\/enterprise-cal-suite-2022-user-cal\/"},"modified":"2026-01-27T11:46:14","modified_gmt":"2026-01-27T10:46:14","slug":"enterprise-cal-suite-2022-user-cal","status":"publish","type":"product","link":"https:\/\/www.software-reuse.eu\/fr\/shop\/server-cals\/windows-server-cals\/windows-server-2022\/enterprise-cal-suite-2022-user-cal\/","title":{"rendered":"Enterprise CAL Suite 2022 User CAL"},"content":{"rendered":"<p>Licence en volume d\u2019occasion v\u00e9rifi\u00e9e, valable sans limite de temps<br \/>\n\u25cb Transfert de licence<a title=\"Transfert de licence conforme \u00e0 la l\u00e9gislation europ\u00e9enne \u00e0 votre entreprise\" href=\"https:\/\/www.software-reuse.eu\/fr\/faits-logiciels-utilises\/transfert-des-licences\/\">\u00a0conforme \u00e0 la l\u00e9gislation europ\u00e9enne\u00a0<\/a>\u00e0 votre entreprise<br \/>\n\u25cb Vous avez besoin d\u2019un conseil personnalis\u00e9 en mati\u00e8re de licences pour votre entreprise ?<a title=\"Vous avez besoin d'un conseil personnalis\u00e9 en mati\u00e8re de licences pour votre entreprise ? Notre \u00e9quipe se fera un plaisir de vous conseiller\" href=\"https:\/\/www.software-reuse.eu\/fr\/contact\/\">\u00a0Notre \u00e9quipe se fera un plaisir de vous conseiller<\/a><\/p>\n","protected":false},"excerpt":{"rendered":"<p>Licence en volume d\u2019occasion v\u00e9rifi\u00e9e, valable sans limite de temps<br \/>\n\u25cb Transfert de licence<a title=\"Transfert de licence conforme \u00e0 la l\u00e9gislation europ\u00e9enne \u00e0 votre entreprise\" href=\"https:\/\/www.software-reuse.eu\/fr\/faits-logiciels-utilises\/transfert-des-licences\/\">\u00a0conforme \u00e0 la l\u00e9gislation europ\u00e9enne\u00a0<\/a>\u00e0 votre entreprise<br \/>\n\u25cb Vous avez besoin d\u2019un conseil personnalis\u00e9 en mati\u00e8re de licences pour votre entreprise ?<a title=\"Vous avez besoin d'un conseil personnalis\u00e9 en mati\u00e8re de licences pour votre entreprise ? Notre \u00e9quipe se fera un plaisir de vous conseiller\" href=\"https:\/\/www.software-reuse.eu\/fr\/contact\/\">\u00a0Notre \u00e9quipe se fera un plaisir de vous conseiller<\/a><\/p>\n","protected":false},"featured_media":54347,"template":"","meta":{"inline_featured_image":false},"product_cat":[8297,7658],"product_tag":[],"class_list":{"0":"post-54341","1":"product","2":"type-product","3":"status-publish","4":"has-post-thumbnail","6":"product_cat-windows-server-2022-fr","7":"product_cat-serverlizenzen-cals-fr","8":"pa_lizenzierung-nach-utilisateur","9":"pa_lizenzlaufzeit-licence-dachat-utilisation-illimitee","10":"pa_lizenztyp-kommerziell-einsetzbare-volumenlizenz-fr","11":"pa_maximal-erlaubte-installatio-un-dispositif","12":"pa_sprache-in-allen-europaischen-sprachen-fr","13":"pa_zustand-comme-neuf","15":"first","16":"instock","17":"downloadable","18":"taxable","19":"shipping-taxable","20":"purchasable","21":"product-type-simple"},"_links":{"self":[{"href":"https:\/\/www.software-reuse.eu\/fr\/wp-json\/wp\/v2\/product\/54341","targetHints":{"allow":["GET"]}}],"collection":[{"href":"https:\/\/www.software-reuse.eu\/fr\/wp-json\/wp\/v2\/product"}],"about":[{"href":"https:\/\/www.software-reuse.eu\/fr\/wp-json\/wp\/v2\/types\/product"}],"wp:featuredmedia":[{"embeddable":true,"href":"https:\/\/www.software-reuse.eu\/fr\/wp-json\/wp\/v2\/media\/54347"}],"wp:attachment":[{"href":"https:\/\/www.software-reuse.eu\/fr\/wp-json\/wp\/v2\/media?parent=54341"}],"wp:term":[{"taxonomy":"product_cat","embeddable":true,"href":"https:\/\/www.software-reuse.eu\/fr\/wp-json\/wp\/v2\/product_cat?post=54341"},{"taxonomy":"product_tag","embeddable":true,"href":"https:\/\/www.software-reuse.eu\/fr\/wp-json\/wp\/v2\/product_tag?post=54341"}],"curies":[{"name":"wp","href":"https:\/\/api.w.org\/{rel}","templated":true}]}}