{"id":54633,"date":"2025-12-03T14:23:57","date_gmt":"2025-12-03T13:23:57","guid":{"rendered":"https:\/\/swr1.wpenginepowered.com\/shop-product\/non%20class\u00e9\/windows-10-pro-mar-32-64-bit-coa-sealed\/"},"modified":"2026-01-27T12:03:53","modified_gmt":"2026-01-27T11:03:53","slug":"windows-10-pro-mar-32-64-bit-coa-sealed","status":"publish","type":"product","link":"https:\/\/www.software-reuse.eu\/fr\/shop\/windows\/windows-10\/windows-10-pro-mar-32-64-bit-coa-sealed\/","title":{"rendered":"Windows 10 Pro MAR 32-\/64-Bit COA sealed"},"content":{"rendered":"<ul>\n<li>Licence Windows d\u2019occasion v\u00e9rifi\u00e9e, issue du programme Microsoft Authorized Refurbisher<\/li>\n<li>Conforme \u00e0 la l\u00e9gislation et valable de fa\u00e7on permanente<\/li>\n<li>Vous avez besoin d\u2019un conseil personnalis\u00e9 en mati\u00e8re de licences pour votre entreprise ?<a title=\"Vous avez besoin d'un conseil personnalis\u00e9 en mati\u00e8re de licences pour votre entreprise ? Notre \u00e9quipe se fera un plaisir de vous conseiller\" href=\"https:\/\/www.software-reuse.eu\/fr\/contact\/\">\u00a0Notre \u00e9quipe se fera un plaisir de vous conseiller<\/a><\/li>\n<\/ul>\n","protected":false},"excerpt":{"rendered":"<ul>\n<li>Licence Windows d\u2019occasion v\u00e9rifi\u00e9e, issue du programme Microsoft Authorized Refurbisher<\/li>\n<li>Conforme \u00e0 la l\u00e9gislation et valable de fa\u00e7on permanente<\/li>\n<li>Vous avez besoin d\u2019un conseil personnalis\u00e9 en mati\u00e8re de licences pour votre entreprise ?<a title=\"Vous avez besoin d'un conseil personnalis\u00e9 en mati\u00e8re de licences pour votre entreprise ? Notre \u00e9quipe se fera un plaisir de vous conseiller\" href=\"https:\/\/www.software-reuse.eu\/fr\/contact\/\">\u00a0Notre \u00e9quipe se fera un plaisir de vous conseiller<\/a><\/li>\n<\/ul>\n","protected":false},"featured_media":36774,"template":"","meta":{"inline_featured_image":false},"product_cat":[7542,6936],"product_tag":[],"class_list":{"0":"post-54633","1":"product","2":"type-product","3":"status-publish","4":"has-post-thumbnail","6":"product_cat-windows-fr","7":"product_cat-windows-10","9":"first","10":"instock","11":"downloadable","12":"taxable","13":"shipping-taxable","14":"purchasable","15":"product-type-simple"},"_links":{"self":[{"href":"https:\/\/www.software-reuse.eu\/fr\/wp-json\/wp\/v2\/product\/54633","targetHints":{"allow":["GET"]}}],"collection":[{"href":"https:\/\/www.software-reuse.eu\/fr\/wp-json\/wp\/v2\/product"}],"about":[{"href":"https:\/\/www.software-reuse.eu\/fr\/wp-json\/wp\/v2\/types\/product"}],"wp:featuredmedia":[{"embeddable":true,"href":"https:\/\/www.software-reuse.eu\/fr\/wp-json\/wp\/v2\/media\/36774"}],"wp:attachment":[{"href":"https:\/\/www.software-reuse.eu\/fr\/wp-json\/wp\/v2\/media?parent=54633"}],"wp:term":[{"taxonomy":"product_cat","embeddable":true,"href":"https:\/\/www.software-reuse.eu\/fr\/wp-json\/wp\/v2\/product_cat?post=54633"},{"taxonomy":"product_tag","embeddable":true,"href":"https:\/\/www.software-reuse.eu\/fr\/wp-json\/wp\/v2\/product_tag?post=54633"}],"curies":[{"name":"wp","href":"https:\/\/api.w.org\/{rel}","templated":true}]}}